{"id":14067,"date":"2022-02-08T20:00:23","date_gmt":"2022-02-08T20:00:23","guid":{"rendered":"https:\/\/barneleker.no\/index.php\/product\/lego-super-mario-71373-power-up-pakken-byggmester-mario\/"},"modified":"2022-02-08T20:00:23","modified_gmt":"2022-02-08T20:00:23","slug":"lego-super-mario-71373-power-up-pakken-byggmester-mario","status":"publish","type":"product","link":"https:\/\/barneleker.no\/index.php\/product\/lego-super-mario-71373-power-up-pakken-byggmester-mario\/","title":{"rendered":"LEGO Super Mario 71373, Power-up-pakken Byggmester Mario"},"content":{"rendered":"<p>LEGO\u00ae Super Mario\u2122 spillere kan trampe seg til en h\u00f8yere poengsum med Power-Up-pakken Byggmester Mario (71373). N\u00e5r LEGO\u00ae Mario\u2122 bruker denne interaktive drakten, kan spilleren tjene digitale mynter ved \u00e5 f\u00e5 Mario til \u00e5 trampe seg gjennom den klossebygde banen de har laget. Dette byggesettet er en fin gaveleke til barn som allerede har LEGO Mario figuren fra lekesettet Startbanen P\u00e5 eventyr med Mario (71360).  App-moro Esken inneholder illustrerte byggeinstruksjoner, og du finner ogs\u00e5 byggeinstruksjoner i LEGO Super Mario gratisappen. Appen inneholder ogs\u00e5 en trygg plattform, hvor barn kan dele modellene sine med andre LEGO Mario fans, samt g\u00f8yalt innhold og tips til hvordan kreative barn kan bygge og leke.  Actionfylte spill Med LEGO Super Mario samlerlekesett kan barn leke med en unik og ikonisk spillfigur i virkeligheten og l\u00f8se problemer p\u00e5 kreative m\u00e5ter. Den modul\u00e6re startbanen og ekstrabanesettene gir fans muligheten til \u00e5 bygge egne niv\u00e5er som de spiller alene eller i konkurranse med venner.<\/p>\n","protected":false},"excerpt":{"rendered":"<p>LEGO\u00ae Super Mario\u2122 spillere kan trampe seg til en h\u00f8yere poengsum med Power-Up-pakken Byggmester Mario (71373). N\u00e5r LEGO\u00ae Mario\u2122 bruker denne interaktive drakten, kan spilleren&hellip;<\/p>\n","protected":false},"featured_media":14066,"comment_status":"open","ping_status":"closed","template":"","meta":[],"product_brand":[],"product_cat":[547],"product_tag":[],"class_list":{"0":"post-14067","1":"product","2":"type-product","3":"status-publish","4":"has-post-thumbnail","6":"product_cat-set-interaktiva-lego","8":"first","9":"instock","10":"shipping-taxable","11":"product-type-external","12":"customify-col"},"yoast_head":"<!-- This site is optimized with the Yoast SEO plugin v26.0 - https:\/\/yoast.com\/wordpress\/plugins\/seo\/ -->\n<title>LEGO Super Mario 71373, Power-up-pakken Byggmester Mario - Barneleker.no<\/title>\n<meta name=\"robots\" content=\"index, follow, max-snippet:-1, max-image-preview:large, max-video-preview:-1\" \/>\n<link rel=\"canonical\" href=\"https:\/\/barneleker.no\/index.php\/product\/lego-super-mario-71373-power-up-pakken-byggmester-mario\/\" \/>\n<meta property=\"og:locale\" content=\"nb_NO\" \/>\n<meta property=\"og:type\" content=\"article\" \/>\n<meta property=\"og:title\" content=\"LEGO Super Mario 71373, Power-up-pakken Byggmester Mario - Barneleker.no\" \/>\n<meta property=\"og:description\" content=\"LEGO\u00ae Super Mario\u2122 spillere kan trampe seg til en h\u00f8yere poengsum med Power-Up-pakken Byggmester Mario (71373). N\u00e5r LEGO\u00ae Mario\u2122 bruker denne interaktive drakten, kan spilleren&hellip;\" \/>\n<meta property=\"og:url\" content=\"https:\/\/barneleker.no\/index.php\/product\/lego-super-mario-71373-power-up-pakken-byggmester-mario\/\" \/>\n<meta property=\"og:site_name\" content=\"Barneleker.no\" \/>\n<meta name=\"twitter:card\" content=\"summary_large_image\" \/>\n<meta name=\"twitter:label1\" content=\"Ansl. lesetid\" \/>\n\t<meta name=\"twitter:data1\" content=\"1 minutt\" \/>\n<script type=\"application\/ld+json\" class=\"yoast-schema-graph\">{\"@context\":\"https:\/\/schema.org\",\"@graph\":[{\"@type\":\"WebPage\",\"@id\":\"https:\/\/barneleker.no\/index.php\/product\/lego-super-mario-71373-power-up-pakken-byggmester-mario\/\",\"url\":\"https:\/\/barneleker.no\/index.php\/product\/lego-super-mario-71373-power-up-pakken-byggmester-mario\/\",\"name\":\"LEGO Super Mario 71373, Power-up-pakken Byggmester Mario - Barneleker.no\",\"isPartOf\":{\"@id\":\"https:\/\/barneleker.no\/#website\"},\"primaryImageOfPage\":{\"@id\":\"https:\/\/barneleker.no\/index.php\/product\/lego-super-mario-71373-power-up-pakken-byggmester-mario\/#primaryimage\"},\"image\":{\"@id\":\"https:\/\/barneleker.no\/index.php\/product\/lego-super-mario-71373-power-up-pakken-byggmester-mario\/#primaryimage\"},\"thumbnailUrl\":\"https:\/\/barneleker.no\/wp-content\/uploads\/2022\/02\/lego-super-mario-71373-power-up-pakken-byggmester-mario.jpg\",\"datePublished\":\"2022-02-08T20:00:23+00:00\",\"breadcrumb\":{\"@id\":\"https:\/\/barneleker.no\/index.php\/product\/lego-super-mario-71373-power-up-pakken-byggmester-mario\/#breadcrumb\"},\"inLanguage\":\"nb-NO\",\"potentialAction\":[{\"@type\":\"ReadAction\",\"target\":[\"https:\/\/barneleker.no\/index.php\/product\/lego-super-mario-71373-power-up-pakken-byggmester-mario\/\"]}]},{\"@type\":\"ImageObject\",\"inLanguage\":\"nb-NO\",\"@id\":\"https:\/\/barneleker.no\/index.php\/product\/lego-super-mario-71373-power-up-pakken-byggmester-mario\/#primaryimage\",\"url\":\"https:\/\/barneleker.no\/wp-content\/uploads\/2022\/02\/lego-super-mario-71373-power-up-pakken-byggmester-mario.jpg\",\"contentUrl\":\"https:\/\/barneleker.no\/wp-content\/uploads\/2022\/02\/lego-super-mario-71373-power-up-pakken-byggmester-mario.jpg\",\"width\":555,\"height\":555},{\"@type\":\"BreadcrumbList\",\"@id\":\"https:\/\/barneleker.no\/index.php\/product\/lego-super-mario-71373-power-up-pakken-byggmester-mario\/#breadcrumb\",\"itemListElement\":[{\"@type\":\"ListItem\",\"position\":1,\"name\":\"Butikken\",\"item\":\"https:\/\/barneleker.no\/\"},{\"@type\":\"ListItem\",\"position\":2,\"name\":\"LEGO Super Mario 71373, Power-up-pakken Byggmester Mario\"}]},{\"@type\":\"WebSite\",\"@id\":\"https:\/\/barneleker.no\/#website\",\"url\":\"https:\/\/barneleker.no\/\",\"name\":\"Barneleker.no\",\"description\":\"Selvf\u00f8lgelig!\",\"publisher\":{\"@id\":\"https:\/\/barneleker.no\/#organization\"},\"potentialAction\":[{\"@type\":\"SearchAction\",\"target\":{\"@type\":\"EntryPoint\",\"urlTemplate\":\"https:\/\/barneleker.no\/?s={search_term_string}\"},\"query-input\":{\"@type\":\"PropertyValueSpecification\",\"valueRequired\":true,\"valueName\":\"search_term_string\"}}],\"inLanguage\":\"nb-NO\"},{\"@type\":\"Organization\",\"@id\":\"https:\/\/barneleker.no\/#organization\",\"name\":\"Barneleker.no\",\"url\":\"https:\/\/barneleker.no\/\",\"logo\":{\"@type\":\"ImageObject\",\"inLanguage\":\"nb-NO\",\"@id\":\"https:\/\/barneleker.no\/#\/schema\/logo\/image\/\",\"url\":\"https:\/\/barneleker.no\/wp-content\/uploads\/2021\/11\/barneleker_logo-780x150-1.jpg\",\"contentUrl\":\"https:\/\/barneleker.no\/wp-content\/uploads\/2021\/11\/barneleker_logo-780x150-1.jpg\",\"width\":780,\"height\":150,\"caption\":\"Barneleker.no\"},\"image\":{\"@id\":\"https:\/\/barneleker.no\/#\/schema\/logo\/image\/\"}}]}<\/script>\n<!-- \/ Yoast SEO plugin. -->","yoast_head_json":{"title":"LEGO Super Mario 71373, Power-up-pakken Byggmester Mario - Barneleker.no","robots":{"index":"index","follow":"follow","max-snippet":"max-snippet:-1","max-image-preview":"max-image-preview:large","max-video-preview":"max-video-preview:-1"},"canonical":"https:\/\/barneleker.no\/index.php\/product\/lego-super-mario-71373-power-up-pakken-byggmester-mario\/","og_locale":"nb_NO","og_type":"article","og_title":"LEGO Super Mario 71373, Power-up-pakken Byggmester Mario - Barneleker.no","og_description":"LEGO\u00ae Super Mario\u2122 spillere kan trampe seg til en h\u00f8yere poengsum med Power-Up-pakken Byggmester Mario (71373). N\u00e5r LEGO\u00ae Mario\u2122 bruker denne interaktive drakten, kan spilleren&hellip;","og_url":"https:\/\/barneleker.no\/index.php\/product\/lego-super-mario-71373-power-up-pakken-byggmester-mario\/","og_site_name":"Barneleker.no","twitter_card":"summary_large_image","twitter_misc":{"Ansl. lesetid":"1 minutt"},"schema":{"@context":"https:\/\/schema.org","@graph":[{"@type":"WebPage","@id":"https:\/\/barneleker.no\/index.php\/product\/lego-super-mario-71373-power-up-pakken-byggmester-mario\/","url":"https:\/\/barneleker.no\/index.php\/product\/lego-super-mario-71373-power-up-pakken-byggmester-mario\/","name":"LEGO Super Mario 71373, Power-up-pakken Byggmester Mario - Barneleker.no","isPartOf":{"@id":"https:\/\/barneleker.no\/#website"},"primaryImageOfPage":{"@id":"https:\/\/barneleker.no\/index.php\/product\/lego-super-mario-71373-power-up-pakken-byggmester-mario\/#primaryimage"},"image":{"@id":"https:\/\/barneleker.no\/index.php\/product\/lego-super-mario-71373-power-up-pakken-byggmester-mario\/#primaryimage"},"thumbnailUrl":"https:\/\/barneleker.no\/wp-content\/uploads\/2022\/02\/lego-super-mario-71373-power-up-pakken-byggmester-mario.jpg","datePublished":"2022-02-08T20:00:23+00:00","breadcrumb":{"@id":"https:\/\/barneleker.no\/index.php\/product\/lego-super-mario-71373-power-up-pakken-byggmester-mario\/#breadcrumb"},"inLanguage":"nb-NO","potentialAction":[{"@type":"ReadAction","target":["https:\/\/barneleker.no\/index.php\/product\/lego-super-mario-71373-power-up-pakken-byggmester-mario\/"]}]},{"@type":"ImageObject","inLanguage":"nb-NO","@id":"https:\/\/barneleker.no\/index.php\/product\/lego-super-mario-71373-power-up-pakken-byggmester-mario\/#primaryimage","url":"https:\/\/barneleker.no\/wp-content\/uploads\/2022\/02\/lego-super-mario-71373-power-up-pakken-byggmester-mario.jpg","contentUrl":"https:\/\/barneleker.no\/wp-content\/uploads\/2022\/02\/lego-super-mario-71373-power-up-pakken-byggmester-mario.jpg","width":555,"height":555},{"@type":"BreadcrumbList","@id":"https:\/\/barneleker.no\/index.php\/product\/lego-super-mario-71373-power-up-pakken-byggmester-mario\/#breadcrumb","itemListElement":[{"@type":"ListItem","position":1,"name":"Butikken","item":"https:\/\/barneleker.no\/"},{"@type":"ListItem","position":2,"name":"LEGO Super Mario 71373, Power-up-pakken Byggmester Mario"}]},{"@type":"WebSite","@id":"https:\/\/barneleker.no\/#website","url":"https:\/\/barneleker.no\/","name":"Barneleker.no","description":"Selvf\u00f8lgelig!","publisher":{"@id":"https:\/\/barneleker.no\/#organization"},"potentialAction":[{"@type":"SearchAction","target":{"@type":"EntryPoint","urlTemplate":"https:\/\/barneleker.no\/?s={search_term_string}"},"query-input":{"@type":"PropertyValueSpecification","valueRequired":true,"valueName":"search_term_string"}}],"inLanguage":"nb-NO"},{"@type":"Organization","@id":"https:\/\/barneleker.no\/#organization","name":"Barneleker.no","url":"https:\/\/barneleker.no\/","logo":{"@type":"ImageObject","inLanguage":"nb-NO","@id":"https:\/\/barneleker.no\/#\/schema\/logo\/image\/","url":"https:\/\/barneleker.no\/wp-content\/uploads\/2021\/11\/barneleker_logo-780x150-1.jpg","contentUrl":"https:\/\/barneleker.no\/wp-content\/uploads\/2021\/11\/barneleker_logo-780x150-1.jpg","width":780,"height":150,"caption":"Barneleker.no"},"image":{"@id":"https:\/\/barneleker.no\/#\/schema\/logo\/image\/"}}]}},"_links":{"self":[{"href":"https:\/\/barneleker.no\/index.php\/wp-json\/wp\/v2\/product\/14067","targetHints":{"allow":["GET"]}}],"collection":[{"href":"https:\/\/barneleker.no\/index.php\/wp-json\/wp\/v2\/product"}],"about":[{"href":"https:\/\/barneleker.no\/index.php\/wp-json\/wp\/v2\/types\/product"}],"replies":[{"embeddable":true,"href":"https:\/\/barneleker.no\/index.php\/wp-json\/wp\/v2\/comments?post=14067"}],"wp:featuredmedia":[{"embeddable":true,"href":"https:\/\/barneleker.no\/index.php\/wp-json\/wp\/v2\/media\/14066"}],"wp:attachment":[{"href":"https:\/\/barneleker.no\/index.php\/wp-json\/wp\/v2\/media?parent=14067"}],"wp:term":[{"taxonomy":"product_brand","embeddable":true,"href":"https:\/\/barneleker.no\/index.php\/wp-json\/wp\/v2\/product_brand?post=14067"},{"taxonomy":"product_cat","embeddable":true,"href":"https:\/\/barneleker.no\/index.php\/wp-json\/wp\/v2\/product_cat?post=14067"},{"taxonomy":"product_tag","embeddable":true,"href":"https:\/\/barneleker.no\/index.php\/wp-json\/wp\/v2\/product_tag?post=14067"}],"curies":[{"name":"wp","href":"https:\/\/api.w.org\/{rel}","templated":true}]}}