{"id":14069,"date":"2022-02-08T20:00:24","date_gmt":"2022-02-08T20:00:24","guid":{"rendered":"https:\/\/barneleker.no\/index.php\/product\/playmobil-city-life-ambulanse-med-blinkende-lys\/"},"modified":"2022-02-08T20:00:24","modified_gmt":"2022-02-08T20:00:24","slug":"playmobil-city-life-ambulanse-med-blinkende-lys","status":"publish","type":"product","link":"https:\/\/barneleker.no\/index.php\/product\/playmobil-city-life-ambulanse-med-blinkende-lys\/","title":{"rendered":"Playmobil City Life &#8211; Ambulanse med blinkende lys"},"content":{"rendered":"<p>\u00c5 nei, en ulykke p\u00e5 veien! En gutt har falt med sykkelen sin. Heldigvis var ambulansen i n\u00e6rheten og vil ankomme umiddelbart. Gutten har skadet kneet og kan ikke g\u00e5, men han er v\u00e5ken og kan snakke. Ambulansepersonellet bretter b\u00e5ren og setter gutten p\u00e5 den. S\u00e5 skyves b\u00e5ren inn i ambulansen og med bl\u00e5 lys og sirener g\u00e5r reisen videre til sykehuset. Ambulansens tak er utstyrt med multisound og blinkende lys og kan fjernes (krever 1 x 1,5-V mikrobatterier). Taklamper og lydmodul krever tre 1,5 V mikro-batterier (ikke inkludert). M\u00e5l: 27 x 13 x 14 cm.<\/p>\n","protected":false},"excerpt":{"rendered":"<p>\u00c5 nei, en ulykke p\u00e5 veien! En gutt har falt med sykkelen sin. Heldigvis var ambulansen i n\u00e6rheten og vil ankomme umiddelbart. Gutten har skadet&hellip;<\/p>\n","protected":false},"featured_media":14068,"comment_status":"open","ping_status":"closed","template":"","meta":[],"product_brand":[],"product_cat":[354],"product_tag":[],"class_list":{"0":"post-14069","1":"product","2":"type-product","3":"status-publish","4":"has-post-thumbnail","6":"product_cat-lekset","8":"first","9":"instock","10":"shipping-taxable","11":"product-type-external","12":"customify-col"},"yoast_head":"<!-- This site is optimized with the Yoast SEO plugin v26.0 - https:\/\/yoast.com\/wordpress\/plugins\/seo\/ -->\n<title>Playmobil City Life - Ambulanse med blinkende lys - Barneleker.no<\/title>\n<meta name=\"robots\" content=\"index, follow, max-snippet:-1, max-image-preview:large, max-video-preview:-1\" \/>\n<link rel=\"canonical\" href=\"https:\/\/barneleker.no\/index.php\/product\/playmobil-city-life-ambulanse-med-blinkende-lys\/\" \/>\n<meta property=\"og:locale\" content=\"nb_NO\" \/>\n<meta property=\"og:type\" content=\"article\" \/>\n<meta property=\"og:title\" content=\"Playmobil City Life - Ambulanse med blinkende lys - Barneleker.no\" \/>\n<meta property=\"og:description\" content=\"\u00c5 nei, en ulykke p\u00e5 veien! En gutt har falt med sykkelen sin. Heldigvis var ambulansen i n\u00e6rheten og vil ankomme umiddelbart. Gutten har skadet&hellip;\" \/>\n<meta property=\"og:url\" content=\"https:\/\/barneleker.no\/index.php\/product\/playmobil-city-life-ambulanse-med-blinkende-lys\/\" \/>\n<meta property=\"og:site_name\" content=\"Barneleker.no\" \/>\n<meta name=\"twitter:card\" content=\"summary_large_image\" \/>\n<script type=\"application\/ld+json\" class=\"yoast-schema-graph\">{\"@context\":\"https:\/\/schema.org\",\"@graph\":[{\"@type\":\"WebPage\",\"@id\":\"https:\/\/barneleker.no\/index.php\/product\/playmobil-city-life-ambulanse-med-blinkende-lys\/\",\"url\":\"https:\/\/barneleker.no\/index.php\/product\/playmobil-city-life-ambulanse-med-blinkende-lys\/\",\"name\":\"Playmobil City Life - Ambulanse med blinkende lys - Barneleker.no\",\"isPartOf\":{\"@id\":\"https:\/\/barneleker.no\/#website\"},\"primaryImageOfPage\":{\"@id\":\"https:\/\/barneleker.no\/index.php\/product\/playmobil-city-life-ambulanse-med-blinkende-lys\/#primaryimage\"},\"image\":{\"@id\":\"https:\/\/barneleker.no\/index.php\/product\/playmobil-city-life-ambulanse-med-blinkende-lys\/#primaryimage\"},\"thumbnailUrl\":\"https:\/\/barneleker.no\/wp-content\/uploads\/2022\/02\/playmobil-city-life-ambulanse-med-blinkende-lys.jpg\",\"datePublished\":\"2022-02-08T20:00:24+00:00\",\"breadcrumb\":{\"@id\":\"https:\/\/barneleker.no\/index.php\/product\/playmobil-city-life-ambulanse-med-blinkende-lys\/#breadcrumb\"},\"inLanguage\":\"nb-NO\",\"potentialAction\":[{\"@type\":\"ReadAction\",\"target\":[\"https:\/\/barneleker.no\/index.php\/product\/playmobil-city-life-ambulanse-med-blinkende-lys\/\"]}]},{\"@type\":\"ImageObject\",\"inLanguage\":\"nb-NO\",\"@id\":\"https:\/\/barneleker.no\/index.php\/product\/playmobil-city-life-ambulanse-med-blinkende-lys\/#primaryimage\",\"url\":\"https:\/\/barneleker.no\/wp-content\/uploads\/2022\/02\/playmobil-city-life-ambulanse-med-blinkende-lys.jpg\",\"contentUrl\":\"https:\/\/barneleker.no\/wp-content\/uploads\/2022\/02\/playmobil-city-life-ambulanse-med-blinkende-lys.jpg\",\"width\":555,\"height\":555},{\"@type\":\"BreadcrumbList\",\"@id\":\"https:\/\/barneleker.no\/index.php\/product\/playmobil-city-life-ambulanse-med-blinkende-lys\/#breadcrumb\",\"itemListElement\":[{\"@type\":\"ListItem\",\"position\":1,\"name\":\"Butikken\",\"item\":\"https:\/\/barneleker.no\/\"},{\"@type\":\"ListItem\",\"position\":2,\"name\":\"Playmobil City Life &#8211; Ambulanse med blinkende lys\"}]},{\"@type\":\"WebSite\",\"@id\":\"https:\/\/barneleker.no\/#website\",\"url\":\"https:\/\/barneleker.no\/\",\"name\":\"Barneleker.no\",\"description\":\"Selvf\u00f8lgelig!\",\"publisher\":{\"@id\":\"https:\/\/barneleker.no\/#organization\"},\"potentialAction\":[{\"@type\":\"SearchAction\",\"target\":{\"@type\":\"EntryPoint\",\"urlTemplate\":\"https:\/\/barneleker.no\/?s={search_term_string}\"},\"query-input\":{\"@type\":\"PropertyValueSpecification\",\"valueRequired\":true,\"valueName\":\"search_term_string\"}}],\"inLanguage\":\"nb-NO\"},{\"@type\":\"Organization\",\"@id\":\"https:\/\/barneleker.no\/#organization\",\"name\":\"Barneleker.no\",\"url\":\"https:\/\/barneleker.no\/\",\"logo\":{\"@type\":\"ImageObject\",\"inLanguage\":\"nb-NO\",\"@id\":\"https:\/\/barneleker.no\/#\/schema\/logo\/image\/\",\"url\":\"https:\/\/barneleker.no\/wp-content\/uploads\/2021\/11\/barneleker_logo-780x150-1.jpg\",\"contentUrl\":\"https:\/\/barneleker.no\/wp-content\/uploads\/2021\/11\/barneleker_logo-780x150-1.jpg\",\"width\":780,\"height\":150,\"caption\":\"Barneleker.no\"},\"image\":{\"@id\":\"https:\/\/barneleker.no\/#\/schema\/logo\/image\/\"}}]}<\/script>\n<!-- \/ Yoast SEO plugin. -->","yoast_head_json":{"title":"Playmobil City Life - Ambulanse med blinkende lys - Barneleker.no","robots":{"index":"index","follow":"follow","max-snippet":"max-snippet:-1","max-image-preview":"max-image-preview:large","max-video-preview":"max-video-preview:-1"},"canonical":"https:\/\/barneleker.no\/index.php\/product\/playmobil-city-life-ambulanse-med-blinkende-lys\/","og_locale":"nb_NO","og_type":"article","og_title":"Playmobil City Life - Ambulanse med blinkende lys - Barneleker.no","og_description":"\u00c5 nei, en ulykke p\u00e5 veien! En gutt har falt med sykkelen sin. Heldigvis var ambulansen i n\u00e6rheten og vil ankomme umiddelbart. Gutten har skadet&hellip;","og_url":"https:\/\/barneleker.no\/index.php\/product\/playmobil-city-life-ambulanse-med-blinkende-lys\/","og_site_name":"Barneleker.no","twitter_card":"summary_large_image","schema":{"@context":"https:\/\/schema.org","@graph":[{"@type":"WebPage","@id":"https:\/\/barneleker.no\/index.php\/product\/playmobil-city-life-ambulanse-med-blinkende-lys\/","url":"https:\/\/barneleker.no\/index.php\/product\/playmobil-city-life-ambulanse-med-blinkende-lys\/","name":"Playmobil City Life - Ambulanse med blinkende lys - Barneleker.no","isPartOf":{"@id":"https:\/\/barneleker.no\/#website"},"primaryImageOfPage":{"@id":"https:\/\/barneleker.no\/index.php\/product\/playmobil-city-life-ambulanse-med-blinkende-lys\/#primaryimage"},"image":{"@id":"https:\/\/barneleker.no\/index.php\/product\/playmobil-city-life-ambulanse-med-blinkende-lys\/#primaryimage"},"thumbnailUrl":"https:\/\/barneleker.no\/wp-content\/uploads\/2022\/02\/playmobil-city-life-ambulanse-med-blinkende-lys.jpg","datePublished":"2022-02-08T20:00:24+00:00","breadcrumb":{"@id":"https:\/\/barneleker.no\/index.php\/product\/playmobil-city-life-ambulanse-med-blinkende-lys\/#breadcrumb"},"inLanguage":"nb-NO","potentialAction":[{"@type":"ReadAction","target":["https:\/\/barneleker.no\/index.php\/product\/playmobil-city-life-ambulanse-med-blinkende-lys\/"]}]},{"@type":"ImageObject","inLanguage":"nb-NO","@id":"https:\/\/barneleker.no\/index.php\/product\/playmobil-city-life-ambulanse-med-blinkende-lys\/#primaryimage","url":"https:\/\/barneleker.no\/wp-content\/uploads\/2022\/02\/playmobil-city-life-ambulanse-med-blinkende-lys.jpg","contentUrl":"https:\/\/barneleker.no\/wp-content\/uploads\/2022\/02\/playmobil-city-life-ambulanse-med-blinkende-lys.jpg","width":555,"height":555},{"@type":"BreadcrumbList","@id":"https:\/\/barneleker.no\/index.php\/product\/playmobil-city-life-ambulanse-med-blinkende-lys\/#breadcrumb","itemListElement":[{"@type":"ListItem","position":1,"name":"Butikken","item":"https:\/\/barneleker.no\/"},{"@type":"ListItem","position":2,"name":"Playmobil City Life &#8211; Ambulanse med blinkende lys"}]},{"@type":"WebSite","@id":"https:\/\/barneleker.no\/#website","url":"https:\/\/barneleker.no\/","name":"Barneleker.no","description":"Selvf\u00f8lgelig!","publisher":{"@id":"https:\/\/barneleker.no\/#organization"},"potentialAction":[{"@type":"SearchAction","target":{"@type":"EntryPoint","urlTemplate":"https:\/\/barneleker.no\/?s={search_term_string}"},"query-input":{"@type":"PropertyValueSpecification","valueRequired":true,"valueName":"search_term_string"}}],"inLanguage":"nb-NO"},{"@type":"Organization","@id":"https:\/\/barneleker.no\/#organization","name":"Barneleker.no","url":"https:\/\/barneleker.no\/","logo":{"@type":"ImageObject","inLanguage":"nb-NO","@id":"https:\/\/barneleker.no\/#\/schema\/logo\/image\/","url":"https:\/\/barneleker.no\/wp-content\/uploads\/2021\/11\/barneleker_logo-780x150-1.jpg","contentUrl":"https:\/\/barneleker.no\/wp-content\/uploads\/2021\/11\/barneleker_logo-780x150-1.jpg","width":780,"height":150,"caption":"Barneleker.no"},"image":{"@id":"https:\/\/barneleker.no\/#\/schema\/logo\/image\/"}}]}},"_links":{"self":[{"href":"https:\/\/barneleker.no\/index.php\/wp-json\/wp\/v2\/product\/14069","targetHints":{"allow":["GET"]}}],"collection":[{"href":"https:\/\/barneleker.no\/index.php\/wp-json\/wp\/v2\/product"}],"about":[{"href":"https:\/\/barneleker.no\/index.php\/wp-json\/wp\/v2\/types\/product"}],"replies":[{"embeddable":true,"href":"https:\/\/barneleker.no\/index.php\/wp-json\/wp\/v2\/comments?post=14069"}],"wp:featuredmedia":[{"embeddable":true,"href":"https:\/\/barneleker.no\/index.php\/wp-json\/wp\/v2\/media\/14068"}],"wp:attachment":[{"href":"https:\/\/barneleker.no\/index.php\/wp-json\/wp\/v2\/media?parent=14069"}],"wp:term":[{"taxonomy":"product_brand","embeddable":true,"href":"https:\/\/barneleker.no\/index.php\/wp-json\/wp\/v2\/product_brand?post=14069"},{"taxonomy":"product_cat","embeddable":true,"href":"https:\/\/barneleker.no\/index.php\/wp-json\/wp\/v2\/product_cat?post=14069"},{"taxonomy":"product_tag","embeddable":true,"href":"https:\/\/barneleker.no\/index.php\/wp-json\/wp\/v2\/product_tag?post=14069"}],"curies":[{"name":"wp","href":"https:\/\/api.w.org\/{rel}","templated":true}]}}