{"id":14073,"date":"2022-02-08T20:00:25","date_gmt":"2022-02-08T20:00:25","guid":{"rendered":"https:\/\/barneleker.no\/index.php\/product\/teddykompaniet-kjepphest-med-hjul-100cm\/"},"modified":"2022-02-08T20:00:25","modified_gmt":"2022-02-08T20:00:25","slug":"teddykompaniet-kjepphest-med-hjul-100cm","status":"publish","type":"product","link":"https:\/\/barneleker.no\/index.php\/product\/teddykompaniet-kjepphest-med-hjul-100cm\/","title":{"rendered":"Teddykompaniet, Kjepphest med hjul 100cm"},"content":{"rendered":"<p>Hoppla hesten! Her kommer den superraske hesten som har et praktisk hjul under pinnen som gj\u00f8r det enda raskere \u00e5 l\u00f8pe med. En klassisk kjepphest med en brun s\u00f8t hest til galoppere med. Med h\u00e5ndtak som gj\u00f8r det enkelt \u00e5 holde. Jiiha !!<\/p>\n","protected":false},"excerpt":{"rendered":"<p>Hoppla hesten! Her kommer den superraske hesten som har et praktisk hjul under pinnen som gj\u00f8r det enda raskere \u00e5 l\u00f8pe med. En klassisk kjepphest&hellip;<\/p>\n","protected":false},"featured_media":14072,"comment_status":"open","ping_status":"closed","template":"","meta":[],"product_brand":[],"product_cat":[550],"product_tag":[],"class_list":{"0":"post-14073","1":"product","2":"type-product","3":"status-publish","4":"has-post-thumbnail","6":"product_cat-kapphastar","8":"first","9":"instock","10":"shipping-taxable","11":"product-type-external","12":"customify-col"},"yoast_head":"<!-- This site is optimized with the Yoast SEO plugin v26.0 - https:\/\/yoast.com\/wordpress\/plugins\/seo\/ -->\n<title>Teddykompaniet, Kjepphest med hjul 100cm - Barneleker.no<\/title>\n<meta name=\"robots\" content=\"index, follow, max-snippet:-1, max-image-preview:large, max-video-preview:-1\" \/>\n<link rel=\"canonical\" href=\"https:\/\/barneleker.no\/index.php\/product\/teddykompaniet-kjepphest-med-hjul-100cm\/\" \/>\n<meta property=\"og:locale\" content=\"nb_NO\" \/>\n<meta property=\"og:type\" content=\"article\" \/>\n<meta property=\"og:title\" content=\"Teddykompaniet, Kjepphest med hjul 100cm - Barneleker.no\" \/>\n<meta property=\"og:description\" content=\"Hoppla hesten! Her kommer den superraske hesten som har et praktisk hjul under pinnen som gj\u00f8r det enda raskere \u00e5 l\u00f8pe med. En klassisk kjepphest&hellip;\" \/>\n<meta property=\"og:url\" content=\"https:\/\/barneleker.no\/index.php\/product\/teddykompaniet-kjepphest-med-hjul-100cm\/\" \/>\n<meta property=\"og:site_name\" content=\"Barneleker.no\" \/>\n<meta name=\"twitter:card\" content=\"summary_large_image\" \/>\n<script type=\"application\/ld+json\" class=\"yoast-schema-graph\">{\"@context\":\"https:\/\/schema.org\",\"@graph\":[{\"@type\":\"WebPage\",\"@id\":\"https:\/\/barneleker.no\/index.php\/product\/teddykompaniet-kjepphest-med-hjul-100cm\/\",\"url\":\"https:\/\/barneleker.no\/index.php\/product\/teddykompaniet-kjepphest-med-hjul-100cm\/\",\"name\":\"Teddykompaniet, Kjepphest med hjul 100cm - Barneleker.no\",\"isPartOf\":{\"@id\":\"https:\/\/barneleker.no\/#website\"},\"primaryImageOfPage\":{\"@id\":\"https:\/\/barneleker.no\/index.php\/product\/teddykompaniet-kjepphest-med-hjul-100cm\/#primaryimage\"},\"image\":{\"@id\":\"https:\/\/barneleker.no\/index.php\/product\/teddykompaniet-kjepphest-med-hjul-100cm\/#primaryimage\"},\"thumbnailUrl\":\"https:\/\/barneleker.no\/wp-content\/uploads\/2022\/02\/teddykompaniet-kjepphest-med-hjul-100cm.jpg\",\"datePublished\":\"2022-02-08T20:00:25+00:00\",\"breadcrumb\":{\"@id\":\"https:\/\/barneleker.no\/index.php\/product\/teddykompaniet-kjepphest-med-hjul-100cm\/#breadcrumb\"},\"inLanguage\":\"nb-NO\",\"potentialAction\":[{\"@type\":\"ReadAction\",\"target\":[\"https:\/\/barneleker.no\/index.php\/product\/teddykompaniet-kjepphest-med-hjul-100cm\/\"]}]},{\"@type\":\"ImageObject\",\"inLanguage\":\"nb-NO\",\"@id\":\"https:\/\/barneleker.no\/index.php\/product\/teddykompaniet-kjepphest-med-hjul-100cm\/#primaryimage\",\"url\":\"https:\/\/barneleker.no\/wp-content\/uploads\/2022\/02\/teddykompaniet-kjepphest-med-hjul-100cm.jpg\",\"contentUrl\":\"https:\/\/barneleker.no\/wp-content\/uploads\/2022\/02\/teddykompaniet-kjepphest-med-hjul-100cm.jpg\",\"width\":555,\"height\":555},{\"@type\":\"BreadcrumbList\",\"@id\":\"https:\/\/barneleker.no\/index.php\/product\/teddykompaniet-kjepphest-med-hjul-100cm\/#breadcrumb\",\"itemListElement\":[{\"@type\":\"ListItem\",\"position\":1,\"name\":\"Butikken\",\"item\":\"https:\/\/barneleker.no\/\"},{\"@type\":\"ListItem\",\"position\":2,\"name\":\"Teddykompaniet, Kjepphest med hjul 100cm\"}]},{\"@type\":\"WebSite\",\"@id\":\"https:\/\/barneleker.no\/#website\",\"url\":\"https:\/\/barneleker.no\/\",\"name\":\"Barneleker.no\",\"description\":\"Selvf\u00f8lgelig!\",\"publisher\":{\"@id\":\"https:\/\/barneleker.no\/#organization\"},\"potentialAction\":[{\"@type\":\"SearchAction\",\"target\":{\"@type\":\"EntryPoint\",\"urlTemplate\":\"https:\/\/barneleker.no\/?s={search_term_string}\"},\"query-input\":{\"@type\":\"PropertyValueSpecification\",\"valueRequired\":true,\"valueName\":\"search_term_string\"}}],\"inLanguage\":\"nb-NO\"},{\"@type\":\"Organization\",\"@id\":\"https:\/\/barneleker.no\/#organization\",\"name\":\"Barneleker.no\",\"url\":\"https:\/\/barneleker.no\/\",\"logo\":{\"@type\":\"ImageObject\",\"inLanguage\":\"nb-NO\",\"@id\":\"https:\/\/barneleker.no\/#\/schema\/logo\/image\/\",\"url\":\"https:\/\/barneleker.no\/wp-content\/uploads\/2021\/11\/barneleker_logo-780x150-1.jpg\",\"contentUrl\":\"https:\/\/barneleker.no\/wp-content\/uploads\/2021\/11\/barneleker_logo-780x150-1.jpg\",\"width\":780,\"height\":150,\"caption\":\"Barneleker.no\"},\"image\":{\"@id\":\"https:\/\/barneleker.no\/#\/schema\/logo\/image\/\"}}]}<\/script>\n<!-- \/ Yoast SEO plugin. -->","yoast_head_json":{"title":"Teddykompaniet, Kjepphest med hjul 100cm - Barneleker.no","robots":{"index":"index","follow":"follow","max-snippet":"max-snippet:-1","max-image-preview":"max-image-preview:large","max-video-preview":"max-video-preview:-1"},"canonical":"https:\/\/barneleker.no\/index.php\/product\/teddykompaniet-kjepphest-med-hjul-100cm\/","og_locale":"nb_NO","og_type":"article","og_title":"Teddykompaniet, Kjepphest med hjul 100cm - Barneleker.no","og_description":"Hoppla hesten! Her kommer den superraske hesten som har et praktisk hjul under pinnen som gj\u00f8r det enda raskere \u00e5 l\u00f8pe med. En klassisk kjepphest&hellip;","og_url":"https:\/\/barneleker.no\/index.php\/product\/teddykompaniet-kjepphest-med-hjul-100cm\/","og_site_name":"Barneleker.no","twitter_card":"summary_large_image","schema":{"@context":"https:\/\/schema.org","@graph":[{"@type":"WebPage","@id":"https:\/\/barneleker.no\/index.php\/product\/teddykompaniet-kjepphest-med-hjul-100cm\/","url":"https:\/\/barneleker.no\/index.php\/product\/teddykompaniet-kjepphest-med-hjul-100cm\/","name":"Teddykompaniet, Kjepphest med hjul 100cm - Barneleker.no","isPartOf":{"@id":"https:\/\/barneleker.no\/#website"},"primaryImageOfPage":{"@id":"https:\/\/barneleker.no\/index.php\/product\/teddykompaniet-kjepphest-med-hjul-100cm\/#primaryimage"},"image":{"@id":"https:\/\/barneleker.no\/index.php\/product\/teddykompaniet-kjepphest-med-hjul-100cm\/#primaryimage"},"thumbnailUrl":"https:\/\/barneleker.no\/wp-content\/uploads\/2022\/02\/teddykompaniet-kjepphest-med-hjul-100cm.jpg","datePublished":"2022-02-08T20:00:25+00:00","breadcrumb":{"@id":"https:\/\/barneleker.no\/index.php\/product\/teddykompaniet-kjepphest-med-hjul-100cm\/#breadcrumb"},"inLanguage":"nb-NO","potentialAction":[{"@type":"ReadAction","target":["https:\/\/barneleker.no\/index.php\/product\/teddykompaniet-kjepphest-med-hjul-100cm\/"]}]},{"@type":"ImageObject","inLanguage":"nb-NO","@id":"https:\/\/barneleker.no\/index.php\/product\/teddykompaniet-kjepphest-med-hjul-100cm\/#primaryimage","url":"https:\/\/barneleker.no\/wp-content\/uploads\/2022\/02\/teddykompaniet-kjepphest-med-hjul-100cm.jpg","contentUrl":"https:\/\/barneleker.no\/wp-content\/uploads\/2022\/02\/teddykompaniet-kjepphest-med-hjul-100cm.jpg","width":555,"height":555},{"@type":"BreadcrumbList","@id":"https:\/\/barneleker.no\/index.php\/product\/teddykompaniet-kjepphest-med-hjul-100cm\/#breadcrumb","itemListElement":[{"@type":"ListItem","position":1,"name":"Butikken","item":"https:\/\/barneleker.no\/"},{"@type":"ListItem","position":2,"name":"Teddykompaniet, Kjepphest med hjul 100cm"}]},{"@type":"WebSite","@id":"https:\/\/barneleker.no\/#website","url":"https:\/\/barneleker.no\/","name":"Barneleker.no","description":"Selvf\u00f8lgelig!","publisher":{"@id":"https:\/\/barneleker.no\/#organization"},"potentialAction":[{"@type":"SearchAction","target":{"@type":"EntryPoint","urlTemplate":"https:\/\/barneleker.no\/?s={search_term_string}"},"query-input":{"@type":"PropertyValueSpecification","valueRequired":true,"valueName":"search_term_string"}}],"inLanguage":"nb-NO"},{"@type":"Organization","@id":"https:\/\/barneleker.no\/#organization","name":"Barneleker.no","url":"https:\/\/barneleker.no\/","logo":{"@type":"ImageObject","inLanguage":"nb-NO","@id":"https:\/\/barneleker.no\/#\/schema\/logo\/image\/","url":"https:\/\/barneleker.no\/wp-content\/uploads\/2021\/11\/barneleker_logo-780x150-1.jpg","contentUrl":"https:\/\/barneleker.no\/wp-content\/uploads\/2021\/11\/barneleker_logo-780x150-1.jpg","width":780,"height":150,"caption":"Barneleker.no"},"image":{"@id":"https:\/\/barneleker.no\/#\/schema\/logo\/image\/"}}]}},"_links":{"self":[{"href":"https:\/\/barneleker.no\/index.php\/wp-json\/wp\/v2\/product\/14073","targetHints":{"allow":["GET"]}}],"collection":[{"href":"https:\/\/barneleker.no\/index.php\/wp-json\/wp\/v2\/product"}],"about":[{"href":"https:\/\/barneleker.no\/index.php\/wp-json\/wp\/v2\/types\/product"}],"replies":[{"embeddable":true,"href":"https:\/\/barneleker.no\/index.php\/wp-json\/wp\/v2\/comments?post=14073"}],"wp:featuredmedia":[{"embeddable":true,"href":"https:\/\/barneleker.no\/index.php\/wp-json\/wp\/v2\/media\/14072"}],"wp:attachment":[{"href":"https:\/\/barneleker.no\/index.php\/wp-json\/wp\/v2\/media?parent=14073"}],"wp:term":[{"taxonomy":"product_brand","embeddable":true,"href":"https:\/\/barneleker.no\/index.php\/wp-json\/wp\/v2\/product_brand?post=14073"},{"taxonomy":"product_cat","embeddable":true,"href":"https:\/\/barneleker.no\/index.php\/wp-json\/wp\/v2\/product_cat?post=14073"},{"taxonomy":"product_tag","embeddable":true,"href":"https:\/\/barneleker.no\/index.php\/wp-json\/wp\/v2\/product_tag?post=14073"}],"curies":[{"name":"wp","href":"https:\/\/api.w.org\/{rel}","templated":true}]}}