{"id":14077,"date":"2022-02-08T20:00:26","date_gmt":"2022-02-08T20:00:26","guid":{"rendered":"https:\/\/barneleker.no\/index.php\/product\/brio-min-forste-jernbane-nybegynnersett\/"},"modified":"2022-02-08T20:00:26","modified_gmt":"2022-02-08T20:00:26","slug":"brio-min-forste-jernbane-nybegynnersett","status":"publish","type":"product","link":"https:\/\/barneleker.no\/index.php\/product\/brio-min-forste-jernbane-nybegynnersett\/","title":{"rendered":"BRIO, Min f\u00f8rste jernbane nybegynnersett"},"content":{"rendered":"<p>Det er p\u00e5 tide for de yngste togf\u00f8rerner \u00e5 spore opp nye eventyr! Bygg ut togskinnene med dette, litt st\u00f8rre startpakkesettet. Kj\u00f8r det morsomme toget over og under den interessante, regnbuefargede broen, og unders\u00f8k hvor mange forskjellige togbaner du kan bygge. Perfekt for det lille nysgjerrige barnet. Antall deler: 18 st m\u00e5l: 65,3 x 99,4 cm Pakningsst\u00f8rrelse: 36,5 x 27 x 12 cm Fra 18 m\u00e5neder<\/p>\n","protected":false},"excerpt":{"rendered":"<p>Det er p\u00e5 tide for de yngste togf\u00f8rerner \u00e5 spore opp nye eventyr! Bygg ut togskinnene med dette, litt st\u00f8rre startpakkesettet. Kj\u00f8r det morsomme toget&hellip;<\/p>\n","protected":false},"featured_media":14076,"comment_status":"open","ping_status":"closed","template":"","meta":[],"product_brand":[],"product_cat":[480],"product_tag":[],"class_list":{"0":"post-14077","1":"product","2":"type-product","3":"status-publish","4":"has-post-thumbnail","6":"product_cat-tagset","8":"first","9":"instock","10":"shipping-taxable","11":"product-type-external","12":"customify-col"},"yoast_head":"<!-- This site is optimized with the Yoast SEO plugin v26.0 - https:\/\/yoast.com\/wordpress\/plugins\/seo\/ -->\n<title>BRIO, Min f\u00f8rste jernbane nybegynnersett - Barneleker.no<\/title>\n<meta name=\"robots\" content=\"index, follow, max-snippet:-1, max-image-preview:large, max-video-preview:-1\" \/>\n<link rel=\"canonical\" href=\"https:\/\/barneleker.no\/index.php\/product\/brio-min-forste-jernbane-nybegynnersett\/\" \/>\n<meta property=\"og:locale\" content=\"nb_NO\" \/>\n<meta property=\"og:type\" content=\"article\" \/>\n<meta property=\"og:title\" content=\"BRIO, Min f\u00f8rste jernbane nybegynnersett - Barneleker.no\" \/>\n<meta property=\"og:description\" content=\"Det er p\u00e5 tide for de yngste togf\u00f8rerner \u00e5 spore opp nye eventyr! Bygg ut togskinnene med dette, litt st\u00f8rre startpakkesettet. Kj\u00f8r det morsomme toget&hellip;\" \/>\n<meta property=\"og:url\" content=\"https:\/\/barneleker.no\/index.php\/product\/brio-min-forste-jernbane-nybegynnersett\/\" \/>\n<meta property=\"og:site_name\" content=\"Barneleker.no\" \/>\n<meta name=\"twitter:card\" content=\"summary_large_image\" \/>\n<script type=\"application\/ld+json\" class=\"yoast-schema-graph\">{\"@context\":\"https:\/\/schema.org\",\"@graph\":[{\"@type\":\"WebPage\",\"@id\":\"https:\/\/barneleker.no\/index.php\/product\/brio-min-forste-jernbane-nybegynnersett\/\",\"url\":\"https:\/\/barneleker.no\/index.php\/product\/brio-min-forste-jernbane-nybegynnersett\/\",\"name\":\"BRIO, Min f\u00f8rste jernbane nybegynnersett - Barneleker.no\",\"isPartOf\":{\"@id\":\"https:\/\/barneleker.no\/#website\"},\"primaryImageOfPage\":{\"@id\":\"https:\/\/barneleker.no\/index.php\/product\/brio-min-forste-jernbane-nybegynnersett\/#primaryimage\"},\"image\":{\"@id\":\"https:\/\/barneleker.no\/index.php\/product\/brio-min-forste-jernbane-nybegynnersett\/#primaryimage\"},\"thumbnailUrl\":\"https:\/\/barneleker.no\/wp-content\/uploads\/2022\/02\/brio-min-forste-jernbane-nybegynnersett.jpg\",\"datePublished\":\"2022-02-08T20:00:26+00:00\",\"breadcrumb\":{\"@id\":\"https:\/\/barneleker.no\/index.php\/product\/brio-min-forste-jernbane-nybegynnersett\/#breadcrumb\"},\"inLanguage\":\"nb-NO\",\"potentialAction\":[{\"@type\":\"ReadAction\",\"target\":[\"https:\/\/barneleker.no\/index.php\/product\/brio-min-forste-jernbane-nybegynnersett\/\"]}]},{\"@type\":\"ImageObject\",\"inLanguage\":\"nb-NO\",\"@id\":\"https:\/\/barneleker.no\/index.php\/product\/brio-min-forste-jernbane-nybegynnersett\/#primaryimage\",\"url\":\"https:\/\/barneleker.no\/wp-content\/uploads\/2022\/02\/brio-min-forste-jernbane-nybegynnersett.jpg\",\"contentUrl\":\"https:\/\/barneleker.no\/wp-content\/uploads\/2022\/02\/brio-min-forste-jernbane-nybegynnersett.jpg\",\"width\":555,\"height\":555},{\"@type\":\"BreadcrumbList\",\"@id\":\"https:\/\/barneleker.no\/index.php\/product\/brio-min-forste-jernbane-nybegynnersett\/#breadcrumb\",\"itemListElement\":[{\"@type\":\"ListItem\",\"position\":1,\"name\":\"Butikken\",\"item\":\"https:\/\/barneleker.no\/\"},{\"@type\":\"ListItem\",\"position\":2,\"name\":\"BRIO, Min f\u00f8rste jernbane nybegynnersett\"}]},{\"@type\":\"WebSite\",\"@id\":\"https:\/\/barneleker.no\/#website\",\"url\":\"https:\/\/barneleker.no\/\",\"name\":\"Barneleker.no\",\"description\":\"Selvf\u00f8lgelig!\",\"publisher\":{\"@id\":\"https:\/\/barneleker.no\/#organization\"},\"potentialAction\":[{\"@type\":\"SearchAction\",\"target\":{\"@type\":\"EntryPoint\",\"urlTemplate\":\"https:\/\/barneleker.no\/?s={search_term_string}\"},\"query-input\":{\"@type\":\"PropertyValueSpecification\",\"valueRequired\":true,\"valueName\":\"search_term_string\"}}],\"inLanguage\":\"nb-NO\"},{\"@type\":\"Organization\",\"@id\":\"https:\/\/barneleker.no\/#organization\",\"name\":\"Barneleker.no\",\"url\":\"https:\/\/barneleker.no\/\",\"logo\":{\"@type\":\"ImageObject\",\"inLanguage\":\"nb-NO\",\"@id\":\"https:\/\/barneleker.no\/#\/schema\/logo\/image\/\",\"url\":\"https:\/\/barneleker.no\/wp-content\/uploads\/2021\/11\/barneleker_logo-780x150-1.jpg\",\"contentUrl\":\"https:\/\/barneleker.no\/wp-content\/uploads\/2021\/11\/barneleker_logo-780x150-1.jpg\",\"width\":780,\"height\":150,\"caption\":\"Barneleker.no\"},\"image\":{\"@id\":\"https:\/\/barneleker.no\/#\/schema\/logo\/image\/\"}}]}<\/script>\n<!-- \/ Yoast SEO plugin. -->","yoast_head_json":{"title":"BRIO, Min f\u00f8rste jernbane nybegynnersett - Barneleker.no","robots":{"index":"index","follow":"follow","max-snippet":"max-snippet:-1","max-image-preview":"max-image-preview:large","max-video-preview":"max-video-preview:-1"},"canonical":"https:\/\/barneleker.no\/index.php\/product\/brio-min-forste-jernbane-nybegynnersett\/","og_locale":"nb_NO","og_type":"article","og_title":"BRIO, Min f\u00f8rste jernbane nybegynnersett - Barneleker.no","og_description":"Det er p\u00e5 tide for de yngste togf\u00f8rerner \u00e5 spore opp nye eventyr! Bygg ut togskinnene med dette, litt st\u00f8rre startpakkesettet. Kj\u00f8r det morsomme toget&hellip;","og_url":"https:\/\/barneleker.no\/index.php\/product\/brio-min-forste-jernbane-nybegynnersett\/","og_site_name":"Barneleker.no","twitter_card":"summary_large_image","schema":{"@context":"https:\/\/schema.org","@graph":[{"@type":"WebPage","@id":"https:\/\/barneleker.no\/index.php\/product\/brio-min-forste-jernbane-nybegynnersett\/","url":"https:\/\/barneleker.no\/index.php\/product\/brio-min-forste-jernbane-nybegynnersett\/","name":"BRIO, Min f\u00f8rste jernbane nybegynnersett - Barneleker.no","isPartOf":{"@id":"https:\/\/barneleker.no\/#website"},"primaryImageOfPage":{"@id":"https:\/\/barneleker.no\/index.php\/product\/brio-min-forste-jernbane-nybegynnersett\/#primaryimage"},"image":{"@id":"https:\/\/barneleker.no\/index.php\/product\/brio-min-forste-jernbane-nybegynnersett\/#primaryimage"},"thumbnailUrl":"https:\/\/barneleker.no\/wp-content\/uploads\/2022\/02\/brio-min-forste-jernbane-nybegynnersett.jpg","datePublished":"2022-02-08T20:00:26+00:00","breadcrumb":{"@id":"https:\/\/barneleker.no\/index.php\/product\/brio-min-forste-jernbane-nybegynnersett\/#breadcrumb"},"inLanguage":"nb-NO","potentialAction":[{"@type":"ReadAction","target":["https:\/\/barneleker.no\/index.php\/product\/brio-min-forste-jernbane-nybegynnersett\/"]}]},{"@type":"ImageObject","inLanguage":"nb-NO","@id":"https:\/\/barneleker.no\/index.php\/product\/brio-min-forste-jernbane-nybegynnersett\/#primaryimage","url":"https:\/\/barneleker.no\/wp-content\/uploads\/2022\/02\/brio-min-forste-jernbane-nybegynnersett.jpg","contentUrl":"https:\/\/barneleker.no\/wp-content\/uploads\/2022\/02\/brio-min-forste-jernbane-nybegynnersett.jpg","width":555,"height":555},{"@type":"BreadcrumbList","@id":"https:\/\/barneleker.no\/index.php\/product\/brio-min-forste-jernbane-nybegynnersett\/#breadcrumb","itemListElement":[{"@type":"ListItem","position":1,"name":"Butikken","item":"https:\/\/barneleker.no\/"},{"@type":"ListItem","position":2,"name":"BRIO, Min f\u00f8rste jernbane nybegynnersett"}]},{"@type":"WebSite","@id":"https:\/\/barneleker.no\/#website","url":"https:\/\/barneleker.no\/","name":"Barneleker.no","description":"Selvf\u00f8lgelig!","publisher":{"@id":"https:\/\/barneleker.no\/#organization"},"potentialAction":[{"@type":"SearchAction","target":{"@type":"EntryPoint","urlTemplate":"https:\/\/barneleker.no\/?s={search_term_string}"},"query-input":{"@type":"PropertyValueSpecification","valueRequired":true,"valueName":"search_term_string"}}],"inLanguage":"nb-NO"},{"@type":"Organization","@id":"https:\/\/barneleker.no\/#organization","name":"Barneleker.no","url":"https:\/\/barneleker.no\/","logo":{"@type":"ImageObject","inLanguage":"nb-NO","@id":"https:\/\/barneleker.no\/#\/schema\/logo\/image\/","url":"https:\/\/barneleker.no\/wp-content\/uploads\/2021\/11\/barneleker_logo-780x150-1.jpg","contentUrl":"https:\/\/barneleker.no\/wp-content\/uploads\/2021\/11\/barneleker_logo-780x150-1.jpg","width":780,"height":150,"caption":"Barneleker.no"},"image":{"@id":"https:\/\/barneleker.no\/#\/schema\/logo\/image\/"}}]}},"_links":{"self":[{"href":"https:\/\/barneleker.no\/index.php\/wp-json\/wp\/v2\/product\/14077","targetHints":{"allow":["GET"]}}],"collection":[{"href":"https:\/\/barneleker.no\/index.php\/wp-json\/wp\/v2\/product"}],"about":[{"href":"https:\/\/barneleker.no\/index.php\/wp-json\/wp\/v2\/types\/product"}],"replies":[{"embeddable":true,"href":"https:\/\/barneleker.no\/index.php\/wp-json\/wp\/v2\/comments?post=14077"}],"wp:featuredmedia":[{"embeddable":true,"href":"https:\/\/barneleker.no\/index.php\/wp-json\/wp\/v2\/media\/14076"}],"wp:attachment":[{"href":"https:\/\/barneleker.no\/index.php\/wp-json\/wp\/v2\/media?parent=14077"}],"wp:term":[{"taxonomy":"product_brand","embeddable":true,"href":"https:\/\/barneleker.no\/index.php\/wp-json\/wp\/v2\/product_brand?post=14077"},{"taxonomy":"product_cat","embeddable":true,"href":"https:\/\/barneleker.no\/index.php\/wp-json\/wp\/v2\/product_cat?post=14077"},{"taxonomy":"product_tag","embeddable":true,"href":"https:\/\/barneleker.no\/index.php\/wp-json\/wp\/v2\/product_tag?post=14077"}],"curies":[{"name":"wp","href":"https:\/\/api.w.org\/{rel}","templated":true}]}}