{"id":14105,"date":"2022-02-08T20:00:38","date_gmt":"2022-02-08T20:00:38","guid":{"rendered":"https:\/\/barneleker.no\/index.php\/product\/kid-klossebil-med-myke-klosser\/"},"modified":"2022-02-08T20:00:38","modified_gmt":"2022-02-08T20:00:38","slug":"kid-klossebil-med-myke-klosser","status":"publish","type":"product","link":"https:\/\/barneleker.no\/index.php\/product\/kid-klossebil-med-myke-klosser\/","title":{"rendered":"KID, Klossebil med myke klosser"},"content":{"rendered":"<p>8 myke fargerike klosser som kan settes inn i bilen gjennom de forskjellige \u00e5pningene. Blokkene kan ogs\u00e5 stables opp\u00e5 hverandre. \u00c5 leke med blokkene og bilen er en fin m\u00e5te for de minste \u00e5 stimulere, syn, ber\u00f8ring, oppmerksomhet og \u00f8ye-h\u00e5nd-koordinering.<\/p>\n","protected":false},"excerpt":{"rendered":"<p>8 myke fargerike klosser som kan settes inn i bilen gjennom de forskjellige \u00e5pningene. Blokkene kan ogs\u00e5 stables opp\u00e5 hverandre. \u00c5 leke med blokkene og&hellip;<\/p>\n","protected":false},"featured_media":14104,"comment_status":"open","ping_status":"closed","template":"","meta":[],"product_brand":[],"product_cat":[365],"product_tag":[],"class_list":{"0":"post-14105","1":"product","2":"type-product","3":"status-publish","4":"has-post-thumbnail","6":"product_cat-babyleker","8":"first","9":"instock","10":"shipping-taxable","11":"product-type-external","12":"customify-col"},"yoast_head":"<!-- This site is optimized with the Yoast SEO plugin v26.0 - https:\/\/yoast.com\/wordpress\/plugins\/seo\/ -->\n<title>KID, Klossebil med myke klosser - Barneleker.no<\/title>\n<meta name=\"robots\" content=\"index, follow, max-snippet:-1, max-image-preview:large, max-video-preview:-1\" \/>\n<link rel=\"canonical\" href=\"https:\/\/barneleker.no\/index.php\/product\/kid-klossebil-med-myke-klosser\/\" \/>\n<meta property=\"og:locale\" content=\"nb_NO\" \/>\n<meta property=\"og:type\" content=\"article\" \/>\n<meta property=\"og:title\" content=\"KID, Klossebil med myke klosser - Barneleker.no\" \/>\n<meta property=\"og:description\" content=\"8 myke fargerike klosser som kan settes inn i bilen gjennom de forskjellige \u00e5pningene. Blokkene kan ogs\u00e5 stables opp\u00e5 hverandre. \u00c5 leke med blokkene og&hellip;\" \/>\n<meta property=\"og:url\" content=\"https:\/\/barneleker.no\/index.php\/product\/kid-klossebil-med-myke-klosser\/\" \/>\n<meta property=\"og:site_name\" content=\"Barneleker.no\" \/>\n<meta name=\"twitter:card\" content=\"summary_large_image\" \/>\n<script type=\"application\/ld+json\" class=\"yoast-schema-graph\">{\"@context\":\"https:\/\/schema.org\",\"@graph\":[{\"@type\":\"WebPage\",\"@id\":\"https:\/\/barneleker.no\/index.php\/product\/kid-klossebil-med-myke-klosser\/\",\"url\":\"https:\/\/barneleker.no\/index.php\/product\/kid-klossebil-med-myke-klosser\/\",\"name\":\"KID, Klossebil med myke klosser - Barneleker.no\",\"isPartOf\":{\"@id\":\"https:\/\/barneleker.no\/#website\"},\"primaryImageOfPage\":{\"@id\":\"https:\/\/barneleker.no\/index.php\/product\/kid-klossebil-med-myke-klosser\/#primaryimage\"},\"image\":{\"@id\":\"https:\/\/barneleker.no\/index.php\/product\/kid-klossebil-med-myke-klosser\/#primaryimage\"},\"thumbnailUrl\":\"https:\/\/barneleker.no\/wp-content\/uploads\/2022\/02\/kid-klossebil-med-myke-klosser.jpg\",\"datePublished\":\"2022-02-08T20:00:38+00:00\",\"breadcrumb\":{\"@id\":\"https:\/\/barneleker.no\/index.php\/product\/kid-klossebil-med-myke-klosser\/#breadcrumb\"},\"inLanguage\":\"nb-NO\",\"potentialAction\":[{\"@type\":\"ReadAction\",\"target\":[\"https:\/\/barneleker.no\/index.php\/product\/kid-klossebil-med-myke-klosser\/\"]}]},{\"@type\":\"ImageObject\",\"inLanguage\":\"nb-NO\",\"@id\":\"https:\/\/barneleker.no\/index.php\/product\/kid-klossebil-med-myke-klosser\/#primaryimage\",\"url\":\"https:\/\/barneleker.no\/wp-content\/uploads\/2022\/02\/kid-klossebil-med-myke-klosser.jpg\",\"contentUrl\":\"https:\/\/barneleker.no\/wp-content\/uploads\/2022\/02\/kid-klossebil-med-myke-klosser.jpg\",\"width\":555,\"height\":555},{\"@type\":\"BreadcrumbList\",\"@id\":\"https:\/\/barneleker.no\/index.php\/product\/kid-klossebil-med-myke-klosser\/#breadcrumb\",\"itemListElement\":[{\"@type\":\"ListItem\",\"position\":1,\"name\":\"Butikken\",\"item\":\"https:\/\/barneleker.no\/\"},{\"@type\":\"ListItem\",\"position\":2,\"name\":\"KID, Klossebil med myke klosser\"}]},{\"@type\":\"WebSite\",\"@id\":\"https:\/\/barneleker.no\/#website\",\"url\":\"https:\/\/barneleker.no\/\",\"name\":\"Barneleker.no\",\"description\":\"Selvf\u00f8lgelig!\",\"publisher\":{\"@id\":\"https:\/\/barneleker.no\/#organization\"},\"potentialAction\":[{\"@type\":\"SearchAction\",\"target\":{\"@type\":\"EntryPoint\",\"urlTemplate\":\"https:\/\/barneleker.no\/?s={search_term_string}\"},\"query-input\":{\"@type\":\"PropertyValueSpecification\",\"valueRequired\":true,\"valueName\":\"search_term_string\"}}],\"inLanguage\":\"nb-NO\"},{\"@type\":\"Organization\",\"@id\":\"https:\/\/barneleker.no\/#organization\",\"name\":\"Barneleker.no\",\"url\":\"https:\/\/barneleker.no\/\",\"logo\":{\"@type\":\"ImageObject\",\"inLanguage\":\"nb-NO\",\"@id\":\"https:\/\/barneleker.no\/#\/schema\/logo\/image\/\",\"url\":\"https:\/\/barneleker.no\/wp-content\/uploads\/2021\/11\/barneleker_logo-780x150-1.jpg\",\"contentUrl\":\"https:\/\/barneleker.no\/wp-content\/uploads\/2021\/11\/barneleker_logo-780x150-1.jpg\",\"width\":780,\"height\":150,\"caption\":\"Barneleker.no\"},\"image\":{\"@id\":\"https:\/\/barneleker.no\/#\/schema\/logo\/image\/\"}}]}<\/script>\n<!-- \/ Yoast SEO plugin. -->","yoast_head_json":{"title":"KID, Klossebil med myke klosser - Barneleker.no","robots":{"index":"index","follow":"follow","max-snippet":"max-snippet:-1","max-image-preview":"max-image-preview:large","max-video-preview":"max-video-preview:-1"},"canonical":"https:\/\/barneleker.no\/index.php\/product\/kid-klossebil-med-myke-klosser\/","og_locale":"nb_NO","og_type":"article","og_title":"KID, Klossebil med myke klosser - Barneleker.no","og_description":"8 myke fargerike klosser som kan settes inn i bilen gjennom de forskjellige \u00e5pningene. Blokkene kan ogs\u00e5 stables opp\u00e5 hverandre. \u00c5 leke med blokkene og&hellip;","og_url":"https:\/\/barneleker.no\/index.php\/product\/kid-klossebil-med-myke-klosser\/","og_site_name":"Barneleker.no","twitter_card":"summary_large_image","schema":{"@context":"https:\/\/schema.org","@graph":[{"@type":"WebPage","@id":"https:\/\/barneleker.no\/index.php\/product\/kid-klossebil-med-myke-klosser\/","url":"https:\/\/barneleker.no\/index.php\/product\/kid-klossebil-med-myke-klosser\/","name":"KID, Klossebil med myke klosser - Barneleker.no","isPartOf":{"@id":"https:\/\/barneleker.no\/#website"},"primaryImageOfPage":{"@id":"https:\/\/barneleker.no\/index.php\/product\/kid-klossebil-med-myke-klosser\/#primaryimage"},"image":{"@id":"https:\/\/barneleker.no\/index.php\/product\/kid-klossebil-med-myke-klosser\/#primaryimage"},"thumbnailUrl":"https:\/\/barneleker.no\/wp-content\/uploads\/2022\/02\/kid-klossebil-med-myke-klosser.jpg","datePublished":"2022-02-08T20:00:38+00:00","breadcrumb":{"@id":"https:\/\/barneleker.no\/index.php\/product\/kid-klossebil-med-myke-klosser\/#breadcrumb"},"inLanguage":"nb-NO","potentialAction":[{"@type":"ReadAction","target":["https:\/\/barneleker.no\/index.php\/product\/kid-klossebil-med-myke-klosser\/"]}]},{"@type":"ImageObject","inLanguage":"nb-NO","@id":"https:\/\/barneleker.no\/index.php\/product\/kid-klossebil-med-myke-klosser\/#primaryimage","url":"https:\/\/barneleker.no\/wp-content\/uploads\/2022\/02\/kid-klossebil-med-myke-klosser.jpg","contentUrl":"https:\/\/barneleker.no\/wp-content\/uploads\/2022\/02\/kid-klossebil-med-myke-klosser.jpg","width":555,"height":555},{"@type":"BreadcrumbList","@id":"https:\/\/barneleker.no\/index.php\/product\/kid-klossebil-med-myke-klosser\/#breadcrumb","itemListElement":[{"@type":"ListItem","position":1,"name":"Butikken","item":"https:\/\/barneleker.no\/"},{"@type":"ListItem","position":2,"name":"KID, Klossebil med myke klosser"}]},{"@type":"WebSite","@id":"https:\/\/barneleker.no\/#website","url":"https:\/\/barneleker.no\/","name":"Barneleker.no","description":"Selvf\u00f8lgelig!","publisher":{"@id":"https:\/\/barneleker.no\/#organization"},"potentialAction":[{"@type":"SearchAction","target":{"@type":"EntryPoint","urlTemplate":"https:\/\/barneleker.no\/?s={search_term_string}"},"query-input":{"@type":"PropertyValueSpecification","valueRequired":true,"valueName":"search_term_string"}}],"inLanguage":"nb-NO"},{"@type":"Organization","@id":"https:\/\/barneleker.no\/#organization","name":"Barneleker.no","url":"https:\/\/barneleker.no\/","logo":{"@type":"ImageObject","inLanguage":"nb-NO","@id":"https:\/\/barneleker.no\/#\/schema\/logo\/image\/","url":"https:\/\/barneleker.no\/wp-content\/uploads\/2021\/11\/barneleker_logo-780x150-1.jpg","contentUrl":"https:\/\/barneleker.no\/wp-content\/uploads\/2021\/11\/barneleker_logo-780x150-1.jpg","width":780,"height":150,"caption":"Barneleker.no"},"image":{"@id":"https:\/\/barneleker.no\/#\/schema\/logo\/image\/"}}]}},"_links":{"self":[{"href":"https:\/\/barneleker.no\/index.php\/wp-json\/wp\/v2\/product\/14105","targetHints":{"allow":["GET"]}}],"collection":[{"href":"https:\/\/barneleker.no\/index.php\/wp-json\/wp\/v2\/product"}],"about":[{"href":"https:\/\/barneleker.no\/index.php\/wp-json\/wp\/v2\/types\/product"}],"replies":[{"embeddable":true,"href":"https:\/\/barneleker.no\/index.php\/wp-json\/wp\/v2\/comments?post=14105"}],"wp:featuredmedia":[{"embeddable":true,"href":"https:\/\/barneleker.no\/index.php\/wp-json\/wp\/v2\/media\/14104"}],"wp:attachment":[{"href":"https:\/\/barneleker.no\/index.php\/wp-json\/wp\/v2\/media?parent=14105"}],"wp:term":[{"taxonomy":"product_brand","embeddable":true,"href":"https:\/\/barneleker.no\/index.php\/wp-json\/wp\/v2\/product_brand?post=14105"},{"taxonomy":"product_cat","embeddable":true,"href":"https:\/\/barneleker.no\/index.php\/wp-json\/wp\/v2\/product_cat?post=14105"},{"taxonomy":"product_tag","embeddable":true,"href":"https:\/\/barneleker.no\/index.php\/wp-json\/wp\/v2\/product_tag?post=14105"}],"curies":[{"name":"wp","href":"https:\/\/api.w.org\/{rel}","templated":true}]}}