{"id":14111,"date":"2022-02-08T20:00:40","date_gmt":"2022-02-08T20:00:40","guid":{"rendered":"https:\/\/barneleker.no\/index.php\/product\/kid-myke-klosser-i-bag-24-stk-fra-6-maneder\/"},"modified":"2022-02-08T20:00:40","modified_gmt":"2022-02-08T20:00:40","slug":"kid-myke-klosser-i-bag-24-stk-fra-6-maneder","status":"publish","type":"product","link":"https:\/\/barneleker.no\/index.php\/product\/kid-myke-klosser-i-bag-24-stk-fra-6-maneder\/","title":{"rendered":"KID, Myke klosser i bag 24 stk, fra 6 m\u00e5neder"},"content":{"rendered":"<p>Det perfekte konstruksjonsleket\u00f8yet for de sm\u00e5. Baby Clemmy fra Clementoni er myke byggeklosser som er behagelige \u00e5 h\u00e5ndtere, enkle \u00e5 bygge med og helt trygge for sm\u00e5 barn, ogs\u00e5 de som tygger p\u00e5 alt. Dette settet kommer i en romslig oppbevaringspose ( se bilde) med glidel\u00e5s hvor alle klossene kan passe etter at de er ferdige \u00e5 leke.<\/p>\n","protected":false},"excerpt":{"rendered":"<p>Det perfekte konstruksjonsleket\u00f8yet for de sm\u00e5. Baby Clemmy fra Clementoni er myke byggeklosser som er behagelige \u00e5 h\u00e5ndtere, enkle \u00e5 bygge med og helt trygge&hellip;<\/p>\n","protected":false},"featured_media":14110,"comment_status":"open","ping_status":"closed","template":"","meta":[],"product_brand":[],"product_cat":[523],"product_tag":[],"class_list":{"0":"post-14111","1":"product","2":"type-product","3":"status-publish","4":"has-post-thumbnail","6":"product_cat-byggklossar-babyleksaker","8":"first","9":"instock","10":"shipping-taxable","11":"product-type-external","12":"customify-col"},"yoast_head":"<!-- This site is optimized with the Yoast SEO plugin v26.0 - https:\/\/yoast.com\/wordpress\/plugins\/seo\/ -->\n<title>KID, Myke klosser i bag 24 stk, fra 6 m\u00e5neder - Barneleker.no<\/title>\n<meta name=\"robots\" content=\"index, follow, max-snippet:-1, max-image-preview:large, max-video-preview:-1\" \/>\n<link rel=\"canonical\" href=\"https:\/\/barneleker.no\/index.php\/product\/kid-myke-klosser-i-bag-24-stk-fra-6-maneder\/\" \/>\n<meta property=\"og:locale\" content=\"nb_NO\" \/>\n<meta property=\"og:type\" content=\"article\" \/>\n<meta property=\"og:title\" content=\"KID, Myke klosser i bag 24 stk, fra 6 m\u00e5neder - Barneleker.no\" \/>\n<meta property=\"og:description\" content=\"Det perfekte konstruksjonsleket\u00f8yet for de sm\u00e5. Baby Clemmy fra Clementoni er myke byggeklosser som er behagelige \u00e5 h\u00e5ndtere, enkle \u00e5 bygge med og helt trygge&hellip;\" \/>\n<meta property=\"og:url\" content=\"https:\/\/barneleker.no\/index.php\/product\/kid-myke-klosser-i-bag-24-stk-fra-6-maneder\/\" \/>\n<meta property=\"og:site_name\" content=\"Barneleker.no\" \/>\n<meta name=\"twitter:card\" content=\"summary_large_image\" \/>\n<script type=\"application\/ld+json\" class=\"yoast-schema-graph\">{\"@context\":\"https:\/\/schema.org\",\"@graph\":[{\"@type\":\"WebPage\",\"@id\":\"https:\/\/barneleker.no\/index.php\/product\/kid-myke-klosser-i-bag-24-stk-fra-6-maneder\/\",\"url\":\"https:\/\/barneleker.no\/index.php\/product\/kid-myke-klosser-i-bag-24-stk-fra-6-maneder\/\",\"name\":\"KID, Myke klosser i bag 24 stk, fra 6 m\u00e5neder - Barneleker.no\",\"isPartOf\":{\"@id\":\"https:\/\/barneleker.no\/#website\"},\"primaryImageOfPage\":{\"@id\":\"https:\/\/barneleker.no\/index.php\/product\/kid-myke-klosser-i-bag-24-stk-fra-6-maneder\/#primaryimage\"},\"image\":{\"@id\":\"https:\/\/barneleker.no\/index.php\/product\/kid-myke-klosser-i-bag-24-stk-fra-6-maneder\/#primaryimage\"},\"thumbnailUrl\":\"https:\/\/barneleker.no\/wp-content\/uploads\/2022\/02\/kid-myke-klosser-i-bag-24-stk.jpg\",\"datePublished\":\"2022-02-08T20:00:40+00:00\",\"breadcrumb\":{\"@id\":\"https:\/\/barneleker.no\/index.php\/product\/kid-myke-klosser-i-bag-24-stk-fra-6-maneder\/#breadcrumb\"},\"inLanguage\":\"nb-NO\",\"potentialAction\":[{\"@type\":\"ReadAction\",\"target\":[\"https:\/\/barneleker.no\/index.php\/product\/kid-myke-klosser-i-bag-24-stk-fra-6-maneder\/\"]}]},{\"@type\":\"ImageObject\",\"inLanguage\":\"nb-NO\",\"@id\":\"https:\/\/barneleker.no\/index.php\/product\/kid-myke-klosser-i-bag-24-stk-fra-6-maneder\/#primaryimage\",\"url\":\"https:\/\/barneleker.no\/wp-content\/uploads\/2022\/02\/kid-myke-klosser-i-bag-24-stk.jpg\",\"contentUrl\":\"https:\/\/barneleker.no\/wp-content\/uploads\/2022\/02\/kid-myke-klosser-i-bag-24-stk.jpg\",\"width\":555,\"height\":555},{\"@type\":\"BreadcrumbList\",\"@id\":\"https:\/\/barneleker.no\/index.php\/product\/kid-myke-klosser-i-bag-24-stk-fra-6-maneder\/#breadcrumb\",\"itemListElement\":[{\"@type\":\"ListItem\",\"position\":1,\"name\":\"Butikken\",\"item\":\"https:\/\/barneleker.no\/\"},{\"@type\":\"ListItem\",\"position\":2,\"name\":\"KID, Myke klosser i bag 24 stk, fra 6 m\u00e5neder\"}]},{\"@type\":\"WebSite\",\"@id\":\"https:\/\/barneleker.no\/#website\",\"url\":\"https:\/\/barneleker.no\/\",\"name\":\"Barneleker.no\",\"description\":\"Selvf\u00f8lgelig!\",\"publisher\":{\"@id\":\"https:\/\/barneleker.no\/#organization\"},\"potentialAction\":[{\"@type\":\"SearchAction\",\"target\":{\"@type\":\"EntryPoint\",\"urlTemplate\":\"https:\/\/barneleker.no\/?s={search_term_string}\"},\"query-input\":{\"@type\":\"PropertyValueSpecification\",\"valueRequired\":true,\"valueName\":\"search_term_string\"}}],\"inLanguage\":\"nb-NO\"},{\"@type\":\"Organization\",\"@id\":\"https:\/\/barneleker.no\/#organization\",\"name\":\"Barneleker.no\",\"url\":\"https:\/\/barneleker.no\/\",\"logo\":{\"@type\":\"ImageObject\",\"inLanguage\":\"nb-NO\",\"@id\":\"https:\/\/barneleker.no\/#\/schema\/logo\/image\/\",\"url\":\"https:\/\/barneleker.no\/wp-content\/uploads\/2021\/11\/barneleker_logo-780x150-1.jpg\",\"contentUrl\":\"https:\/\/barneleker.no\/wp-content\/uploads\/2021\/11\/barneleker_logo-780x150-1.jpg\",\"width\":780,\"height\":150,\"caption\":\"Barneleker.no\"},\"image\":{\"@id\":\"https:\/\/barneleker.no\/#\/schema\/logo\/image\/\"}}]}<\/script>\n<!-- \/ Yoast SEO plugin. -->","yoast_head_json":{"title":"KID, Myke klosser i bag 24 stk, fra 6 m\u00e5neder - Barneleker.no","robots":{"index":"index","follow":"follow","max-snippet":"max-snippet:-1","max-image-preview":"max-image-preview:large","max-video-preview":"max-video-preview:-1"},"canonical":"https:\/\/barneleker.no\/index.php\/product\/kid-myke-klosser-i-bag-24-stk-fra-6-maneder\/","og_locale":"nb_NO","og_type":"article","og_title":"KID, Myke klosser i bag 24 stk, fra 6 m\u00e5neder - Barneleker.no","og_description":"Det perfekte konstruksjonsleket\u00f8yet for de sm\u00e5. Baby Clemmy fra Clementoni er myke byggeklosser som er behagelige \u00e5 h\u00e5ndtere, enkle \u00e5 bygge med og helt trygge&hellip;","og_url":"https:\/\/barneleker.no\/index.php\/product\/kid-myke-klosser-i-bag-24-stk-fra-6-maneder\/","og_site_name":"Barneleker.no","twitter_card":"summary_large_image","schema":{"@context":"https:\/\/schema.org","@graph":[{"@type":"WebPage","@id":"https:\/\/barneleker.no\/index.php\/product\/kid-myke-klosser-i-bag-24-stk-fra-6-maneder\/","url":"https:\/\/barneleker.no\/index.php\/product\/kid-myke-klosser-i-bag-24-stk-fra-6-maneder\/","name":"KID, Myke klosser i bag 24 stk, fra 6 m\u00e5neder - Barneleker.no","isPartOf":{"@id":"https:\/\/barneleker.no\/#website"},"primaryImageOfPage":{"@id":"https:\/\/barneleker.no\/index.php\/product\/kid-myke-klosser-i-bag-24-stk-fra-6-maneder\/#primaryimage"},"image":{"@id":"https:\/\/barneleker.no\/index.php\/product\/kid-myke-klosser-i-bag-24-stk-fra-6-maneder\/#primaryimage"},"thumbnailUrl":"https:\/\/barneleker.no\/wp-content\/uploads\/2022\/02\/kid-myke-klosser-i-bag-24-stk.jpg","datePublished":"2022-02-08T20:00:40+00:00","breadcrumb":{"@id":"https:\/\/barneleker.no\/index.php\/product\/kid-myke-klosser-i-bag-24-stk-fra-6-maneder\/#breadcrumb"},"inLanguage":"nb-NO","potentialAction":[{"@type":"ReadAction","target":["https:\/\/barneleker.no\/index.php\/product\/kid-myke-klosser-i-bag-24-stk-fra-6-maneder\/"]}]},{"@type":"ImageObject","inLanguage":"nb-NO","@id":"https:\/\/barneleker.no\/index.php\/product\/kid-myke-klosser-i-bag-24-stk-fra-6-maneder\/#primaryimage","url":"https:\/\/barneleker.no\/wp-content\/uploads\/2022\/02\/kid-myke-klosser-i-bag-24-stk.jpg","contentUrl":"https:\/\/barneleker.no\/wp-content\/uploads\/2022\/02\/kid-myke-klosser-i-bag-24-stk.jpg","width":555,"height":555},{"@type":"BreadcrumbList","@id":"https:\/\/barneleker.no\/index.php\/product\/kid-myke-klosser-i-bag-24-stk-fra-6-maneder\/#breadcrumb","itemListElement":[{"@type":"ListItem","position":1,"name":"Butikken","item":"https:\/\/barneleker.no\/"},{"@type":"ListItem","position":2,"name":"KID, Myke klosser i bag 24 stk, fra 6 m\u00e5neder"}]},{"@type":"WebSite","@id":"https:\/\/barneleker.no\/#website","url":"https:\/\/barneleker.no\/","name":"Barneleker.no","description":"Selvf\u00f8lgelig!","publisher":{"@id":"https:\/\/barneleker.no\/#organization"},"potentialAction":[{"@type":"SearchAction","target":{"@type":"EntryPoint","urlTemplate":"https:\/\/barneleker.no\/?s={search_term_string}"},"query-input":{"@type":"PropertyValueSpecification","valueRequired":true,"valueName":"search_term_string"}}],"inLanguage":"nb-NO"},{"@type":"Organization","@id":"https:\/\/barneleker.no\/#organization","name":"Barneleker.no","url":"https:\/\/barneleker.no\/","logo":{"@type":"ImageObject","inLanguage":"nb-NO","@id":"https:\/\/barneleker.no\/#\/schema\/logo\/image\/","url":"https:\/\/barneleker.no\/wp-content\/uploads\/2021\/11\/barneleker_logo-780x150-1.jpg","contentUrl":"https:\/\/barneleker.no\/wp-content\/uploads\/2021\/11\/barneleker_logo-780x150-1.jpg","width":780,"height":150,"caption":"Barneleker.no"},"image":{"@id":"https:\/\/barneleker.no\/#\/schema\/logo\/image\/"}}]}},"_links":{"self":[{"href":"https:\/\/barneleker.no\/index.php\/wp-json\/wp\/v2\/product\/14111","targetHints":{"allow":["GET"]}}],"collection":[{"href":"https:\/\/barneleker.no\/index.php\/wp-json\/wp\/v2\/product"}],"about":[{"href":"https:\/\/barneleker.no\/index.php\/wp-json\/wp\/v2\/types\/product"}],"replies":[{"embeddable":true,"href":"https:\/\/barneleker.no\/index.php\/wp-json\/wp\/v2\/comments?post=14111"}],"wp:featuredmedia":[{"embeddable":true,"href":"https:\/\/barneleker.no\/index.php\/wp-json\/wp\/v2\/media\/14110"}],"wp:attachment":[{"href":"https:\/\/barneleker.no\/index.php\/wp-json\/wp\/v2\/media?parent=14111"}],"wp:term":[{"taxonomy":"product_brand","embeddable":true,"href":"https:\/\/barneleker.no\/index.php\/wp-json\/wp\/v2\/product_brand?post=14111"},{"taxonomy":"product_cat","embeddable":true,"href":"https:\/\/barneleker.no\/index.php\/wp-json\/wp\/v2\/product_cat?post=14111"},{"taxonomy":"product_tag","embeddable":true,"href":"https:\/\/barneleker.no\/index.php\/wp-json\/wp\/v2\/product_tag?post=14111"}],"curies":[{"name":"wp","href":"https:\/\/api.w.org\/{rel}","templated":true}]}}