{"id":14147,"date":"2022-02-08T20:00:53","date_gmt":"2022-02-08T20:00:53","guid":{"rendered":"https:\/\/barneleker.no\/index.php\/product\/lego-duplo-town-10952-lave-traktor-og-bondegardsdyr-lave-traktor-og-bondegardsdyr\/"},"modified":"2022-02-08T20:00:53","modified_gmt":"2022-02-08T20:00:53","slug":"lego-duplo-town-10952-lave-traktor-og-bondegardsdyr-lave-traktor-og-bondegardsdyr","status":"publish","type":"product","link":"https:\/\/barneleker.no\/index.php\/product\/lego-duplo-town-10952-lave-traktor-og-bondegardsdyr-lave-traktor-og-bondegardsdyr\/","title":{"rendered":"LEGO DUPLO Town 10952, L\u00e5ve, traktor og bondeg\u00e5rdsdyr, L\u00e5ve, traktor og bondeg\u00e5rdsdyr"},"content":{"rendered":"<p>LEGO\u00ae DUPLO\u00ae By L\u00e5ve, traktor og bondeg\u00e5rdsdyr (10952) er et g\u00f8yalt g\u00e5rdssett som byr p\u00e5 masse l\u00e6ring for f\u00f8rskolebarn. Det er perfekt som utviklingsleke for sm\u00e5 barn som liker dyr eller traktorer.<\/p>\n","protected":false},"excerpt":{"rendered":"<p>LEGO\u00ae DUPLO\u00ae By L\u00e5ve, traktor og bondeg\u00e5rdsdyr (10952) er et g\u00f8yalt g\u00e5rdssett som byr p\u00e5 masse l\u00e6ring for f\u00f8rskolebarn. Det er perfekt som utviklingsleke for&hellip;<\/p>\n","protected":false},"featured_media":14146,"comment_status":"open","ping_status":"closed","template":"","meta":[],"product_brand":[],"product_cat":[539],"product_tag":[],"class_list":{"0":"post-14147","1":"product","2":"type-product","3":"status-publish","4":"has-post-thumbnail","6":"product_cat-set-lego-djur","8":"first","9":"instock","10":"shipping-taxable","11":"product-type-external","12":"customify-col"},"yoast_head":"<!-- This site is optimized with the Yoast SEO plugin v26.0 - https:\/\/yoast.com\/wordpress\/plugins\/seo\/ -->\n<title>LEGO DUPLO Town 10952, L\u00e5ve, traktor og bondeg\u00e5rdsdyr, L\u00e5ve, traktor og bondeg\u00e5rdsdyr - Barneleker.no<\/title>\n<meta name=\"robots\" content=\"index, follow, max-snippet:-1, max-image-preview:large, max-video-preview:-1\" \/>\n<link rel=\"canonical\" href=\"https:\/\/barneleker.no\/index.php\/product\/lego-duplo-town-10952-lave-traktor-og-bondegardsdyr-lave-traktor-og-bondegardsdyr\/\" \/>\n<meta property=\"og:locale\" content=\"nb_NO\" \/>\n<meta property=\"og:type\" content=\"article\" \/>\n<meta property=\"og:title\" content=\"LEGO DUPLO Town 10952, L\u00e5ve, traktor og bondeg\u00e5rdsdyr, L\u00e5ve, traktor og bondeg\u00e5rdsdyr - Barneleker.no\" \/>\n<meta property=\"og:description\" content=\"LEGO\u00ae DUPLO\u00ae By L\u00e5ve, traktor og bondeg\u00e5rdsdyr (10952) er et g\u00f8yalt g\u00e5rdssett som byr p\u00e5 masse l\u00e6ring for f\u00f8rskolebarn. Det er perfekt som utviklingsleke for&hellip;\" \/>\n<meta property=\"og:url\" content=\"https:\/\/barneleker.no\/index.php\/product\/lego-duplo-town-10952-lave-traktor-og-bondegardsdyr-lave-traktor-og-bondegardsdyr\/\" \/>\n<meta property=\"og:site_name\" content=\"Barneleker.no\" \/>\n<meta name=\"twitter:card\" content=\"summary_large_image\" \/>\n<script type=\"application\/ld+json\" class=\"yoast-schema-graph\">{\"@context\":\"https:\/\/schema.org\",\"@graph\":[{\"@type\":\"WebPage\",\"@id\":\"https:\/\/barneleker.no\/index.php\/product\/lego-duplo-town-10952-lave-traktor-og-bondegardsdyr-lave-traktor-og-bondegardsdyr\/\",\"url\":\"https:\/\/barneleker.no\/index.php\/product\/lego-duplo-town-10952-lave-traktor-og-bondegardsdyr-lave-traktor-og-bondegardsdyr\/\",\"name\":\"LEGO DUPLO Town 10952, L\u00e5ve, traktor og bondeg\u00e5rdsdyr, L\u00e5ve, traktor og bondeg\u00e5rdsdyr - Barneleker.no\",\"isPartOf\":{\"@id\":\"https:\/\/barneleker.no\/#website\"},\"primaryImageOfPage\":{\"@id\":\"https:\/\/barneleker.no\/index.php\/product\/lego-duplo-town-10952-lave-traktor-og-bondegardsdyr-lave-traktor-og-bondegardsdyr\/#primaryimage\"},\"image\":{\"@id\":\"https:\/\/barneleker.no\/index.php\/product\/lego-duplo-town-10952-lave-traktor-og-bondegardsdyr-lave-traktor-og-bondegardsdyr\/#primaryimage\"},\"thumbnailUrl\":\"https:\/\/barneleker.no\/wp-content\/uploads\/2022\/02\/lego-duplo-town-10952-lave-traktor-og-bondegardsdyr.jpg\",\"datePublished\":\"2022-02-08T20:00:53+00:00\",\"breadcrumb\":{\"@id\":\"https:\/\/barneleker.no\/index.php\/product\/lego-duplo-town-10952-lave-traktor-og-bondegardsdyr-lave-traktor-og-bondegardsdyr\/#breadcrumb\"},\"inLanguage\":\"nb-NO\",\"potentialAction\":[{\"@type\":\"ReadAction\",\"target\":[\"https:\/\/barneleker.no\/index.php\/product\/lego-duplo-town-10952-lave-traktor-og-bondegardsdyr-lave-traktor-og-bondegardsdyr\/\"]}]},{\"@type\":\"ImageObject\",\"inLanguage\":\"nb-NO\",\"@id\":\"https:\/\/barneleker.no\/index.php\/product\/lego-duplo-town-10952-lave-traktor-og-bondegardsdyr-lave-traktor-og-bondegardsdyr\/#primaryimage\",\"url\":\"https:\/\/barneleker.no\/wp-content\/uploads\/2022\/02\/lego-duplo-town-10952-lave-traktor-og-bondegardsdyr.jpg\",\"contentUrl\":\"https:\/\/barneleker.no\/wp-content\/uploads\/2022\/02\/lego-duplo-town-10952-lave-traktor-og-bondegardsdyr.jpg\",\"width\":555,\"height\":555},{\"@type\":\"BreadcrumbList\",\"@id\":\"https:\/\/barneleker.no\/index.php\/product\/lego-duplo-town-10952-lave-traktor-og-bondegardsdyr-lave-traktor-og-bondegardsdyr\/#breadcrumb\",\"itemListElement\":[{\"@type\":\"ListItem\",\"position\":1,\"name\":\"Butikken\",\"item\":\"https:\/\/barneleker.no\/\"},{\"@type\":\"ListItem\",\"position\":2,\"name\":\"LEGO DUPLO Town 10952, L\u00e5ve, traktor og bondeg\u00e5rdsdyr, L\u00e5ve, traktor og bondeg\u00e5rdsdyr\"}]},{\"@type\":\"WebSite\",\"@id\":\"https:\/\/barneleker.no\/#website\",\"url\":\"https:\/\/barneleker.no\/\",\"name\":\"Barneleker.no\",\"description\":\"Selvf\u00f8lgelig!\",\"publisher\":{\"@id\":\"https:\/\/barneleker.no\/#organization\"},\"potentialAction\":[{\"@type\":\"SearchAction\",\"target\":{\"@type\":\"EntryPoint\",\"urlTemplate\":\"https:\/\/barneleker.no\/?s={search_term_string}\"},\"query-input\":{\"@type\":\"PropertyValueSpecification\",\"valueRequired\":true,\"valueName\":\"search_term_string\"}}],\"inLanguage\":\"nb-NO\"},{\"@type\":\"Organization\",\"@id\":\"https:\/\/barneleker.no\/#organization\",\"name\":\"Barneleker.no\",\"url\":\"https:\/\/barneleker.no\/\",\"logo\":{\"@type\":\"ImageObject\",\"inLanguage\":\"nb-NO\",\"@id\":\"https:\/\/barneleker.no\/#\/schema\/logo\/image\/\",\"url\":\"https:\/\/barneleker.no\/wp-content\/uploads\/2021\/11\/barneleker_logo-780x150-1.jpg\",\"contentUrl\":\"https:\/\/barneleker.no\/wp-content\/uploads\/2021\/11\/barneleker_logo-780x150-1.jpg\",\"width\":780,\"height\":150,\"caption\":\"Barneleker.no\"},\"image\":{\"@id\":\"https:\/\/barneleker.no\/#\/schema\/logo\/image\/\"}}]}<\/script>\n<!-- \/ Yoast SEO plugin. -->","yoast_head_json":{"title":"LEGO DUPLO Town 10952, L\u00e5ve, traktor og bondeg\u00e5rdsdyr, L\u00e5ve, traktor og bondeg\u00e5rdsdyr - Barneleker.no","robots":{"index":"index","follow":"follow","max-snippet":"max-snippet:-1","max-image-preview":"max-image-preview:large","max-video-preview":"max-video-preview:-1"},"canonical":"https:\/\/barneleker.no\/index.php\/product\/lego-duplo-town-10952-lave-traktor-og-bondegardsdyr-lave-traktor-og-bondegardsdyr\/","og_locale":"nb_NO","og_type":"article","og_title":"LEGO DUPLO Town 10952, L\u00e5ve, traktor og bondeg\u00e5rdsdyr, L\u00e5ve, traktor og bondeg\u00e5rdsdyr - Barneleker.no","og_description":"LEGO\u00ae DUPLO\u00ae By L\u00e5ve, traktor og bondeg\u00e5rdsdyr (10952) er et g\u00f8yalt g\u00e5rdssett som byr p\u00e5 masse l\u00e6ring for f\u00f8rskolebarn. Det er perfekt som utviklingsleke for&hellip;","og_url":"https:\/\/barneleker.no\/index.php\/product\/lego-duplo-town-10952-lave-traktor-og-bondegardsdyr-lave-traktor-og-bondegardsdyr\/","og_site_name":"Barneleker.no","twitter_card":"summary_large_image","schema":{"@context":"https:\/\/schema.org","@graph":[{"@type":"WebPage","@id":"https:\/\/barneleker.no\/index.php\/product\/lego-duplo-town-10952-lave-traktor-og-bondegardsdyr-lave-traktor-og-bondegardsdyr\/","url":"https:\/\/barneleker.no\/index.php\/product\/lego-duplo-town-10952-lave-traktor-og-bondegardsdyr-lave-traktor-og-bondegardsdyr\/","name":"LEGO DUPLO Town 10952, L\u00e5ve, traktor og bondeg\u00e5rdsdyr, L\u00e5ve, traktor og bondeg\u00e5rdsdyr - Barneleker.no","isPartOf":{"@id":"https:\/\/barneleker.no\/#website"},"primaryImageOfPage":{"@id":"https:\/\/barneleker.no\/index.php\/product\/lego-duplo-town-10952-lave-traktor-og-bondegardsdyr-lave-traktor-og-bondegardsdyr\/#primaryimage"},"image":{"@id":"https:\/\/barneleker.no\/index.php\/product\/lego-duplo-town-10952-lave-traktor-og-bondegardsdyr-lave-traktor-og-bondegardsdyr\/#primaryimage"},"thumbnailUrl":"https:\/\/barneleker.no\/wp-content\/uploads\/2022\/02\/lego-duplo-town-10952-lave-traktor-og-bondegardsdyr.jpg","datePublished":"2022-02-08T20:00:53+00:00","breadcrumb":{"@id":"https:\/\/barneleker.no\/index.php\/product\/lego-duplo-town-10952-lave-traktor-og-bondegardsdyr-lave-traktor-og-bondegardsdyr\/#breadcrumb"},"inLanguage":"nb-NO","potentialAction":[{"@type":"ReadAction","target":["https:\/\/barneleker.no\/index.php\/product\/lego-duplo-town-10952-lave-traktor-og-bondegardsdyr-lave-traktor-og-bondegardsdyr\/"]}]},{"@type":"ImageObject","inLanguage":"nb-NO","@id":"https:\/\/barneleker.no\/index.php\/product\/lego-duplo-town-10952-lave-traktor-og-bondegardsdyr-lave-traktor-og-bondegardsdyr\/#primaryimage","url":"https:\/\/barneleker.no\/wp-content\/uploads\/2022\/02\/lego-duplo-town-10952-lave-traktor-og-bondegardsdyr.jpg","contentUrl":"https:\/\/barneleker.no\/wp-content\/uploads\/2022\/02\/lego-duplo-town-10952-lave-traktor-og-bondegardsdyr.jpg","width":555,"height":555},{"@type":"BreadcrumbList","@id":"https:\/\/barneleker.no\/index.php\/product\/lego-duplo-town-10952-lave-traktor-og-bondegardsdyr-lave-traktor-og-bondegardsdyr\/#breadcrumb","itemListElement":[{"@type":"ListItem","position":1,"name":"Butikken","item":"https:\/\/barneleker.no\/"},{"@type":"ListItem","position":2,"name":"LEGO DUPLO Town 10952, L\u00e5ve, traktor og bondeg\u00e5rdsdyr, L\u00e5ve, traktor og bondeg\u00e5rdsdyr"}]},{"@type":"WebSite","@id":"https:\/\/barneleker.no\/#website","url":"https:\/\/barneleker.no\/","name":"Barneleker.no","description":"Selvf\u00f8lgelig!","publisher":{"@id":"https:\/\/barneleker.no\/#organization"},"potentialAction":[{"@type":"SearchAction","target":{"@type":"EntryPoint","urlTemplate":"https:\/\/barneleker.no\/?s={search_term_string}"},"query-input":{"@type":"PropertyValueSpecification","valueRequired":true,"valueName":"search_term_string"}}],"inLanguage":"nb-NO"},{"@type":"Organization","@id":"https:\/\/barneleker.no\/#organization","name":"Barneleker.no","url":"https:\/\/barneleker.no\/","logo":{"@type":"ImageObject","inLanguage":"nb-NO","@id":"https:\/\/barneleker.no\/#\/schema\/logo\/image\/","url":"https:\/\/barneleker.no\/wp-content\/uploads\/2021\/11\/barneleker_logo-780x150-1.jpg","contentUrl":"https:\/\/barneleker.no\/wp-content\/uploads\/2021\/11\/barneleker_logo-780x150-1.jpg","width":780,"height":150,"caption":"Barneleker.no"},"image":{"@id":"https:\/\/barneleker.no\/#\/schema\/logo\/image\/"}}]}},"_links":{"self":[{"href":"https:\/\/barneleker.no\/index.php\/wp-json\/wp\/v2\/product\/14147","targetHints":{"allow":["GET"]}}],"collection":[{"href":"https:\/\/barneleker.no\/index.php\/wp-json\/wp\/v2\/product"}],"about":[{"href":"https:\/\/barneleker.no\/index.php\/wp-json\/wp\/v2\/types\/product"}],"replies":[{"embeddable":true,"href":"https:\/\/barneleker.no\/index.php\/wp-json\/wp\/v2\/comments?post=14147"}],"wp:featuredmedia":[{"embeddable":true,"href":"https:\/\/barneleker.no\/index.php\/wp-json\/wp\/v2\/media\/14146"}],"wp:attachment":[{"href":"https:\/\/barneleker.no\/index.php\/wp-json\/wp\/v2\/media?parent=14147"}],"wp:term":[{"taxonomy":"product_brand","embeddable":true,"href":"https:\/\/barneleker.no\/index.php\/wp-json\/wp\/v2\/product_brand?post=14147"},{"taxonomy":"product_cat","embeddable":true,"href":"https:\/\/barneleker.no\/index.php\/wp-json\/wp\/v2\/product_cat?post=14147"},{"taxonomy":"product_tag","embeddable":true,"href":"https:\/\/barneleker.no\/index.php\/wp-json\/wp\/v2\/product_tag?post=14147"}],"curies":[{"name":"wp","href":"https:\/\/api.w.org\/{rel}","templated":true}]}}