{"id":14157,"date":"2022-02-08T20:00:57","date_gmt":"2022-02-08T20:00:57","guid":{"rendered":"https:\/\/barneleker.no\/index.php\/product\/brio-world-tarnkran\/"},"modified":"2022-02-08T20:00:57","modified_gmt":"2022-02-08T20:00:57","slug":"brio-world-tarnkran","status":"publish","type":"product","link":"https:\/\/barneleker.no\/index.php\/product\/brio-world-tarnkran\/","title":{"rendered":"BRIO, World T\u00e5rnkran"},"content":{"rendered":"<p>Med 33835 Den lysende anleggskranen p\u00e5 nesten en halv meter, f\u00e5r du styr p\u00e5 b\u00e5de last og byggeri. Full av byggefokuserte funksjoner, f.eks. et 360 grader roterende t\u00e5rn, arbeidsvogn med magnetisk krok og realistiske lys. Laget av europeisk bj\u00f8rketre, h\u00f8ykvalitets plast og fine metalldetaljer. Et flott tillegg til alle BRIO World-jernbaner, som vokser og utvikler seg sammen med barnet. Spennende bygg og jernbane som hjelper barna med \u00e5 forst\u00e5 og l\u00e6re om omgivelsene p\u00e5 en morsom m\u00e5te, samtidig som de utvikler finmotorikken. For barn i alderen 3 \u00e5r og eldre.<\/p>\n","protected":false},"excerpt":{"rendered":"<p>Med 33835 Den lysende anleggskranen p\u00e5 nesten en halv meter, f\u00e5r du styr p\u00e5 b\u00e5de last og byggeri. Full av byggefokuserte funksjoner, f.eks. et 360&hellip;<\/p>\n","protected":false},"featured_media":14156,"comment_status":"open","ping_status":"closed","template":"","meta":[],"product_brand":[],"product_cat":[386],"product_tag":[],"class_list":{"0":"post-14157","1":"product","2":"type-product","3":"status-publish","4":"has-post-thumbnail","6":"product_cat-tag","8":"first","9":"instock","10":"shipping-taxable","11":"product-type-external","12":"customify-col"},"yoast_head":"<!-- This site is optimized with the Yoast SEO plugin v26.0 - https:\/\/yoast.com\/wordpress\/plugins\/seo\/ -->\n<title>BRIO, World T\u00e5rnkran - Barneleker.no<\/title>\n<meta name=\"robots\" content=\"index, follow, max-snippet:-1, max-image-preview:large, max-video-preview:-1\" \/>\n<link rel=\"canonical\" href=\"https:\/\/barneleker.no\/index.php\/product\/brio-world-tarnkran\/\" \/>\n<meta property=\"og:locale\" content=\"nb_NO\" \/>\n<meta property=\"og:type\" content=\"article\" \/>\n<meta property=\"og:title\" content=\"BRIO, World T\u00e5rnkran - Barneleker.no\" \/>\n<meta property=\"og:description\" content=\"Med 33835 Den lysende anleggskranen p\u00e5 nesten en halv meter, f\u00e5r du styr p\u00e5 b\u00e5de last og byggeri. Full av byggefokuserte funksjoner, f.eks. et 360&hellip;\" \/>\n<meta property=\"og:url\" content=\"https:\/\/barneleker.no\/index.php\/product\/brio-world-tarnkran\/\" \/>\n<meta property=\"og:site_name\" content=\"Barneleker.no\" \/>\n<meta name=\"twitter:card\" content=\"summary_large_image\" \/>\n<script type=\"application\/ld+json\" class=\"yoast-schema-graph\">{\"@context\":\"https:\/\/schema.org\",\"@graph\":[{\"@type\":\"WebPage\",\"@id\":\"https:\/\/barneleker.no\/index.php\/product\/brio-world-tarnkran\/\",\"url\":\"https:\/\/barneleker.no\/index.php\/product\/brio-world-tarnkran\/\",\"name\":\"BRIO, World T\u00e5rnkran - Barneleker.no\",\"isPartOf\":{\"@id\":\"https:\/\/barneleker.no\/#website\"},\"primaryImageOfPage\":{\"@id\":\"https:\/\/barneleker.no\/index.php\/product\/brio-world-tarnkran\/#primaryimage\"},\"image\":{\"@id\":\"https:\/\/barneleker.no\/index.php\/product\/brio-world-tarnkran\/#primaryimage\"},\"thumbnailUrl\":\"https:\/\/barneleker.no\/wp-content\/uploads\/2022\/02\/brio-world-tarnkran.jpg\",\"datePublished\":\"2022-02-08T20:00:57+00:00\",\"breadcrumb\":{\"@id\":\"https:\/\/barneleker.no\/index.php\/product\/brio-world-tarnkran\/#breadcrumb\"},\"inLanguage\":\"nb-NO\",\"potentialAction\":[{\"@type\":\"ReadAction\",\"target\":[\"https:\/\/barneleker.no\/index.php\/product\/brio-world-tarnkran\/\"]}]},{\"@type\":\"ImageObject\",\"inLanguage\":\"nb-NO\",\"@id\":\"https:\/\/barneleker.no\/index.php\/product\/brio-world-tarnkran\/#primaryimage\",\"url\":\"https:\/\/barneleker.no\/wp-content\/uploads\/2022\/02\/brio-world-tarnkran.jpg\",\"contentUrl\":\"https:\/\/barneleker.no\/wp-content\/uploads\/2022\/02\/brio-world-tarnkran.jpg\",\"width\":555,\"height\":555},{\"@type\":\"BreadcrumbList\",\"@id\":\"https:\/\/barneleker.no\/index.php\/product\/brio-world-tarnkran\/#breadcrumb\",\"itemListElement\":[{\"@type\":\"ListItem\",\"position\":1,\"name\":\"Butikken\",\"item\":\"https:\/\/barneleker.no\/\"},{\"@type\":\"ListItem\",\"position\":2,\"name\":\"BRIO, World T\u00e5rnkran\"}]},{\"@type\":\"WebSite\",\"@id\":\"https:\/\/barneleker.no\/#website\",\"url\":\"https:\/\/barneleker.no\/\",\"name\":\"Barneleker.no\",\"description\":\"Selvf\u00f8lgelig!\",\"publisher\":{\"@id\":\"https:\/\/barneleker.no\/#organization\"},\"potentialAction\":[{\"@type\":\"SearchAction\",\"target\":{\"@type\":\"EntryPoint\",\"urlTemplate\":\"https:\/\/barneleker.no\/?s={search_term_string}\"},\"query-input\":{\"@type\":\"PropertyValueSpecification\",\"valueRequired\":true,\"valueName\":\"search_term_string\"}}],\"inLanguage\":\"nb-NO\"},{\"@type\":\"Organization\",\"@id\":\"https:\/\/barneleker.no\/#organization\",\"name\":\"Barneleker.no\",\"url\":\"https:\/\/barneleker.no\/\",\"logo\":{\"@type\":\"ImageObject\",\"inLanguage\":\"nb-NO\",\"@id\":\"https:\/\/barneleker.no\/#\/schema\/logo\/image\/\",\"url\":\"https:\/\/barneleker.no\/wp-content\/uploads\/2021\/11\/barneleker_logo-780x150-1.jpg\",\"contentUrl\":\"https:\/\/barneleker.no\/wp-content\/uploads\/2021\/11\/barneleker_logo-780x150-1.jpg\",\"width\":780,\"height\":150,\"caption\":\"Barneleker.no\"},\"image\":{\"@id\":\"https:\/\/barneleker.no\/#\/schema\/logo\/image\/\"}}]}<\/script>\n<!-- \/ Yoast SEO plugin. -->","yoast_head_json":{"title":"BRIO, World T\u00e5rnkran - Barneleker.no","robots":{"index":"index","follow":"follow","max-snippet":"max-snippet:-1","max-image-preview":"max-image-preview:large","max-video-preview":"max-video-preview:-1"},"canonical":"https:\/\/barneleker.no\/index.php\/product\/brio-world-tarnkran\/","og_locale":"nb_NO","og_type":"article","og_title":"BRIO, World T\u00e5rnkran - Barneleker.no","og_description":"Med 33835 Den lysende anleggskranen p\u00e5 nesten en halv meter, f\u00e5r du styr p\u00e5 b\u00e5de last og byggeri. Full av byggefokuserte funksjoner, f.eks. et 360&hellip;","og_url":"https:\/\/barneleker.no\/index.php\/product\/brio-world-tarnkran\/","og_site_name":"Barneleker.no","twitter_card":"summary_large_image","schema":{"@context":"https:\/\/schema.org","@graph":[{"@type":"WebPage","@id":"https:\/\/barneleker.no\/index.php\/product\/brio-world-tarnkran\/","url":"https:\/\/barneleker.no\/index.php\/product\/brio-world-tarnkran\/","name":"BRIO, World T\u00e5rnkran - Barneleker.no","isPartOf":{"@id":"https:\/\/barneleker.no\/#website"},"primaryImageOfPage":{"@id":"https:\/\/barneleker.no\/index.php\/product\/brio-world-tarnkran\/#primaryimage"},"image":{"@id":"https:\/\/barneleker.no\/index.php\/product\/brio-world-tarnkran\/#primaryimage"},"thumbnailUrl":"https:\/\/barneleker.no\/wp-content\/uploads\/2022\/02\/brio-world-tarnkran.jpg","datePublished":"2022-02-08T20:00:57+00:00","breadcrumb":{"@id":"https:\/\/barneleker.no\/index.php\/product\/brio-world-tarnkran\/#breadcrumb"},"inLanguage":"nb-NO","potentialAction":[{"@type":"ReadAction","target":["https:\/\/barneleker.no\/index.php\/product\/brio-world-tarnkran\/"]}]},{"@type":"ImageObject","inLanguage":"nb-NO","@id":"https:\/\/barneleker.no\/index.php\/product\/brio-world-tarnkran\/#primaryimage","url":"https:\/\/barneleker.no\/wp-content\/uploads\/2022\/02\/brio-world-tarnkran.jpg","contentUrl":"https:\/\/barneleker.no\/wp-content\/uploads\/2022\/02\/brio-world-tarnkran.jpg","width":555,"height":555},{"@type":"BreadcrumbList","@id":"https:\/\/barneleker.no\/index.php\/product\/brio-world-tarnkran\/#breadcrumb","itemListElement":[{"@type":"ListItem","position":1,"name":"Butikken","item":"https:\/\/barneleker.no\/"},{"@type":"ListItem","position":2,"name":"BRIO, World T\u00e5rnkran"}]},{"@type":"WebSite","@id":"https:\/\/barneleker.no\/#website","url":"https:\/\/barneleker.no\/","name":"Barneleker.no","description":"Selvf\u00f8lgelig!","publisher":{"@id":"https:\/\/barneleker.no\/#organization"},"potentialAction":[{"@type":"SearchAction","target":{"@type":"EntryPoint","urlTemplate":"https:\/\/barneleker.no\/?s={search_term_string}"},"query-input":{"@type":"PropertyValueSpecification","valueRequired":true,"valueName":"search_term_string"}}],"inLanguage":"nb-NO"},{"@type":"Organization","@id":"https:\/\/barneleker.no\/#organization","name":"Barneleker.no","url":"https:\/\/barneleker.no\/","logo":{"@type":"ImageObject","inLanguage":"nb-NO","@id":"https:\/\/barneleker.no\/#\/schema\/logo\/image\/","url":"https:\/\/barneleker.no\/wp-content\/uploads\/2021\/11\/barneleker_logo-780x150-1.jpg","contentUrl":"https:\/\/barneleker.no\/wp-content\/uploads\/2021\/11\/barneleker_logo-780x150-1.jpg","width":780,"height":150,"caption":"Barneleker.no"},"image":{"@id":"https:\/\/barneleker.no\/#\/schema\/logo\/image\/"}}]}},"_links":{"self":[{"href":"https:\/\/barneleker.no\/index.php\/wp-json\/wp\/v2\/product\/14157","targetHints":{"allow":["GET"]}}],"collection":[{"href":"https:\/\/barneleker.no\/index.php\/wp-json\/wp\/v2\/product"}],"about":[{"href":"https:\/\/barneleker.no\/index.php\/wp-json\/wp\/v2\/types\/product"}],"replies":[{"embeddable":true,"href":"https:\/\/barneleker.no\/index.php\/wp-json\/wp\/v2\/comments?post=14157"}],"wp:featuredmedia":[{"embeddable":true,"href":"https:\/\/barneleker.no\/index.php\/wp-json\/wp\/v2\/media\/14156"}],"wp:attachment":[{"href":"https:\/\/barneleker.no\/index.php\/wp-json\/wp\/v2\/media?parent=14157"}],"wp:term":[{"taxonomy":"product_brand","embeddable":true,"href":"https:\/\/barneleker.no\/index.php\/wp-json\/wp\/v2\/product_brand?post=14157"},{"taxonomy":"product_cat","embeddable":true,"href":"https:\/\/barneleker.no\/index.php\/wp-json\/wp\/v2\/product_cat?post=14157"},{"taxonomy":"product_tag","embeddable":true,"href":"https:\/\/barneleker.no\/index.php\/wp-json\/wp\/v2\/product_tag?post=14157"}],"curies":[{"name":"wp","href":"https:\/\/api.w.org\/{rel}","templated":true}]}}