{"id":14189,"date":"2022-02-08T20:01:08","date_gmt":"2022-02-08T20:01:08","guid":{"rendered":"https:\/\/barneleker.no\/index.php\/product\/fisher-price-little-people-travel-together-fly\/"},"modified":"2022-02-08T20:01:08","modified_gmt":"2022-02-08T20:01:08","slug":"fisher-price-little-people-travel-together-fly","status":"publish","type":"product","link":"https:\/\/barneleker.no\/index.php\/product\/fisher-price-little-people-travel-together-fly\/","title":{"rendered":"Fisher Price, Little People Travel Together Fly"},"content":{"rendered":"<p>Fest deg selv og gj\u00f8r deg klar til \u00e5 ta av &#8211; p\u00e5 vei til alle slags spennende opplevelser med dette Little People Travel Together Airplane fra Fisher-Price\u00ae. N\u00e5r barna setter piloten Kurt i setet sitt, aktiveres lyset p\u00e5 flyet, og de kan h\u00f8re morsomme sanger og lyder om \u00e5 g\u00e5 p\u00e5 eventyr i den store verden med venner. N\u00e5r Emma er ombord, kan de trykke p\u00e5 oppdagelsesknappen for \u00e5 aktivere mer musikk og flere lyder. De sm\u00e5 passasjerene har det g\u00f8y n\u00e5r de sender figurene opp gjennom skyene for \u00e5 dra p\u00e5 eventyr. N\u00e5r sm\u00e5barn finner ut hvordan de aktiverer flyets lys, lyder og sanger, l\u00e6rer de hvordan deres handlinger kan f\u00e5 morsomme ting til \u00e5 skje &#8211; en flott introduksjon til \u00e5rsak og virkning. Trykk p\u00e5 globusknappen for \u00e5 velge spr\u00e5k: svensk, dansk, finsk, norsk eller engelsk.<\/p>\n","protected":false},"excerpt":{"rendered":"<p>Fest deg selv og gj\u00f8r deg klar til \u00e5 ta av &#8211; p\u00e5 vei til alle slags spennende opplevelser med dette Little People Travel Together&hellip;<\/p>\n","protected":false},"featured_media":14188,"comment_status":"open","ping_status":"closed","template":"","meta":[],"product_brand":[],"product_cat":[561],"product_tag":[],"class_list":{"0":"post-14189","1":"product","2":"type-product","3":"status-publish","4":"has-post-thumbnail","6":"product_cat-flygplan","8":"first","9":"instock","10":"shipping-taxable","11":"product-type-external","12":"customify-col"},"yoast_head":"<!-- This site is optimized with the Yoast SEO plugin v26.0 - https:\/\/yoast.com\/wordpress\/plugins\/seo\/ -->\n<title>Fisher Price, Little People Travel Together Fly - Barneleker.no<\/title>\n<meta name=\"robots\" content=\"index, follow, max-snippet:-1, max-image-preview:large, max-video-preview:-1\" \/>\n<link rel=\"canonical\" href=\"https:\/\/barneleker.no\/index.php\/product\/fisher-price-little-people-travel-together-fly\/\" \/>\n<meta property=\"og:locale\" content=\"nb_NO\" \/>\n<meta property=\"og:type\" content=\"article\" \/>\n<meta property=\"og:title\" content=\"Fisher Price, Little People Travel Together Fly - Barneleker.no\" \/>\n<meta property=\"og:description\" content=\"Fest deg selv og gj\u00f8r deg klar til \u00e5 ta av &#8211; p\u00e5 vei til alle slags spennende opplevelser med dette Little People Travel Together&hellip;\" \/>\n<meta property=\"og:url\" content=\"https:\/\/barneleker.no\/index.php\/product\/fisher-price-little-people-travel-together-fly\/\" \/>\n<meta property=\"og:site_name\" content=\"Barneleker.no\" \/>\n<meta name=\"twitter:card\" content=\"summary_large_image\" \/>\n<meta name=\"twitter:label1\" content=\"Ansl. lesetid\" \/>\n\t<meta name=\"twitter:data1\" content=\"1 minutt\" \/>\n<script type=\"application\/ld+json\" class=\"yoast-schema-graph\">{\"@context\":\"https:\/\/schema.org\",\"@graph\":[{\"@type\":\"WebPage\",\"@id\":\"https:\/\/barneleker.no\/index.php\/product\/fisher-price-little-people-travel-together-fly\/\",\"url\":\"https:\/\/barneleker.no\/index.php\/product\/fisher-price-little-people-travel-together-fly\/\",\"name\":\"Fisher Price, Little People Travel Together Fly - Barneleker.no\",\"isPartOf\":{\"@id\":\"https:\/\/barneleker.no\/#website\"},\"primaryImageOfPage\":{\"@id\":\"https:\/\/barneleker.no\/index.php\/product\/fisher-price-little-people-travel-together-fly\/#primaryimage\"},\"image\":{\"@id\":\"https:\/\/barneleker.no\/index.php\/product\/fisher-price-little-people-travel-together-fly\/#primaryimage\"},\"thumbnailUrl\":\"https:\/\/barneleker.no\/wp-content\/uploads\/2022\/02\/fisher-price-little-people-travel-together-fly.jpg\",\"datePublished\":\"2022-02-08T20:01:08+00:00\",\"breadcrumb\":{\"@id\":\"https:\/\/barneleker.no\/index.php\/product\/fisher-price-little-people-travel-together-fly\/#breadcrumb\"},\"inLanguage\":\"nb-NO\",\"potentialAction\":[{\"@type\":\"ReadAction\",\"target\":[\"https:\/\/barneleker.no\/index.php\/product\/fisher-price-little-people-travel-together-fly\/\"]}]},{\"@type\":\"ImageObject\",\"inLanguage\":\"nb-NO\",\"@id\":\"https:\/\/barneleker.no\/index.php\/product\/fisher-price-little-people-travel-together-fly\/#primaryimage\",\"url\":\"https:\/\/barneleker.no\/wp-content\/uploads\/2022\/02\/fisher-price-little-people-travel-together-fly.jpg\",\"contentUrl\":\"https:\/\/barneleker.no\/wp-content\/uploads\/2022\/02\/fisher-price-little-people-travel-together-fly.jpg\",\"width\":555,\"height\":555},{\"@type\":\"BreadcrumbList\",\"@id\":\"https:\/\/barneleker.no\/index.php\/product\/fisher-price-little-people-travel-together-fly\/#breadcrumb\",\"itemListElement\":[{\"@type\":\"ListItem\",\"position\":1,\"name\":\"Butikken\",\"item\":\"https:\/\/barneleker.no\/\"},{\"@type\":\"ListItem\",\"position\":2,\"name\":\"Fisher Price, Little People Travel Together Fly\"}]},{\"@type\":\"WebSite\",\"@id\":\"https:\/\/barneleker.no\/#website\",\"url\":\"https:\/\/barneleker.no\/\",\"name\":\"Barneleker.no\",\"description\":\"Selvf\u00f8lgelig!\",\"publisher\":{\"@id\":\"https:\/\/barneleker.no\/#organization\"},\"potentialAction\":[{\"@type\":\"SearchAction\",\"target\":{\"@type\":\"EntryPoint\",\"urlTemplate\":\"https:\/\/barneleker.no\/?s={search_term_string}\"},\"query-input\":{\"@type\":\"PropertyValueSpecification\",\"valueRequired\":true,\"valueName\":\"search_term_string\"}}],\"inLanguage\":\"nb-NO\"},{\"@type\":\"Organization\",\"@id\":\"https:\/\/barneleker.no\/#organization\",\"name\":\"Barneleker.no\",\"url\":\"https:\/\/barneleker.no\/\",\"logo\":{\"@type\":\"ImageObject\",\"inLanguage\":\"nb-NO\",\"@id\":\"https:\/\/barneleker.no\/#\/schema\/logo\/image\/\",\"url\":\"https:\/\/barneleker.no\/wp-content\/uploads\/2021\/11\/barneleker_logo-780x150-1.jpg\",\"contentUrl\":\"https:\/\/barneleker.no\/wp-content\/uploads\/2021\/11\/barneleker_logo-780x150-1.jpg\",\"width\":780,\"height\":150,\"caption\":\"Barneleker.no\"},\"image\":{\"@id\":\"https:\/\/barneleker.no\/#\/schema\/logo\/image\/\"}}]}<\/script>\n<!-- \/ Yoast SEO plugin. -->","yoast_head_json":{"title":"Fisher Price, Little People Travel Together Fly - Barneleker.no","robots":{"index":"index","follow":"follow","max-snippet":"max-snippet:-1","max-image-preview":"max-image-preview:large","max-video-preview":"max-video-preview:-1"},"canonical":"https:\/\/barneleker.no\/index.php\/product\/fisher-price-little-people-travel-together-fly\/","og_locale":"nb_NO","og_type":"article","og_title":"Fisher Price, Little People Travel Together Fly - Barneleker.no","og_description":"Fest deg selv og gj\u00f8r deg klar til \u00e5 ta av &#8211; p\u00e5 vei til alle slags spennende opplevelser med dette Little People Travel Together&hellip;","og_url":"https:\/\/barneleker.no\/index.php\/product\/fisher-price-little-people-travel-together-fly\/","og_site_name":"Barneleker.no","twitter_card":"summary_large_image","twitter_misc":{"Ansl. lesetid":"1 minutt"},"schema":{"@context":"https:\/\/schema.org","@graph":[{"@type":"WebPage","@id":"https:\/\/barneleker.no\/index.php\/product\/fisher-price-little-people-travel-together-fly\/","url":"https:\/\/barneleker.no\/index.php\/product\/fisher-price-little-people-travel-together-fly\/","name":"Fisher Price, Little People Travel Together Fly - Barneleker.no","isPartOf":{"@id":"https:\/\/barneleker.no\/#website"},"primaryImageOfPage":{"@id":"https:\/\/barneleker.no\/index.php\/product\/fisher-price-little-people-travel-together-fly\/#primaryimage"},"image":{"@id":"https:\/\/barneleker.no\/index.php\/product\/fisher-price-little-people-travel-together-fly\/#primaryimage"},"thumbnailUrl":"https:\/\/barneleker.no\/wp-content\/uploads\/2022\/02\/fisher-price-little-people-travel-together-fly.jpg","datePublished":"2022-02-08T20:01:08+00:00","breadcrumb":{"@id":"https:\/\/barneleker.no\/index.php\/product\/fisher-price-little-people-travel-together-fly\/#breadcrumb"},"inLanguage":"nb-NO","potentialAction":[{"@type":"ReadAction","target":["https:\/\/barneleker.no\/index.php\/product\/fisher-price-little-people-travel-together-fly\/"]}]},{"@type":"ImageObject","inLanguage":"nb-NO","@id":"https:\/\/barneleker.no\/index.php\/product\/fisher-price-little-people-travel-together-fly\/#primaryimage","url":"https:\/\/barneleker.no\/wp-content\/uploads\/2022\/02\/fisher-price-little-people-travel-together-fly.jpg","contentUrl":"https:\/\/barneleker.no\/wp-content\/uploads\/2022\/02\/fisher-price-little-people-travel-together-fly.jpg","width":555,"height":555},{"@type":"BreadcrumbList","@id":"https:\/\/barneleker.no\/index.php\/product\/fisher-price-little-people-travel-together-fly\/#breadcrumb","itemListElement":[{"@type":"ListItem","position":1,"name":"Butikken","item":"https:\/\/barneleker.no\/"},{"@type":"ListItem","position":2,"name":"Fisher Price, Little People Travel Together Fly"}]},{"@type":"WebSite","@id":"https:\/\/barneleker.no\/#website","url":"https:\/\/barneleker.no\/","name":"Barneleker.no","description":"Selvf\u00f8lgelig!","publisher":{"@id":"https:\/\/barneleker.no\/#organization"},"potentialAction":[{"@type":"SearchAction","target":{"@type":"EntryPoint","urlTemplate":"https:\/\/barneleker.no\/?s={search_term_string}"},"query-input":{"@type":"PropertyValueSpecification","valueRequired":true,"valueName":"search_term_string"}}],"inLanguage":"nb-NO"},{"@type":"Organization","@id":"https:\/\/barneleker.no\/#organization","name":"Barneleker.no","url":"https:\/\/barneleker.no\/","logo":{"@type":"ImageObject","inLanguage":"nb-NO","@id":"https:\/\/barneleker.no\/#\/schema\/logo\/image\/","url":"https:\/\/barneleker.no\/wp-content\/uploads\/2021\/11\/barneleker_logo-780x150-1.jpg","contentUrl":"https:\/\/barneleker.no\/wp-content\/uploads\/2021\/11\/barneleker_logo-780x150-1.jpg","width":780,"height":150,"caption":"Barneleker.no"},"image":{"@id":"https:\/\/barneleker.no\/#\/schema\/logo\/image\/"}}]}},"_links":{"self":[{"href":"https:\/\/barneleker.no\/index.php\/wp-json\/wp\/v2\/product\/14189","targetHints":{"allow":["GET"]}}],"collection":[{"href":"https:\/\/barneleker.no\/index.php\/wp-json\/wp\/v2\/product"}],"about":[{"href":"https:\/\/barneleker.no\/index.php\/wp-json\/wp\/v2\/types\/product"}],"replies":[{"embeddable":true,"href":"https:\/\/barneleker.no\/index.php\/wp-json\/wp\/v2\/comments?post=14189"}],"wp:featuredmedia":[{"embeddable":true,"href":"https:\/\/barneleker.no\/index.php\/wp-json\/wp\/v2\/media\/14188"}],"wp:attachment":[{"href":"https:\/\/barneleker.no\/index.php\/wp-json\/wp\/v2\/media?parent=14189"}],"wp:term":[{"taxonomy":"product_brand","embeddable":true,"href":"https:\/\/barneleker.no\/index.php\/wp-json\/wp\/v2\/product_brand?post=14189"},{"taxonomy":"product_cat","embeddable":true,"href":"https:\/\/barneleker.no\/index.php\/wp-json\/wp\/v2\/product_cat?post=14189"},{"taxonomy":"product_tag","embeddable":true,"href":"https:\/\/barneleker.no\/index.php\/wp-json\/wp\/v2\/product_tag?post=14189"}],"curies":[{"name":"wp","href":"https:\/\/api.w.org\/{rel}","templated":true}]}}