{"id":14195,"date":"2022-02-08T20:01:10","date_gmt":"2022-02-08T20:01:10","guid":{"rendered":"https:\/\/barneleker.no\/index.php\/product\/lego-classic-11013-kreativitet-med-gjennomsiktige-klosser\/"},"modified":"2022-02-08T20:01:10","modified_gmt":"2022-02-08T20:01:10","slug":"lego-classic-11013-kreativitet-med-gjennomsiktige-klosser","status":"publish","type":"product","link":"https:\/\/barneleker.no\/index.php\/product\/lego-classic-11013-kreativitet-med-gjennomsiktige-klosser\/","title":{"rendered":"LEGO Classic 11013, Kreativitet med gjennomsiktige klosser"},"content":{"rendered":"<p>LEGO\u00ae Classic Kreativitet med gjennomsiktige klosser (11013) inneholder et blendende utvalg av gjennomsiktige LEGO deler i alle farger, former og st\u00f8rrelser samt et spennende utvalg av klassiske LEGO klosser, deler, \u00f8yne og hjul. Alt barn trenger for timevis med kreativ lek.Perfekt lekesett for barn fra fire \u00e5rKvalitetslekesettet inkluderer \u00e5tte inspirerende byggeideer: lekefugl, l\u00f8ve, skilpadde, robot, enhj\u00f8rning, rosa fugl, trollmann med eliksirbord og fisk med korall. Hver modell har en enkel byggeveiledning og digitale byggeinstruksjoner som gj\u00f8r at selv f\u00f8rstegangsbyggere kan bygge LEGO leker p\u00e5 egen h\u00e5nd og f\u00f8le mestring.Barn utvikler nyttige ferdigheterLEGO Classic byggesettene inspirerer jenter og gutter til \u00e5 v\u00e6re kreative og fantasifulle. Barn kan bygge og leke sammen med venner og familie, og underveis utvikler de kreative og fysiske ferdigheter. Aldri har det v\u00e6rt s\u00e5 g\u00f8y \u00e5 l\u00e6re!<\/p>\n","protected":false},"excerpt":{"rendered":"<p>LEGO\u00ae Classic Kreativitet med gjennomsiktige klosser (11013) inneholder et blendende utvalg av gjennomsiktige LEGO deler i alle farger, former og st\u00f8rrelser samt et spennende utvalg&hellip;<\/p>\n","protected":false},"featured_media":14194,"comment_status":"open","ping_status":"closed","template":"","meta":[],"product_brand":[],"product_cat":[340],"product_tag":[],"class_list":{"0":"post-14195","1":"product","2":"type-product","3":"status-publish","4":"has-post-thumbnail","6":"product_cat-set","8":"first","9":"instock","10":"shipping-taxable","11":"product-type-external","12":"customify-col"},"yoast_head":"<!-- This site is optimized with the Yoast SEO plugin v26.0 - https:\/\/yoast.com\/wordpress\/plugins\/seo\/ -->\n<title>LEGO Classic 11013, Kreativitet med gjennomsiktige klosser - Barneleker.no<\/title>\n<meta name=\"robots\" content=\"index, follow, max-snippet:-1, max-image-preview:large, max-video-preview:-1\" \/>\n<link rel=\"canonical\" href=\"https:\/\/barneleker.no\/index.php\/product\/lego-classic-11013-kreativitet-med-gjennomsiktige-klosser\/\" \/>\n<meta property=\"og:locale\" content=\"nb_NO\" \/>\n<meta property=\"og:type\" content=\"article\" \/>\n<meta property=\"og:title\" content=\"LEGO Classic 11013, Kreativitet med gjennomsiktige klosser - Barneleker.no\" \/>\n<meta property=\"og:description\" content=\"LEGO\u00ae Classic Kreativitet med gjennomsiktige klosser (11013) inneholder et blendende utvalg av gjennomsiktige LEGO deler i alle farger, former og st\u00f8rrelser samt et spennende utvalg&hellip;\" \/>\n<meta property=\"og:url\" content=\"https:\/\/barneleker.no\/index.php\/product\/lego-classic-11013-kreativitet-med-gjennomsiktige-klosser\/\" \/>\n<meta property=\"og:site_name\" content=\"Barneleker.no\" \/>\n<meta name=\"twitter:card\" content=\"summary_large_image\" \/>\n<meta name=\"twitter:label1\" content=\"Ansl. lesetid\" \/>\n\t<meta name=\"twitter:data1\" content=\"1 minutt\" \/>\n<script type=\"application\/ld+json\" class=\"yoast-schema-graph\">{\"@context\":\"https:\/\/schema.org\",\"@graph\":[{\"@type\":\"WebPage\",\"@id\":\"https:\/\/barneleker.no\/index.php\/product\/lego-classic-11013-kreativitet-med-gjennomsiktige-klosser\/\",\"url\":\"https:\/\/barneleker.no\/index.php\/product\/lego-classic-11013-kreativitet-med-gjennomsiktige-klosser\/\",\"name\":\"LEGO Classic 11013, Kreativitet med gjennomsiktige klosser - Barneleker.no\",\"isPartOf\":{\"@id\":\"https:\/\/barneleker.no\/#website\"},\"primaryImageOfPage\":{\"@id\":\"https:\/\/barneleker.no\/index.php\/product\/lego-classic-11013-kreativitet-med-gjennomsiktige-klosser\/#primaryimage\"},\"image\":{\"@id\":\"https:\/\/barneleker.no\/index.php\/product\/lego-classic-11013-kreativitet-med-gjennomsiktige-klosser\/#primaryimage\"},\"thumbnailUrl\":\"https:\/\/barneleker.no\/wp-content\/uploads\/2022\/02\/lego-classic-11013-kreativitet-med-gjennomsiktige-klosser.jpg\",\"datePublished\":\"2022-02-08T20:01:10+00:00\",\"breadcrumb\":{\"@id\":\"https:\/\/barneleker.no\/index.php\/product\/lego-classic-11013-kreativitet-med-gjennomsiktige-klosser\/#breadcrumb\"},\"inLanguage\":\"nb-NO\",\"potentialAction\":[{\"@type\":\"ReadAction\",\"target\":[\"https:\/\/barneleker.no\/index.php\/product\/lego-classic-11013-kreativitet-med-gjennomsiktige-klosser\/\"]}]},{\"@type\":\"ImageObject\",\"inLanguage\":\"nb-NO\",\"@id\":\"https:\/\/barneleker.no\/index.php\/product\/lego-classic-11013-kreativitet-med-gjennomsiktige-klosser\/#primaryimage\",\"url\":\"https:\/\/barneleker.no\/wp-content\/uploads\/2022\/02\/lego-classic-11013-kreativitet-med-gjennomsiktige-klosser.jpg\",\"contentUrl\":\"https:\/\/barneleker.no\/wp-content\/uploads\/2022\/02\/lego-classic-11013-kreativitet-med-gjennomsiktige-klosser.jpg\",\"width\":555,\"height\":555},{\"@type\":\"BreadcrumbList\",\"@id\":\"https:\/\/barneleker.no\/index.php\/product\/lego-classic-11013-kreativitet-med-gjennomsiktige-klosser\/#breadcrumb\",\"itemListElement\":[{\"@type\":\"ListItem\",\"position\":1,\"name\":\"Butikken\",\"item\":\"https:\/\/barneleker.no\/\"},{\"@type\":\"ListItem\",\"position\":2,\"name\":\"LEGO Classic 11013, Kreativitet med gjennomsiktige klosser\"}]},{\"@type\":\"WebSite\",\"@id\":\"https:\/\/barneleker.no\/#website\",\"url\":\"https:\/\/barneleker.no\/\",\"name\":\"Barneleker.no\",\"description\":\"Selvf\u00f8lgelig!\",\"publisher\":{\"@id\":\"https:\/\/barneleker.no\/#organization\"},\"potentialAction\":[{\"@type\":\"SearchAction\",\"target\":{\"@type\":\"EntryPoint\",\"urlTemplate\":\"https:\/\/barneleker.no\/?s={search_term_string}\"},\"query-input\":{\"@type\":\"PropertyValueSpecification\",\"valueRequired\":true,\"valueName\":\"search_term_string\"}}],\"inLanguage\":\"nb-NO\"},{\"@type\":\"Organization\",\"@id\":\"https:\/\/barneleker.no\/#organization\",\"name\":\"Barneleker.no\",\"url\":\"https:\/\/barneleker.no\/\",\"logo\":{\"@type\":\"ImageObject\",\"inLanguage\":\"nb-NO\",\"@id\":\"https:\/\/barneleker.no\/#\/schema\/logo\/image\/\",\"url\":\"https:\/\/barneleker.no\/wp-content\/uploads\/2021\/11\/barneleker_logo-780x150-1.jpg\",\"contentUrl\":\"https:\/\/barneleker.no\/wp-content\/uploads\/2021\/11\/barneleker_logo-780x150-1.jpg\",\"width\":780,\"height\":150,\"caption\":\"Barneleker.no\"},\"image\":{\"@id\":\"https:\/\/barneleker.no\/#\/schema\/logo\/image\/\"}}]}<\/script>\n<!-- \/ Yoast SEO plugin. -->","yoast_head_json":{"title":"LEGO Classic 11013, Kreativitet med gjennomsiktige klosser - Barneleker.no","robots":{"index":"index","follow":"follow","max-snippet":"max-snippet:-1","max-image-preview":"max-image-preview:large","max-video-preview":"max-video-preview:-1"},"canonical":"https:\/\/barneleker.no\/index.php\/product\/lego-classic-11013-kreativitet-med-gjennomsiktige-klosser\/","og_locale":"nb_NO","og_type":"article","og_title":"LEGO Classic 11013, Kreativitet med gjennomsiktige klosser - Barneleker.no","og_description":"LEGO\u00ae Classic Kreativitet med gjennomsiktige klosser (11013) inneholder et blendende utvalg av gjennomsiktige LEGO deler i alle farger, former og st\u00f8rrelser samt et spennende utvalg&hellip;","og_url":"https:\/\/barneleker.no\/index.php\/product\/lego-classic-11013-kreativitet-med-gjennomsiktige-klosser\/","og_site_name":"Barneleker.no","twitter_card":"summary_large_image","twitter_misc":{"Ansl. lesetid":"1 minutt"},"schema":{"@context":"https:\/\/schema.org","@graph":[{"@type":"WebPage","@id":"https:\/\/barneleker.no\/index.php\/product\/lego-classic-11013-kreativitet-med-gjennomsiktige-klosser\/","url":"https:\/\/barneleker.no\/index.php\/product\/lego-classic-11013-kreativitet-med-gjennomsiktige-klosser\/","name":"LEGO Classic 11013, Kreativitet med gjennomsiktige klosser - Barneleker.no","isPartOf":{"@id":"https:\/\/barneleker.no\/#website"},"primaryImageOfPage":{"@id":"https:\/\/barneleker.no\/index.php\/product\/lego-classic-11013-kreativitet-med-gjennomsiktige-klosser\/#primaryimage"},"image":{"@id":"https:\/\/barneleker.no\/index.php\/product\/lego-classic-11013-kreativitet-med-gjennomsiktige-klosser\/#primaryimage"},"thumbnailUrl":"https:\/\/barneleker.no\/wp-content\/uploads\/2022\/02\/lego-classic-11013-kreativitet-med-gjennomsiktige-klosser.jpg","datePublished":"2022-02-08T20:01:10+00:00","breadcrumb":{"@id":"https:\/\/barneleker.no\/index.php\/product\/lego-classic-11013-kreativitet-med-gjennomsiktige-klosser\/#breadcrumb"},"inLanguage":"nb-NO","potentialAction":[{"@type":"ReadAction","target":["https:\/\/barneleker.no\/index.php\/product\/lego-classic-11013-kreativitet-med-gjennomsiktige-klosser\/"]}]},{"@type":"ImageObject","inLanguage":"nb-NO","@id":"https:\/\/barneleker.no\/index.php\/product\/lego-classic-11013-kreativitet-med-gjennomsiktige-klosser\/#primaryimage","url":"https:\/\/barneleker.no\/wp-content\/uploads\/2022\/02\/lego-classic-11013-kreativitet-med-gjennomsiktige-klosser.jpg","contentUrl":"https:\/\/barneleker.no\/wp-content\/uploads\/2022\/02\/lego-classic-11013-kreativitet-med-gjennomsiktige-klosser.jpg","width":555,"height":555},{"@type":"BreadcrumbList","@id":"https:\/\/barneleker.no\/index.php\/product\/lego-classic-11013-kreativitet-med-gjennomsiktige-klosser\/#breadcrumb","itemListElement":[{"@type":"ListItem","position":1,"name":"Butikken","item":"https:\/\/barneleker.no\/"},{"@type":"ListItem","position":2,"name":"LEGO Classic 11013, Kreativitet med gjennomsiktige klosser"}]},{"@type":"WebSite","@id":"https:\/\/barneleker.no\/#website","url":"https:\/\/barneleker.no\/","name":"Barneleker.no","description":"Selvf\u00f8lgelig!","publisher":{"@id":"https:\/\/barneleker.no\/#organization"},"potentialAction":[{"@type":"SearchAction","target":{"@type":"EntryPoint","urlTemplate":"https:\/\/barneleker.no\/?s={search_term_string}"},"query-input":{"@type":"PropertyValueSpecification","valueRequired":true,"valueName":"search_term_string"}}],"inLanguage":"nb-NO"},{"@type":"Organization","@id":"https:\/\/barneleker.no\/#organization","name":"Barneleker.no","url":"https:\/\/barneleker.no\/","logo":{"@type":"ImageObject","inLanguage":"nb-NO","@id":"https:\/\/barneleker.no\/#\/schema\/logo\/image\/","url":"https:\/\/barneleker.no\/wp-content\/uploads\/2021\/11\/barneleker_logo-780x150-1.jpg","contentUrl":"https:\/\/barneleker.no\/wp-content\/uploads\/2021\/11\/barneleker_logo-780x150-1.jpg","width":780,"height":150,"caption":"Barneleker.no"},"image":{"@id":"https:\/\/barneleker.no\/#\/schema\/logo\/image\/"}}]}},"_links":{"self":[{"href":"https:\/\/barneleker.no\/index.php\/wp-json\/wp\/v2\/product\/14195","targetHints":{"allow":["GET"]}}],"collection":[{"href":"https:\/\/barneleker.no\/index.php\/wp-json\/wp\/v2\/product"}],"about":[{"href":"https:\/\/barneleker.no\/index.php\/wp-json\/wp\/v2\/types\/product"}],"replies":[{"embeddable":true,"href":"https:\/\/barneleker.no\/index.php\/wp-json\/wp\/v2\/comments?post=14195"}],"wp:featuredmedia":[{"embeddable":true,"href":"https:\/\/barneleker.no\/index.php\/wp-json\/wp\/v2\/media\/14194"}],"wp:attachment":[{"href":"https:\/\/barneleker.no\/index.php\/wp-json\/wp\/v2\/media?parent=14195"}],"wp:term":[{"taxonomy":"product_brand","embeddable":true,"href":"https:\/\/barneleker.no\/index.php\/wp-json\/wp\/v2\/product_brand?post=14195"},{"taxonomy":"product_cat","embeddable":true,"href":"https:\/\/barneleker.no\/index.php\/wp-json\/wp\/v2\/product_cat?post=14195"},{"taxonomy":"product_tag","embeddable":true,"href":"https:\/\/barneleker.no\/index.php\/wp-json\/wp\/v2\/product_tag?post=14195"}],"curies":[{"name":"wp","href":"https:\/\/api.w.org\/{rel}","templated":true}]}}