{"id":14215,"date":"2022-02-08T20:01:17","date_gmt":"2022-02-08T20:01:17","guid":{"rendered":"https:\/\/barneleker.no\/index.php\/product\/lego-city-60248-brannvesenets-utrykningshelikopter\/"},"modified":"2022-02-08T20:01:17","modified_gmt":"2022-02-08T20:01:17","slug":"lego-city-60248-brannvesenets-utrykningshelikopter","status":"publish","type":"product","link":"https:\/\/barneleker.no\/index.php\/product\/lego-city-60248-brannvesenets-utrykningshelikopter\/","title":{"rendered":"LEGO City 60248, Brannvesenets utrykningshelikopter"},"content":{"rendered":"<p>\u00c5 nei! Det brenner! Hjelp! En sveiser med t\u00f8ff sveisemaske har ved et uhell satt fyr p\u00e5 innholdet i r\u00f8rledningen han reparerte. Heldigvis er LEGO\u00ae Citys utrykningshelikopter i luften, og piloten har varslet brannvesenet. Bli med n\u00e5r Freya McCloud, den heltemodige brannsjefen fra LEGO City TV-serien, kj\u00f8rer til brannstedet p\u00e5 sin superraske firehjuling. Kj\u00f8r i full fart for \u00e5 ordne opp!<\/p>\n","protected":false},"excerpt":{"rendered":"<p>\u00c5 nei! Det brenner! Hjelp! En sveiser med t\u00f8ff sveisemaske har ved et uhell satt fyr p\u00e5 innholdet i r\u00f8rledningen han reparerte. Heldigvis er LEGO\u00ae&hellip;<\/p>\n","protected":false},"featured_media":14214,"comment_status":"open","ping_status":"closed","template":"","meta":[],"product_brand":[],"product_cat":[512],"product_tag":[],"class_list":{"0":"post-14215","1":"product","2":"type-product","3":"status-publish","4":"has-post-thumbnail","6":"product_cat-sett","8":"first","9":"instock","10":"shipping-taxable","11":"product-type-external","12":"customify-col"},"yoast_head":"<!-- This site is optimized with the Yoast SEO plugin v26.0 - https:\/\/yoast.com\/wordpress\/plugins\/seo\/ -->\n<title>LEGO City 60248, Brannvesenets utrykningshelikopter - Barneleker.no<\/title>\n<meta name=\"robots\" content=\"index, follow, max-snippet:-1, max-image-preview:large, max-video-preview:-1\" \/>\n<link rel=\"canonical\" href=\"https:\/\/barneleker.no\/index.php\/product\/lego-city-60248-brannvesenets-utrykningshelikopter\/\" \/>\n<meta property=\"og:locale\" content=\"nb_NO\" \/>\n<meta property=\"og:type\" content=\"article\" \/>\n<meta property=\"og:title\" content=\"LEGO City 60248, Brannvesenets utrykningshelikopter - Barneleker.no\" \/>\n<meta property=\"og:description\" content=\"\u00c5 nei! Det brenner! Hjelp! En sveiser med t\u00f8ff sveisemaske har ved et uhell satt fyr p\u00e5 innholdet i r\u00f8rledningen han reparerte. Heldigvis er LEGO\u00ae&hellip;\" \/>\n<meta property=\"og:url\" content=\"https:\/\/barneleker.no\/index.php\/product\/lego-city-60248-brannvesenets-utrykningshelikopter\/\" \/>\n<meta property=\"og:site_name\" content=\"Barneleker.no\" \/>\n<meta name=\"twitter:card\" content=\"summary_large_image\" \/>\n<script type=\"application\/ld+json\" class=\"yoast-schema-graph\">{\"@context\":\"https:\/\/schema.org\",\"@graph\":[{\"@type\":\"WebPage\",\"@id\":\"https:\/\/barneleker.no\/index.php\/product\/lego-city-60248-brannvesenets-utrykningshelikopter\/\",\"url\":\"https:\/\/barneleker.no\/index.php\/product\/lego-city-60248-brannvesenets-utrykningshelikopter\/\",\"name\":\"LEGO City 60248, Brannvesenets utrykningshelikopter - Barneleker.no\",\"isPartOf\":{\"@id\":\"https:\/\/barneleker.no\/#website\"},\"primaryImageOfPage\":{\"@id\":\"https:\/\/barneleker.no\/index.php\/product\/lego-city-60248-brannvesenets-utrykningshelikopter\/#primaryimage\"},\"image\":{\"@id\":\"https:\/\/barneleker.no\/index.php\/product\/lego-city-60248-brannvesenets-utrykningshelikopter\/#primaryimage\"},\"thumbnailUrl\":\"https:\/\/barneleker.no\/wp-content\/uploads\/2022\/02\/lego-city-60248-brannvesenets-utrykningshelikopter.jpeg\",\"datePublished\":\"2022-02-08T20:01:17+00:00\",\"breadcrumb\":{\"@id\":\"https:\/\/barneleker.no\/index.php\/product\/lego-city-60248-brannvesenets-utrykningshelikopter\/#breadcrumb\"},\"inLanguage\":\"nb-NO\",\"potentialAction\":[{\"@type\":\"ReadAction\",\"target\":[\"https:\/\/barneleker.no\/index.php\/product\/lego-city-60248-brannvesenets-utrykningshelikopter\/\"]}]},{\"@type\":\"ImageObject\",\"inLanguage\":\"nb-NO\",\"@id\":\"https:\/\/barneleker.no\/index.php\/product\/lego-city-60248-brannvesenets-utrykningshelikopter\/#primaryimage\",\"url\":\"https:\/\/barneleker.no\/wp-content\/uploads\/2022\/02\/lego-city-60248-brannvesenets-utrykningshelikopter.jpeg\",\"contentUrl\":\"https:\/\/barneleker.no\/wp-content\/uploads\/2022\/02\/lego-city-60248-brannvesenets-utrykningshelikopter.jpeg\",\"width\":555,\"height\":555},{\"@type\":\"BreadcrumbList\",\"@id\":\"https:\/\/barneleker.no\/index.php\/product\/lego-city-60248-brannvesenets-utrykningshelikopter\/#breadcrumb\",\"itemListElement\":[{\"@type\":\"ListItem\",\"position\":1,\"name\":\"Butikken\",\"item\":\"https:\/\/barneleker.no\/\"},{\"@type\":\"ListItem\",\"position\":2,\"name\":\"LEGO City 60248, Brannvesenets utrykningshelikopter\"}]},{\"@type\":\"WebSite\",\"@id\":\"https:\/\/barneleker.no\/#website\",\"url\":\"https:\/\/barneleker.no\/\",\"name\":\"Barneleker.no\",\"description\":\"Selvf\u00f8lgelig!\",\"publisher\":{\"@id\":\"https:\/\/barneleker.no\/#organization\"},\"potentialAction\":[{\"@type\":\"SearchAction\",\"target\":{\"@type\":\"EntryPoint\",\"urlTemplate\":\"https:\/\/barneleker.no\/?s={search_term_string}\"},\"query-input\":{\"@type\":\"PropertyValueSpecification\",\"valueRequired\":true,\"valueName\":\"search_term_string\"}}],\"inLanguage\":\"nb-NO\"},{\"@type\":\"Organization\",\"@id\":\"https:\/\/barneleker.no\/#organization\",\"name\":\"Barneleker.no\",\"url\":\"https:\/\/barneleker.no\/\",\"logo\":{\"@type\":\"ImageObject\",\"inLanguage\":\"nb-NO\",\"@id\":\"https:\/\/barneleker.no\/#\/schema\/logo\/image\/\",\"url\":\"https:\/\/barneleker.no\/wp-content\/uploads\/2021\/11\/barneleker_logo-780x150-1.jpg\",\"contentUrl\":\"https:\/\/barneleker.no\/wp-content\/uploads\/2021\/11\/barneleker_logo-780x150-1.jpg\",\"width\":780,\"height\":150,\"caption\":\"Barneleker.no\"},\"image\":{\"@id\":\"https:\/\/barneleker.no\/#\/schema\/logo\/image\/\"}}]}<\/script>\n<!-- \/ Yoast SEO plugin. -->","yoast_head_json":{"title":"LEGO City 60248, Brannvesenets utrykningshelikopter - Barneleker.no","robots":{"index":"index","follow":"follow","max-snippet":"max-snippet:-1","max-image-preview":"max-image-preview:large","max-video-preview":"max-video-preview:-1"},"canonical":"https:\/\/barneleker.no\/index.php\/product\/lego-city-60248-brannvesenets-utrykningshelikopter\/","og_locale":"nb_NO","og_type":"article","og_title":"LEGO City 60248, Brannvesenets utrykningshelikopter - Barneleker.no","og_description":"\u00c5 nei! Det brenner! Hjelp! En sveiser med t\u00f8ff sveisemaske har ved et uhell satt fyr p\u00e5 innholdet i r\u00f8rledningen han reparerte. Heldigvis er LEGO\u00ae&hellip;","og_url":"https:\/\/barneleker.no\/index.php\/product\/lego-city-60248-brannvesenets-utrykningshelikopter\/","og_site_name":"Barneleker.no","twitter_card":"summary_large_image","schema":{"@context":"https:\/\/schema.org","@graph":[{"@type":"WebPage","@id":"https:\/\/barneleker.no\/index.php\/product\/lego-city-60248-brannvesenets-utrykningshelikopter\/","url":"https:\/\/barneleker.no\/index.php\/product\/lego-city-60248-brannvesenets-utrykningshelikopter\/","name":"LEGO City 60248, Brannvesenets utrykningshelikopter - Barneleker.no","isPartOf":{"@id":"https:\/\/barneleker.no\/#website"},"primaryImageOfPage":{"@id":"https:\/\/barneleker.no\/index.php\/product\/lego-city-60248-brannvesenets-utrykningshelikopter\/#primaryimage"},"image":{"@id":"https:\/\/barneleker.no\/index.php\/product\/lego-city-60248-brannvesenets-utrykningshelikopter\/#primaryimage"},"thumbnailUrl":"https:\/\/barneleker.no\/wp-content\/uploads\/2022\/02\/lego-city-60248-brannvesenets-utrykningshelikopter.jpeg","datePublished":"2022-02-08T20:01:17+00:00","breadcrumb":{"@id":"https:\/\/barneleker.no\/index.php\/product\/lego-city-60248-brannvesenets-utrykningshelikopter\/#breadcrumb"},"inLanguage":"nb-NO","potentialAction":[{"@type":"ReadAction","target":["https:\/\/barneleker.no\/index.php\/product\/lego-city-60248-brannvesenets-utrykningshelikopter\/"]}]},{"@type":"ImageObject","inLanguage":"nb-NO","@id":"https:\/\/barneleker.no\/index.php\/product\/lego-city-60248-brannvesenets-utrykningshelikopter\/#primaryimage","url":"https:\/\/barneleker.no\/wp-content\/uploads\/2022\/02\/lego-city-60248-brannvesenets-utrykningshelikopter.jpeg","contentUrl":"https:\/\/barneleker.no\/wp-content\/uploads\/2022\/02\/lego-city-60248-brannvesenets-utrykningshelikopter.jpeg","width":555,"height":555},{"@type":"BreadcrumbList","@id":"https:\/\/barneleker.no\/index.php\/product\/lego-city-60248-brannvesenets-utrykningshelikopter\/#breadcrumb","itemListElement":[{"@type":"ListItem","position":1,"name":"Butikken","item":"https:\/\/barneleker.no\/"},{"@type":"ListItem","position":2,"name":"LEGO City 60248, Brannvesenets utrykningshelikopter"}]},{"@type":"WebSite","@id":"https:\/\/barneleker.no\/#website","url":"https:\/\/barneleker.no\/","name":"Barneleker.no","description":"Selvf\u00f8lgelig!","publisher":{"@id":"https:\/\/barneleker.no\/#organization"},"potentialAction":[{"@type":"SearchAction","target":{"@type":"EntryPoint","urlTemplate":"https:\/\/barneleker.no\/?s={search_term_string}"},"query-input":{"@type":"PropertyValueSpecification","valueRequired":true,"valueName":"search_term_string"}}],"inLanguage":"nb-NO"},{"@type":"Organization","@id":"https:\/\/barneleker.no\/#organization","name":"Barneleker.no","url":"https:\/\/barneleker.no\/","logo":{"@type":"ImageObject","inLanguage":"nb-NO","@id":"https:\/\/barneleker.no\/#\/schema\/logo\/image\/","url":"https:\/\/barneleker.no\/wp-content\/uploads\/2021\/11\/barneleker_logo-780x150-1.jpg","contentUrl":"https:\/\/barneleker.no\/wp-content\/uploads\/2021\/11\/barneleker_logo-780x150-1.jpg","width":780,"height":150,"caption":"Barneleker.no"},"image":{"@id":"https:\/\/barneleker.no\/#\/schema\/logo\/image\/"}}]}},"_links":{"self":[{"href":"https:\/\/barneleker.no\/index.php\/wp-json\/wp\/v2\/product\/14215","targetHints":{"allow":["GET"]}}],"collection":[{"href":"https:\/\/barneleker.no\/index.php\/wp-json\/wp\/v2\/product"}],"about":[{"href":"https:\/\/barneleker.no\/index.php\/wp-json\/wp\/v2\/types\/product"}],"replies":[{"embeddable":true,"href":"https:\/\/barneleker.no\/index.php\/wp-json\/wp\/v2\/comments?post=14215"}],"wp:featuredmedia":[{"embeddable":true,"href":"https:\/\/barneleker.no\/index.php\/wp-json\/wp\/v2\/media\/14214"}],"wp:attachment":[{"href":"https:\/\/barneleker.no\/index.php\/wp-json\/wp\/v2\/media?parent=14215"}],"wp:term":[{"taxonomy":"product_brand","embeddable":true,"href":"https:\/\/barneleker.no\/index.php\/wp-json\/wp\/v2\/product_brand?post=14215"},{"taxonomy":"product_cat","embeddable":true,"href":"https:\/\/barneleker.no\/index.php\/wp-json\/wp\/v2\/product_cat?post=14215"},{"taxonomy":"product_tag","embeddable":true,"href":"https:\/\/barneleker.no\/index.php\/wp-json\/wp\/v2\/product_tag?post=14215"}],"curies":[{"name":"wp","href":"https:\/\/api.w.org\/{rel}","templated":true}]}}