{"id":14223,"date":"2022-02-08T20:01:20","date_gmt":"2022-02-08T20:01:20","guid":{"rendered":"https:\/\/barneleker.no\/index.php\/product\/lego-duplo-town-10950-bondegard-med-traktor-og-dyr-bondegard-med-traktor-og-dyr\/"},"modified":"2022-02-08T20:01:20","modified_gmt":"2022-02-08T20:01:20","slug":"lego-duplo-town-10950-bondegard-med-traktor-og-dyr-bondegard-med-traktor-og-dyr","status":"publish","type":"product","link":"https:\/\/barneleker.no\/index.php\/product\/lego-duplo-town-10950-bondegard-med-traktor-og-dyr-bondegard-med-traktor-og-dyr\/","title":{"rendered":"LEGO DUPLO Town 10950, Bondeg\u00e5rd med traktor og dyr, Bondeg\u00e5rd med traktor og dyr"},"content":{"rendered":"<p>Gi sm\u00e5 barn en leketraktor, dyr \u00e5 passe p\u00e5 og fantasidrevet lek med settet LEGO\u00ae DUPLO\u00ae By Bondeg\u00e5rd med traktor og dyr (10950). Dette allsidige lekesettet byr p\u00e5 utallige muligheter for kreativ moro og utviklende lek.Leken l\u00e6ring p\u00e5 bondeg\u00e5rdenVoksne og barn kan dele magiske \u00f8yeblikk sammen og hjelpe til p\u00e5 g\u00e5rden og i barnedyrehagen. Inkluderer en traktor med en henger full av utstyr, to s\u00f8te sauer og en bonde- og barnefigur. Barn utvikler finmotorikk og sosiale og emosjonelle ferdigheter n\u00e5r de frakter mat og mater sauene.<\/p>\n","protected":false},"excerpt":{"rendered":"<p>Gi sm\u00e5 barn en leketraktor, dyr \u00e5 passe p\u00e5 og fantasidrevet lek med settet LEGO\u00ae DUPLO\u00ae By Bondeg\u00e5rd med traktor og dyr (10950). Dette allsidige&hellip;<\/p>\n","protected":false},"featured_media":14222,"comment_status":"open","ping_status":"closed","template":"","meta":[],"product_brand":[],"product_cat":[539],"product_tag":[],"class_list":{"0":"post-14223","1":"product","2":"type-product","3":"status-publish","4":"has-post-thumbnail","6":"product_cat-set-lego-djur","8":"first","9":"instock","10":"shipping-taxable","11":"product-type-external","12":"customify-col"},"yoast_head":"<!-- This site is optimized with the Yoast SEO plugin v26.0 - https:\/\/yoast.com\/wordpress\/plugins\/seo\/ -->\n<title>LEGO DUPLO Town 10950, Bondeg\u00e5rd med traktor og dyr, Bondeg\u00e5rd med traktor og dyr - Barneleker.no<\/title>\n<meta name=\"robots\" content=\"index, follow, max-snippet:-1, max-image-preview:large, max-video-preview:-1\" \/>\n<link rel=\"canonical\" href=\"https:\/\/barneleker.no\/index.php\/product\/lego-duplo-town-10950-bondegard-med-traktor-og-dyr-bondegard-med-traktor-og-dyr\/\" \/>\n<meta property=\"og:locale\" content=\"nb_NO\" \/>\n<meta property=\"og:type\" content=\"article\" \/>\n<meta property=\"og:title\" content=\"LEGO DUPLO Town 10950, Bondeg\u00e5rd med traktor og dyr, Bondeg\u00e5rd med traktor og dyr - Barneleker.no\" \/>\n<meta property=\"og:description\" content=\"Gi sm\u00e5 barn en leketraktor, dyr \u00e5 passe p\u00e5 og fantasidrevet lek med settet LEGO\u00ae DUPLO\u00ae By Bondeg\u00e5rd med traktor og dyr (10950). Dette allsidige&hellip;\" \/>\n<meta property=\"og:url\" content=\"https:\/\/barneleker.no\/index.php\/product\/lego-duplo-town-10950-bondegard-med-traktor-og-dyr-bondegard-med-traktor-og-dyr\/\" \/>\n<meta property=\"og:site_name\" content=\"Barneleker.no\" \/>\n<meta name=\"twitter:card\" content=\"summary_large_image\" \/>\n<script type=\"application\/ld+json\" class=\"yoast-schema-graph\">{\"@context\":\"https:\/\/schema.org\",\"@graph\":[{\"@type\":\"WebPage\",\"@id\":\"https:\/\/barneleker.no\/index.php\/product\/lego-duplo-town-10950-bondegard-med-traktor-og-dyr-bondegard-med-traktor-og-dyr\/\",\"url\":\"https:\/\/barneleker.no\/index.php\/product\/lego-duplo-town-10950-bondegard-med-traktor-og-dyr-bondegard-med-traktor-og-dyr\/\",\"name\":\"LEGO DUPLO Town 10950, Bondeg\u00e5rd med traktor og dyr, Bondeg\u00e5rd med traktor og dyr - Barneleker.no\",\"isPartOf\":{\"@id\":\"https:\/\/barneleker.no\/#website\"},\"primaryImageOfPage\":{\"@id\":\"https:\/\/barneleker.no\/index.php\/product\/lego-duplo-town-10950-bondegard-med-traktor-og-dyr-bondegard-med-traktor-og-dyr\/#primaryimage\"},\"image\":{\"@id\":\"https:\/\/barneleker.no\/index.php\/product\/lego-duplo-town-10950-bondegard-med-traktor-og-dyr-bondegard-med-traktor-og-dyr\/#primaryimage\"},\"thumbnailUrl\":\"https:\/\/barneleker.no\/wp-content\/uploads\/2022\/02\/lego-duplo-town-10950-bondegard-med-traktor-og-dyr.jpg\",\"datePublished\":\"2022-02-08T20:01:20+00:00\",\"breadcrumb\":{\"@id\":\"https:\/\/barneleker.no\/index.php\/product\/lego-duplo-town-10950-bondegard-med-traktor-og-dyr-bondegard-med-traktor-og-dyr\/#breadcrumb\"},\"inLanguage\":\"nb-NO\",\"potentialAction\":[{\"@type\":\"ReadAction\",\"target\":[\"https:\/\/barneleker.no\/index.php\/product\/lego-duplo-town-10950-bondegard-med-traktor-og-dyr-bondegard-med-traktor-og-dyr\/\"]}]},{\"@type\":\"ImageObject\",\"inLanguage\":\"nb-NO\",\"@id\":\"https:\/\/barneleker.no\/index.php\/product\/lego-duplo-town-10950-bondegard-med-traktor-og-dyr-bondegard-med-traktor-og-dyr\/#primaryimage\",\"url\":\"https:\/\/barneleker.no\/wp-content\/uploads\/2022\/02\/lego-duplo-town-10950-bondegard-med-traktor-og-dyr.jpg\",\"contentUrl\":\"https:\/\/barneleker.no\/wp-content\/uploads\/2022\/02\/lego-duplo-town-10950-bondegard-med-traktor-og-dyr.jpg\",\"width\":555,\"height\":555},{\"@type\":\"BreadcrumbList\",\"@id\":\"https:\/\/barneleker.no\/index.php\/product\/lego-duplo-town-10950-bondegard-med-traktor-og-dyr-bondegard-med-traktor-og-dyr\/#breadcrumb\",\"itemListElement\":[{\"@type\":\"ListItem\",\"position\":1,\"name\":\"Butikken\",\"item\":\"https:\/\/barneleker.no\/\"},{\"@type\":\"ListItem\",\"position\":2,\"name\":\"LEGO DUPLO Town 10950, Bondeg\u00e5rd med traktor og dyr, Bondeg\u00e5rd med traktor og dyr\"}]},{\"@type\":\"WebSite\",\"@id\":\"https:\/\/barneleker.no\/#website\",\"url\":\"https:\/\/barneleker.no\/\",\"name\":\"Barneleker.no\",\"description\":\"Selvf\u00f8lgelig!\",\"publisher\":{\"@id\":\"https:\/\/barneleker.no\/#organization\"},\"potentialAction\":[{\"@type\":\"SearchAction\",\"target\":{\"@type\":\"EntryPoint\",\"urlTemplate\":\"https:\/\/barneleker.no\/?s={search_term_string}\"},\"query-input\":{\"@type\":\"PropertyValueSpecification\",\"valueRequired\":true,\"valueName\":\"search_term_string\"}}],\"inLanguage\":\"nb-NO\"},{\"@type\":\"Organization\",\"@id\":\"https:\/\/barneleker.no\/#organization\",\"name\":\"Barneleker.no\",\"url\":\"https:\/\/barneleker.no\/\",\"logo\":{\"@type\":\"ImageObject\",\"inLanguage\":\"nb-NO\",\"@id\":\"https:\/\/barneleker.no\/#\/schema\/logo\/image\/\",\"url\":\"https:\/\/barneleker.no\/wp-content\/uploads\/2021\/11\/barneleker_logo-780x150-1.jpg\",\"contentUrl\":\"https:\/\/barneleker.no\/wp-content\/uploads\/2021\/11\/barneleker_logo-780x150-1.jpg\",\"width\":780,\"height\":150,\"caption\":\"Barneleker.no\"},\"image\":{\"@id\":\"https:\/\/barneleker.no\/#\/schema\/logo\/image\/\"}}]}<\/script>\n<!-- \/ Yoast SEO plugin. -->","yoast_head_json":{"title":"LEGO DUPLO Town 10950, Bondeg\u00e5rd med traktor og dyr, Bondeg\u00e5rd med traktor og dyr - Barneleker.no","robots":{"index":"index","follow":"follow","max-snippet":"max-snippet:-1","max-image-preview":"max-image-preview:large","max-video-preview":"max-video-preview:-1"},"canonical":"https:\/\/barneleker.no\/index.php\/product\/lego-duplo-town-10950-bondegard-med-traktor-og-dyr-bondegard-med-traktor-og-dyr\/","og_locale":"nb_NO","og_type":"article","og_title":"LEGO DUPLO Town 10950, Bondeg\u00e5rd med traktor og dyr, Bondeg\u00e5rd med traktor og dyr - Barneleker.no","og_description":"Gi sm\u00e5 barn en leketraktor, dyr \u00e5 passe p\u00e5 og fantasidrevet lek med settet LEGO\u00ae DUPLO\u00ae By Bondeg\u00e5rd med traktor og dyr (10950). Dette allsidige&hellip;","og_url":"https:\/\/barneleker.no\/index.php\/product\/lego-duplo-town-10950-bondegard-med-traktor-og-dyr-bondegard-med-traktor-og-dyr\/","og_site_name":"Barneleker.no","twitter_card":"summary_large_image","schema":{"@context":"https:\/\/schema.org","@graph":[{"@type":"WebPage","@id":"https:\/\/barneleker.no\/index.php\/product\/lego-duplo-town-10950-bondegard-med-traktor-og-dyr-bondegard-med-traktor-og-dyr\/","url":"https:\/\/barneleker.no\/index.php\/product\/lego-duplo-town-10950-bondegard-med-traktor-og-dyr-bondegard-med-traktor-og-dyr\/","name":"LEGO DUPLO Town 10950, Bondeg\u00e5rd med traktor og dyr, Bondeg\u00e5rd med traktor og dyr - Barneleker.no","isPartOf":{"@id":"https:\/\/barneleker.no\/#website"},"primaryImageOfPage":{"@id":"https:\/\/barneleker.no\/index.php\/product\/lego-duplo-town-10950-bondegard-med-traktor-og-dyr-bondegard-med-traktor-og-dyr\/#primaryimage"},"image":{"@id":"https:\/\/barneleker.no\/index.php\/product\/lego-duplo-town-10950-bondegard-med-traktor-og-dyr-bondegard-med-traktor-og-dyr\/#primaryimage"},"thumbnailUrl":"https:\/\/barneleker.no\/wp-content\/uploads\/2022\/02\/lego-duplo-town-10950-bondegard-med-traktor-og-dyr.jpg","datePublished":"2022-02-08T20:01:20+00:00","breadcrumb":{"@id":"https:\/\/barneleker.no\/index.php\/product\/lego-duplo-town-10950-bondegard-med-traktor-og-dyr-bondegard-med-traktor-og-dyr\/#breadcrumb"},"inLanguage":"nb-NO","potentialAction":[{"@type":"ReadAction","target":["https:\/\/barneleker.no\/index.php\/product\/lego-duplo-town-10950-bondegard-med-traktor-og-dyr-bondegard-med-traktor-og-dyr\/"]}]},{"@type":"ImageObject","inLanguage":"nb-NO","@id":"https:\/\/barneleker.no\/index.php\/product\/lego-duplo-town-10950-bondegard-med-traktor-og-dyr-bondegard-med-traktor-og-dyr\/#primaryimage","url":"https:\/\/barneleker.no\/wp-content\/uploads\/2022\/02\/lego-duplo-town-10950-bondegard-med-traktor-og-dyr.jpg","contentUrl":"https:\/\/barneleker.no\/wp-content\/uploads\/2022\/02\/lego-duplo-town-10950-bondegard-med-traktor-og-dyr.jpg","width":555,"height":555},{"@type":"BreadcrumbList","@id":"https:\/\/barneleker.no\/index.php\/product\/lego-duplo-town-10950-bondegard-med-traktor-og-dyr-bondegard-med-traktor-og-dyr\/#breadcrumb","itemListElement":[{"@type":"ListItem","position":1,"name":"Butikken","item":"https:\/\/barneleker.no\/"},{"@type":"ListItem","position":2,"name":"LEGO DUPLO Town 10950, Bondeg\u00e5rd med traktor og dyr, Bondeg\u00e5rd med traktor og dyr"}]},{"@type":"WebSite","@id":"https:\/\/barneleker.no\/#website","url":"https:\/\/barneleker.no\/","name":"Barneleker.no","description":"Selvf\u00f8lgelig!","publisher":{"@id":"https:\/\/barneleker.no\/#organization"},"potentialAction":[{"@type":"SearchAction","target":{"@type":"EntryPoint","urlTemplate":"https:\/\/barneleker.no\/?s={search_term_string}"},"query-input":{"@type":"PropertyValueSpecification","valueRequired":true,"valueName":"search_term_string"}}],"inLanguage":"nb-NO"},{"@type":"Organization","@id":"https:\/\/barneleker.no\/#organization","name":"Barneleker.no","url":"https:\/\/barneleker.no\/","logo":{"@type":"ImageObject","inLanguage":"nb-NO","@id":"https:\/\/barneleker.no\/#\/schema\/logo\/image\/","url":"https:\/\/barneleker.no\/wp-content\/uploads\/2021\/11\/barneleker_logo-780x150-1.jpg","contentUrl":"https:\/\/barneleker.no\/wp-content\/uploads\/2021\/11\/barneleker_logo-780x150-1.jpg","width":780,"height":150,"caption":"Barneleker.no"},"image":{"@id":"https:\/\/barneleker.no\/#\/schema\/logo\/image\/"}}]}},"_links":{"self":[{"href":"https:\/\/barneleker.no\/index.php\/wp-json\/wp\/v2\/product\/14223","targetHints":{"allow":["GET"]}}],"collection":[{"href":"https:\/\/barneleker.no\/index.php\/wp-json\/wp\/v2\/product"}],"about":[{"href":"https:\/\/barneleker.no\/index.php\/wp-json\/wp\/v2\/types\/product"}],"replies":[{"embeddable":true,"href":"https:\/\/barneleker.no\/index.php\/wp-json\/wp\/v2\/comments?post=14223"}],"wp:featuredmedia":[{"embeddable":true,"href":"https:\/\/barneleker.no\/index.php\/wp-json\/wp\/v2\/media\/14222"}],"wp:attachment":[{"href":"https:\/\/barneleker.no\/index.php\/wp-json\/wp\/v2\/media?parent=14223"}],"wp:term":[{"taxonomy":"product_brand","embeddable":true,"href":"https:\/\/barneleker.no\/index.php\/wp-json\/wp\/v2\/product_brand?post=14223"},{"taxonomy":"product_cat","embeddable":true,"href":"https:\/\/barneleker.no\/index.php\/wp-json\/wp\/v2\/product_cat?post=14223"},{"taxonomy":"product_tag","embeddable":true,"href":"https:\/\/barneleker.no\/index.php\/wp-json\/wp\/v2\/product_tag?post=14223"}],"curies":[{"name":"wp","href":"https:\/\/api.w.org\/{rel}","templated":true}]}}