{"id":14225,"date":"2022-02-08T20:01:21","date_gmt":"2022-02-08T20:01:21","guid":{"rendered":"https:\/\/barneleker.no\/index.php\/product\/frozen-2-fire-spirit-friend\/"},"modified":"2022-02-08T20:01:21","modified_gmt":"2022-02-08T20:01:21","slug":"frozen-2-fire-spirit-friend","status":"publish","type":"product","link":"https:\/\/barneleker.no\/index.php\/product\/frozen-2-fire-spirit-friend\/","title":{"rendered":"Frozen, 2 Fire Spirit Friend"},"content":{"rendered":"<p>I Disneys Frost 2 bor denne nysgjerrige og s\u00f8te salamanderen i den fortrollede skogen. Han er sjenert i begynnelsen, men han dras mot Elsas isete magi og elsker de kule sn\u00f8fnuggene hun lager. Barn og fans som forelsket seg i den skj\u00f8nne salamanderen i filmen kan n\u00e5 ta den med seg hjem i form av denne Disney-leken. Salamanderen Bruni har en fortryllende lyseffekt, den skifter farge fra heftig rosa til rolig bl\u00e5. Barn vil elske \u00e5 leke at de roer ham ned ved \u00e5 mate ham med sn\u00f8fnugg og se at lyset p\u00e5 ryggen hans skifter farge fra sterk rosa til kj\u00f8lig bl\u00e5!\u00a0<\/p>\n","protected":false},"excerpt":{"rendered":"<p>I Disneys Frost 2 bor denne nysgjerrige og s\u00f8te salamanderen i den fortrollede skogen. Han er sjenert i begynnelsen, men han dras mot Elsas isete&hellip;<\/p>\n","protected":false},"featured_media":14224,"comment_status":"open","ping_status":"closed","template":"","meta":[],"product_brand":[],"product_cat":[345],"product_tag":[],"class_list":{"0":"post-14225","1":"product","2":"type-product","3":"status-publish","4":"has-post-thumbnail","6":"product_cat-dockor","8":"first","9":"instock","10":"shipping-taxable","11":"product-type-external","12":"customify-col"},"yoast_head":"<!-- This site is optimized with the Yoast SEO plugin v26.0 - https:\/\/yoast.com\/wordpress\/plugins\/seo\/ -->\n<title>Frozen, 2 Fire Spirit Friend - Barneleker.no<\/title>\n<meta name=\"robots\" content=\"index, follow, max-snippet:-1, max-image-preview:large, max-video-preview:-1\" \/>\n<link rel=\"canonical\" href=\"https:\/\/barneleker.no\/index.php\/product\/frozen-2-fire-spirit-friend\/\" \/>\n<meta property=\"og:locale\" content=\"nb_NO\" \/>\n<meta property=\"og:type\" content=\"article\" \/>\n<meta property=\"og:title\" content=\"Frozen, 2 Fire Spirit Friend - Barneleker.no\" \/>\n<meta property=\"og:description\" content=\"I Disneys Frost 2 bor denne nysgjerrige og s\u00f8te salamanderen i den fortrollede skogen. Han er sjenert i begynnelsen, men han dras mot Elsas isete&hellip;\" \/>\n<meta property=\"og:url\" content=\"https:\/\/barneleker.no\/index.php\/product\/frozen-2-fire-spirit-friend\/\" \/>\n<meta property=\"og:site_name\" content=\"Barneleker.no\" \/>\n<meta name=\"twitter:card\" content=\"summary_large_image\" \/>\n<meta name=\"twitter:label1\" content=\"Ansl. lesetid\" \/>\n\t<meta name=\"twitter:data1\" content=\"1 minutt\" \/>\n<script type=\"application\/ld+json\" class=\"yoast-schema-graph\">{\"@context\":\"https:\/\/schema.org\",\"@graph\":[{\"@type\":\"WebPage\",\"@id\":\"https:\/\/barneleker.no\/index.php\/product\/frozen-2-fire-spirit-friend\/\",\"url\":\"https:\/\/barneleker.no\/index.php\/product\/frozen-2-fire-spirit-friend\/\",\"name\":\"Frozen, 2 Fire Spirit Friend - Barneleker.no\",\"isPartOf\":{\"@id\":\"https:\/\/barneleker.no\/#website\"},\"primaryImageOfPage\":{\"@id\":\"https:\/\/barneleker.no\/index.php\/product\/frozen-2-fire-spirit-friend\/#primaryimage\"},\"image\":{\"@id\":\"https:\/\/barneleker.no\/index.php\/product\/frozen-2-fire-spirit-friend\/#primaryimage\"},\"thumbnailUrl\":\"https:\/\/barneleker.no\/wp-content\/uploads\/2022\/02\/frozen-2-fire-spirit-friend.jpg\",\"datePublished\":\"2022-02-08T20:01:21+00:00\",\"breadcrumb\":{\"@id\":\"https:\/\/barneleker.no\/index.php\/product\/frozen-2-fire-spirit-friend\/#breadcrumb\"},\"inLanguage\":\"nb-NO\",\"potentialAction\":[{\"@type\":\"ReadAction\",\"target\":[\"https:\/\/barneleker.no\/index.php\/product\/frozen-2-fire-spirit-friend\/\"]}]},{\"@type\":\"ImageObject\",\"inLanguage\":\"nb-NO\",\"@id\":\"https:\/\/barneleker.no\/index.php\/product\/frozen-2-fire-spirit-friend\/#primaryimage\",\"url\":\"https:\/\/barneleker.no\/wp-content\/uploads\/2022\/02\/frozen-2-fire-spirit-friend.jpg\",\"contentUrl\":\"https:\/\/barneleker.no\/wp-content\/uploads\/2022\/02\/frozen-2-fire-spirit-friend.jpg\",\"width\":555,\"height\":555},{\"@type\":\"BreadcrumbList\",\"@id\":\"https:\/\/barneleker.no\/index.php\/product\/frozen-2-fire-spirit-friend\/#breadcrumb\",\"itemListElement\":[{\"@type\":\"ListItem\",\"position\":1,\"name\":\"Butikken\",\"item\":\"https:\/\/barneleker.no\/\"},{\"@type\":\"ListItem\",\"position\":2,\"name\":\"Frozen, 2 Fire Spirit Friend\"}]},{\"@type\":\"WebSite\",\"@id\":\"https:\/\/barneleker.no\/#website\",\"url\":\"https:\/\/barneleker.no\/\",\"name\":\"Barneleker.no\",\"description\":\"Selvf\u00f8lgelig!\",\"publisher\":{\"@id\":\"https:\/\/barneleker.no\/#organization\"},\"potentialAction\":[{\"@type\":\"SearchAction\",\"target\":{\"@type\":\"EntryPoint\",\"urlTemplate\":\"https:\/\/barneleker.no\/?s={search_term_string}\"},\"query-input\":{\"@type\":\"PropertyValueSpecification\",\"valueRequired\":true,\"valueName\":\"search_term_string\"}}],\"inLanguage\":\"nb-NO\"},{\"@type\":\"Organization\",\"@id\":\"https:\/\/barneleker.no\/#organization\",\"name\":\"Barneleker.no\",\"url\":\"https:\/\/barneleker.no\/\",\"logo\":{\"@type\":\"ImageObject\",\"inLanguage\":\"nb-NO\",\"@id\":\"https:\/\/barneleker.no\/#\/schema\/logo\/image\/\",\"url\":\"https:\/\/barneleker.no\/wp-content\/uploads\/2021\/11\/barneleker_logo-780x150-1.jpg\",\"contentUrl\":\"https:\/\/barneleker.no\/wp-content\/uploads\/2021\/11\/barneleker_logo-780x150-1.jpg\",\"width\":780,\"height\":150,\"caption\":\"Barneleker.no\"},\"image\":{\"@id\":\"https:\/\/barneleker.no\/#\/schema\/logo\/image\/\"}}]}<\/script>\n<!-- \/ Yoast SEO plugin. -->","yoast_head_json":{"title":"Frozen, 2 Fire Spirit Friend - Barneleker.no","robots":{"index":"index","follow":"follow","max-snippet":"max-snippet:-1","max-image-preview":"max-image-preview:large","max-video-preview":"max-video-preview:-1"},"canonical":"https:\/\/barneleker.no\/index.php\/product\/frozen-2-fire-spirit-friend\/","og_locale":"nb_NO","og_type":"article","og_title":"Frozen, 2 Fire Spirit Friend - Barneleker.no","og_description":"I Disneys Frost 2 bor denne nysgjerrige og s\u00f8te salamanderen i den fortrollede skogen. Han er sjenert i begynnelsen, men han dras mot Elsas isete&hellip;","og_url":"https:\/\/barneleker.no\/index.php\/product\/frozen-2-fire-spirit-friend\/","og_site_name":"Barneleker.no","twitter_card":"summary_large_image","twitter_misc":{"Ansl. lesetid":"1 minutt"},"schema":{"@context":"https:\/\/schema.org","@graph":[{"@type":"WebPage","@id":"https:\/\/barneleker.no\/index.php\/product\/frozen-2-fire-spirit-friend\/","url":"https:\/\/barneleker.no\/index.php\/product\/frozen-2-fire-spirit-friend\/","name":"Frozen, 2 Fire Spirit Friend - Barneleker.no","isPartOf":{"@id":"https:\/\/barneleker.no\/#website"},"primaryImageOfPage":{"@id":"https:\/\/barneleker.no\/index.php\/product\/frozen-2-fire-spirit-friend\/#primaryimage"},"image":{"@id":"https:\/\/barneleker.no\/index.php\/product\/frozen-2-fire-spirit-friend\/#primaryimage"},"thumbnailUrl":"https:\/\/barneleker.no\/wp-content\/uploads\/2022\/02\/frozen-2-fire-spirit-friend.jpg","datePublished":"2022-02-08T20:01:21+00:00","breadcrumb":{"@id":"https:\/\/barneleker.no\/index.php\/product\/frozen-2-fire-spirit-friend\/#breadcrumb"},"inLanguage":"nb-NO","potentialAction":[{"@type":"ReadAction","target":["https:\/\/barneleker.no\/index.php\/product\/frozen-2-fire-spirit-friend\/"]}]},{"@type":"ImageObject","inLanguage":"nb-NO","@id":"https:\/\/barneleker.no\/index.php\/product\/frozen-2-fire-spirit-friend\/#primaryimage","url":"https:\/\/barneleker.no\/wp-content\/uploads\/2022\/02\/frozen-2-fire-spirit-friend.jpg","contentUrl":"https:\/\/barneleker.no\/wp-content\/uploads\/2022\/02\/frozen-2-fire-spirit-friend.jpg","width":555,"height":555},{"@type":"BreadcrumbList","@id":"https:\/\/barneleker.no\/index.php\/product\/frozen-2-fire-spirit-friend\/#breadcrumb","itemListElement":[{"@type":"ListItem","position":1,"name":"Butikken","item":"https:\/\/barneleker.no\/"},{"@type":"ListItem","position":2,"name":"Frozen, 2 Fire Spirit Friend"}]},{"@type":"WebSite","@id":"https:\/\/barneleker.no\/#website","url":"https:\/\/barneleker.no\/","name":"Barneleker.no","description":"Selvf\u00f8lgelig!","publisher":{"@id":"https:\/\/barneleker.no\/#organization"},"potentialAction":[{"@type":"SearchAction","target":{"@type":"EntryPoint","urlTemplate":"https:\/\/barneleker.no\/?s={search_term_string}"},"query-input":{"@type":"PropertyValueSpecification","valueRequired":true,"valueName":"search_term_string"}}],"inLanguage":"nb-NO"},{"@type":"Organization","@id":"https:\/\/barneleker.no\/#organization","name":"Barneleker.no","url":"https:\/\/barneleker.no\/","logo":{"@type":"ImageObject","inLanguage":"nb-NO","@id":"https:\/\/barneleker.no\/#\/schema\/logo\/image\/","url":"https:\/\/barneleker.no\/wp-content\/uploads\/2021\/11\/barneleker_logo-780x150-1.jpg","contentUrl":"https:\/\/barneleker.no\/wp-content\/uploads\/2021\/11\/barneleker_logo-780x150-1.jpg","width":780,"height":150,"caption":"Barneleker.no"},"image":{"@id":"https:\/\/barneleker.no\/#\/schema\/logo\/image\/"}}]}},"_links":{"self":[{"href":"https:\/\/barneleker.no\/index.php\/wp-json\/wp\/v2\/product\/14225","targetHints":{"allow":["GET"]}}],"collection":[{"href":"https:\/\/barneleker.no\/index.php\/wp-json\/wp\/v2\/product"}],"about":[{"href":"https:\/\/barneleker.no\/index.php\/wp-json\/wp\/v2\/types\/product"}],"replies":[{"embeddable":true,"href":"https:\/\/barneleker.no\/index.php\/wp-json\/wp\/v2\/comments?post=14225"}],"wp:featuredmedia":[{"embeddable":true,"href":"https:\/\/barneleker.no\/index.php\/wp-json\/wp\/v2\/media\/14224"}],"wp:attachment":[{"href":"https:\/\/barneleker.no\/index.php\/wp-json\/wp\/v2\/media?parent=14225"}],"wp:term":[{"taxonomy":"product_brand","embeddable":true,"href":"https:\/\/barneleker.no\/index.php\/wp-json\/wp\/v2\/product_brand?post=14225"},{"taxonomy":"product_cat","embeddable":true,"href":"https:\/\/barneleker.no\/index.php\/wp-json\/wp\/v2\/product_cat?post=14225"},{"taxonomy":"product_tag","embeddable":true,"href":"https:\/\/barneleker.no\/index.php\/wp-json\/wp\/v2\/product_tag?post=14225"}],"curies":[{"name":"wp","href":"https:\/\/api.w.org\/{rel}","templated":true}]}}