{"id":14257,"date":"2022-02-08T20:01:34","date_gmt":"2022-02-08T20:01:34","guid":{"rendered":"https:\/\/barneleker.no\/index.php\/product\/ben-10-omniscop-omnitrix\/"},"modified":"2022-02-08T20:01:34","modified_gmt":"2022-02-08T20:01:34","slug":"ben-10-omniscop-omnitrix","status":"publish","type":"product","link":"https:\/\/barneleker.no\/index.php\/product\/ben-10-omniscop-omnitrix\/","title":{"rendered":"Ben 10, OmniScop Omnitrix"},"content":{"rendered":"<p>Dra p\u00e5 hesblesende eventyr med Ben 10 \u2013 gjenskap dine favoritt scener fra serien, eller oppfinn og lag dine helt egne oppdrag. Ta p\u00e5 deg klokken, se hvordan Omnitrix-skiven &#8220;popper opp&#8221;, her skal du velge din favoritt alien. S\u00e5 trykkes skiven ned for \u00e5 aktivere lys og lyd! Det er unike lyder til hver alien. Med dette leket\u00f8yet er det timevis av moro, storytelling og bekjempelse av skurker i vente!<\/p>\n","protected":false},"excerpt":{"rendered":"<p>Dra p\u00e5 hesblesende eventyr med Ben 10 \u2013 gjenskap dine favoritt scener fra serien, eller oppfinn og lag dine helt egne oppdrag. Ta p\u00e5 deg&hellip;<\/p>\n","protected":false},"featured_media":14256,"comment_status":"open","ping_status":"closed","template":"","meta":[],"product_brand":[],"product_cat":[443],"product_tag":[],"class_list":{"0":"post-14257","1":"product","2":"type-product","3":"status-publish","4":"has-post-thumbnail","6":"product_cat-filmkaraktarer-tv-figurer-robotar","8":"first","9":"instock","10":"shipping-taxable","11":"product-type-external","12":"customify-col"},"yoast_head":"<!-- This site is optimized with the Yoast SEO plugin v26.0 - https:\/\/yoast.com\/wordpress\/plugins\/seo\/ -->\n<title>Ben 10, OmniScop Omnitrix - Barneleker.no<\/title>\n<meta name=\"robots\" content=\"index, follow, max-snippet:-1, max-image-preview:large, max-video-preview:-1\" \/>\n<link rel=\"canonical\" href=\"https:\/\/barneleker.no\/index.php\/product\/ben-10-omniscop-omnitrix\/\" \/>\n<meta property=\"og:locale\" content=\"nb_NO\" \/>\n<meta property=\"og:type\" content=\"article\" \/>\n<meta property=\"og:title\" content=\"Ben 10, OmniScop Omnitrix - Barneleker.no\" \/>\n<meta property=\"og:description\" content=\"Dra p\u00e5 hesblesende eventyr med Ben 10 \u2013 gjenskap dine favoritt scener fra serien, eller oppfinn og lag dine helt egne oppdrag. Ta p\u00e5 deg&hellip;\" \/>\n<meta property=\"og:url\" content=\"https:\/\/barneleker.no\/index.php\/product\/ben-10-omniscop-omnitrix\/\" \/>\n<meta property=\"og:site_name\" content=\"Barneleker.no\" \/>\n<meta name=\"twitter:card\" content=\"summary_large_image\" \/>\n<script type=\"application\/ld+json\" class=\"yoast-schema-graph\">{\"@context\":\"https:\/\/schema.org\",\"@graph\":[{\"@type\":\"WebPage\",\"@id\":\"https:\/\/barneleker.no\/index.php\/product\/ben-10-omniscop-omnitrix\/\",\"url\":\"https:\/\/barneleker.no\/index.php\/product\/ben-10-omniscop-omnitrix\/\",\"name\":\"Ben 10, OmniScop Omnitrix - Barneleker.no\",\"isPartOf\":{\"@id\":\"https:\/\/barneleker.no\/#website\"},\"primaryImageOfPage\":{\"@id\":\"https:\/\/barneleker.no\/index.php\/product\/ben-10-omniscop-omnitrix\/#primaryimage\"},\"image\":{\"@id\":\"https:\/\/barneleker.no\/index.php\/product\/ben-10-omniscop-omnitrix\/#primaryimage\"},\"thumbnailUrl\":\"https:\/\/barneleker.no\/wp-content\/uploads\/2022\/02\/ben-10-omniscop-omnitrix.jpg\",\"datePublished\":\"2022-02-08T20:01:34+00:00\",\"breadcrumb\":{\"@id\":\"https:\/\/barneleker.no\/index.php\/product\/ben-10-omniscop-omnitrix\/#breadcrumb\"},\"inLanguage\":\"nb-NO\",\"potentialAction\":[{\"@type\":\"ReadAction\",\"target\":[\"https:\/\/barneleker.no\/index.php\/product\/ben-10-omniscop-omnitrix\/\"]}]},{\"@type\":\"ImageObject\",\"inLanguage\":\"nb-NO\",\"@id\":\"https:\/\/barneleker.no\/index.php\/product\/ben-10-omniscop-omnitrix\/#primaryimage\",\"url\":\"https:\/\/barneleker.no\/wp-content\/uploads\/2022\/02\/ben-10-omniscop-omnitrix.jpg\",\"contentUrl\":\"https:\/\/barneleker.no\/wp-content\/uploads\/2022\/02\/ben-10-omniscop-omnitrix.jpg\",\"width\":555,\"height\":555},{\"@type\":\"BreadcrumbList\",\"@id\":\"https:\/\/barneleker.no\/index.php\/product\/ben-10-omniscop-omnitrix\/#breadcrumb\",\"itemListElement\":[{\"@type\":\"ListItem\",\"position\":1,\"name\":\"Butikken\",\"item\":\"https:\/\/barneleker.no\/\"},{\"@type\":\"ListItem\",\"position\":2,\"name\":\"Ben 10, OmniScop Omnitrix\"}]},{\"@type\":\"WebSite\",\"@id\":\"https:\/\/barneleker.no\/#website\",\"url\":\"https:\/\/barneleker.no\/\",\"name\":\"Barneleker.no\",\"description\":\"Selvf\u00f8lgelig!\",\"publisher\":{\"@id\":\"https:\/\/barneleker.no\/#organization\"},\"potentialAction\":[{\"@type\":\"SearchAction\",\"target\":{\"@type\":\"EntryPoint\",\"urlTemplate\":\"https:\/\/barneleker.no\/?s={search_term_string}\"},\"query-input\":{\"@type\":\"PropertyValueSpecification\",\"valueRequired\":true,\"valueName\":\"search_term_string\"}}],\"inLanguage\":\"nb-NO\"},{\"@type\":\"Organization\",\"@id\":\"https:\/\/barneleker.no\/#organization\",\"name\":\"Barneleker.no\",\"url\":\"https:\/\/barneleker.no\/\",\"logo\":{\"@type\":\"ImageObject\",\"inLanguage\":\"nb-NO\",\"@id\":\"https:\/\/barneleker.no\/#\/schema\/logo\/image\/\",\"url\":\"https:\/\/barneleker.no\/wp-content\/uploads\/2021\/11\/barneleker_logo-780x150-1.jpg\",\"contentUrl\":\"https:\/\/barneleker.no\/wp-content\/uploads\/2021\/11\/barneleker_logo-780x150-1.jpg\",\"width\":780,\"height\":150,\"caption\":\"Barneleker.no\"},\"image\":{\"@id\":\"https:\/\/barneleker.no\/#\/schema\/logo\/image\/\"}}]}<\/script>\n<!-- \/ Yoast SEO plugin. -->","yoast_head_json":{"title":"Ben 10, OmniScop Omnitrix - Barneleker.no","robots":{"index":"index","follow":"follow","max-snippet":"max-snippet:-1","max-image-preview":"max-image-preview:large","max-video-preview":"max-video-preview:-1"},"canonical":"https:\/\/barneleker.no\/index.php\/product\/ben-10-omniscop-omnitrix\/","og_locale":"nb_NO","og_type":"article","og_title":"Ben 10, OmniScop Omnitrix - Barneleker.no","og_description":"Dra p\u00e5 hesblesende eventyr med Ben 10 \u2013 gjenskap dine favoritt scener fra serien, eller oppfinn og lag dine helt egne oppdrag. Ta p\u00e5 deg&hellip;","og_url":"https:\/\/barneleker.no\/index.php\/product\/ben-10-omniscop-omnitrix\/","og_site_name":"Barneleker.no","twitter_card":"summary_large_image","schema":{"@context":"https:\/\/schema.org","@graph":[{"@type":"WebPage","@id":"https:\/\/barneleker.no\/index.php\/product\/ben-10-omniscop-omnitrix\/","url":"https:\/\/barneleker.no\/index.php\/product\/ben-10-omniscop-omnitrix\/","name":"Ben 10, OmniScop Omnitrix - Barneleker.no","isPartOf":{"@id":"https:\/\/barneleker.no\/#website"},"primaryImageOfPage":{"@id":"https:\/\/barneleker.no\/index.php\/product\/ben-10-omniscop-omnitrix\/#primaryimage"},"image":{"@id":"https:\/\/barneleker.no\/index.php\/product\/ben-10-omniscop-omnitrix\/#primaryimage"},"thumbnailUrl":"https:\/\/barneleker.no\/wp-content\/uploads\/2022\/02\/ben-10-omniscop-omnitrix.jpg","datePublished":"2022-02-08T20:01:34+00:00","breadcrumb":{"@id":"https:\/\/barneleker.no\/index.php\/product\/ben-10-omniscop-omnitrix\/#breadcrumb"},"inLanguage":"nb-NO","potentialAction":[{"@type":"ReadAction","target":["https:\/\/barneleker.no\/index.php\/product\/ben-10-omniscop-omnitrix\/"]}]},{"@type":"ImageObject","inLanguage":"nb-NO","@id":"https:\/\/barneleker.no\/index.php\/product\/ben-10-omniscop-omnitrix\/#primaryimage","url":"https:\/\/barneleker.no\/wp-content\/uploads\/2022\/02\/ben-10-omniscop-omnitrix.jpg","contentUrl":"https:\/\/barneleker.no\/wp-content\/uploads\/2022\/02\/ben-10-omniscop-omnitrix.jpg","width":555,"height":555},{"@type":"BreadcrumbList","@id":"https:\/\/barneleker.no\/index.php\/product\/ben-10-omniscop-omnitrix\/#breadcrumb","itemListElement":[{"@type":"ListItem","position":1,"name":"Butikken","item":"https:\/\/barneleker.no\/"},{"@type":"ListItem","position":2,"name":"Ben 10, OmniScop Omnitrix"}]},{"@type":"WebSite","@id":"https:\/\/barneleker.no\/#website","url":"https:\/\/barneleker.no\/","name":"Barneleker.no","description":"Selvf\u00f8lgelig!","publisher":{"@id":"https:\/\/barneleker.no\/#organization"},"potentialAction":[{"@type":"SearchAction","target":{"@type":"EntryPoint","urlTemplate":"https:\/\/barneleker.no\/?s={search_term_string}"},"query-input":{"@type":"PropertyValueSpecification","valueRequired":true,"valueName":"search_term_string"}}],"inLanguage":"nb-NO"},{"@type":"Organization","@id":"https:\/\/barneleker.no\/#organization","name":"Barneleker.no","url":"https:\/\/barneleker.no\/","logo":{"@type":"ImageObject","inLanguage":"nb-NO","@id":"https:\/\/barneleker.no\/#\/schema\/logo\/image\/","url":"https:\/\/barneleker.no\/wp-content\/uploads\/2021\/11\/barneleker_logo-780x150-1.jpg","contentUrl":"https:\/\/barneleker.no\/wp-content\/uploads\/2021\/11\/barneleker_logo-780x150-1.jpg","width":780,"height":150,"caption":"Barneleker.no"},"image":{"@id":"https:\/\/barneleker.no\/#\/schema\/logo\/image\/"}}]}},"_links":{"self":[{"href":"https:\/\/barneleker.no\/index.php\/wp-json\/wp\/v2\/product\/14257","targetHints":{"allow":["GET"]}}],"collection":[{"href":"https:\/\/barneleker.no\/index.php\/wp-json\/wp\/v2\/product"}],"about":[{"href":"https:\/\/barneleker.no\/index.php\/wp-json\/wp\/v2\/types\/product"}],"replies":[{"embeddable":true,"href":"https:\/\/barneleker.no\/index.php\/wp-json\/wp\/v2\/comments?post=14257"}],"wp:featuredmedia":[{"embeddable":true,"href":"https:\/\/barneleker.no\/index.php\/wp-json\/wp\/v2\/media\/14256"}],"wp:attachment":[{"href":"https:\/\/barneleker.no\/index.php\/wp-json\/wp\/v2\/media?parent=14257"}],"wp:term":[{"taxonomy":"product_brand","embeddable":true,"href":"https:\/\/barneleker.no\/index.php\/wp-json\/wp\/v2\/product_brand?post=14257"},{"taxonomy":"product_cat","embeddable":true,"href":"https:\/\/barneleker.no\/index.php\/wp-json\/wp\/v2\/product_cat?post=14257"},{"taxonomy":"product_tag","embeddable":true,"href":"https:\/\/barneleker.no\/index.php\/wp-json\/wp\/v2\/product_tag?post=14257"}],"curies":[{"name":"wp","href":"https:\/\/api.w.org\/{rel}","templated":true}]}}