{"id":14299,"date":"2022-02-08T20:01:48","date_gmt":"2022-02-08T20:01:48","guid":{"rendered":"https:\/\/barneleker.no\/index.php\/product\/brio-mitt-forste-batterilokomotiv\/"},"modified":"2022-02-08T20:01:48","modified_gmt":"2022-02-08T20:01:48","slug":"brio-mitt-forste-batterilokomotiv","status":"publish","type":"product","link":"https:\/\/barneleker.no\/index.php\/product\/brio-mitt-forste-batterilokomotiv\/","title":{"rendered":"BRIO, Mitt f\u00f8rste batterilokomotiv"},"content":{"rendered":"<p>Det er p\u00e5 tide for de yngste togkj\u00f8rerne \u00e5 leke med et tog som kj\u00f8rer av seg selv. Trykk p\u00e5 pilknappen \u00f8verst og toget g\u00e5r bortover. Trykk igjen og toget stopper. De magiske magnetne kobler sammen tog og vogner uansett uten \u00e5 bremse fra hverandre. La oss g\u00e5! St\u00f8rrelse: 9 cm Aktuelle AA-batterier: 1 stk OBS-batterier er ikke inkludert<\/p>\n","protected":false},"excerpt":{"rendered":"<p>Det er p\u00e5 tide for de yngste togkj\u00f8rerne \u00e5 leke med et tog som kj\u00f8rer av seg selv. Trykk p\u00e5 pilknappen \u00f8verst og toget g\u00e5r&hellip;<\/p>\n","protected":false},"featured_media":14298,"comment_status":"open","ping_status":"closed","template":"","meta":[],"product_brand":[],"product_cat":[386],"product_tag":[],"class_list":{"0":"post-14299","1":"product","2":"type-product","3":"status-publish","4":"has-post-thumbnail","6":"product_cat-tag","8":"first","9":"instock","10":"shipping-taxable","11":"product-type-external","12":"customify-col"},"yoast_head":"<!-- This site is optimized with the Yoast SEO plugin v26.0 - https:\/\/yoast.com\/wordpress\/plugins\/seo\/ -->\n<title>BRIO, Mitt f\u00f8rste batterilokomotiv - Barneleker.no<\/title>\n<meta name=\"robots\" content=\"index, follow, max-snippet:-1, max-image-preview:large, max-video-preview:-1\" \/>\n<link rel=\"canonical\" href=\"https:\/\/barneleker.no\/index.php\/product\/brio-mitt-forste-batterilokomotiv\/\" \/>\n<meta property=\"og:locale\" content=\"nb_NO\" \/>\n<meta property=\"og:type\" content=\"article\" \/>\n<meta property=\"og:title\" content=\"BRIO, Mitt f\u00f8rste batterilokomotiv - Barneleker.no\" \/>\n<meta property=\"og:description\" content=\"Det er p\u00e5 tide for de yngste togkj\u00f8rerne \u00e5 leke med et tog som kj\u00f8rer av seg selv. Trykk p\u00e5 pilknappen \u00f8verst og toget g\u00e5r&hellip;\" \/>\n<meta property=\"og:url\" content=\"https:\/\/barneleker.no\/index.php\/product\/brio-mitt-forste-batterilokomotiv\/\" \/>\n<meta property=\"og:site_name\" content=\"Barneleker.no\" \/>\n<meta name=\"twitter:card\" content=\"summary_large_image\" \/>\n<script type=\"application\/ld+json\" class=\"yoast-schema-graph\">{\"@context\":\"https:\/\/schema.org\",\"@graph\":[{\"@type\":\"WebPage\",\"@id\":\"https:\/\/barneleker.no\/index.php\/product\/brio-mitt-forste-batterilokomotiv\/\",\"url\":\"https:\/\/barneleker.no\/index.php\/product\/brio-mitt-forste-batterilokomotiv\/\",\"name\":\"BRIO, Mitt f\u00f8rste batterilokomotiv - Barneleker.no\",\"isPartOf\":{\"@id\":\"https:\/\/barneleker.no\/#website\"},\"primaryImageOfPage\":{\"@id\":\"https:\/\/barneleker.no\/index.php\/product\/brio-mitt-forste-batterilokomotiv\/#primaryimage\"},\"image\":{\"@id\":\"https:\/\/barneleker.no\/index.php\/product\/brio-mitt-forste-batterilokomotiv\/#primaryimage\"},\"thumbnailUrl\":\"https:\/\/barneleker.no\/wp-content\/uploads\/2022\/02\/brio-mitt-forste-batterilokomotiv.jpg\",\"datePublished\":\"2022-02-08T20:01:48+00:00\",\"breadcrumb\":{\"@id\":\"https:\/\/barneleker.no\/index.php\/product\/brio-mitt-forste-batterilokomotiv\/#breadcrumb\"},\"inLanguage\":\"nb-NO\",\"potentialAction\":[{\"@type\":\"ReadAction\",\"target\":[\"https:\/\/barneleker.no\/index.php\/product\/brio-mitt-forste-batterilokomotiv\/\"]}]},{\"@type\":\"ImageObject\",\"inLanguage\":\"nb-NO\",\"@id\":\"https:\/\/barneleker.no\/index.php\/product\/brio-mitt-forste-batterilokomotiv\/#primaryimage\",\"url\":\"https:\/\/barneleker.no\/wp-content\/uploads\/2022\/02\/brio-mitt-forste-batterilokomotiv.jpg\",\"contentUrl\":\"https:\/\/barneleker.no\/wp-content\/uploads\/2022\/02\/brio-mitt-forste-batterilokomotiv.jpg\",\"width\":555,\"height\":555},{\"@type\":\"BreadcrumbList\",\"@id\":\"https:\/\/barneleker.no\/index.php\/product\/brio-mitt-forste-batterilokomotiv\/#breadcrumb\",\"itemListElement\":[{\"@type\":\"ListItem\",\"position\":1,\"name\":\"Butikken\",\"item\":\"https:\/\/barneleker.no\/\"},{\"@type\":\"ListItem\",\"position\":2,\"name\":\"BRIO, Mitt f\u00f8rste batterilokomotiv\"}]},{\"@type\":\"WebSite\",\"@id\":\"https:\/\/barneleker.no\/#website\",\"url\":\"https:\/\/barneleker.no\/\",\"name\":\"Barneleker.no\",\"description\":\"Selvf\u00f8lgelig!\",\"publisher\":{\"@id\":\"https:\/\/barneleker.no\/#organization\"},\"potentialAction\":[{\"@type\":\"SearchAction\",\"target\":{\"@type\":\"EntryPoint\",\"urlTemplate\":\"https:\/\/barneleker.no\/?s={search_term_string}\"},\"query-input\":{\"@type\":\"PropertyValueSpecification\",\"valueRequired\":true,\"valueName\":\"search_term_string\"}}],\"inLanguage\":\"nb-NO\"},{\"@type\":\"Organization\",\"@id\":\"https:\/\/barneleker.no\/#organization\",\"name\":\"Barneleker.no\",\"url\":\"https:\/\/barneleker.no\/\",\"logo\":{\"@type\":\"ImageObject\",\"inLanguage\":\"nb-NO\",\"@id\":\"https:\/\/barneleker.no\/#\/schema\/logo\/image\/\",\"url\":\"https:\/\/barneleker.no\/wp-content\/uploads\/2021\/11\/barneleker_logo-780x150-1.jpg\",\"contentUrl\":\"https:\/\/barneleker.no\/wp-content\/uploads\/2021\/11\/barneleker_logo-780x150-1.jpg\",\"width\":780,\"height\":150,\"caption\":\"Barneleker.no\"},\"image\":{\"@id\":\"https:\/\/barneleker.no\/#\/schema\/logo\/image\/\"}}]}<\/script>\n<!-- \/ Yoast SEO plugin. -->","yoast_head_json":{"title":"BRIO, Mitt f\u00f8rste batterilokomotiv - Barneleker.no","robots":{"index":"index","follow":"follow","max-snippet":"max-snippet:-1","max-image-preview":"max-image-preview:large","max-video-preview":"max-video-preview:-1"},"canonical":"https:\/\/barneleker.no\/index.php\/product\/brio-mitt-forste-batterilokomotiv\/","og_locale":"nb_NO","og_type":"article","og_title":"BRIO, Mitt f\u00f8rste batterilokomotiv - Barneleker.no","og_description":"Det er p\u00e5 tide for de yngste togkj\u00f8rerne \u00e5 leke med et tog som kj\u00f8rer av seg selv. Trykk p\u00e5 pilknappen \u00f8verst og toget g\u00e5r&hellip;","og_url":"https:\/\/barneleker.no\/index.php\/product\/brio-mitt-forste-batterilokomotiv\/","og_site_name":"Barneleker.no","twitter_card":"summary_large_image","schema":{"@context":"https:\/\/schema.org","@graph":[{"@type":"WebPage","@id":"https:\/\/barneleker.no\/index.php\/product\/brio-mitt-forste-batterilokomotiv\/","url":"https:\/\/barneleker.no\/index.php\/product\/brio-mitt-forste-batterilokomotiv\/","name":"BRIO, Mitt f\u00f8rste batterilokomotiv - Barneleker.no","isPartOf":{"@id":"https:\/\/barneleker.no\/#website"},"primaryImageOfPage":{"@id":"https:\/\/barneleker.no\/index.php\/product\/brio-mitt-forste-batterilokomotiv\/#primaryimage"},"image":{"@id":"https:\/\/barneleker.no\/index.php\/product\/brio-mitt-forste-batterilokomotiv\/#primaryimage"},"thumbnailUrl":"https:\/\/barneleker.no\/wp-content\/uploads\/2022\/02\/brio-mitt-forste-batterilokomotiv.jpg","datePublished":"2022-02-08T20:01:48+00:00","breadcrumb":{"@id":"https:\/\/barneleker.no\/index.php\/product\/brio-mitt-forste-batterilokomotiv\/#breadcrumb"},"inLanguage":"nb-NO","potentialAction":[{"@type":"ReadAction","target":["https:\/\/barneleker.no\/index.php\/product\/brio-mitt-forste-batterilokomotiv\/"]}]},{"@type":"ImageObject","inLanguage":"nb-NO","@id":"https:\/\/barneleker.no\/index.php\/product\/brio-mitt-forste-batterilokomotiv\/#primaryimage","url":"https:\/\/barneleker.no\/wp-content\/uploads\/2022\/02\/brio-mitt-forste-batterilokomotiv.jpg","contentUrl":"https:\/\/barneleker.no\/wp-content\/uploads\/2022\/02\/brio-mitt-forste-batterilokomotiv.jpg","width":555,"height":555},{"@type":"BreadcrumbList","@id":"https:\/\/barneleker.no\/index.php\/product\/brio-mitt-forste-batterilokomotiv\/#breadcrumb","itemListElement":[{"@type":"ListItem","position":1,"name":"Butikken","item":"https:\/\/barneleker.no\/"},{"@type":"ListItem","position":2,"name":"BRIO, Mitt f\u00f8rste batterilokomotiv"}]},{"@type":"WebSite","@id":"https:\/\/barneleker.no\/#website","url":"https:\/\/barneleker.no\/","name":"Barneleker.no","description":"Selvf\u00f8lgelig!","publisher":{"@id":"https:\/\/barneleker.no\/#organization"},"potentialAction":[{"@type":"SearchAction","target":{"@type":"EntryPoint","urlTemplate":"https:\/\/barneleker.no\/?s={search_term_string}"},"query-input":{"@type":"PropertyValueSpecification","valueRequired":true,"valueName":"search_term_string"}}],"inLanguage":"nb-NO"},{"@type":"Organization","@id":"https:\/\/barneleker.no\/#organization","name":"Barneleker.no","url":"https:\/\/barneleker.no\/","logo":{"@type":"ImageObject","inLanguage":"nb-NO","@id":"https:\/\/barneleker.no\/#\/schema\/logo\/image\/","url":"https:\/\/barneleker.no\/wp-content\/uploads\/2021\/11\/barneleker_logo-780x150-1.jpg","contentUrl":"https:\/\/barneleker.no\/wp-content\/uploads\/2021\/11\/barneleker_logo-780x150-1.jpg","width":780,"height":150,"caption":"Barneleker.no"},"image":{"@id":"https:\/\/barneleker.no\/#\/schema\/logo\/image\/"}}]}},"_links":{"self":[{"href":"https:\/\/barneleker.no\/index.php\/wp-json\/wp\/v2\/product\/14299","targetHints":{"allow":["GET"]}}],"collection":[{"href":"https:\/\/barneleker.no\/index.php\/wp-json\/wp\/v2\/product"}],"about":[{"href":"https:\/\/barneleker.no\/index.php\/wp-json\/wp\/v2\/types\/product"}],"replies":[{"embeddable":true,"href":"https:\/\/barneleker.no\/index.php\/wp-json\/wp\/v2\/comments?post=14299"}],"wp:featuredmedia":[{"embeddable":true,"href":"https:\/\/barneleker.no\/index.php\/wp-json\/wp\/v2\/media\/14298"}],"wp:attachment":[{"href":"https:\/\/barneleker.no\/index.php\/wp-json\/wp\/v2\/media?parent=14299"}],"wp:term":[{"taxonomy":"product_brand","embeddable":true,"href":"https:\/\/barneleker.no\/index.php\/wp-json\/wp\/v2\/product_brand?post=14299"},{"taxonomy":"product_cat","embeddable":true,"href":"https:\/\/barneleker.no\/index.php\/wp-json\/wp\/v2\/product_cat?post=14299"},{"taxonomy":"product_tag","embeddable":true,"href":"https:\/\/barneleker.no\/index.php\/wp-json\/wp\/v2\/product_tag?post=14299"}],"curies":[{"name":"wp","href":"https:\/\/api.w.org\/{rel}","templated":true}]}}