{"id":14313,"date":"2022-02-08T20:01:54","date_gmt":"2022-02-08T20:01:54","guid":{"rendered":"https:\/\/barneleker.no\/index.php\/product\/skrallan-gronn-regnjakke-og-sydvest\/"},"modified":"2022-02-08T20:01:54","modified_gmt":"2022-02-08T20:01:54","slug":"skrallan-gronn-regnjakke-og-sydvest","status":"publish","type":"product","link":"https:\/\/barneleker.no\/index.php\/product\/skrallan-gronn-regnjakke-og-sydvest\/","title":{"rendered":"Skr\u00e5llan, Gr\u00f8nn regnjakke og sydvest"},"content":{"rendered":"<p>Ta Skr\u00e5llan ut for en tur i regnet! Med denne regnjakken og regnhatten forblir hun t\u00f8rr n\u00e5r regnet h\u00f8ljer ned. Dukkekl\u00e6rne er laget av vannavst\u00f8tende stoff i fin gr\u00f8nn farge og hvit f\u00f4r med sorte sm\u00e5 prikker, fin og praktisk, slik at du alltid kan v\u00e6re ute sammen, uavhengig av v\u00e6ret! Regnt\u00f8y er av h\u00f8y kvalitet og passer perfekt til snakkedukken Skr\u00e5llan. Det er ogs\u00e5 matchende t\u00f8ffe st\u00f8vler for \u00e5 komplettere denne jakken med.<\/p>\n","protected":false},"excerpt":{"rendered":"<p>Ta Skr\u00e5llan ut for en tur i regnet! Med denne regnjakken og regnhatten forblir hun t\u00f8rr n\u00e5r regnet h\u00f8ljer ned. Dukkekl\u00e6rne er laget av vannavst\u00f8tende&hellip;<\/p>\n","protected":false},"featured_media":14312,"comment_status":"open","ping_status":"closed","template":"","meta":[],"product_brand":[],"product_cat":[403],"product_tag":[],"class_list":{"0":"post-14313","1":"product","2":"type-product","3":"status-publish","4":"has-post-thumbnail","6":"product_cat-docktillbehor","8":"first","9":"instock","10":"shipping-taxable","11":"product-type-external","12":"customify-col"},"yoast_head":"<!-- This site is optimized with the Yoast SEO plugin v26.0 - https:\/\/yoast.com\/wordpress\/plugins\/seo\/ -->\n<title>Skr\u00e5llan, Gr\u00f8nn regnjakke og sydvest - Barneleker.no<\/title>\n<meta name=\"robots\" content=\"index, follow, max-snippet:-1, max-image-preview:large, max-video-preview:-1\" \/>\n<link rel=\"canonical\" href=\"https:\/\/barneleker.no\/index.php\/product\/skrallan-gronn-regnjakke-og-sydvest\/\" \/>\n<meta property=\"og:locale\" content=\"nb_NO\" \/>\n<meta property=\"og:type\" content=\"article\" \/>\n<meta property=\"og:title\" content=\"Skr\u00e5llan, Gr\u00f8nn regnjakke og sydvest - Barneleker.no\" \/>\n<meta property=\"og:description\" content=\"Ta Skr\u00e5llan ut for en tur i regnet! Med denne regnjakken og regnhatten forblir hun t\u00f8rr n\u00e5r regnet h\u00f8ljer ned. Dukkekl\u00e6rne er laget av vannavst\u00f8tende&hellip;\" \/>\n<meta property=\"og:url\" content=\"https:\/\/barneleker.no\/index.php\/product\/skrallan-gronn-regnjakke-og-sydvest\/\" \/>\n<meta property=\"og:site_name\" content=\"Barneleker.no\" \/>\n<meta name=\"twitter:card\" content=\"summary_large_image\" \/>\n<script type=\"application\/ld+json\" class=\"yoast-schema-graph\">{\"@context\":\"https:\/\/schema.org\",\"@graph\":[{\"@type\":\"WebPage\",\"@id\":\"https:\/\/barneleker.no\/index.php\/product\/skrallan-gronn-regnjakke-og-sydvest\/\",\"url\":\"https:\/\/barneleker.no\/index.php\/product\/skrallan-gronn-regnjakke-og-sydvest\/\",\"name\":\"Skr\u00e5llan, Gr\u00f8nn regnjakke og sydvest - Barneleker.no\",\"isPartOf\":{\"@id\":\"https:\/\/barneleker.no\/#website\"},\"primaryImageOfPage\":{\"@id\":\"https:\/\/barneleker.no\/index.php\/product\/skrallan-gronn-regnjakke-og-sydvest\/#primaryimage\"},\"image\":{\"@id\":\"https:\/\/barneleker.no\/index.php\/product\/skrallan-gronn-regnjakke-og-sydvest\/#primaryimage\"},\"thumbnailUrl\":\"https:\/\/barneleker.no\/wp-content\/uploads\/2022\/02\/skrallan-gronn-regnjakke-og-sydvest.jpg\",\"datePublished\":\"2022-02-08T20:01:54+00:00\",\"breadcrumb\":{\"@id\":\"https:\/\/barneleker.no\/index.php\/product\/skrallan-gronn-regnjakke-og-sydvest\/#breadcrumb\"},\"inLanguage\":\"nb-NO\",\"potentialAction\":[{\"@type\":\"ReadAction\",\"target\":[\"https:\/\/barneleker.no\/index.php\/product\/skrallan-gronn-regnjakke-og-sydvest\/\"]}]},{\"@type\":\"ImageObject\",\"inLanguage\":\"nb-NO\",\"@id\":\"https:\/\/barneleker.no\/index.php\/product\/skrallan-gronn-regnjakke-og-sydvest\/#primaryimage\",\"url\":\"https:\/\/barneleker.no\/wp-content\/uploads\/2022\/02\/skrallan-gronn-regnjakke-og-sydvest.jpg\",\"contentUrl\":\"https:\/\/barneleker.no\/wp-content\/uploads\/2022\/02\/skrallan-gronn-regnjakke-og-sydvest.jpg\",\"width\":555,\"height\":555},{\"@type\":\"BreadcrumbList\",\"@id\":\"https:\/\/barneleker.no\/index.php\/product\/skrallan-gronn-regnjakke-og-sydvest\/#breadcrumb\",\"itemListElement\":[{\"@type\":\"ListItem\",\"position\":1,\"name\":\"Butikken\",\"item\":\"https:\/\/barneleker.no\/\"},{\"@type\":\"ListItem\",\"position\":2,\"name\":\"Skr\u00e5llan, Gr\u00f8nn regnjakke og sydvest\"}]},{\"@type\":\"WebSite\",\"@id\":\"https:\/\/barneleker.no\/#website\",\"url\":\"https:\/\/barneleker.no\/\",\"name\":\"Barneleker.no\",\"description\":\"Selvf\u00f8lgelig!\",\"publisher\":{\"@id\":\"https:\/\/barneleker.no\/#organization\"},\"potentialAction\":[{\"@type\":\"SearchAction\",\"target\":{\"@type\":\"EntryPoint\",\"urlTemplate\":\"https:\/\/barneleker.no\/?s={search_term_string}\"},\"query-input\":{\"@type\":\"PropertyValueSpecification\",\"valueRequired\":true,\"valueName\":\"search_term_string\"}}],\"inLanguage\":\"nb-NO\"},{\"@type\":\"Organization\",\"@id\":\"https:\/\/barneleker.no\/#organization\",\"name\":\"Barneleker.no\",\"url\":\"https:\/\/barneleker.no\/\",\"logo\":{\"@type\":\"ImageObject\",\"inLanguage\":\"nb-NO\",\"@id\":\"https:\/\/barneleker.no\/#\/schema\/logo\/image\/\",\"url\":\"https:\/\/barneleker.no\/wp-content\/uploads\/2021\/11\/barneleker_logo-780x150-1.jpg\",\"contentUrl\":\"https:\/\/barneleker.no\/wp-content\/uploads\/2021\/11\/barneleker_logo-780x150-1.jpg\",\"width\":780,\"height\":150,\"caption\":\"Barneleker.no\"},\"image\":{\"@id\":\"https:\/\/barneleker.no\/#\/schema\/logo\/image\/\"}}]}<\/script>\n<!-- \/ Yoast SEO plugin. -->","yoast_head_json":{"title":"Skr\u00e5llan, Gr\u00f8nn regnjakke og sydvest - Barneleker.no","robots":{"index":"index","follow":"follow","max-snippet":"max-snippet:-1","max-image-preview":"max-image-preview:large","max-video-preview":"max-video-preview:-1"},"canonical":"https:\/\/barneleker.no\/index.php\/product\/skrallan-gronn-regnjakke-og-sydvest\/","og_locale":"nb_NO","og_type":"article","og_title":"Skr\u00e5llan, Gr\u00f8nn regnjakke og sydvest - Barneleker.no","og_description":"Ta Skr\u00e5llan ut for en tur i regnet! Med denne regnjakken og regnhatten forblir hun t\u00f8rr n\u00e5r regnet h\u00f8ljer ned. Dukkekl\u00e6rne er laget av vannavst\u00f8tende&hellip;","og_url":"https:\/\/barneleker.no\/index.php\/product\/skrallan-gronn-regnjakke-og-sydvest\/","og_site_name":"Barneleker.no","twitter_card":"summary_large_image","schema":{"@context":"https:\/\/schema.org","@graph":[{"@type":"WebPage","@id":"https:\/\/barneleker.no\/index.php\/product\/skrallan-gronn-regnjakke-og-sydvest\/","url":"https:\/\/barneleker.no\/index.php\/product\/skrallan-gronn-regnjakke-og-sydvest\/","name":"Skr\u00e5llan, Gr\u00f8nn regnjakke og sydvest - Barneleker.no","isPartOf":{"@id":"https:\/\/barneleker.no\/#website"},"primaryImageOfPage":{"@id":"https:\/\/barneleker.no\/index.php\/product\/skrallan-gronn-regnjakke-og-sydvest\/#primaryimage"},"image":{"@id":"https:\/\/barneleker.no\/index.php\/product\/skrallan-gronn-regnjakke-og-sydvest\/#primaryimage"},"thumbnailUrl":"https:\/\/barneleker.no\/wp-content\/uploads\/2022\/02\/skrallan-gronn-regnjakke-og-sydvest.jpg","datePublished":"2022-02-08T20:01:54+00:00","breadcrumb":{"@id":"https:\/\/barneleker.no\/index.php\/product\/skrallan-gronn-regnjakke-og-sydvest\/#breadcrumb"},"inLanguage":"nb-NO","potentialAction":[{"@type":"ReadAction","target":["https:\/\/barneleker.no\/index.php\/product\/skrallan-gronn-regnjakke-og-sydvest\/"]}]},{"@type":"ImageObject","inLanguage":"nb-NO","@id":"https:\/\/barneleker.no\/index.php\/product\/skrallan-gronn-regnjakke-og-sydvest\/#primaryimage","url":"https:\/\/barneleker.no\/wp-content\/uploads\/2022\/02\/skrallan-gronn-regnjakke-og-sydvest.jpg","contentUrl":"https:\/\/barneleker.no\/wp-content\/uploads\/2022\/02\/skrallan-gronn-regnjakke-og-sydvest.jpg","width":555,"height":555},{"@type":"BreadcrumbList","@id":"https:\/\/barneleker.no\/index.php\/product\/skrallan-gronn-regnjakke-og-sydvest\/#breadcrumb","itemListElement":[{"@type":"ListItem","position":1,"name":"Butikken","item":"https:\/\/barneleker.no\/"},{"@type":"ListItem","position":2,"name":"Skr\u00e5llan, Gr\u00f8nn regnjakke og sydvest"}]},{"@type":"WebSite","@id":"https:\/\/barneleker.no\/#website","url":"https:\/\/barneleker.no\/","name":"Barneleker.no","description":"Selvf\u00f8lgelig!","publisher":{"@id":"https:\/\/barneleker.no\/#organization"},"potentialAction":[{"@type":"SearchAction","target":{"@type":"EntryPoint","urlTemplate":"https:\/\/barneleker.no\/?s={search_term_string}"},"query-input":{"@type":"PropertyValueSpecification","valueRequired":true,"valueName":"search_term_string"}}],"inLanguage":"nb-NO"},{"@type":"Organization","@id":"https:\/\/barneleker.no\/#organization","name":"Barneleker.no","url":"https:\/\/barneleker.no\/","logo":{"@type":"ImageObject","inLanguage":"nb-NO","@id":"https:\/\/barneleker.no\/#\/schema\/logo\/image\/","url":"https:\/\/barneleker.no\/wp-content\/uploads\/2021\/11\/barneleker_logo-780x150-1.jpg","contentUrl":"https:\/\/barneleker.no\/wp-content\/uploads\/2021\/11\/barneleker_logo-780x150-1.jpg","width":780,"height":150,"caption":"Barneleker.no"},"image":{"@id":"https:\/\/barneleker.no\/#\/schema\/logo\/image\/"}}]}},"_links":{"self":[{"href":"https:\/\/barneleker.no\/index.php\/wp-json\/wp\/v2\/product\/14313","targetHints":{"allow":["GET"]}}],"collection":[{"href":"https:\/\/barneleker.no\/index.php\/wp-json\/wp\/v2\/product"}],"about":[{"href":"https:\/\/barneleker.no\/index.php\/wp-json\/wp\/v2\/types\/product"}],"replies":[{"embeddable":true,"href":"https:\/\/barneleker.no\/index.php\/wp-json\/wp\/v2\/comments?post=14313"}],"wp:featuredmedia":[{"embeddable":true,"href":"https:\/\/barneleker.no\/index.php\/wp-json\/wp\/v2\/media\/14312"}],"wp:attachment":[{"href":"https:\/\/barneleker.no\/index.php\/wp-json\/wp\/v2\/media?parent=14313"}],"wp:term":[{"taxonomy":"product_brand","embeddable":true,"href":"https:\/\/barneleker.no\/index.php\/wp-json\/wp\/v2\/product_brand?post=14313"},{"taxonomy":"product_cat","embeddable":true,"href":"https:\/\/barneleker.no\/index.php\/wp-json\/wp\/v2\/product_cat?post=14313"},{"taxonomy":"product_tag","embeddable":true,"href":"https:\/\/barneleker.no\/index.php\/wp-json\/wp\/v2\/product_tag?post=14313"}],"curies":[{"name":"wp","href":"https:\/\/api.w.org\/{rel}","templated":true}]}}