{"id":14321,"date":"2022-02-08T20:01:57","date_gmt":"2022-02-08T20:01:57","guid":{"rendered":"https:\/\/barneleker.no\/index.php\/product\/pap-kjokken-med-lys-og-lyd\/"},"modified":"2022-02-08T20:01:57","modified_gmt":"2022-02-08T20:01:57","slug":"pap-kjokken-med-lys-og-lyd","status":"publish","type":"product","link":"https:\/\/barneleker.no\/index.php\/product\/pap-kjokken-med-lys-og-lyd\/","title":{"rendered":"PAP, Kj\u00f8kken med lys og lyd"},"content":{"rendered":"<p>N\u00e5 kan du lage en skikkelig fest p\u00e5 barnerommet. Dette kj\u00f8kkenet er velutstyrt med alle tenkelige funksjoner og tilbeh\u00f8r. Du har en ovn med \u00e5pningsbar luke, komfyr med flere plater, vask med kran, kapsel-kaffemaskin, mikrob\u00f8lgeovn, br\u00f8drister, servise og lagringshyller, i tillegg til stekepanne, kasserolle, tallerkener, kopper, bestikk, \u00f8seboller, kasseroller og flere matvarer.<\/p>\n","protected":false},"excerpt":{"rendered":"<p>N\u00e5 kan du lage en skikkelig fest p\u00e5 barnerommet. Dette kj\u00f8kkenet er velutstyrt med alle tenkelige funksjoner og tilbeh\u00f8r. Du har en ovn med \u00e5pningsbar&hellip;<\/p>\n","protected":false},"featured_media":14320,"comment_status":"open","ping_status":"closed","template":"","meta":[],"product_brand":[],"product_cat":[549],"product_tag":[],"class_list":{"0":"post-14321","1":"product","2":"type-product","3":"status-publish","4":"has-post-thumbnail","6":"product_cat-kok","8":"first","9":"instock","10":"shipping-taxable","11":"product-type-external","12":"customify-col"},"yoast_head":"<!-- This site is optimized with the Yoast SEO plugin v26.0 - https:\/\/yoast.com\/wordpress\/plugins\/seo\/ -->\n<title>PAP, Kj\u00f8kken med lys og lyd - Barneleker.no<\/title>\n<meta name=\"robots\" content=\"index, follow, max-snippet:-1, max-image-preview:large, max-video-preview:-1\" \/>\n<link rel=\"canonical\" href=\"https:\/\/barneleker.no\/index.php\/product\/pap-kjokken-med-lys-og-lyd\/\" \/>\n<meta property=\"og:locale\" content=\"nb_NO\" \/>\n<meta property=\"og:type\" content=\"article\" \/>\n<meta property=\"og:title\" content=\"PAP, Kj\u00f8kken med lys og lyd - Barneleker.no\" \/>\n<meta property=\"og:description\" content=\"N\u00e5 kan du lage en skikkelig fest p\u00e5 barnerommet. Dette kj\u00f8kkenet er velutstyrt med alle tenkelige funksjoner og tilbeh\u00f8r. Du har en ovn med \u00e5pningsbar&hellip;\" \/>\n<meta property=\"og:url\" content=\"https:\/\/barneleker.no\/index.php\/product\/pap-kjokken-med-lys-og-lyd\/\" \/>\n<meta property=\"og:site_name\" content=\"Barneleker.no\" \/>\n<meta name=\"twitter:card\" content=\"summary_large_image\" \/>\n<script type=\"application\/ld+json\" class=\"yoast-schema-graph\">{\"@context\":\"https:\/\/schema.org\",\"@graph\":[{\"@type\":\"WebPage\",\"@id\":\"https:\/\/barneleker.no\/index.php\/product\/pap-kjokken-med-lys-og-lyd\/\",\"url\":\"https:\/\/barneleker.no\/index.php\/product\/pap-kjokken-med-lys-og-lyd\/\",\"name\":\"PAP, Kj\u00f8kken med lys og lyd - Barneleker.no\",\"isPartOf\":{\"@id\":\"https:\/\/barneleker.no\/#website\"},\"primaryImageOfPage\":{\"@id\":\"https:\/\/barneleker.no\/index.php\/product\/pap-kjokken-med-lys-og-lyd\/#primaryimage\"},\"image\":{\"@id\":\"https:\/\/barneleker.no\/index.php\/product\/pap-kjokken-med-lys-og-lyd\/#primaryimage\"},\"thumbnailUrl\":\"https:\/\/barneleker.no\/wp-content\/uploads\/2022\/02\/pap-kjokken-med-lys-og-lyd.jpg\",\"datePublished\":\"2022-02-08T20:01:57+00:00\",\"breadcrumb\":{\"@id\":\"https:\/\/barneleker.no\/index.php\/product\/pap-kjokken-med-lys-og-lyd\/#breadcrumb\"},\"inLanguage\":\"nb-NO\",\"potentialAction\":[{\"@type\":\"ReadAction\",\"target\":[\"https:\/\/barneleker.no\/index.php\/product\/pap-kjokken-med-lys-og-lyd\/\"]}]},{\"@type\":\"ImageObject\",\"inLanguage\":\"nb-NO\",\"@id\":\"https:\/\/barneleker.no\/index.php\/product\/pap-kjokken-med-lys-og-lyd\/#primaryimage\",\"url\":\"https:\/\/barneleker.no\/wp-content\/uploads\/2022\/02\/pap-kjokken-med-lys-og-lyd.jpg\",\"contentUrl\":\"https:\/\/barneleker.no\/wp-content\/uploads\/2022\/02\/pap-kjokken-med-lys-og-lyd.jpg\",\"width\":555,\"height\":555},{\"@type\":\"BreadcrumbList\",\"@id\":\"https:\/\/barneleker.no\/index.php\/product\/pap-kjokken-med-lys-og-lyd\/#breadcrumb\",\"itemListElement\":[{\"@type\":\"ListItem\",\"position\":1,\"name\":\"Butikken\",\"item\":\"https:\/\/barneleker.no\/\"},{\"@type\":\"ListItem\",\"position\":2,\"name\":\"PAP, Kj\u00f8kken med lys og lyd\"}]},{\"@type\":\"WebSite\",\"@id\":\"https:\/\/barneleker.no\/#website\",\"url\":\"https:\/\/barneleker.no\/\",\"name\":\"Barneleker.no\",\"description\":\"Selvf\u00f8lgelig!\",\"publisher\":{\"@id\":\"https:\/\/barneleker.no\/#organization\"},\"potentialAction\":[{\"@type\":\"SearchAction\",\"target\":{\"@type\":\"EntryPoint\",\"urlTemplate\":\"https:\/\/barneleker.no\/?s={search_term_string}\"},\"query-input\":{\"@type\":\"PropertyValueSpecification\",\"valueRequired\":true,\"valueName\":\"search_term_string\"}}],\"inLanguage\":\"nb-NO\"},{\"@type\":\"Organization\",\"@id\":\"https:\/\/barneleker.no\/#organization\",\"name\":\"Barneleker.no\",\"url\":\"https:\/\/barneleker.no\/\",\"logo\":{\"@type\":\"ImageObject\",\"inLanguage\":\"nb-NO\",\"@id\":\"https:\/\/barneleker.no\/#\/schema\/logo\/image\/\",\"url\":\"https:\/\/barneleker.no\/wp-content\/uploads\/2021\/11\/barneleker_logo-780x150-1.jpg\",\"contentUrl\":\"https:\/\/barneleker.no\/wp-content\/uploads\/2021\/11\/barneleker_logo-780x150-1.jpg\",\"width\":780,\"height\":150,\"caption\":\"Barneleker.no\"},\"image\":{\"@id\":\"https:\/\/barneleker.no\/#\/schema\/logo\/image\/\"}}]}<\/script>\n<!-- \/ Yoast SEO plugin. -->","yoast_head_json":{"title":"PAP, Kj\u00f8kken med lys og lyd - Barneleker.no","robots":{"index":"index","follow":"follow","max-snippet":"max-snippet:-1","max-image-preview":"max-image-preview:large","max-video-preview":"max-video-preview:-1"},"canonical":"https:\/\/barneleker.no\/index.php\/product\/pap-kjokken-med-lys-og-lyd\/","og_locale":"nb_NO","og_type":"article","og_title":"PAP, Kj\u00f8kken med lys og lyd - Barneleker.no","og_description":"N\u00e5 kan du lage en skikkelig fest p\u00e5 barnerommet. Dette kj\u00f8kkenet er velutstyrt med alle tenkelige funksjoner og tilbeh\u00f8r. Du har en ovn med \u00e5pningsbar&hellip;","og_url":"https:\/\/barneleker.no\/index.php\/product\/pap-kjokken-med-lys-og-lyd\/","og_site_name":"Barneleker.no","twitter_card":"summary_large_image","schema":{"@context":"https:\/\/schema.org","@graph":[{"@type":"WebPage","@id":"https:\/\/barneleker.no\/index.php\/product\/pap-kjokken-med-lys-og-lyd\/","url":"https:\/\/barneleker.no\/index.php\/product\/pap-kjokken-med-lys-og-lyd\/","name":"PAP, Kj\u00f8kken med lys og lyd - Barneleker.no","isPartOf":{"@id":"https:\/\/barneleker.no\/#website"},"primaryImageOfPage":{"@id":"https:\/\/barneleker.no\/index.php\/product\/pap-kjokken-med-lys-og-lyd\/#primaryimage"},"image":{"@id":"https:\/\/barneleker.no\/index.php\/product\/pap-kjokken-med-lys-og-lyd\/#primaryimage"},"thumbnailUrl":"https:\/\/barneleker.no\/wp-content\/uploads\/2022\/02\/pap-kjokken-med-lys-og-lyd.jpg","datePublished":"2022-02-08T20:01:57+00:00","breadcrumb":{"@id":"https:\/\/barneleker.no\/index.php\/product\/pap-kjokken-med-lys-og-lyd\/#breadcrumb"},"inLanguage":"nb-NO","potentialAction":[{"@type":"ReadAction","target":["https:\/\/barneleker.no\/index.php\/product\/pap-kjokken-med-lys-og-lyd\/"]}]},{"@type":"ImageObject","inLanguage":"nb-NO","@id":"https:\/\/barneleker.no\/index.php\/product\/pap-kjokken-med-lys-og-lyd\/#primaryimage","url":"https:\/\/barneleker.no\/wp-content\/uploads\/2022\/02\/pap-kjokken-med-lys-og-lyd.jpg","contentUrl":"https:\/\/barneleker.no\/wp-content\/uploads\/2022\/02\/pap-kjokken-med-lys-og-lyd.jpg","width":555,"height":555},{"@type":"BreadcrumbList","@id":"https:\/\/barneleker.no\/index.php\/product\/pap-kjokken-med-lys-og-lyd\/#breadcrumb","itemListElement":[{"@type":"ListItem","position":1,"name":"Butikken","item":"https:\/\/barneleker.no\/"},{"@type":"ListItem","position":2,"name":"PAP, Kj\u00f8kken med lys og lyd"}]},{"@type":"WebSite","@id":"https:\/\/barneleker.no\/#website","url":"https:\/\/barneleker.no\/","name":"Barneleker.no","description":"Selvf\u00f8lgelig!","publisher":{"@id":"https:\/\/barneleker.no\/#organization"},"potentialAction":[{"@type":"SearchAction","target":{"@type":"EntryPoint","urlTemplate":"https:\/\/barneleker.no\/?s={search_term_string}"},"query-input":{"@type":"PropertyValueSpecification","valueRequired":true,"valueName":"search_term_string"}}],"inLanguage":"nb-NO"},{"@type":"Organization","@id":"https:\/\/barneleker.no\/#organization","name":"Barneleker.no","url":"https:\/\/barneleker.no\/","logo":{"@type":"ImageObject","inLanguage":"nb-NO","@id":"https:\/\/barneleker.no\/#\/schema\/logo\/image\/","url":"https:\/\/barneleker.no\/wp-content\/uploads\/2021\/11\/barneleker_logo-780x150-1.jpg","contentUrl":"https:\/\/barneleker.no\/wp-content\/uploads\/2021\/11\/barneleker_logo-780x150-1.jpg","width":780,"height":150,"caption":"Barneleker.no"},"image":{"@id":"https:\/\/barneleker.no\/#\/schema\/logo\/image\/"}}]}},"_links":{"self":[{"href":"https:\/\/barneleker.no\/index.php\/wp-json\/wp\/v2\/product\/14321","targetHints":{"allow":["GET"]}}],"collection":[{"href":"https:\/\/barneleker.no\/index.php\/wp-json\/wp\/v2\/product"}],"about":[{"href":"https:\/\/barneleker.no\/index.php\/wp-json\/wp\/v2\/types\/product"}],"replies":[{"embeddable":true,"href":"https:\/\/barneleker.no\/index.php\/wp-json\/wp\/v2\/comments?post=14321"}],"wp:featuredmedia":[{"embeddable":true,"href":"https:\/\/barneleker.no\/index.php\/wp-json\/wp\/v2\/media\/14320"}],"wp:attachment":[{"href":"https:\/\/barneleker.no\/index.php\/wp-json\/wp\/v2\/media?parent=14321"}],"wp:term":[{"taxonomy":"product_brand","embeddable":true,"href":"https:\/\/barneleker.no\/index.php\/wp-json\/wp\/v2\/product_brand?post=14321"},{"taxonomy":"product_cat","embeddable":true,"href":"https:\/\/barneleker.no\/index.php\/wp-json\/wp\/v2\/product_cat?post=14321"},{"taxonomy":"product_tag","embeddable":true,"href":"https:\/\/barneleker.no\/index.php\/wp-json\/wp\/v2\/product_tag?post=14321"}],"curies":[{"name":"wp","href":"https:\/\/api.w.org\/{rel}","templated":true}]}}