{"id":14325,"date":"2022-02-08T20:01:58","date_gmt":"2022-02-08T20:01:58","guid":{"rendered":"https:\/\/barneleker.no\/index.php\/product\/science-play-lag-krystaller-stor-pakke\/"},"modified":"2022-02-08T20:01:58","modified_gmt":"2022-02-08T20:01:58","slug":"science-play-lag-krystaller-stor-pakke","status":"publish","type":"product","link":"https:\/\/barneleker.no\/index.php\/product\/science-play-lag-krystaller-stor-pakke\/","title":{"rendered":"Science &#038; Play, Lag Krystaller stor pakke"},"content":{"rendered":"<p>Et rikt laboratoriesett med eksperimenter i hjemmet for \u00e5 lage fantastiske og fargerike store krystaller i mange forskjellige former. Oppdag hvordan du kan f\u00e5 krystaller til \u00e5 vokse og hvordan forskjellige stoffer lager forskjellige krystallstrukturer. Du kan ogs\u00e5 gj\u00f8re dine krystaller fluorescerende. Bygge dine egne krystaller p\u00e5 vedlagte plast- og papirbaser og lag din egen geode (en liten hule, med krystaller p\u00e5 veggene). Hvordan du lager dette fremg\u00e5r av manualen som er rikt illustrert.<\/p>\n","protected":false},"excerpt":{"rendered":"<p>Et rikt laboratoriesett med eksperimenter i hjemmet for \u00e5 lage fantastiske og fargerike store krystaller i mange forskjellige former. Oppdag hvordan du kan f\u00e5 krystaller&hellip;<\/p>\n","protected":false},"featured_media":14324,"comment_status":"open","ping_status":"closed","template":"","meta":[],"product_brand":[],"product_cat":[501],"product_tag":[],"class_list":{"0":"post-14325","1":"product","2":"type-product","3":"status-publish","4":"has-post-thumbnail","6":"product_cat-experiment","8":"first","9":"instock","10":"shipping-taxable","11":"product-type-external","12":"customify-col"},"yoast_head":"<!-- This site is optimized with the Yoast SEO plugin v26.0 - https:\/\/yoast.com\/wordpress\/plugins\/seo\/ -->\n<title>Science &amp; Play, Lag Krystaller stor pakke - Barneleker.no<\/title>\n<meta name=\"robots\" content=\"index, follow, max-snippet:-1, max-image-preview:large, max-video-preview:-1\" \/>\n<link rel=\"canonical\" href=\"https:\/\/barneleker.no\/index.php\/product\/science-play-lag-krystaller-stor-pakke\/\" \/>\n<meta property=\"og:locale\" content=\"nb_NO\" \/>\n<meta property=\"og:type\" content=\"article\" \/>\n<meta property=\"og:title\" content=\"Science &amp; Play, Lag Krystaller stor pakke - Barneleker.no\" \/>\n<meta property=\"og:description\" content=\"Et rikt laboratoriesett med eksperimenter i hjemmet for \u00e5 lage fantastiske og fargerike store krystaller i mange forskjellige former. Oppdag hvordan du kan f\u00e5 krystaller&hellip;\" \/>\n<meta property=\"og:url\" content=\"https:\/\/barneleker.no\/index.php\/product\/science-play-lag-krystaller-stor-pakke\/\" \/>\n<meta property=\"og:site_name\" content=\"Barneleker.no\" \/>\n<meta name=\"twitter:card\" content=\"summary_large_image\" \/>\n<script type=\"application\/ld+json\" class=\"yoast-schema-graph\">{\"@context\":\"https:\/\/schema.org\",\"@graph\":[{\"@type\":\"WebPage\",\"@id\":\"https:\/\/barneleker.no\/index.php\/product\/science-play-lag-krystaller-stor-pakke\/\",\"url\":\"https:\/\/barneleker.no\/index.php\/product\/science-play-lag-krystaller-stor-pakke\/\",\"name\":\"Science & Play, Lag Krystaller stor pakke - Barneleker.no\",\"isPartOf\":{\"@id\":\"https:\/\/barneleker.no\/#website\"},\"primaryImageOfPage\":{\"@id\":\"https:\/\/barneleker.no\/index.php\/product\/science-play-lag-krystaller-stor-pakke\/#primaryimage\"},\"image\":{\"@id\":\"https:\/\/barneleker.no\/index.php\/product\/science-play-lag-krystaller-stor-pakke\/#primaryimage\"},\"thumbnailUrl\":\"https:\/\/barneleker.no\/wp-content\/uploads\/2022\/02\/science-play-lag-krystaller-stor-pakke.jpg\",\"datePublished\":\"2022-02-08T20:01:58+00:00\",\"breadcrumb\":{\"@id\":\"https:\/\/barneleker.no\/index.php\/product\/science-play-lag-krystaller-stor-pakke\/#breadcrumb\"},\"inLanguage\":\"nb-NO\",\"potentialAction\":[{\"@type\":\"ReadAction\",\"target\":[\"https:\/\/barneleker.no\/index.php\/product\/science-play-lag-krystaller-stor-pakke\/\"]}]},{\"@type\":\"ImageObject\",\"inLanguage\":\"nb-NO\",\"@id\":\"https:\/\/barneleker.no\/index.php\/product\/science-play-lag-krystaller-stor-pakke\/#primaryimage\",\"url\":\"https:\/\/barneleker.no\/wp-content\/uploads\/2022\/02\/science-play-lag-krystaller-stor-pakke.jpg\",\"contentUrl\":\"https:\/\/barneleker.no\/wp-content\/uploads\/2022\/02\/science-play-lag-krystaller-stor-pakke.jpg\",\"width\":555,\"height\":555},{\"@type\":\"BreadcrumbList\",\"@id\":\"https:\/\/barneleker.no\/index.php\/product\/science-play-lag-krystaller-stor-pakke\/#breadcrumb\",\"itemListElement\":[{\"@type\":\"ListItem\",\"position\":1,\"name\":\"Butikken\",\"item\":\"https:\/\/barneleker.no\/\"},{\"@type\":\"ListItem\",\"position\":2,\"name\":\"Science &#038; Play, Lag Krystaller stor pakke\"}]},{\"@type\":\"WebSite\",\"@id\":\"https:\/\/barneleker.no\/#website\",\"url\":\"https:\/\/barneleker.no\/\",\"name\":\"Barneleker.no\",\"description\":\"Selvf\u00f8lgelig!\",\"publisher\":{\"@id\":\"https:\/\/barneleker.no\/#organization\"},\"potentialAction\":[{\"@type\":\"SearchAction\",\"target\":{\"@type\":\"EntryPoint\",\"urlTemplate\":\"https:\/\/barneleker.no\/?s={search_term_string}\"},\"query-input\":{\"@type\":\"PropertyValueSpecification\",\"valueRequired\":true,\"valueName\":\"search_term_string\"}}],\"inLanguage\":\"nb-NO\"},{\"@type\":\"Organization\",\"@id\":\"https:\/\/barneleker.no\/#organization\",\"name\":\"Barneleker.no\",\"url\":\"https:\/\/barneleker.no\/\",\"logo\":{\"@type\":\"ImageObject\",\"inLanguage\":\"nb-NO\",\"@id\":\"https:\/\/barneleker.no\/#\/schema\/logo\/image\/\",\"url\":\"https:\/\/barneleker.no\/wp-content\/uploads\/2021\/11\/barneleker_logo-780x150-1.jpg\",\"contentUrl\":\"https:\/\/barneleker.no\/wp-content\/uploads\/2021\/11\/barneleker_logo-780x150-1.jpg\",\"width\":780,\"height\":150,\"caption\":\"Barneleker.no\"},\"image\":{\"@id\":\"https:\/\/barneleker.no\/#\/schema\/logo\/image\/\"}}]}<\/script>\n<!-- \/ Yoast SEO plugin. -->","yoast_head_json":{"title":"Science & Play, Lag Krystaller stor pakke - Barneleker.no","robots":{"index":"index","follow":"follow","max-snippet":"max-snippet:-1","max-image-preview":"max-image-preview:large","max-video-preview":"max-video-preview:-1"},"canonical":"https:\/\/barneleker.no\/index.php\/product\/science-play-lag-krystaller-stor-pakke\/","og_locale":"nb_NO","og_type":"article","og_title":"Science & Play, Lag Krystaller stor pakke - Barneleker.no","og_description":"Et rikt laboratoriesett med eksperimenter i hjemmet for \u00e5 lage fantastiske og fargerike store krystaller i mange forskjellige former. Oppdag hvordan du kan f\u00e5 krystaller&hellip;","og_url":"https:\/\/barneleker.no\/index.php\/product\/science-play-lag-krystaller-stor-pakke\/","og_site_name":"Barneleker.no","twitter_card":"summary_large_image","schema":{"@context":"https:\/\/schema.org","@graph":[{"@type":"WebPage","@id":"https:\/\/barneleker.no\/index.php\/product\/science-play-lag-krystaller-stor-pakke\/","url":"https:\/\/barneleker.no\/index.php\/product\/science-play-lag-krystaller-stor-pakke\/","name":"Science & Play, Lag Krystaller stor pakke - Barneleker.no","isPartOf":{"@id":"https:\/\/barneleker.no\/#website"},"primaryImageOfPage":{"@id":"https:\/\/barneleker.no\/index.php\/product\/science-play-lag-krystaller-stor-pakke\/#primaryimage"},"image":{"@id":"https:\/\/barneleker.no\/index.php\/product\/science-play-lag-krystaller-stor-pakke\/#primaryimage"},"thumbnailUrl":"https:\/\/barneleker.no\/wp-content\/uploads\/2022\/02\/science-play-lag-krystaller-stor-pakke.jpg","datePublished":"2022-02-08T20:01:58+00:00","breadcrumb":{"@id":"https:\/\/barneleker.no\/index.php\/product\/science-play-lag-krystaller-stor-pakke\/#breadcrumb"},"inLanguage":"nb-NO","potentialAction":[{"@type":"ReadAction","target":["https:\/\/barneleker.no\/index.php\/product\/science-play-lag-krystaller-stor-pakke\/"]}]},{"@type":"ImageObject","inLanguage":"nb-NO","@id":"https:\/\/barneleker.no\/index.php\/product\/science-play-lag-krystaller-stor-pakke\/#primaryimage","url":"https:\/\/barneleker.no\/wp-content\/uploads\/2022\/02\/science-play-lag-krystaller-stor-pakke.jpg","contentUrl":"https:\/\/barneleker.no\/wp-content\/uploads\/2022\/02\/science-play-lag-krystaller-stor-pakke.jpg","width":555,"height":555},{"@type":"BreadcrumbList","@id":"https:\/\/barneleker.no\/index.php\/product\/science-play-lag-krystaller-stor-pakke\/#breadcrumb","itemListElement":[{"@type":"ListItem","position":1,"name":"Butikken","item":"https:\/\/barneleker.no\/"},{"@type":"ListItem","position":2,"name":"Science &#038; Play, Lag Krystaller stor pakke"}]},{"@type":"WebSite","@id":"https:\/\/barneleker.no\/#website","url":"https:\/\/barneleker.no\/","name":"Barneleker.no","description":"Selvf\u00f8lgelig!","publisher":{"@id":"https:\/\/barneleker.no\/#organization"},"potentialAction":[{"@type":"SearchAction","target":{"@type":"EntryPoint","urlTemplate":"https:\/\/barneleker.no\/?s={search_term_string}"},"query-input":{"@type":"PropertyValueSpecification","valueRequired":true,"valueName":"search_term_string"}}],"inLanguage":"nb-NO"},{"@type":"Organization","@id":"https:\/\/barneleker.no\/#organization","name":"Barneleker.no","url":"https:\/\/barneleker.no\/","logo":{"@type":"ImageObject","inLanguage":"nb-NO","@id":"https:\/\/barneleker.no\/#\/schema\/logo\/image\/","url":"https:\/\/barneleker.no\/wp-content\/uploads\/2021\/11\/barneleker_logo-780x150-1.jpg","contentUrl":"https:\/\/barneleker.no\/wp-content\/uploads\/2021\/11\/barneleker_logo-780x150-1.jpg","width":780,"height":150,"caption":"Barneleker.no"},"image":{"@id":"https:\/\/barneleker.no\/#\/schema\/logo\/image\/"}}]}},"_links":{"self":[{"href":"https:\/\/barneleker.no\/index.php\/wp-json\/wp\/v2\/product\/14325","targetHints":{"allow":["GET"]}}],"collection":[{"href":"https:\/\/barneleker.no\/index.php\/wp-json\/wp\/v2\/product"}],"about":[{"href":"https:\/\/barneleker.no\/index.php\/wp-json\/wp\/v2\/types\/product"}],"replies":[{"embeddable":true,"href":"https:\/\/barneleker.no\/index.php\/wp-json\/wp\/v2\/comments?post=14325"}],"wp:featuredmedia":[{"embeddable":true,"href":"https:\/\/barneleker.no\/index.php\/wp-json\/wp\/v2\/media\/14324"}],"wp:attachment":[{"href":"https:\/\/barneleker.no\/index.php\/wp-json\/wp\/v2\/media?parent=14325"}],"wp:term":[{"taxonomy":"product_brand","embeddable":true,"href":"https:\/\/barneleker.no\/index.php\/wp-json\/wp\/v2\/product_brand?post=14325"},{"taxonomy":"product_cat","embeddable":true,"href":"https:\/\/barneleker.no\/index.php\/wp-json\/wp\/v2\/product_cat?post=14325"},{"taxonomy":"product_tag","embeddable":true,"href":"https:\/\/barneleker.no\/index.php\/wp-json\/wp\/v2\/product_tag?post=14325"}],"curies":[{"name":"wp","href":"https:\/\/api.w.org\/{rel}","templated":true}]}}