{"id":14419,"date":"2022-02-08T20:02:32","date_gmt":"2022-02-08T20:02:32","guid":{"rendered":"https:\/\/barneleker.no\/index.php\/product\/lego-star-wars-tm-75299-trobbel-pa-tatooine\/"},"modified":"2022-02-08T20:02:32","modified_gmt":"2022-02-08T20:02:32","slug":"lego-star-wars-tm-75299-trobbel-pa-tatooine","status":"publish","type":"product","link":"https:\/\/barneleker.no\/index.php\/product\/lego-star-wars-tm-75299-trobbel-pa-tatooine\/","title":{"rendered":"LEGO Star Wars TM 75299, Tr\u00f8bbel p\u00e5 Tatooine"},"content":{"rendered":"<p>Med settet LEGO\u00ae Star Wars\u2122 Tr\u00f8bbel p\u00e5 Tatooine (75299) kan barn bli med mandalorianeren og en Tusken-nomade p\u00e5 spennende tokt i \u00f8rkenen. Settet inkluderer mandalorianerens speedersykkel med LEGO\u00ae minifigursete og saltaske med plass til Barnet, samt Tusken-nomadens byggbare hytte og rakettkastende maskin (fra januar 2021).  Rollespill-action Denne fantastiske barneleken inneholder LEGO minifigurer av mandalorianeren og en Tusken Raider, en LEGO figur av Barnet (med kallenavnet baby Yoda) samt kule v\u00e5pen og inspirerer til timevis med g\u00f8yalt rollespill. Flott gave til unge fans av Star Wars: The Mandalorian. Enkle instruksjoner som gj\u00f8r byggingen lett selv for nye LEGO byggere.  En galakse av glede Siden 1999 har LEGO konsernet gjenskapt ikoniske stjerneskip, romfart\u00f8y, steder og figurer fra Star Wars-universet. LEGO Star Wars er konsernets mest popul\u00e6re tema, og de mange settene gleder fans i alle aldre.<\/p>\n","protected":false},"excerpt":{"rendered":"<p>Med settet LEGO\u00ae Star Wars\u2122 Tr\u00f8bbel p\u00e5 Tatooine (75299) kan barn bli med mandalorianeren og en Tusken-nomade p\u00e5 spennende tokt i \u00f8rkenen. Settet inkluderer mandalorianerens&hellip;<\/p>\n","protected":false},"featured_media":14418,"comment_status":"open","ping_status":"closed","template":"","meta":[],"product_brand":[],"product_cat":[340],"product_tag":[],"class_list":{"0":"post-14419","1":"product","2":"type-product","3":"status-publish","4":"has-post-thumbnail","6":"product_cat-set","8":"first","9":"instock","10":"shipping-taxable","11":"product-type-external","12":"customify-col"},"yoast_head":"<!-- This site is optimized with the Yoast SEO plugin v26.0 - https:\/\/yoast.com\/wordpress\/plugins\/seo\/ -->\n<title>LEGO Star Wars TM 75299, Tr\u00f8bbel p\u00e5 Tatooine - Barneleker.no<\/title>\n<meta name=\"robots\" content=\"index, follow, max-snippet:-1, max-image-preview:large, max-video-preview:-1\" \/>\n<link rel=\"canonical\" href=\"https:\/\/barneleker.no\/index.php\/product\/lego-star-wars-tm-75299-trobbel-pa-tatooine\/\" \/>\n<meta property=\"og:locale\" content=\"nb_NO\" \/>\n<meta property=\"og:type\" content=\"article\" \/>\n<meta property=\"og:title\" content=\"LEGO Star Wars TM 75299, Tr\u00f8bbel p\u00e5 Tatooine - Barneleker.no\" \/>\n<meta property=\"og:description\" content=\"Med settet LEGO\u00ae Star Wars\u2122 Tr\u00f8bbel p\u00e5 Tatooine (75299) kan barn bli med mandalorianeren og en Tusken-nomade p\u00e5 spennende tokt i \u00f8rkenen. Settet inkluderer mandalorianerens&hellip;\" \/>\n<meta property=\"og:url\" content=\"https:\/\/barneleker.no\/index.php\/product\/lego-star-wars-tm-75299-trobbel-pa-tatooine\/\" \/>\n<meta property=\"og:site_name\" content=\"Barneleker.no\" \/>\n<meta name=\"twitter:card\" content=\"summary_large_image\" \/>\n<meta name=\"twitter:label1\" content=\"Ansl. lesetid\" \/>\n\t<meta name=\"twitter:data1\" content=\"1 minutt\" \/>\n<script type=\"application\/ld+json\" class=\"yoast-schema-graph\">{\"@context\":\"https:\/\/schema.org\",\"@graph\":[{\"@type\":\"WebPage\",\"@id\":\"https:\/\/barneleker.no\/index.php\/product\/lego-star-wars-tm-75299-trobbel-pa-tatooine\/\",\"url\":\"https:\/\/barneleker.no\/index.php\/product\/lego-star-wars-tm-75299-trobbel-pa-tatooine\/\",\"name\":\"LEGO Star Wars TM 75299, Tr\u00f8bbel p\u00e5 Tatooine - Barneleker.no\",\"isPartOf\":{\"@id\":\"https:\/\/barneleker.no\/#website\"},\"primaryImageOfPage\":{\"@id\":\"https:\/\/barneleker.no\/index.php\/product\/lego-star-wars-tm-75299-trobbel-pa-tatooine\/#primaryimage\"},\"image\":{\"@id\":\"https:\/\/barneleker.no\/index.php\/product\/lego-star-wars-tm-75299-trobbel-pa-tatooine\/#primaryimage\"},\"thumbnailUrl\":\"https:\/\/barneleker.no\/wp-content\/uploads\/2022\/02\/lego-star-wars-tm-75299-trobbel-pa-tatooine.jpg\",\"datePublished\":\"2022-02-08T20:02:32+00:00\",\"breadcrumb\":{\"@id\":\"https:\/\/barneleker.no\/index.php\/product\/lego-star-wars-tm-75299-trobbel-pa-tatooine\/#breadcrumb\"},\"inLanguage\":\"nb-NO\",\"potentialAction\":[{\"@type\":\"ReadAction\",\"target\":[\"https:\/\/barneleker.no\/index.php\/product\/lego-star-wars-tm-75299-trobbel-pa-tatooine\/\"]}]},{\"@type\":\"ImageObject\",\"inLanguage\":\"nb-NO\",\"@id\":\"https:\/\/barneleker.no\/index.php\/product\/lego-star-wars-tm-75299-trobbel-pa-tatooine\/#primaryimage\",\"url\":\"https:\/\/barneleker.no\/wp-content\/uploads\/2022\/02\/lego-star-wars-tm-75299-trobbel-pa-tatooine.jpg\",\"contentUrl\":\"https:\/\/barneleker.no\/wp-content\/uploads\/2022\/02\/lego-star-wars-tm-75299-trobbel-pa-tatooine.jpg\",\"width\":555,\"height\":555},{\"@type\":\"BreadcrumbList\",\"@id\":\"https:\/\/barneleker.no\/index.php\/product\/lego-star-wars-tm-75299-trobbel-pa-tatooine\/#breadcrumb\",\"itemListElement\":[{\"@type\":\"ListItem\",\"position\":1,\"name\":\"Butikken\",\"item\":\"https:\/\/barneleker.no\/\"},{\"@type\":\"ListItem\",\"position\":2,\"name\":\"LEGO Star Wars TM 75299, Tr\u00f8bbel p\u00e5 Tatooine\"}]},{\"@type\":\"WebSite\",\"@id\":\"https:\/\/barneleker.no\/#website\",\"url\":\"https:\/\/barneleker.no\/\",\"name\":\"Barneleker.no\",\"description\":\"Selvf\u00f8lgelig!\",\"publisher\":{\"@id\":\"https:\/\/barneleker.no\/#organization\"},\"potentialAction\":[{\"@type\":\"SearchAction\",\"target\":{\"@type\":\"EntryPoint\",\"urlTemplate\":\"https:\/\/barneleker.no\/?s={search_term_string}\"},\"query-input\":{\"@type\":\"PropertyValueSpecification\",\"valueRequired\":true,\"valueName\":\"search_term_string\"}}],\"inLanguage\":\"nb-NO\"},{\"@type\":\"Organization\",\"@id\":\"https:\/\/barneleker.no\/#organization\",\"name\":\"Barneleker.no\",\"url\":\"https:\/\/barneleker.no\/\",\"logo\":{\"@type\":\"ImageObject\",\"inLanguage\":\"nb-NO\",\"@id\":\"https:\/\/barneleker.no\/#\/schema\/logo\/image\/\",\"url\":\"https:\/\/barneleker.no\/wp-content\/uploads\/2021\/11\/barneleker_logo-780x150-1.jpg\",\"contentUrl\":\"https:\/\/barneleker.no\/wp-content\/uploads\/2021\/11\/barneleker_logo-780x150-1.jpg\",\"width\":780,\"height\":150,\"caption\":\"Barneleker.no\"},\"image\":{\"@id\":\"https:\/\/barneleker.no\/#\/schema\/logo\/image\/\"}}]}<\/script>\n<!-- \/ Yoast SEO plugin. -->","yoast_head_json":{"title":"LEGO Star Wars TM 75299, Tr\u00f8bbel p\u00e5 Tatooine - Barneleker.no","robots":{"index":"index","follow":"follow","max-snippet":"max-snippet:-1","max-image-preview":"max-image-preview:large","max-video-preview":"max-video-preview:-1"},"canonical":"https:\/\/barneleker.no\/index.php\/product\/lego-star-wars-tm-75299-trobbel-pa-tatooine\/","og_locale":"nb_NO","og_type":"article","og_title":"LEGO Star Wars TM 75299, Tr\u00f8bbel p\u00e5 Tatooine - Barneleker.no","og_description":"Med settet LEGO\u00ae Star Wars\u2122 Tr\u00f8bbel p\u00e5 Tatooine (75299) kan barn bli med mandalorianeren og en Tusken-nomade p\u00e5 spennende tokt i \u00f8rkenen. Settet inkluderer mandalorianerens&hellip;","og_url":"https:\/\/barneleker.no\/index.php\/product\/lego-star-wars-tm-75299-trobbel-pa-tatooine\/","og_site_name":"Barneleker.no","twitter_card":"summary_large_image","twitter_misc":{"Ansl. lesetid":"1 minutt"},"schema":{"@context":"https:\/\/schema.org","@graph":[{"@type":"WebPage","@id":"https:\/\/barneleker.no\/index.php\/product\/lego-star-wars-tm-75299-trobbel-pa-tatooine\/","url":"https:\/\/barneleker.no\/index.php\/product\/lego-star-wars-tm-75299-trobbel-pa-tatooine\/","name":"LEGO Star Wars TM 75299, Tr\u00f8bbel p\u00e5 Tatooine - Barneleker.no","isPartOf":{"@id":"https:\/\/barneleker.no\/#website"},"primaryImageOfPage":{"@id":"https:\/\/barneleker.no\/index.php\/product\/lego-star-wars-tm-75299-trobbel-pa-tatooine\/#primaryimage"},"image":{"@id":"https:\/\/barneleker.no\/index.php\/product\/lego-star-wars-tm-75299-trobbel-pa-tatooine\/#primaryimage"},"thumbnailUrl":"https:\/\/barneleker.no\/wp-content\/uploads\/2022\/02\/lego-star-wars-tm-75299-trobbel-pa-tatooine.jpg","datePublished":"2022-02-08T20:02:32+00:00","breadcrumb":{"@id":"https:\/\/barneleker.no\/index.php\/product\/lego-star-wars-tm-75299-trobbel-pa-tatooine\/#breadcrumb"},"inLanguage":"nb-NO","potentialAction":[{"@type":"ReadAction","target":["https:\/\/barneleker.no\/index.php\/product\/lego-star-wars-tm-75299-trobbel-pa-tatooine\/"]}]},{"@type":"ImageObject","inLanguage":"nb-NO","@id":"https:\/\/barneleker.no\/index.php\/product\/lego-star-wars-tm-75299-trobbel-pa-tatooine\/#primaryimage","url":"https:\/\/barneleker.no\/wp-content\/uploads\/2022\/02\/lego-star-wars-tm-75299-trobbel-pa-tatooine.jpg","contentUrl":"https:\/\/barneleker.no\/wp-content\/uploads\/2022\/02\/lego-star-wars-tm-75299-trobbel-pa-tatooine.jpg","width":555,"height":555},{"@type":"BreadcrumbList","@id":"https:\/\/barneleker.no\/index.php\/product\/lego-star-wars-tm-75299-trobbel-pa-tatooine\/#breadcrumb","itemListElement":[{"@type":"ListItem","position":1,"name":"Butikken","item":"https:\/\/barneleker.no\/"},{"@type":"ListItem","position":2,"name":"LEGO Star Wars TM 75299, Tr\u00f8bbel p\u00e5 Tatooine"}]},{"@type":"WebSite","@id":"https:\/\/barneleker.no\/#website","url":"https:\/\/barneleker.no\/","name":"Barneleker.no","description":"Selvf\u00f8lgelig!","publisher":{"@id":"https:\/\/barneleker.no\/#organization"},"potentialAction":[{"@type":"SearchAction","target":{"@type":"EntryPoint","urlTemplate":"https:\/\/barneleker.no\/?s={search_term_string}"},"query-input":{"@type":"PropertyValueSpecification","valueRequired":true,"valueName":"search_term_string"}}],"inLanguage":"nb-NO"},{"@type":"Organization","@id":"https:\/\/barneleker.no\/#organization","name":"Barneleker.no","url":"https:\/\/barneleker.no\/","logo":{"@type":"ImageObject","inLanguage":"nb-NO","@id":"https:\/\/barneleker.no\/#\/schema\/logo\/image\/","url":"https:\/\/barneleker.no\/wp-content\/uploads\/2021\/11\/barneleker_logo-780x150-1.jpg","contentUrl":"https:\/\/barneleker.no\/wp-content\/uploads\/2021\/11\/barneleker_logo-780x150-1.jpg","width":780,"height":150,"caption":"Barneleker.no"},"image":{"@id":"https:\/\/barneleker.no\/#\/schema\/logo\/image\/"}}]}},"_links":{"self":[{"href":"https:\/\/barneleker.no\/index.php\/wp-json\/wp\/v2\/product\/14419","targetHints":{"allow":["GET"]}}],"collection":[{"href":"https:\/\/barneleker.no\/index.php\/wp-json\/wp\/v2\/product"}],"about":[{"href":"https:\/\/barneleker.no\/index.php\/wp-json\/wp\/v2\/types\/product"}],"replies":[{"embeddable":true,"href":"https:\/\/barneleker.no\/index.php\/wp-json\/wp\/v2\/comments?post=14419"}],"wp:featuredmedia":[{"embeddable":true,"href":"https:\/\/barneleker.no\/index.php\/wp-json\/wp\/v2\/media\/14418"}],"wp:attachment":[{"href":"https:\/\/barneleker.no\/index.php\/wp-json\/wp\/v2\/media?parent=14419"}],"wp:term":[{"taxonomy":"product_brand","embeddable":true,"href":"https:\/\/barneleker.no\/index.php\/wp-json\/wp\/v2\/product_brand?post=14419"},{"taxonomy":"product_cat","embeddable":true,"href":"https:\/\/barneleker.no\/index.php\/wp-json\/wp\/v2\/product_cat?post=14419"},{"taxonomy":"product_tag","embeddable":true,"href":"https:\/\/barneleker.no\/index.php\/wp-json\/wp\/v2\/product_tag?post=14419"}],"curies":[{"name":"wp","href":"https:\/\/api.w.org\/{rel}","templated":true}]}}