{"id":14431,"date":"2022-02-08T20:02:38","date_gmt":"2022-02-08T20:02:38","guid":{"rendered":"https:\/\/barneleker.no\/index.php\/product\/the-stage-stage-mikrofonstativ-mega-star\/"},"modified":"2022-02-08T20:02:38","modified_gmt":"2022-02-08T20:02:38","slug":"the-stage-stage-mikrofonstativ-mega-star","status":"publish","type":"product","link":"https:\/\/barneleker.no\/index.php\/product\/the-stage-stage-mikrofonstativ-mega-star\/","title":{"rendered":"The Stage Stage, Mikrofonstativ Mega Star"},"content":{"rendered":"<p>Det perfekte settet for de som elsker \u00e5 synge og showe. N\u00e5r du \u00f8ver, kan du koble til headsettet, og n\u00e5r det er tid for et show, kan du l\u00f8pe med den vanlige mikrofonen. Du kan til og med koble dem til st\u00f8rre h\u00f8yttalere hvis tilgjengelig. I tillegg til \u00e5 forsterke sangen, kan du spille 4 forskjellige rytmer og legge til 3 forskjellige lydeffekter med et trykk p\u00e5 en knapp. P\u00e5 foten av mikrofonstativet er det et disco-lys som gir virkelig fine lyseffekter for \u00e5 gj\u00f8re ytelsen din til en suksess.<\/p>\n","protected":false},"excerpt":{"rendered":"<p>Det perfekte settet for de som elsker \u00e5 synge og showe. N\u00e5r du \u00f8ver, kan du koble til headsettet, og n\u00e5r det er tid for&hellip;<\/p>\n","protected":false},"featured_media":14430,"comment_status":"open","ping_status":"closed","template":"","meta":[],"product_brand":[],"product_cat":[573],"product_tag":[],"class_list":{"0":"post-14431","1":"product","2":"type-product","3":"status-publish","4":"has-post-thumbnail","6":"product_cat-mikrofoner","8":"first","9":"instock","10":"shipping-taxable","11":"product-type-external","12":"customify-col"},"yoast_head":"<!-- This site is optimized with the Yoast SEO plugin v26.0 - https:\/\/yoast.com\/wordpress\/plugins\/seo\/ -->\n<title>The Stage Stage, Mikrofonstativ Mega Star - Barneleker.no<\/title>\n<meta name=\"robots\" content=\"index, follow, max-snippet:-1, max-image-preview:large, max-video-preview:-1\" \/>\n<link rel=\"canonical\" href=\"https:\/\/barneleker.no\/index.php\/product\/the-stage-stage-mikrofonstativ-mega-star\/\" \/>\n<meta property=\"og:locale\" content=\"nb_NO\" \/>\n<meta property=\"og:type\" content=\"article\" \/>\n<meta property=\"og:title\" content=\"The Stage Stage, Mikrofonstativ Mega Star - Barneleker.no\" \/>\n<meta property=\"og:description\" content=\"Det perfekte settet for de som elsker \u00e5 synge og showe. N\u00e5r du \u00f8ver, kan du koble til headsettet, og n\u00e5r det er tid for&hellip;\" \/>\n<meta property=\"og:url\" content=\"https:\/\/barneleker.no\/index.php\/product\/the-stage-stage-mikrofonstativ-mega-star\/\" \/>\n<meta property=\"og:site_name\" content=\"Barneleker.no\" \/>\n<meta name=\"twitter:card\" content=\"summary_large_image\" \/>\n<script type=\"application\/ld+json\" class=\"yoast-schema-graph\">{\"@context\":\"https:\/\/schema.org\",\"@graph\":[{\"@type\":\"WebPage\",\"@id\":\"https:\/\/barneleker.no\/index.php\/product\/the-stage-stage-mikrofonstativ-mega-star\/\",\"url\":\"https:\/\/barneleker.no\/index.php\/product\/the-stage-stage-mikrofonstativ-mega-star\/\",\"name\":\"The Stage Stage, Mikrofonstativ Mega Star - Barneleker.no\",\"isPartOf\":{\"@id\":\"https:\/\/barneleker.no\/#website\"},\"primaryImageOfPage\":{\"@id\":\"https:\/\/barneleker.no\/index.php\/product\/the-stage-stage-mikrofonstativ-mega-star\/#primaryimage\"},\"image\":{\"@id\":\"https:\/\/barneleker.no\/index.php\/product\/the-stage-stage-mikrofonstativ-mega-star\/#primaryimage\"},\"thumbnailUrl\":\"https:\/\/barneleker.no\/wp-content\/uploads\/2022\/02\/stage-mikrofonstativ-mega-star.jpg\",\"datePublished\":\"2022-02-08T20:02:38+00:00\",\"breadcrumb\":{\"@id\":\"https:\/\/barneleker.no\/index.php\/product\/the-stage-stage-mikrofonstativ-mega-star\/#breadcrumb\"},\"inLanguage\":\"nb-NO\",\"potentialAction\":[{\"@type\":\"ReadAction\",\"target\":[\"https:\/\/barneleker.no\/index.php\/product\/the-stage-stage-mikrofonstativ-mega-star\/\"]}]},{\"@type\":\"ImageObject\",\"inLanguage\":\"nb-NO\",\"@id\":\"https:\/\/barneleker.no\/index.php\/product\/the-stage-stage-mikrofonstativ-mega-star\/#primaryimage\",\"url\":\"https:\/\/barneleker.no\/wp-content\/uploads\/2022\/02\/stage-mikrofonstativ-mega-star.jpg\",\"contentUrl\":\"https:\/\/barneleker.no\/wp-content\/uploads\/2022\/02\/stage-mikrofonstativ-mega-star.jpg\",\"width\":555,\"height\":555},{\"@type\":\"BreadcrumbList\",\"@id\":\"https:\/\/barneleker.no\/index.php\/product\/the-stage-stage-mikrofonstativ-mega-star\/#breadcrumb\",\"itemListElement\":[{\"@type\":\"ListItem\",\"position\":1,\"name\":\"Butikken\",\"item\":\"https:\/\/barneleker.no\/\"},{\"@type\":\"ListItem\",\"position\":2,\"name\":\"The Stage Stage, Mikrofonstativ Mega Star\"}]},{\"@type\":\"WebSite\",\"@id\":\"https:\/\/barneleker.no\/#website\",\"url\":\"https:\/\/barneleker.no\/\",\"name\":\"Barneleker.no\",\"description\":\"Selvf\u00f8lgelig!\",\"publisher\":{\"@id\":\"https:\/\/barneleker.no\/#organization\"},\"potentialAction\":[{\"@type\":\"SearchAction\",\"target\":{\"@type\":\"EntryPoint\",\"urlTemplate\":\"https:\/\/barneleker.no\/?s={search_term_string}\"},\"query-input\":{\"@type\":\"PropertyValueSpecification\",\"valueRequired\":true,\"valueName\":\"search_term_string\"}}],\"inLanguage\":\"nb-NO\"},{\"@type\":\"Organization\",\"@id\":\"https:\/\/barneleker.no\/#organization\",\"name\":\"Barneleker.no\",\"url\":\"https:\/\/barneleker.no\/\",\"logo\":{\"@type\":\"ImageObject\",\"inLanguage\":\"nb-NO\",\"@id\":\"https:\/\/barneleker.no\/#\/schema\/logo\/image\/\",\"url\":\"https:\/\/barneleker.no\/wp-content\/uploads\/2021\/11\/barneleker_logo-780x150-1.jpg\",\"contentUrl\":\"https:\/\/barneleker.no\/wp-content\/uploads\/2021\/11\/barneleker_logo-780x150-1.jpg\",\"width\":780,\"height\":150,\"caption\":\"Barneleker.no\"},\"image\":{\"@id\":\"https:\/\/barneleker.no\/#\/schema\/logo\/image\/\"}}]}<\/script>\n<!-- \/ Yoast SEO plugin. -->","yoast_head_json":{"title":"The Stage Stage, Mikrofonstativ Mega Star - Barneleker.no","robots":{"index":"index","follow":"follow","max-snippet":"max-snippet:-1","max-image-preview":"max-image-preview:large","max-video-preview":"max-video-preview:-1"},"canonical":"https:\/\/barneleker.no\/index.php\/product\/the-stage-stage-mikrofonstativ-mega-star\/","og_locale":"nb_NO","og_type":"article","og_title":"The Stage Stage, Mikrofonstativ Mega Star - Barneleker.no","og_description":"Det perfekte settet for de som elsker \u00e5 synge og showe. N\u00e5r du \u00f8ver, kan du koble til headsettet, og n\u00e5r det er tid for&hellip;","og_url":"https:\/\/barneleker.no\/index.php\/product\/the-stage-stage-mikrofonstativ-mega-star\/","og_site_name":"Barneleker.no","twitter_card":"summary_large_image","schema":{"@context":"https:\/\/schema.org","@graph":[{"@type":"WebPage","@id":"https:\/\/barneleker.no\/index.php\/product\/the-stage-stage-mikrofonstativ-mega-star\/","url":"https:\/\/barneleker.no\/index.php\/product\/the-stage-stage-mikrofonstativ-mega-star\/","name":"The Stage Stage, Mikrofonstativ Mega Star - Barneleker.no","isPartOf":{"@id":"https:\/\/barneleker.no\/#website"},"primaryImageOfPage":{"@id":"https:\/\/barneleker.no\/index.php\/product\/the-stage-stage-mikrofonstativ-mega-star\/#primaryimage"},"image":{"@id":"https:\/\/barneleker.no\/index.php\/product\/the-stage-stage-mikrofonstativ-mega-star\/#primaryimage"},"thumbnailUrl":"https:\/\/barneleker.no\/wp-content\/uploads\/2022\/02\/stage-mikrofonstativ-mega-star.jpg","datePublished":"2022-02-08T20:02:38+00:00","breadcrumb":{"@id":"https:\/\/barneleker.no\/index.php\/product\/the-stage-stage-mikrofonstativ-mega-star\/#breadcrumb"},"inLanguage":"nb-NO","potentialAction":[{"@type":"ReadAction","target":["https:\/\/barneleker.no\/index.php\/product\/the-stage-stage-mikrofonstativ-mega-star\/"]}]},{"@type":"ImageObject","inLanguage":"nb-NO","@id":"https:\/\/barneleker.no\/index.php\/product\/the-stage-stage-mikrofonstativ-mega-star\/#primaryimage","url":"https:\/\/barneleker.no\/wp-content\/uploads\/2022\/02\/stage-mikrofonstativ-mega-star.jpg","contentUrl":"https:\/\/barneleker.no\/wp-content\/uploads\/2022\/02\/stage-mikrofonstativ-mega-star.jpg","width":555,"height":555},{"@type":"BreadcrumbList","@id":"https:\/\/barneleker.no\/index.php\/product\/the-stage-stage-mikrofonstativ-mega-star\/#breadcrumb","itemListElement":[{"@type":"ListItem","position":1,"name":"Butikken","item":"https:\/\/barneleker.no\/"},{"@type":"ListItem","position":2,"name":"The Stage Stage, Mikrofonstativ Mega Star"}]},{"@type":"WebSite","@id":"https:\/\/barneleker.no\/#website","url":"https:\/\/barneleker.no\/","name":"Barneleker.no","description":"Selvf\u00f8lgelig!","publisher":{"@id":"https:\/\/barneleker.no\/#organization"},"potentialAction":[{"@type":"SearchAction","target":{"@type":"EntryPoint","urlTemplate":"https:\/\/barneleker.no\/?s={search_term_string}"},"query-input":{"@type":"PropertyValueSpecification","valueRequired":true,"valueName":"search_term_string"}}],"inLanguage":"nb-NO"},{"@type":"Organization","@id":"https:\/\/barneleker.no\/#organization","name":"Barneleker.no","url":"https:\/\/barneleker.no\/","logo":{"@type":"ImageObject","inLanguage":"nb-NO","@id":"https:\/\/barneleker.no\/#\/schema\/logo\/image\/","url":"https:\/\/barneleker.no\/wp-content\/uploads\/2021\/11\/barneleker_logo-780x150-1.jpg","contentUrl":"https:\/\/barneleker.no\/wp-content\/uploads\/2021\/11\/barneleker_logo-780x150-1.jpg","width":780,"height":150,"caption":"Barneleker.no"},"image":{"@id":"https:\/\/barneleker.no\/#\/schema\/logo\/image\/"}}]}},"_links":{"self":[{"href":"https:\/\/barneleker.no\/index.php\/wp-json\/wp\/v2\/product\/14431","targetHints":{"allow":["GET"]}}],"collection":[{"href":"https:\/\/barneleker.no\/index.php\/wp-json\/wp\/v2\/product"}],"about":[{"href":"https:\/\/barneleker.no\/index.php\/wp-json\/wp\/v2\/types\/product"}],"replies":[{"embeddable":true,"href":"https:\/\/barneleker.no\/index.php\/wp-json\/wp\/v2\/comments?post=14431"}],"wp:featuredmedia":[{"embeddable":true,"href":"https:\/\/barneleker.no\/index.php\/wp-json\/wp\/v2\/media\/14430"}],"wp:attachment":[{"href":"https:\/\/barneleker.no\/index.php\/wp-json\/wp\/v2\/media?parent=14431"}],"wp:term":[{"taxonomy":"product_brand","embeddable":true,"href":"https:\/\/barneleker.no\/index.php\/wp-json\/wp\/v2\/product_brand?post=14431"},{"taxonomy":"product_cat","embeddable":true,"href":"https:\/\/barneleker.no\/index.php\/wp-json\/wp\/v2\/product_cat?post=14431"},{"taxonomy":"product_tag","embeddable":true,"href":"https:\/\/barneleker.no\/index.php\/wp-json\/wp\/v2\/product_tag?post=14431"}],"curies":[{"name":"wp","href":"https:\/\/api.w.org\/{rel}","templated":true}]}}