{"id":14463,"date":"2022-02-08T20:02:49","date_gmt":"2022-02-08T20:02:49","guid":{"rendered":"https:\/\/barneleker.no\/index.php\/product\/lego-friends-41662-olivias-flamingoboks\/"},"modified":"2022-02-08T20:02:49","modified_gmt":"2022-02-08T20:02:49","slug":"lego-friends-41662-olivias-flamingoboks","status":"publish","type":"product","link":"https:\/\/barneleker.no\/index.php\/product\/lego-friends-41662-olivias-flamingoboks\/","title":{"rendered":"LEGO Friends 41662, Olivias flamingoboks"},"content":{"rendered":"<p>Gi barn en overraskelse med LEGO\u00ae Friends Olivias flamingoboks (41662). Den s\u00f8te boksen er dekorert med ansiktet til en flamingo p\u00e5 fronten og \u00abfj\u00e6r\u00bb av stoff opp\u00e5. Innvendig finner du popul\u00e6re Olivia fra LEGO Friends, figurer av en flamingo og en frosk samt tilbeh\u00f8r som stimulerer til kreativ lek. Fantasifull lek p\u00e5 farten Denne b\u00e6rbare leken er perfekt p\u00e5 lange reiser, og barn kan slippe l\u00f8s fantasien mens de leker med flamingoen i jungelmilj\u00f8et. Alle elementene f\u00e5r plass i den solide, rosa boksen, og de klossebygde LEGO minidukkene og tilbeh\u00f8rselementene kan festes til bunnen i boksen, s\u00e5 de ikke blir borte p\u00e5 tur. Lik og del LEGO Friends boksene byr p\u00e5 masse lek og moro og passer perfekt som bursdagsgave til barnas klassekamerater. Boksene er sm\u00e5 nok til \u00e5 ha med i bagen eller sekken for lek hos venner eller i friminuttene.<\/p>\n","protected":false},"excerpt":{"rendered":"<p>Gi barn en overraskelse med LEGO\u00ae Friends Olivias flamingoboks (41662). Den s\u00f8te boksen er dekorert med ansiktet til en flamingo p\u00e5 fronten og \u00abfj\u00e6r\u00bb av&hellip;<\/p>\n","protected":false},"featured_media":14462,"comment_status":"open","ping_status":"closed","template":"","meta":[],"product_brand":[],"product_cat":[340],"product_tag":[],"class_list":{"0":"post-14463","1":"product","2":"type-product","3":"status-publish","4":"has-post-thumbnail","6":"product_cat-set","8":"first","9":"instock","10":"shipping-taxable","11":"product-type-external","12":"customify-col"},"yoast_head":"<!-- This site is optimized with the Yoast SEO plugin v26.0 - https:\/\/yoast.com\/wordpress\/plugins\/seo\/ -->\n<title>LEGO Friends 41662, Olivias flamingoboks - Barneleker.no<\/title>\n<meta name=\"robots\" content=\"index, follow, max-snippet:-1, max-image-preview:large, max-video-preview:-1\" \/>\n<link rel=\"canonical\" href=\"https:\/\/barneleker.no\/index.php\/product\/lego-friends-41662-olivias-flamingoboks\/\" \/>\n<meta property=\"og:locale\" content=\"nb_NO\" \/>\n<meta property=\"og:type\" content=\"article\" \/>\n<meta property=\"og:title\" content=\"LEGO Friends 41662, Olivias flamingoboks - Barneleker.no\" \/>\n<meta property=\"og:description\" content=\"Gi barn en overraskelse med LEGO\u00ae Friends Olivias flamingoboks (41662). Den s\u00f8te boksen er dekorert med ansiktet til en flamingo p\u00e5 fronten og \u00abfj\u00e6r\u00bb av&hellip;\" \/>\n<meta property=\"og:url\" content=\"https:\/\/barneleker.no\/index.php\/product\/lego-friends-41662-olivias-flamingoboks\/\" \/>\n<meta property=\"og:site_name\" content=\"Barneleker.no\" \/>\n<meta name=\"twitter:card\" content=\"summary_large_image\" \/>\n<meta name=\"twitter:label1\" content=\"Ansl. lesetid\" \/>\n\t<meta name=\"twitter:data1\" content=\"1 minutt\" \/>\n<script type=\"application\/ld+json\" class=\"yoast-schema-graph\">{\"@context\":\"https:\/\/schema.org\",\"@graph\":[{\"@type\":\"WebPage\",\"@id\":\"https:\/\/barneleker.no\/index.php\/product\/lego-friends-41662-olivias-flamingoboks\/\",\"url\":\"https:\/\/barneleker.no\/index.php\/product\/lego-friends-41662-olivias-flamingoboks\/\",\"name\":\"LEGO Friends 41662, Olivias flamingoboks - Barneleker.no\",\"isPartOf\":{\"@id\":\"https:\/\/barneleker.no\/#website\"},\"primaryImageOfPage\":{\"@id\":\"https:\/\/barneleker.no\/index.php\/product\/lego-friends-41662-olivias-flamingoboks\/#primaryimage\"},\"image\":{\"@id\":\"https:\/\/barneleker.no\/index.php\/product\/lego-friends-41662-olivias-flamingoboks\/#primaryimage\"},\"thumbnailUrl\":\"https:\/\/barneleker.no\/wp-content\/uploads\/2022\/02\/lego-friends-41662-olivias-flamingoboks.jpg\",\"datePublished\":\"2022-02-08T20:02:49+00:00\",\"breadcrumb\":{\"@id\":\"https:\/\/barneleker.no\/index.php\/product\/lego-friends-41662-olivias-flamingoboks\/#breadcrumb\"},\"inLanguage\":\"nb-NO\",\"potentialAction\":[{\"@type\":\"ReadAction\",\"target\":[\"https:\/\/barneleker.no\/index.php\/product\/lego-friends-41662-olivias-flamingoboks\/\"]}]},{\"@type\":\"ImageObject\",\"inLanguage\":\"nb-NO\",\"@id\":\"https:\/\/barneleker.no\/index.php\/product\/lego-friends-41662-olivias-flamingoboks\/#primaryimage\",\"url\":\"https:\/\/barneleker.no\/wp-content\/uploads\/2022\/02\/lego-friends-41662-olivias-flamingoboks.jpg\",\"contentUrl\":\"https:\/\/barneleker.no\/wp-content\/uploads\/2022\/02\/lego-friends-41662-olivias-flamingoboks.jpg\",\"width\":555,\"height\":555},{\"@type\":\"BreadcrumbList\",\"@id\":\"https:\/\/barneleker.no\/index.php\/product\/lego-friends-41662-olivias-flamingoboks\/#breadcrumb\",\"itemListElement\":[{\"@type\":\"ListItem\",\"position\":1,\"name\":\"Butikken\",\"item\":\"https:\/\/barneleker.no\/\"},{\"@type\":\"ListItem\",\"position\":2,\"name\":\"LEGO Friends 41662, Olivias flamingoboks\"}]},{\"@type\":\"WebSite\",\"@id\":\"https:\/\/barneleker.no\/#website\",\"url\":\"https:\/\/barneleker.no\/\",\"name\":\"Barneleker.no\",\"description\":\"Selvf\u00f8lgelig!\",\"publisher\":{\"@id\":\"https:\/\/barneleker.no\/#organization\"},\"potentialAction\":[{\"@type\":\"SearchAction\",\"target\":{\"@type\":\"EntryPoint\",\"urlTemplate\":\"https:\/\/barneleker.no\/?s={search_term_string}\"},\"query-input\":{\"@type\":\"PropertyValueSpecification\",\"valueRequired\":true,\"valueName\":\"search_term_string\"}}],\"inLanguage\":\"nb-NO\"},{\"@type\":\"Organization\",\"@id\":\"https:\/\/barneleker.no\/#organization\",\"name\":\"Barneleker.no\",\"url\":\"https:\/\/barneleker.no\/\",\"logo\":{\"@type\":\"ImageObject\",\"inLanguage\":\"nb-NO\",\"@id\":\"https:\/\/barneleker.no\/#\/schema\/logo\/image\/\",\"url\":\"https:\/\/barneleker.no\/wp-content\/uploads\/2021\/11\/barneleker_logo-780x150-1.jpg\",\"contentUrl\":\"https:\/\/barneleker.no\/wp-content\/uploads\/2021\/11\/barneleker_logo-780x150-1.jpg\",\"width\":780,\"height\":150,\"caption\":\"Barneleker.no\"},\"image\":{\"@id\":\"https:\/\/barneleker.no\/#\/schema\/logo\/image\/\"}}]}<\/script>\n<!-- \/ Yoast SEO plugin. -->","yoast_head_json":{"title":"LEGO Friends 41662, Olivias flamingoboks - Barneleker.no","robots":{"index":"index","follow":"follow","max-snippet":"max-snippet:-1","max-image-preview":"max-image-preview:large","max-video-preview":"max-video-preview:-1"},"canonical":"https:\/\/barneleker.no\/index.php\/product\/lego-friends-41662-olivias-flamingoboks\/","og_locale":"nb_NO","og_type":"article","og_title":"LEGO Friends 41662, Olivias flamingoboks - Barneleker.no","og_description":"Gi barn en overraskelse med LEGO\u00ae Friends Olivias flamingoboks (41662). Den s\u00f8te boksen er dekorert med ansiktet til en flamingo p\u00e5 fronten og \u00abfj\u00e6r\u00bb av&hellip;","og_url":"https:\/\/barneleker.no\/index.php\/product\/lego-friends-41662-olivias-flamingoboks\/","og_site_name":"Barneleker.no","twitter_card":"summary_large_image","twitter_misc":{"Ansl. lesetid":"1 minutt"},"schema":{"@context":"https:\/\/schema.org","@graph":[{"@type":"WebPage","@id":"https:\/\/barneleker.no\/index.php\/product\/lego-friends-41662-olivias-flamingoboks\/","url":"https:\/\/barneleker.no\/index.php\/product\/lego-friends-41662-olivias-flamingoboks\/","name":"LEGO Friends 41662, Olivias flamingoboks - Barneleker.no","isPartOf":{"@id":"https:\/\/barneleker.no\/#website"},"primaryImageOfPage":{"@id":"https:\/\/barneleker.no\/index.php\/product\/lego-friends-41662-olivias-flamingoboks\/#primaryimage"},"image":{"@id":"https:\/\/barneleker.no\/index.php\/product\/lego-friends-41662-olivias-flamingoboks\/#primaryimage"},"thumbnailUrl":"https:\/\/barneleker.no\/wp-content\/uploads\/2022\/02\/lego-friends-41662-olivias-flamingoboks.jpg","datePublished":"2022-02-08T20:02:49+00:00","breadcrumb":{"@id":"https:\/\/barneleker.no\/index.php\/product\/lego-friends-41662-olivias-flamingoboks\/#breadcrumb"},"inLanguage":"nb-NO","potentialAction":[{"@type":"ReadAction","target":["https:\/\/barneleker.no\/index.php\/product\/lego-friends-41662-olivias-flamingoboks\/"]}]},{"@type":"ImageObject","inLanguage":"nb-NO","@id":"https:\/\/barneleker.no\/index.php\/product\/lego-friends-41662-olivias-flamingoboks\/#primaryimage","url":"https:\/\/barneleker.no\/wp-content\/uploads\/2022\/02\/lego-friends-41662-olivias-flamingoboks.jpg","contentUrl":"https:\/\/barneleker.no\/wp-content\/uploads\/2022\/02\/lego-friends-41662-olivias-flamingoboks.jpg","width":555,"height":555},{"@type":"BreadcrumbList","@id":"https:\/\/barneleker.no\/index.php\/product\/lego-friends-41662-olivias-flamingoboks\/#breadcrumb","itemListElement":[{"@type":"ListItem","position":1,"name":"Butikken","item":"https:\/\/barneleker.no\/"},{"@type":"ListItem","position":2,"name":"LEGO Friends 41662, Olivias flamingoboks"}]},{"@type":"WebSite","@id":"https:\/\/barneleker.no\/#website","url":"https:\/\/barneleker.no\/","name":"Barneleker.no","description":"Selvf\u00f8lgelig!","publisher":{"@id":"https:\/\/barneleker.no\/#organization"},"potentialAction":[{"@type":"SearchAction","target":{"@type":"EntryPoint","urlTemplate":"https:\/\/barneleker.no\/?s={search_term_string}"},"query-input":{"@type":"PropertyValueSpecification","valueRequired":true,"valueName":"search_term_string"}}],"inLanguage":"nb-NO"},{"@type":"Organization","@id":"https:\/\/barneleker.no\/#organization","name":"Barneleker.no","url":"https:\/\/barneleker.no\/","logo":{"@type":"ImageObject","inLanguage":"nb-NO","@id":"https:\/\/barneleker.no\/#\/schema\/logo\/image\/","url":"https:\/\/barneleker.no\/wp-content\/uploads\/2021\/11\/barneleker_logo-780x150-1.jpg","contentUrl":"https:\/\/barneleker.no\/wp-content\/uploads\/2021\/11\/barneleker_logo-780x150-1.jpg","width":780,"height":150,"caption":"Barneleker.no"},"image":{"@id":"https:\/\/barneleker.no\/#\/schema\/logo\/image\/"}}]}},"_links":{"self":[{"href":"https:\/\/barneleker.no\/index.php\/wp-json\/wp\/v2\/product\/14463","targetHints":{"allow":["GET"]}}],"collection":[{"href":"https:\/\/barneleker.no\/index.php\/wp-json\/wp\/v2\/product"}],"about":[{"href":"https:\/\/barneleker.no\/index.php\/wp-json\/wp\/v2\/types\/product"}],"replies":[{"embeddable":true,"href":"https:\/\/barneleker.no\/index.php\/wp-json\/wp\/v2\/comments?post=14463"}],"wp:featuredmedia":[{"embeddable":true,"href":"https:\/\/barneleker.no\/index.php\/wp-json\/wp\/v2\/media\/14462"}],"wp:attachment":[{"href":"https:\/\/barneleker.no\/index.php\/wp-json\/wp\/v2\/media?parent=14463"}],"wp:term":[{"taxonomy":"product_brand","embeddable":true,"href":"https:\/\/barneleker.no\/index.php\/wp-json\/wp\/v2\/product_brand?post=14463"},{"taxonomy":"product_cat","embeddable":true,"href":"https:\/\/barneleker.no\/index.php\/wp-json\/wp\/v2\/product_cat?post=14463"},{"taxonomy":"product_tag","embeddable":true,"href":"https:\/\/barneleker.no\/index.php\/wp-json\/wp\/v2\/product_tag?post=14463"}],"curies":[{"name":"wp","href":"https:\/\/api.w.org\/{rel}","templated":true}]}}