{"id":14497,"date":"2022-02-08T20:03:01","date_gmt":"2022-02-08T20:03:01","guid":{"rendered":"https:\/\/barneleker.no\/index.php\/product\/rubies-drakt-fireman-sam-s\/"},"modified":"2022-02-08T20:03:01","modified_gmt":"2022-02-08T20:03:01","slug":"rubies-drakt-fireman-sam-s","status":"publish","type":"product","link":"https:\/\/barneleker.no\/index.php\/product\/rubies-drakt-fireman-sam-s\/","title":{"rendered":"Rubies Drakt, Fireman Sam, S"},"content":{"rendered":"<p>For de som liker Brannmann Sam, er dette en perfekt gave. Drakten inkluderer en overall, en ansiktsmaske som dekker forsiden av ansiktet og en plast brann\u00f8ks. Drakten er laget av 100% polyester. H\u00e5ndvaskes og dryppt\u00f8rkes. Dette er et offisielt lisensiert produkt. Sko er ikke inkludert.<\/p>\n","protected":false},"excerpt":{"rendered":"<p>For de som liker Brannmann Sam, er dette en perfekt gave. Drakten inkluderer en overall, en ansiktsmaske som dekker forsiden av ansiktet og en plast&hellip;<\/p>\n","protected":false},"featured_media":14496,"comment_status":"open","ping_status":"closed","template":"","meta":[],"product_brand":[],"product_cat":[350],"product_tag":[],"class_list":{"0":"post-14497","1":"product","2":"type-product","3":"status-publish","4":"has-post-thumbnail","6":"product_cat-karnevalstilbehor","8":"first","9":"instock","10":"shipping-taxable","11":"product-type-external","12":"customify-col"},"yoast_head":"<!-- This site is optimized with the Yoast SEO plugin v26.0 - https:\/\/yoast.com\/wordpress\/plugins\/seo\/ -->\n<title>Rubies Drakt, Fireman Sam, S - Barneleker.no<\/title>\n<meta name=\"robots\" content=\"index, follow, max-snippet:-1, max-image-preview:large, max-video-preview:-1\" \/>\n<link rel=\"canonical\" href=\"https:\/\/barneleker.no\/index.php\/product\/rubies-drakt-fireman-sam-s\/\" \/>\n<meta property=\"og:locale\" content=\"nb_NO\" \/>\n<meta property=\"og:type\" content=\"article\" \/>\n<meta property=\"og:title\" content=\"Rubies Drakt, Fireman Sam, S - Barneleker.no\" \/>\n<meta property=\"og:description\" content=\"For de som liker Brannmann Sam, er dette en perfekt gave. Drakten inkluderer en overall, en ansiktsmaske som dekker forsiden av ansiktet og en plast&hellip;\" \/>\n<meta property=\"og:url\" content=\"https:\/\/barneleker.no\/index.php\/product\/rubies-drakt-fireman-sam-s\/\" \/>\n<meta property=\"og:site_name\" content=\"Barneleker.no\" \/>\n<meta name=\"twitter:card\" content=\"summary_large_image\" \/>\n<script type=\"application\/ld+json\" class=\"yoast-schema-graph\">{\"@context\":\"https:\/\/schema.org\",\"@graph\":[{\"@type\":\"WebPage\",\"@id\":\"https:\/\/barneleker.no\/index.php\/product\/rubies-drakt-fireman-sam-s\/\",\"url\":\"https:\/\/barneleker.no\/index.php\/product\/rubies-drakt-fireman-sam-s\/\",\"name\":\"Rubies Drakt, Fireman Sam, S - Barneleker.no\",\"isPartOf\":{\"@id\":\"https:\/\/barneleker.no\/#website\"},\"primaryImageOfPage\":{\"@id\":\"https:\/\/barneleker.no\/index.php\/product\/rubies-drakt-fireman-sam-s\/#primaryimage\"},\"image\":{\"@id\":\"https:\/\/barneleker.no\/index.php\/product\/rubies-drakt-fireman-sam-s\/#primaryimage\"},\"thumbnailUrl\":\"https:\/\/barneleker.no\/wp-content\/uploads\/2022\/02\/drakt-fireman-sam-s.jpg\",\"datePublished\":\"2022-02-08T20:03:01+00:00\",\"breadcrumb\":{\"@id\":\"https:\/\/barneleker.no\/index.php\/product\/rubies-drakt-fireman-sam-s\/#breadcrumb\"},\"inLanguage\":\"nb-NO\",\"potentialAction\":[{\"@type\":\"ReadAction\",\"target\":[\"https:\/\/barneleker.no\/index.php\/product\/rubies-drakt-fireman-sam-s\/\"]}]},{\"@type\":\"ImageObject\",\"inLanguage\":\"nb-NO\",\"@id\":\"https:\/\/barneleker.no\/index.php\/product\/rubies-drakt-fireman-sam-s\/#primaryimage\",\"url\":\"https:\/\/barneleker.no\/wp-content\/uploads\/2022\/02\/drakt-fireman-sam-s.jpg\",\"contentUrl\":\"https:\/\/barneleker.no\/wp-content\/uploads\/2022\/02\/drakt-fireman-sam-s.jpg\",\"width\":555,\"height\":555},{\"@type\":\"BreadcrumbList\",\"@id\":\"https:\/\/barneleker.no\/index.php\/product\/rubies-drakt-fireman-sam-s\/#breadcrumb\",\"itemListElement\":[{\"@type\":\"ListItem\",\"position\":1,\"name\":\"Butikken\",\"item\":\"https:\/\/barneleker.no\/\"},{\"@type\":\"ListItem\",\"position\":2,\"name\":\"Rubies Drakt, Fireman Sam, S\"}]},{\"@type\":\"WebSite\",\"@id\":\"https:\/\/barneleker.no\/#website\",\"url\":\"https:\/\/barneleker.no\/\",\"name\":\"Barneleker.no\",\"description\":\"Selvf\u00f8lgelig!\",\"publisher\":{\"@id\":\"https:\/\/barneleker.no\/#organization\"},\"potentialAction\":[{\"@type\":\"SearchAction\",\"target\":{\"@type\":\"EntryPoint\",\"urlTemplate\":\"https:\/\/barneleker.no\/?s={search_term_string}\"},\"query-input\":{\"@type\":\"PropertyValueSpecification\",\"valueRequired\":true,\"valueName\":\"search_term_string\"}}],\"inLanguage\":\"nb-NO\"},{\"@type\":\"Organization\",\"@id\":\"https:\/\/barneleker.no\/#organization\",\"name\":\"Barneleker.no\",\"url\":\"https:\/\/barneleker.no\/\",\"logo\":{\"@type\":\"ImageObject\",\"inLanguage\":\"nb-NO\",\"@id\":\"https:\/\/barneleker.no\/#\/schema\/logo\/image\/\",\"url\":\"https:\/\/barneleker.no\/wp-content\/uploads\/2021\/11\/barneleker_logo-780x150-1.jpg\",\"contentUrl\":\"https:\/\/barneleker.no\/wp-content\/uploads\/2021\/11\/barneleker_logo-780x150-1.jpg\",\"width\":780,\"height\":150,\"caption\":\"Barneleker.no\"},\"image\":{\"@id\":\"https:\/\/barneleker.no\/#\/schema\/logo\/image\/\"}}]}<\/script>\n<!-- \/ Yoast SEO plugin. -->","yoast_head_json":{"title":"Rubies Drakt, Fireman Sam, S - Barneleker.no","robots":{"index":"index","follow":"follow","max-snippet":"max-snippet:-1","max-image-preview":"max-image-preview:large","max-video-preview":"max-video-preview:-1"},"canonical":"https:\/\/barneleker.no\/index.php\/product\/rubies-drakt-fireman-sam-s\/","og_locale":"nb_NO","og_type":"article","og_title":"Rubies Drakt, Fireman Sam, S - Barneleker.no","og_description":"For de som liker Brannmann Sam, er dette en perfekt gave. Drakten inkluderer en overall, en ansiktsmaske som dekker forsiden av ansiktet og en plast&hellip;","og_url":"https:\/\/barneleker.no\/index.php\/product\/rubies-drakt-fireman-sam-s\/","og_site_name":"Barneleker.no","twitter_card":"summary_large_image","schema":{"@context":"https:\/\/schema.org","@graph":[{"@type":"WebPage","@id":"https:\/\/barneleker.no\/index.php\/product\/rubies-drakt-fireman-sam-s\/","url":"https:\/\/barneleker.no\/index.php\/product\/rubies-drakt-fireman-sam-s\/","name":"Rubies Drakt, Fireman Sam, S - Barneleker.no","isPartOf":{"@id":"https:\/\/barneleker.no\/#website"},"primaryImageOfPage":{"@id":"https:\/\/barneleker.no\/index.php\/product\/rubies-drakt-fireman-sam-s\/#primaryimage"},"image":{"@id":"https:\/\/barneleker.no\/index.php\/product\/rubies-drakt-fireman-sam-s\/#primaryimage"},"thumbnailUrl":"https:\/\/barneleker.no\/wp-content\/uploads\/2022\/02\/drakt-fireman-sam-s.jpg","datePublished":"2022-02-08T20:03:01+00:00","breadcrumb":{"@id":"https:\/\/barneleker.no\/index.php\/product\/rubies-drakt-fireman-sam-s\/#breadcrumb"},"inLanguage":"nb-NO","potentialAction":[{"@type":"ReadAction","target":["https:\/\/barneleker.no\/index.php\/product\/rubies-drakt-fireman-sam-s\/"]}]},{"@type":"ImageObject","inLanguage":"nb-NO","@id":"https:\/\/barneleker.no\/index.php\/product\/rubies-drakt-fireman-sam-s\/#primaryimage","url":"https:\/\/barneleker.no\/wp-content\/uploads\/2022\/02\/drakt-fireman-sam-s.jpg","contentUrl":"https:\/\/barneleker.no\/wp-content\/uploads\/2022\/02\/drakt-fireman-sam-s.jpg","width":555,"height":555},{"@type":"BreadcrumbList","@id":"https:\/\/barneleker.no\/index.php\/product\/rubies-drakt-fireman-sam-s\/#breadcrumb","itemListElement":[{"@type":"ListItem","position":1,"name":"Butikken","item":"https:\/\/barneleker.no\/"},{"@type":"ListItem","position":2,"name":"Rubies Drakt, Fireman Sam, S"}]},{"@type":"WebSite","@id":"https:\/\/barneleker.no\/#website","url":"https:\/\/barneleker.no\/","name":"Barneleker.no","description":"Selvf\u00f8lgelig!","publisher":{"@id":"https:\/\/barneleker.no\/#organization"},"potentialAction":[{"@type":"SearchAction","target":{"@type":"EntryPoint","urlTemplate":"https:\/\/barneleker.no\/?s={search_term_string}"},"query-input":{"@type":"PropertyValueSpecification","valueRequired":true,"valueName":"search_term_string"}}],"inLanguage":"nb-NO"},{"@type":"Organization","@id":"https:\/\/barneleker.no\/#organization","name":"Barneleker.no","url":"https:\/\/barneleker.no\/","logo":{"@type":"ImageObject","inLanguage":"nb-NO","@id":"https:\/\/barneleker.no\/#\/schema\/logo\/image\/","url":"https:\/\/barneleker.no\/wp-content\/uploads\/2021\/11\/barneleker_logo-780x150-1.jpg","contentUrl":"https:\/\/barneleker.no\/wp-content\/uploads\/2021\/11\/barneleker_logo-780x150-1.jpg","width":780,"height":150,"caption":"Barneleker.no"},"image":{"@id":"https:\/\/barneleker.no\/#\/schema\/logo\/image\/"}}]}},"_links":{"self":[{"href":"https:\/\/barneleker.no\/index.php\/wp-json\/wp\/v2\/product\/14497","targetHints":{"allow":["GET"]}}],"collection":[{"href":"https:\/\/barneleker.no\/index.php\/wp-json\/wp\/v2\/product"}],"about":[{"href":"https:\/\/barneleker.no\/index.php\/wp-json\/wp\/v2\/types\/product"}],"replies":[{"embeddable":true,"href":"https:\/\/barneleker.no\/index.php\/wp-json\/wp\/v2\/comments?post=14497"}],"wp:featuredmedia":[{"embeddable":true,"href":"https:\/\/barneleker.no\/index.php\/wp-json\/wp\/v2\/media\/14496"}],"wp:attachment":[{"href":"https:\/\/barneleker.no\/index.php\/wp-json\/wp\/v2\/media?parent=14497"}],"wp:term":[{"taxonomy":"product_brand","embeddable":true,"href":"https:\/\/barneleker.no\/index.php\/wp-json\/wp\/v2\/product_brand?post=14497"},{"taxonomy":"product_cat","embeddable":true,"href":"https:\/\/barneleker.no\/index.php\/wp-json\/wp\/v2\/product_cat?post=14497"},{"taxonomy":"product_tag","embeddable":true,"href":"https:\/\/barneleker.no\/index.php\/wp-json\/wp\/v2\/product_tag?post=14497"}],"curies":[{"name":"wp","href":"https:\/\/api.w.org\/{rel}","templated":true}]}}