{"id":14501,"date":"2022-02-08T20:03:03","date_gmt":"2022-02-08T20:03:03","guid":{"rendered":"https:\/\/barneleker.no\/index.php\/product\/aquaplay-1516-aqualand-med-sluse\/"},"modified":"2022-02-08T20:03:03","modified_gmt":"2022-02-08T20:03:03","slug":"aquaplay-1516-aqualand-med-sluse","status":"publish","type":"product","link":"https:\/\/barneleker.no\/index.php\/product\/aquaplay-1516-aqualand-med-sluse\/","title":{"rendered":"AquaPlay, 1516 &#8211; Aqualand med sluse"},"content":{"rendered":"<p>La barna ha det g\u00f8y i hagen, samt bring med til venner eller til stranden. Boksen inneholder en kran som kan l\u00f8fte containere p\u00e5 transportb\u00e5ten. Det er broer og slipper som tillater kj\u00f8ret\u00f8y \u00e5 g\u00e5 fra land til vann. Ved \u00e5 snu padlehjulene str\u00f8mmer vannet og kj\u00f8ret\u00f8yene gjennom kanalene. Det er en leken m\u00e5te \u00e5 l\u00e6re hvordan bevegelsen av vann p\u00e5virkes av forskjellig eksponering for trykk. Dette AquaPlaysettet har mange forskjellige muligheter til \u00e5 utvide seg ytterligere i kombinasjon med AquaPlay&#8217;s system eller med AquaPlay-tilbeh\u00f8r. Perfekt bane \u00e5 ta p\u00e5 ferie da det kan brettes sammen til en boks. Montert st\u00f8rrelse: 88x50x22 cm. Antall deler: 20<\/p>\n","protected":false},"excerpt":{"rendered":"<p>La barna ha det g\u00f8y i hagen, samt bring med til venner eller til stranden. Boksen inneholder en kran som kan l\u00f8fte containere p\u00e5 transportb\u00e5ten.&hellip;<\/p>\n","protected":false},"featured_media":14500,"comment_status":"open","ping_status":"closed","template":"","meta":[],"product_brand":[],"product_cat":[459],"product_tag":[],"class_list":{"0":"post-14501","1":"product","2":"type-product","3":"status-publish","4":"has-post-thumbnail","6":"product_cat-vattenbanor","8":"first","9":"instock","10":"shipping-taxable","11":"product-type-external","12":"customify-col"},"yoast_head":"<!-- This site is optimized with the Yoast SEO plugin v26.0 - https:\/\/yoast.com\/wordpress\/plugins\/seo\/ -->\n<title>AquaPlay, 1516 - Aqualand med sluse - Barneleker.no<\/title>\n<meta name=\"robots\" content=\"index, follow, max-snippet:-1, max-image-preview:large, max-video-preview:-1\" \/>\n<link rel=\"canonical\" href=\"https:\/\/barneleker.no\/index.php\/product\/aquaplay-1516-aqualand-med-sluse\/\" \/>\n<meta property=\"og:locale\" content=\"nb_NO\" \/>\n<meta property=\"og:type\" content=\"article\" \/>\n<meta property=\"og:title\" content=\"AquaPlay, 1516 - Aqualand med sluse - Barneleker.no\" \/>\n<meta property=\"og:description\" content=\"La barna ha det g\u00f8y i hagen, samt bring med til venner eller til stranden. Boksen inneholder en kran som kan l\u00f8fte containere p\u00e5 transportb\u00e5ten.&hellip;\" \/>\n<meta property=\"og:url\" content=\"https:\/\/barneleker.no\/index.php\/product\/aquaplay-1516-aqualand-med-sluse\/\" \/>\n<meta property=\"og:site_name\" content=\"Barneleker.no\" \/>\n<meta name=\"twitter:card\" content=\"summary_large_image\" \/>\n<meta name=\"twitter:label1\" content=\"Ansl. lesetid\" \/>\n\t<meta name=\"twitter:data1\" content=\"1 minutt\" \/>\n<script type=\"application\/ld+json\" class=\"yoast-schema-graph\">{\"@context\":\"https:\/\/schema.org\",\"@graph\":[{\"@type\":\"WebPage\",\"@id\":\"https:\/\/barneleker.no\/index.php\/product\/aquaplay-1516-aqualand-med-sluse\/\",\"url\":\"https:\/\/barneleker.no\/index.php\/product\/aquaplay-1516-aqualand-med-sluse\/\",\"name\":\"AquaPlay, 1516 - Aqualand med sluse - Barneleker.no\",\"isPartOf\":{\"@id\":\"https:\/\/barneleker.no\/#website\"},\"primaryImageOfPage\":{\"@id\":\"https:\/\/barneleker.no\/index.php\/product\/aquaplay-1516-aqualand-med-sluse\/#primaryimage\"},\"image\":{\"@id\":\"https:\/\/barneleker.no\/index.php\/product\/aquaplay-1516-aqualand-med-sluse\/#primaryimage\"},\"thumbnailUrl\":\"https:\/\/barneleker.no\/wp-content\/uploads\/2022\/02\/aquaplay-1516-aqualand-med-sluse.jpg\",\"datePublished\":\"2022-02-08T20:03:03+00:00\",\"breadcrumb\":{\"@id\":\"https:\/\/barneleker.no\/index.php\/product\/aquaplay-1516-aqualand-med-sluse\/#breadcrumb\"},\"inLanguage\":\"nb-NO\",\"potentialAction\":[{\"@type\":\"ReadAction\",\"target\":[\"https:\/\/barneleker.no\/index.php\/product\/aquaplay-1516-aqualand-med-sluse\/\"]}]},{\"@type\":\"ImageObject\",\"inLanguage\":\"nb-NO\",\"@id\":\"https:\/\/barneleker.no\/index.php\/product\/aquaplay-1516-aqualand-med-sluse\/#primaryimage\",\"url\":\"https:\/\/barneleker.no\/wp-content\/uploads\/2022\/02\/aquaplay-1516-aqualand-med-sluse.jpg\",\"contentUrl\":\"https:\/\/barneleker.no\/wp-content\/uploads\/2022\/02\/aquaplay-1516-aqualand-med-sluse.jpg\",\"width\":555,\"height\":555},{\"@type\":\"BreadcrumbList\",\"@id\":\"https:\/\/barneleker.no\/index.php\/product\/aquaplay-1516-aqualand-med-sluse\/#breadcrumb\",\"itemListElement\":[{\"@type\":\"ListItem\",\"position\":1,\"name\":\"Butikken\",\"item\":\"https:\/\/barneleker.no\/\"},{\"@type\":\"ListItem\",\"position\":2,\"name\":\"AquaPlay, 1516 &#8211; Aqualand med sluse\"}]},{\"@type\":\"WebSite\",\"@id\":\"https:\/\/barneleker.no\/#website\",\"url\":\"https:\/\/barneleker.no\/\",\"name\":\"Barneleker.no\",\"description\":\"Selvf\u00f8lgelig!\",\"publisher\":{\"@id\":\"https:\/\/barneleker.no\/#organization\"},\"potentialAction\":[{\"@type\":\"SearchAction\",\"target\":{\"@type\":\"EntryPoint\",\"urlTemplate\":\"https:\/\/barneleker.no\/?s={search_term_string}\"},\"query-input\":{\"@type\":\"PropertyValueSpecification\",\"valueRequired\":true,\"valueName\":\"search_term_string\"}}],\"inLanguage\":\"nb-NO\"},{\"@type\":\"Organization\",\"@id\":\"https:\/\/barneleker.no\/#organization\",\"name\":\"Barneleker.no\",\"url\":\"https:\/\/barneleker.no\/\",\"logo\":{\"@type\":\"ImageObject\",\"inLanguage\":\"nb-NO\",\"@id\":\"https:\/\/barneleker.no\/#\/schema\/logo\/image\/\",\"url\":\"https:\/\/barneleker.no\/wp-content\/uploads\/2021\/11\/barneleker_logo-780x150-1.jpg\",\"contentUrl\":\"https:\/\/barneleker.no\/wp-content\/uploads\/2021\/11\/barneleker_logo-780x150-1.jpg\",\"width\":780,\"height\":150,\"caption\":\"Barneleker.no\"},\"image\":{\"@id\":\"https:\/\/barneleker.no\/#\/schema\/logo\/image\/\"}}]}<\/script>\n<!-- \/ Yoast SEO plugin. -->","yoast_head_json":{"title":"AquaPlay, 1516 - Aqualand med sluse - Barneleker.no","robots":{"index":"index","follow":"follow","max-snippet":"max-snippet:-1","max-image-preview":"max-image-preview:large","max-video-preview":"max-video-preview:-1"},"canonical":"https:\/\/barneleker.no\/index.php\/product\/aquaplay-1516-aqualand-med-sluse\/","og_locale":"nb_NO","og_type":"article","og_title":"AquaPlay, 1516 - Aqualand med sluse - Barneleker.no","og_description":"La barna ha det g\u00f8y i hagen, samt bring med til venner eller til stranden. Boksen inneholder en kran som kan l\u00f8fte containere p\u00e5 transportb\u00e5ten.&hellip;","og_url":"https:\/\/barneleker.no\/index.php\/product\/aquaplay-1516-aqualand-med-sluse\/","og_site_name":"Barneleker.no","twitter_card":"summary_large_image","twitter_misc":{"Ansl. lesetid":"1 minutt"},"schema":{"@context":"https:\/\/schema.org","@graph":[{"@type":"WebPage","@id":"https:\/\/barneleker.no\/index.php\/product\/aquaplay-1516-aqualand-med-sluse\/","url":"https:\/\/barneleker.no\/index.php\/product\/aquaplay-1516-aqualand-med-sluse\/","name":"AquaPlay, 1516 - Aqualand med sluse - Barneleker.no","isPartOf":{"@id":"https:\/\/barneleker.no\/#website"},"primaryImageOfPage":{"@id":"https:\/\/barneleker.no\/index.php\/product\/aquaplay-1516-aqualand-med-sluse\/#primaryimage"},"image":{"@id":"https:\/\/barneleker.no\/index.php\/product\/aquaplay-1516-aqualand-med-sluse\/#primaryimage"},"thumbnailUrl":"https:\/\/barneleker.no\/wp-content\/uploads\/2022\/02\/aquaplay-1516-aqualand-med-sluse.jpg","datePublished":"2022-02-08T20:03:03+00:00","breadcrumb":{"@id":"https:\/\/barneleker.no\/index.php\/product\/aquaplay-1516-aqualand-med-sluse\/#breadcrumb"},"inLanguage":"nb-NO","potentialAction":[{"@type":"ReadAction","target":["https:\/\/barneleker.no\/index.php\/product\/aquaplay-1516-aqualand-med-sluse\/"]}]},{"@type":"ImageObject","inLanguage":"nb-NO","@id":"https:\/\/barneleker.no\/index.php\/product\/aquaplay-1516-aqualand-med-sluse\/#primaryimage","url":"https:\/\/barneleker.no\/wp-content\/uploads\/2022\/02\/aquaplay-1516-aqualand-med-sluse.jpg","contentUrl":"https:\/\/barneleker.no\/wp-content\/uploads\/2022\/02\/aquaplay-1516-aqualand-med-sluse.jpg","width":555,"height":555},{"@type":"BreadcrumbList","@id":"https:\/\/barneleker.no\/index.php\/product\/aquaplay-1516-aqualand-med-sluse\/#breadcrumb","itemListElement":[{"@type":"ListItem","position":1,"name":"Butikken","item":"https:\/\/barneleker.no\/"},{"@type":"ListItem","position":2,"name":"AquaPlay, 1516 &#8211; Aqualand med sluse"}]},{"@type":"WebSite","@id":"https:\/\/barneleker.no\/#website","url":"https:\/\/barneleker.no\/","name":"Barneleker.no","description":"Selvf\u00f8lgelig!","publisher":{"@id":"https:\/\/barneleker.no\/#organization"},"potentialAction":[{"@type":"SearchAction","target":{"@type":"EntryPoint","urlTemplate":"https:\/\/barneleker.no\/?s={search_term_string}"},"query-input":{"@type":"PropertyValueSpecification","valueRequired":true,"valueName":"search_term_string"}}],"inLanguage":"nb-NO"},{"@type":"Organization","@id":"https:\/\/barneleker.no\/#organization","name":"Barneleker.no","url":"https:\/\/barneleker.no\/","logo":{"@type":"ImageObject","inLanguage":"nb-NO","@id":"https:\/\/barneleker.no\/#\/schema\/logo\/image\/","url":"https:\/\/barneleker.no\/wp-content\/uploads\/2021\/11\/barneleker_logo-780x150-1.jpg","contentUrl":"https:\/\/barneleker.no\/wp-content\/uploads\/2021\/11\/barneleker_logo-780x150-1.jpg","width":780,"height":150,"caption":"Barneleker.no"},"image":{"@id":"https:\/\/barneleker.no\/#\/schema\/logo\/image\/"}}]}},"_links":{"self":[{"href":"https:\/\/barneleker.no\/index.php\/wp-json\/wp\/v2\/product\/14501","targetHints":{"allow":["GET"]}}],"collection":[{"href":"https:\/\/barneleker.no\/index.php\/wp-json\/wp\/v2\/product"}],"about":[{"href":"https:\/\/barneleker.no\/index.php\/wp-json\/wp\/v2\/types\/product"}],"replies":[{"embeddable":true,"href":"https:\/\/barneleker.no\/index.php\/wp-json\/wp\/v2\/comments?post=14501"}],"wp:featuredmedia":[{"embeddable":true,"href":"https:\/\/barneleker.no\/index.php\/wp-json\/wp\/v2\/media\/14500"}],"wp:attachment":[{"href":"https:\/\/barneleker.no\/index.php\/wp-json\/wp\/v2\/media?parent=14501"}],"wp:term":[{"taxonomy":"product_brand","embeddable":true,"href":"https:\/\/barneleker.no\/index.php\/wp-json\/wp\/v2\/product_brand?post=14501"},{"taxonomy":"product_cat","embeddable":true,"href":"https:\/\/barneleker.no\/index.php\/wp-json\/wp\/v2\/product_cat?post=14501"},{"taxonomy":"product_tag","embeddable":true,"href":"https:\/\/barneleker.no\/index.php\/wp-json\/wp\/v2\/product_tag?post=14501"}],"curies":[{"name":"wp","href":"https:\/\/api.w.org\/{rel}","templated":true}]}}