{"id":14503,"date":"2022-02-08T20:03:03","date_gmt":"2022-02-08T20:03:03","guid":{"rendered":"https:\/\/barneleker.no\/index.php\/product\/lego-friends-41446-heartlake-citys-dyreklinikk-heartlake-citys-dyreklinikk\/"},"modified":"2022-02-08T20:03:03","modified_gmt":"2022-02-08T20:03:03","slug":"lego-friends-41446-heartlake-citys-dyreklinikk-heartlake-citys-dyreklinikk","status":"publish","type":"product","link":"https:\/\/barneleker.no\/index.php\/product\/lego-friends-41446-heartlake-citys-dyreklinikk-heartlake-citys-dyreklinikk\/","title":{"rendered":"LEGO Friends 41446, Heartlake Citys dyreklinikk, Heartlake Citys dyreklinikk"},"content":{"rendered":"<p>\u2022 Dyreglade barn kan boltre seg i kreativ lek med settet Heartlake Citys dyreklinikk (41446). De kan ta p\u00e5 seg rollen som helt for en dag, og passe p\u00e5 dyr som trenger omsorg. \u2022 Det lettbygde settet inneholder \u00e5tte figurer, inkludert tre minidukker, en f\u00f8rerhund, lekehest med sal, kattunge, valp og skilpaddeunge. Barn kan bruke figurene i g\u00f8yal og omsorgsfull frilek med dyrene. \u2022 Hjelp veterin\u00e6ren Donna med \u00e5 passe p\u00e5 dyreungene p\u00e5 klinikken, bli med n\u00e5r Savannah kommer til klinikken med f\u00f8rerhunden sin, og ta en ridetur med Mia for \u00e5 redde en skilpaddeunge som holder p\u00e5 \u00e5 bli p\u00e5kj\u00f8rt p\u00e5 den trafikkerte veien. \u2022 En hverdagsgave som lar jenter og gutter fra seks \u00e5r bruke omsorgsevnen sin. De enkle instruksjonene gj\u00f8r at den g\u00f8yale dyreleken kommer raskt i gang, uansett hvilket ferdighetsniv\u00e5 barnet er p\u00e5. \u2022 Settet er 16 cm h\u00f8yt og 16 cm bredt, og er med det lite nok til \u00e5 ha st\u00e5ende framme, s\u00e5nn at barn kan leke med det n\u00e5r de selv vil. \u2022 Nyheter i januar 2021 er en kattunge og en valp samt hesten Bella som har b\u00f8ybart hode som kan senkes s\u00e5 hun f\u00e5r spist maten Mia setter frem til henne i stallen. \u2022 LEGO\u00ae klossene i settet passer sammen med alle andre LEGO sett, noe som gir barn timevis med kreativ og grensel\u00f8s lek. \u2022 Med de popul\u00e6re Heartlake City lekesettene kan barn utforske ulike interesser og sosiale relasjoner sammen med de s\u00f8te LEGO\u00ae Friends vennene. \u2022 LEGO\u00ae komponenter oppfyller h\u00f8ye bransjekrav. Derfor er de kompatible og alltid lette \u00e5 sette sammen og ta fra hverandre, og slik har det v\u00e6rt helt siden 1958. \u2022 For \u00e5 sikre at LEGO\u00ae klosser og deler oppfyller krevende, globale sikkerhetsstandarder, testes de til det ytterste.<\/p>\n","protected":false},"excerpt":{"rendered":"<p>\u2022 Dyreglade barn kan boltre seg i kreativ lek med settet Heartlake Citys dyreklinikk (41446). De kan ta p\u00e5 seg rollen som helt for en&hellip;<\/p>\n","protected":false},"featured_media":14502,"comment_status":"open","ping_status":"closed","template":"","meta":[],"product_brand":[],"product_cat":[539],"product_tag":[],"class_list":{"0":"post-14503","1":"product","2":"type-product","3":"status-publish","4":"has-post-thumbnail","6":"product_cat-set-lego-djur","8":"first","9":"instock","10":"shipping-taxable","11":"product-type-external","12":"customify-col"},"yoast_head":"<!-- This site is optimized with the Yoast SEO plugin v26.0 - https:\/\/yoast.com\/wordpress\/plugins\/seo\/ -->\n<title>LEGO Friends 41446, Heartlake Citys dyreklinikk, Heartlake Citys dyreklinikk - Barneleker.no<\/title>\n<meta name=\"robots\" content=\"index, follow, max-snippet:-1, max-image-preview:large, max-video-preview:-1\" \/>\n<link rel=\"canonical\" href=\"https:\/\/barneleker.no\/index.php\/product\/lego-friends-41446-heartlake-citys-dyreklinikk-heartlake-citys-dyreklinikk\/\" \/>\n<meta property=\"og:locale\" content=\"nb_NO\" \/>\n<meta property=\"og:type\" content=\"article\" \/>\n<meta property=\"og:title\" content=\"LEGO Friends 41446, Heartlake Citys dyreklinikk, Heartlake Citys dyreklinikk - Barneleker.no\" \/>\n<meta property=\"og:description\" content=\"\u2022 Dyreglade barn kan boltre seg i kreativ lek med settet Heartlake Citys dyreklinikk (41446). De kan ta p\u00e5 seg rollen som helt for en&hellip;\" \/>\n<meta property=\"og:url\" content=\"https:\/\/barneleker.no\/index.php\/product\/lego-friends-41446-heartlake-citys-dyreklinikk-heartlake-citys-dyreklinikk\/\" \/>\n<meta property=\"og:site_name\" content=\"Barneleker.no\" \/>\n<meta name=\"twitter:card\" content=\"summary_large_image\" \/>\n<meta name=\"twitter:label1\" content=\"Ansl. lesetid\" \/>\n\t<meta name=\"twitter:data1\" content=\"1 minutt\" \/>\n<script type=\"application\/ld+json\" class=\"yoast-schema-graph\">{\"@context\":\"https:\/\/schema.org\",\"@graph\":[{\"@type\":\"WebPage\",\"@id\":\"https:\/\/barneleker.no\/index.php\/product\/lego-friends-41446-heartlake-citys-dyreklinikk-heartlake-citys-dyreklinikk\/\",\"url\":\"https:\/\/barneleker.no\/index.php\/product\/lego-friends-41446-heartlake-citys-dyreklinikk-heartlake-citys-dyreklinikk\/\",\"name\":\"LEGO Friends 41446, Heartlake Citys dyreklinikk, Heartlake Citys dyreklinikk - Barneleker.no\",\"isPartOf\":{\"@id\":\"https:\/\/barneleker.no\/#website\"},\"primaryImageOfPage\":{\"@id\":\"https:\/\/barneleker.no\/index.php\/product\/lego-friends-41446-heartlake-citys-dyreklinikk-heartlake-citys-dyreklinikk\/#primaryimage\"},\"image\":{\"@id\":\"https:\/\/barneleker.no\/index.php\/product\/lego-friends-41446-heartlake-citys-dyreklinikk-heartlake-citys-dyreklinikk\/#primaryimage\"},\"thumbnailUrl\":\"https:\/\/barneleker.no\/wp-content\/uploads\/2022\/02\/lego-friends-41446-heartlake-citys-dyreklinikk.jpg\",\"datePublished\":\"2022-02-08T20:03:03+00:00\",\"breadcrumb\":{\"@id\":\"https:\/\/barneleker.no\/index.php\/product\/lego-friends-41446-heartlake-citys-dyreklinikk-heartlake-citys-dyreklinikk\/#breadcrumb\"},\"inLanguage\":\"nb-NO\",\"potentialAction\":[{\"@type\":\"ReadAction\",\"target\":[\"https:\/\/barneleker.no\/index.php\/product\/lego-friends-41446-heartlake-citys-dyreklinikk-heartlake-citys-dyreklinikk\/\"]}]},{\"@type\":\"ImageObject\",\"inLanguage\":\"nb-NO\",\"@id\":\"https:\/\/barneleker.no\/index.php\/product\/lego-friends-41446-heartlake-citys-dyreklinikk-heartlake-citys-dyreklinikk\/#primaryimage\",\"url\":\"https:\/\/barneleker.no\/wp-content\/uploads\/2022\/02\/lego-friends-41446-heartlake-citys-dyreklinikk.jpg\",\"contentUrl\":\"https:\/\/barneleker.no\/wp-content\/uploads\/2022\/02\/lego-friends-41446-heartlake-citys-dyreklinikk.jpg\",\"width\":555,\"height\":555},{\"@type\":\"BreadcrumbList\",\"@id\":\"https:\/\/barneleker.no\/index.php\/product\/lego-friends-41446-heartlake-citys-dyreklinikk-heartlake-citys-dyreklinikk\/#breadcrumb\",\"itemListElement\":[{\"@type\":\"ListItem\",\"position\":1,\"name\":\"Butikken\",\"item\":\"https:\/\/barneleker.no\/\"},{\"@type\":\"ListItem\",\"position\":2,\"name\":\"LEGO Friends 41446, Heartlake Citys dyreklinikk, Heartlake Citys dyreklinikk\"}]},{\"@type\":\"WebSite\",\"@id\":\"https:\/\/barneleker.no\/#website\",\"url\":\"https:\/\/barneleker.no\/\",\"name\":\"Barneleker.no\",\"description\":\"Selvf\u00f8lgelig!\",\"publisher\":{\"@id\":\"https:\/\/barneleker.no\/#organization\"},\"potentialAction\":[{\"@type\":\"SearchAction\",\"target\":{\"@type\":\"EntryPoint\",\"urlTemplate\":\"https:\/\/barneleker.no\/?s={search_term_string}\"},\"query-input\":{\"@type\":\"PropertyValueSpecification\",\"valueRequired\":true,\"valueName\":\"search_term_string\"}}],\"inLanguage\":\"nb-NO\"},{\"@type\":\"Organization\",\"@id\":\"https:\/\/barneleker.no\/#organization\",\"name\":\"Barneleker.no\",\"url\":\"https:\/\/barneleker.no\/\",\"logo\":{\"@type\":\"ImageObject\",\"inLanguage\":\"nb-NO\",\"@id\":\"https:\/\/barneleker.no\/#\/schema\/logo\/image\/\",\"url\":\"https:\/\/barneleker.no\/wp-content\/uploads\/2021\/11\/barneleker_logo-780x150-1.jpg\",\"contentUrl\":\"https:\/\/barneleker.no\/wp-content\/uploads\/2021\/11\/barneleker_logo-780x150-1.jpg\",\"width\":780,\"height\":150,\"caption\":\"Barneleker.no\"},\"image\":{\"@id\":\"https:\/\/barneleker.no\/#\/schema\/logo\/image\/\"}}]}<\/script>\n<!-- \/ Yoast SEO plugin. -->","yoast_head_json":{"title":"LEGO Friends 41446, Heartlake Citys dyreklinikk, Heartlake Citys dyreklinikk - Barneleker.no","robots":{"index":"index","follow":"follow","max-snippet":"max-snippet:-1","max-image-preview":"max-image-preview:large","max-video-preview":"max-video-preview:-1"},"canonical":"https:\/\/barneleker.no\/index.php\/product\/lego-friends-41446-heartlake-citys-dyreklinikk-heartlake-citys-dyreklinikk\/","og_locale":"nb_NO","og_type":"article","og_title":"LEGO Friends 41446, Heartlake Citys dyreklinikk, Heartlake Citys dyreklinikk - Barneleker.no","og_description":"\u2022 Dyreglade barn kan boltre seg i kreativ lek med settet Heartlake Citys dyreklinikk (41446). De kan ta p\u00e5 seg rollen som helt for en&hellip;","og_url":"https:\/\/barneleker.no\/index.php\/product\/lego-friends-41446-heartlake-citys-dyreklinikk-heartlake-citys-dyreklinikk\/","og_site_name":"Barneleker.no","twitter_card":"summary_large_image","twitter_misc":{"Ansl. lesetid":"1 minutt"},"schema":{"@context":"https:\/\/schema.org","@graph":[{"@type":"WebPage","@id":"https:\/\/barneleker.no\/index.php\/product\/lego-friends-41446-heartlake-citys-dyreklinikk-heartlake-citys-dyreklinikk\/","url":"https:\/\/barneleker.no\/index.php\/product\/lego-friends-41446-heartlake-citys-dyreklinikk-heartlake-citys-dyreklinikk\/","name":"LEGO Friends 41446, Heartlake Citys dyreklinikk, Heartlake Citys dyreklinikk - Barneleker.no","isPartOf":{"@id":"https:\/\/barneleker.no\/#website"},"primaryImageOfPage":{"@id":"https:\/\/barneleker.no\/index.php\/product\/lego-friends-41446-heartlake-citys-dyreklinikk-heartlake-citys-dyreklinikk\/#primaryimage"},"image":{"@id":"https:\/\/barneleker.no\/index.php\/product\/lego-friends-41446-heartlake-citys-dyreklinikk-heartlake-citys-dyreklinikk\/#primaryimage"},"thumbnailUrl":"https:\/\/barneleker.no\/wp-content\/uploads\/2022\/02\/lego-friends-41446-heartlake-citys-dyreklinikk.jpg","datePublished":"2022-02-08T20:03:03+00:00","breadcrumb":{"@id":"https:\/\/barneleker.no\/index.php\/product\/lego-friends-41446-heartlake-citys-dyreklinikk-heartlake-citys-dyreklinikk\/#breadcrumb"},"inLanguage":"nb-NO","potentialAction":[{"@type":"ReadAction","target":["https:\/\/barneleker.no\/index.php\/product\/lego-friends-41446-heartlake-citys-dyreklinikk-heartlake-citys-dyreklinikk\/"]}]},{"@type":"ImageObject","inLanguage":"nb-NO","@id":"https:\/\/barneleker.no\/index.php\/product\/lego-friends-41446-heartlake-citys-dyreklinikk-heartlake-citys-dyreklinikk\/#primaryimage","url":"https:\/\/barneleker.no\/wp-content\/uploads\/2022\/02\/lego-friends-41446-heartlake-citys-dyreklinikk.jpg","contentUrl":"https:\/\/barneleker.no\/wp-content\/uploads\/2022\/02\/lego-friends-41446-heartlake-citys-dyreklinikk.jpg","width":555,"height":555},{"@type":"BreadcrumbList","@id":"https:\/\/barneleker.no\/index.php\/product\/lego-friends-41446-heartlake-citys-dyreklinikk-heartlake-citys-dyreklinikk\/#breadcrumb","itemListElement":[{"@type":"ListItem","position":1,"name":"Butikken","item":"https:\/\/barneleker.no\/"},{"@type":"ListItem","position":2,"name":"LEGO Friends 41446, Heartlake Citys dyreklinikk, Heartlake Citys dyreklinikk"}]},{"@type":"WebSite","@id":"https:\/\/barneleker.no\/#website","url":"https:\/\/barneleker.no\/","name":"Barneleker.no","description":"Selvf\u00f8lgelig!","publisher":{"@id":"https:\/\/barneleker.no\/#organization"},"potentialAction":[{"@type":"SearchAction","target":{"@type":"EntryPoint","urlTemplate":"https:\/\/barneleker.no\/?s={search_term_string}"},"query-input":{"@type":"PropertyValueSpecification","valueRequired":true,"valueName":"search_term_string"}}],"inLanguage":"nb-NO"},{"@type":"Organization","@id":"https:\/\/barneleker.no\/#organization","name":"Barneleker.no","url":"https:\/\/barneleker.no\/","logo":{"@type":"ImageObject","inLanguage":"nb-NO","@id":"https:\/\/barneleker.no\/#\/schema\/logo\/image\/","url":"https:\/\/barneleker.no\/wp-content\/uploads\/2021\/11\/barneleker_logo-780x150-1.jpg","contentUrl":"https:\/\/barneleker.no\/wp-content\/uploads\/2021\/11\/barneleker_logo-780x150-1.jpg","width":780,"height":150,"caption":"Barneleker.no"},"image":{"@id":"https:\/\/barneleker.no\/#\/schema\/logo\/image\/"}}]}},"_links":{"self":[{"href":"https:\/\/barneleker.no\/index.php\/wp-json\/wp\/v2\/product\/14503","targetHints":{"allow":["GET"]}}],"collection":[{"href":"https:\/\/barneleker.no\/index.php\/wp-json\/wp\/v2\/product"}],"about":[{"href":"https:\/\/barneleker.no\/index.php\/wp-json\/wp\/v2\/types\/product"}],"replies":[{"embeddable":true,"href":"https:\/\/barneleker.no\/index.php\/wp-json\/wp\/v2\/comments?post=14503"}],"wp:featuredmedia":[{"embeddable":true,"href":"https:\/\/barneleker.no\/index.php\/wp-json\/wp\/v2\/media\/14502"}],"wp:attachment":[{"href":"https:\/\/barneleker.no\/index.php\/wp-json\/wp\/v2\/media?parent=14503"}],"wp:term":[{"taxonomy":"product_brand","embeddable":true,"href":"https:\/\/barneleker.no\/index.php\/wp-json\/wp\/v2\/product_brand?post=14503"},{"taxonomy":"product_cat","embeddable":true,"href":"https:\/\/barneleker.no\/index.php\/wp-json\/wp\/v2\/product_cat?post=14503"},{"taxonomy":"product_tag","embeddable":true,"href":"https:\/\/barneleker.no\/index.php\/wp-json\/wp\/v2\/product_tag?post=14503"}],"curies":[{"name":"wp","href":"https:\/\/api.w.org\/{rel}","templated":true}]}}