{"id":14509,"date":"2022-02-08T20:03:05","date_gmt":"2022-02-08T20:03:05","guid":{"rendered":"https:\/\/barneleker.no\/index.php\/product\/lundby-gulv-og-taklampe-batteri\/"},"modified":"2022-02-08T20:03:05","modified_gmt":"2022-02-08T20:03:05","slug":"lundby-gulv-og-taklampe-batteri","status":"publish","type":"product","link":"https:\/\/barneleker.no\/index.php\/product\/lundby-gulv-og-taklampe-batteri\/","title":{"rendered":"Lundby &#8211; Gulv og taklampe batteri"},"content":{"rendered":"<p>Belysning i dukke-skapet er prikken over i\u2019en! Skap en koselig hjemmeatmosf\u00e6re i Lundby dukke-skapet med dette lampesettet med batteridrevet LED-belysning som gir en varm gl\u00f8d i huset. Lampset inneholder en hvit gulvlampe og en s\u00f8t taklampe med hvite paljetter. Siden taklampen er festet til dokkehuset med borrel\u00e5s, er det enkelt \u00e5 flytte p\u00e5. Lampene lyser med et enkelt klikk og sl\u00e5s av automatisk etter 15 minutter. 2 batterier (CR2032) inkludert.<\/p>\n","protected":false},"excerpt":{"rendered":"<p>Belysning i dukke-skapet er prikken over i\u2019en! Skap en koselig hjemmeatmosf\u00e6re i Lundby dukke-skapet med dette lampesettet med batteridrevet LED-belysning som gir en varm gl\u00f8d&hellip;<\/p>\n","protected":false},"featured_media":14508,"comment_status":"open","ping_status":"closed","template":"","meta":[],"product_brand":[],"product_cat":[409],"product_tag":[],"class_list":{"0":"post-14509","1":"product","2":"type-product","3":"status-publish","4":"has-post-thumbnail","6":"product_cat-tillbehor-till-dockhus","8":"first","9":"instock","10":"shipping-taxable","11":"product-type-external","12":"customify-col"},"yoast_head":"<!-- This site is optimized with the Yoast SEO plugin v26.0 - https:\/\/yoast.com\/wordpress\/plugins\/seo\/ -->\n<title>Lundby - Gulv og taklampe batteri - Barneleker.no<\/title>\n<meta name=\"robots\" content=\"index, follow, max-snippet:-1, max-image-preview:large, max-video-preview:-1\" \/>\n<link rel=\"canonical\" href=\"https:\/\/barneleker.no\/index.php\/product\/lundby-gulv-og-taklampe-batteri\/\" \/>\n<meta property=\"og:locale\" content=\"nb_NO\" \/>\n<meta property=\"og:type\" content=\"article\" \/>\n<meta property=\"og:title\" content=\"Lundby - Gulv og taklampe batteri - Barneleker.no\" \/>\n<meta property=\"og:description\" content=\"Belysning i dukke-skapet er prikken over i\u2019en! Skap en koselig hjemmeatmosf\u00e6re i Lundby dukke-skapet med dette lampesettet med batteridrevet LED-belysning som gir en varm gl\u00f8d&hellip;\" \/>\n<meta property=\"og:url\" content=\"https:\/\/barneleker.no\/index.php\/product\/lundby-gulv-og-taklampe-batteri\/\" \/>\n<meta property=\"og:site_name\" content=\"Barneleker.no\" \/>\n<meta name=\"twitter:card\" content=\"summary_large_image\" \/>\n<script type=\"application\/ld+json\" class=\"yoast-schema-graph\">{\"@context\":\"https:\/\/schema.org\",\"@graph\":[{\"@type\":\"WebPage\",\"@id\":\"https:\/\/barneleker.no\/index.php\/product\/lundby-gulv-og-taklampe-batteri\/\",\"url\":\"https:\/\/barneleker.no\/index.php\/product\/lundby-gulv-og-taklampe-batteri\/\",\"name\":\"Lundby - Gulv og taklampe batteri - Barneleker.no\",\"isPartOf\":{\"@id\":\"https:\/\/barneleker.no\/#website\"},\"primaryImageOfPage\":{\"@id\":\"https:\/\/barneleker.no\/index.php\/product\/lundby-gulv-og-taklampe-batteri\/#primaryimage\"},\"image\":{\"@id\":\"https:\/\/barneleker.no\/index.php\/product\/lundby-gulv-og-taklampe-batteri\/#primaryimage\"},\"thumbnailUrl\":\"https:\/\/barneleker.no\/wp-content\/uploads\/2022\/02\/lundby-gulv-og-taklampe-batteri.jpg\",\"datePublished\":\"2022-02-08T20:03:05+00:00\",\"breadcrumb\":{\"@id\":\"https:\/\/barneleker.no\/index.php\/product\/lundby-gulv-og-taklampe-batteri\/#breadcrumb\"},\"inLanguage\":\"nb-NO\",\"potentialAction\":[{\"@type\":\"ReadAction\",\"target\":[\"https:\/\/barneleker.no\/index.php\/product\/lundby-gulv-og-taklampe-batteri\/\"]}]},{\"@type\":\"ImageObject\",\"inLanguage\":\"nb-NO\",\"@id\":\"https:\/\/barneleker.no\/index.php\/product\/lundby-gulv-og-taklampe-batteri\/#primaryimage\",\"url\":\"https:\/\/barneleker.no\/wp-content\/uploads\/2022\/02\/lundby-gulv-og-taklampe-batteri.jpg\",\"contentUrl\":\"https:\/\/barneleker.no\/wp-content\/uploads\/2022\/02\/lundby-gulv-og-taklampe-batteri.jpg\",\"width\":555,\"height\":555},{\"@type\":\"BreadcrumbList\",\"@id\":\"https:\/\/barneleker.no\/index.php\/product\/lundby-gulv-og-taklampe-batteri\/#breadcrumb\",\"itemListElement\":[{\"@type\":\"ListItem\",\"position\":1,\"name\":\"Butikken\",\"item\":\"https:\/\/barneleker.no\/\"},{\"@type\":\"ListItem\",\"position\":2,\"name\":\"Lundby &#8211; Gulv og taklampe batteri\"}]},{\"@type\":\"WebSite\",\"@id\":\"https:\/\/barneleker.no\/#website\",\"url\":\"https:\/\/barneleker.no\/\",\"name\":\"Barneleker.no\",\"description\":\"Selvf\u00f8lgelig!\",\"publisher\":{\"@id\":\"https:\/\/barneleker.no\/#organization\"},\"potentialAction\":[{\"@type\":\"SearchAction\",\"target\":{\"@type\":\"EntryPoint\",\"urlTemplate\":\"https:\/\/barneleker.no\/?s={search_term_string}\"},\"query-input\":{\"@type\":\"PropertyValueSpecification\",\"valueRequired\":true,\"valueName\":\"search_term_string\"}}],\"inLanguage\":\"nb-NO\"},{\"@type\":\"Organization\",\"@id\":\"https:\/\/barneleker.no\/#organization\",\"name\":\"Barneleker.no\",\"url\":\"https:\/\/barneleker.no\/\",\"logo\":{\"@type\":\"ImageObject\",\"inLanguage\":\"nb-NO\",\"@id\":\"https:\/\/barneleker.no\/#\/schema\/logo\/image\/\",\"url\":\"https:\/\/barneleker.no\/wp-content\/uploads\/2021\/11\/barneleker_logo-780x150-1.jpg\",\"contentUrl\":\"https:\/\/barneleker.no\/wp-content\/uploads\/2021\/11\/barneleker_logo-780x150-1.jpg\",\"width\":780,\"height\":150,\"caption\":\"Barneleker.no\"},\"image\":{\"@id\":\"https:\/\/barneleker.no\/#\/schema\/logo\/image\/\"}}]}<\/script>\n<!-- \/ Yoast SEO plugin. -->","yoast_head_json":{"title":"Lundby - Gulv og taklampe batteri - Barneleker.no","robots":{"index":"index","follow":"follow","max-snippet":"max-snippet:-1","max-image-preview":"max-image-preview:large","max-video-preview":"max-video-preview:-1"},"canonical":"https:\/\/barneleker.no\/index.php\/product\/lundby-gulv-og-taklampe-batteri\/","og_locale":"nb_NO","og_type":"article","og_title":"Lundby - Gulv og taklampe batteri - Barneleker.no","og_description":"Belysning i dukke-skapet er prikken over i\u2019en! Skap en koselig hjemmeatmosf\u00e6re i Lundby dukke-skapet med dette lampesettet med batteridrevet LED-belysning som gir en varm gl\u00f8d&hellip;","og_url":"https:\/\/barneleker.no\/index.php\/product\/lundby-gulv-og-taklampe-batteri\/","og_site_name":"Barneleker.no","twitter_card":"summary_large_image","schema":{"@context":"https:\/\/schema.org","@graph":[{"@type":"WebPage","@id":"https:\/\/barneleker.no\/index.php\/product\/lundby-gulv-og-taklampe-batteri\/","url":"https:\/\/barneleker.no\/index.php\/product\/lundby-gulv-og-taklampe-batteri\/","name":"Lundby - Gulv og taklampe batteri - Barneleker.no","isPartOf":{"@id":"https:\/\/barneleker.no\/#website"},"primaryImageOfPage":{"@id":"https:\/\/barneleker.no\/index.php\/product\/lundby-gulv-og-taklampe-batteri\/#primaryimage"},"image":{"@id":"https:\/\/barneleker.no\/index.php\/product\/lundby-gulv-og-taklampe-batteri\/#primaryimage"},"thumbnailUrl":"https:\/\/barneleker.no\/wp-content\/uploads\/2022\/02\/lundby-gulv-og-taklampe-batteri.jpg","datePublished":"2022-02-08T20:03:05+00:00","breadcrumb":{"@id":"https:\/\/barneleker.no\/index.php\/product\/lundby-gulv-og-taklampe-batteri\/#breadcrumb"},"inLanguage":"nb-NO","potentialAction":[{"@type":"ReadAction","target":["https:\/\/barneleker.no\/index.php\/product\/lundby-gulv-og-taklampe-batteri\/"]}]},{"@type":"ImageObject","inLanguage":"nb-NO","@id":"https:\/\/barneleker.no\/index.php\/product\/lundby-gulv-og-taklampe-batteri\/#primaryimage","url":"https:\/\/barneleker.no\/wp-content\/uploads\/2022\/02\/lundby-gulv-og-taklampe-batteri.jpg","contentUrl":"https:\/\/barneleker.no\/wp-content\/uploads\/2022\/02\/lundby-gulv-og-taklampe-batteri.jpg","width":555,"height":555},{"@type":"BreadcrumbList","@id":"https:\/\/barneleker.no\/index.php\/product\/lundby-gulv-og-taklampe-batteri\/#breadcrumb","itemListElement":[{"@type":"ListItem","position":1,"name":"Butikken","item":"https:\/\/barneleker.no\/"},{"@type":"ListItem","position":2,"name":"Lundby &#8211; Gulv og taklampe batteri"}]},{"@type":"WebSite","@id":"https:\/\/barneleker.no\/#website","url":"https:\/\/barneleker.no\/","name":"Barneleker.no","description":"Selvf\u00f8lgelig!","publisher":{"@id":"https:\/\/barneleker.no\/#organization"},"potentialAction":[{"@type":"SearchAction","target":{"@type":"EntryPoint","urlTemplate":"https:\/\/barneleker.no\/?s={search_term_string}"},"query-input":{"@type":"PropertyValueSpecification","valueRequired":true,"valueName":"search_term_string"}}],"inLanguage":"nb-NO"},{"@type":"Organization","@id":"https:\/\/barneleker.no\/#organization","name":"Barneleker.no","url":"https:\/\/barneleker.no\/","logo":{"@type":"ImageObject","inLanguage":"nb-NO","@id":"https:\/\/barneleker.no\/#\/schema\/logo\/image\/","url":"https:\/\/barneleker.no\/wp-content\/uploads\/2021\/11\/barneleker_logo-780x150-1.jpg","contentUrl":"https:\/\/barneleker.no\/wp-content\/uploads\/2021\/11\/barneleker_logo-780x150-1.jpg","width":780,"height":150,"caption":"Barneleker.no"},"image":{"@id":"https:\/\/barneleker.no\/#\/schema\/logo\/image\/"}}]}},"_links":{"self":[{"href":"https:\/\/barneleker.no\/index.php\/wp-json\/wp\/v2\/product\/14509","targetHints":{"allow":["GET"]}}],"collection":[{"href":"https:\/\/barneleker.no\/index.php\/wp-json\/wp\/v2\/product"}],"about":[{"href":"https:\/\/barneleker.no\/index.php\/wp-json\/wp\/v2\/types\/product"}],"replies":[{"embeddable":true,"href":"https:\/\/barneleker.no\/index.php\/wp-json\/wp\/v2\/comments?post=14509"}],"wp:featuredmedia":[{"embeddable":true,"href":"https:\/\/barneleker.no\/index.php\/wp-json\/wp\/v2\/media\/14508"}],"wp:attachment":[{"href":"https:\/\/barneleker.no\/index.php\/wp-json\/wp\/v2\/media?parent=14509"}],"wp:term":[{"taxonomy":"product_brand","embeddable":true,"href":"https:\/\/barneleker.no\/index.php\/wp-json\/wp\/v2\/product_brand?post=14509"},{"taxonomy":"product_cat","embeddable":true,"href":"https:\/\/barneleker.no\/index.php\/wp-json\/wp\/v2\/product_cat?post=14509"},{"taxonomy":"product_tag","embeddable":true,"href":"https:\/\/barneleker.no\/index.php\/wp-json\/wp\/v2\/product_tag?post=14509"}],"curies":[{"name":"wp","href":"https:\/\/api.w.org\/{rel}","templated":true}]}}