{"id":14513,"date":"2022-02-08T20:03:07","date_gmt":"2022-02-08T20:03:07","guid":{"rendered":"https:\/\/barneleker.no\/index.php\/product\/greta-gris-peppa-pig-family-motorhome\/"},"modified":"2022-02-08T20:03:07","modified_gmt":"2022-02-08T20:03:07","slug":"greta-gris-peppa-pig-family-motorhome","status":"publish","type":"product","link":"https:\/\/barneleker.no\/index.php\/product\/greta-gris-peppa-pig-family-motorhome\/","title":{"rendered":"Greta Gris Peppa Pig, Family Motorhome"},"content":{"rendered":"<p>Barn fra 3 \u00e5r og opp vil elske \u00e5 g\u00e5 p\u00e5 ferie med Greta Pig og hennes familie med sin campingvogn. Hvis du ruller bilen n\u00e5r den er p\u00e5 kj\u00f8ret\u00f8ymodus, kan de late som de er ute p\u00e5 veien, og du kan trykke p\u00e5 rattet for \u00e5 h\u00f8re musikk fra Greta Gris-showet, som setninger som &#038; rdquo; er vi der snart? &#038; Rdquo;. N\u00e5r Greta og hennes familie har funnet et sted \u00e5 overnatte, kan du forvandle bobilen til lekeplass med flere etasjer. P\u00e5 kj\u00f8kkenet kan Greta og Familie lage mat, eller de kan sitte p\u00e5 kofferten og nyte naturen ut p\u00e5 restomr\u00e5det.<\/p>\n","protected":false},"excerpt":{"rendered":"<p>Barn fra 3 \u00e5r og opp vil elske \u00e5 g\u00e5 p\u00e5 ferie med Greta Pig og hennes familie med sin campingvogn. Hvis du ruller bilen&hellip;<\/p>\n","protected":false},"featured_media":14512,"comment_status":"open","ping_status":"closed","template":"","meta":[],"product_brand":[],"product_cat":[352],"product_tag":[],"class_list":{"0":"post-14513","1":"product","2":"type-product","3":"status-publish","4":"has-post-thumbnail","6":"product_cat-figurer-roboter","8":"first","9":"instock","10":"shipping-taxable","11":"product-type-external","12":"customify-col"},"yoast_head":"<!-- This site is optimized with the Yoast SEO plugin v26.0 - https:\/\/yoast.com\/wordpress\/plugins\/seo\/ -->\n<title>Greta Gris Peppa Pig, Family Motorhome - Barneleker.no<\/title>\n<meta name=\"robots\" content=\"index, follow, max-snippet:-1, max-image-preview:large, max-video-preview:-1\" \/>\n<link rel=\"canonical\" href=\"https:\/\/barneleker.no\/index.php\/product\/greta-gris-peppa-pig-family-motorhome\/\" \/>\n<meta property=\"og:locale\" content=\"nb_NO\" \/>\n<meta property=\"og:type\" content=\"article\" \/>\n<meta property=\"og:title\" content=\"Greta Gris Peppa Pig, Family Motorhome - Barneleker.no\" \/>\n<meta property=\"og:description\" content=\"Barn fra 3 \u00e5r og opp vil elske \u00e5 g\u00e5 p\u00e5 ferie med Greta Pig og hennes familie med sin campingvogn. Hvis du ruller bilen&hellip;\" \/>\n<meta property=\"og:url\" content=\"https:\/\/barneleker.no\/index.php\/product\/greta-gris-peppa-pig-family-motorhome\/\" \/>\n<meta property=\"og:site_name\" content=\"Barneleker.no\" \/>\n<meta name=\"twitter:card\" content=\"summary_large_image\" \/>\n<meta name=\"twitter:label1\" content=\"Ansl. lesetid\" \/>\n\t<meta name=\"twitter:data1\" content=\"1 minutt\" \/>\n<script type=\"application\/ld+json\" class=\"yoast-schema-graph\">{\"@context\":\"https:\/\/schema.org\",\"@graph\":[{\"@type\":\"WebPage\",\"@id\":\"https:\/\/barneleker.no\/index.php\/product\/greta-gris-peppa-pig-family-motorhome\/\",\"url\":\"https:\/\/barneleker.no\/index.php\/product\/greta-gris-peppa-pig-family-motorhome\/\",\"name\":\"Greta Gris Peppa Pig, Family Motorhome - Barneleker.no\",\"isPartOf\":{\"@id\":\"https:\/\/barneleker.no\/#website\"},\"primaryImageOfPage\":{\"@id\":\"https:\/\/barneleker.no\/index.php\/product\/greta-gris-peppa-pig-family-motorhome\/#primaryimage\"},\"image\":{\"@id\":\"https:\/\/barneleker.no\/index.php\/product\/greta-gris-peppa-pig-family-motorhome\/#primaryimage\"},\"thumbnailUrl\":\"https:\/\/barneleker.no\/wp-content\/uploads\/2022\/02\/peppa-pig-family-motorhome.jpg\",\"datePublished\":\"2022-02-08T20:03:07+00:00\",\"breadcrumb\":{\"@id\":\"https:\/\/barneleker.no\/index.php\/product\/greta-gris-peppa-pig-family-motorhome\/#breadcrumb\"},\"inLanguage\":\"nb-NO\",\"potentialAction\":[{\"@type\":\"ReadAction\",\"target\":[\"https:\/\/barneleker.no\/index.php\/product\/greta-gris-peppa-pig-family-motorhome\/\"]}]},{\"@type\":\"ImageObject\",\"inLanguage\":\"nb-NO\",\"@id\":\"https:\/\/barneleker.no\/index.php\/product\/greta-gris-peppa-pig-family-motorhome\/#primaryimage\",\"url\":\"https:\/\/barneleker.no\/wp-content\/uploads\/2022\/02\/peppa-pig-family-motorhome.jpg\",\"contentUrl\":\"https:\/\/barneleker.no\/wp-content\/uploads\/2022\/02\/peppa-pig-family-motorhome.jpg\",\"width\":555,\"height\":555},{\"@type\":\"BreadcrumbList\",\"@id\":\"https:\/\/barneleker.no\/index.php\/product\/greta-gris-peppa-pig-family-motorhome\/#breadcrumb\",\"itemListElement\":[{\"@type\":\"ListItem\",\"position\":1,\"name\":\"Butikken\",\"item\":\"https:\/\/barneleker.no\/\"},{\"@type\":\"ListItem\",\"position\":2,\"name\":\"Greta Gris Peppa Pig, Family Motorhome\"}]},{\"@type\":\"WebSite\",\"@id\":\"https:\/\/barneleker.no\/#website\",\"url\":\"https:\/\/barneleker.no\/\",\"name\":\"Barneleker.no\",\"description\":\"Selvf\u00f8lgelig!\",\"publisher\":{\"@id\":\"https:\/\/barneleker.no\/#organization\"},\"potentialAction\":[{\"@type\":\"SearchAction\",\"target\":{\"@type\":\"EntryPoint\",\"urlTemplate\":\"https:\/\/barneleker.no\/?s={search_term_string}\"},\"query-input\":{\"@type\":\"PropertyValueSpecification\",\"valueRequired\":true,\"valueName\":\"search_term_string\"}}],\"inLanguage\":\"nb-NO\"},{\"@type\":\"Organization\",\"@id\":\"https:\/\/barneleker.no\/#organization\",\"name\":\"Barneleker.no\",\"url\":\"https:\/\/barneleker.no\/\",\"logo\":{\"@type\":\"ImageObject\",\"inLanguage\":\"nb-NO\",\"@id\":\"https:\/\/barneleker.no\/#\/schema\/logo\/image\/\",\"url\":\"https:\/\/barneleker.no\/wp-content\/uploads\/2021\/11\/barneleker_logo-780x150-1.jpg\",\"contentUrl\":\"https:\/\/barneleker.no\/wp-content\/uploads\/2021\/11\/barneleker_logo-780x150-1.jpg\",\"width\":780,\"height\":150,\"caption\":\"Barneleker.no\"},\"image\":{\"@id\":\"https:\/\/barneleker.no\/#\/schema\/logo\/image\/\"}}]}<\/script>\n<!-- \/ Yoast SEO plugin. -->","yoast_head_json":{"title":"Greta Gris Peppa Pig, Family Motorhome - Barneleker.no","robots":{"index":"index","follow":"follow","max-snippet":"max-snippet:-1","max-image-preview":"max-image-preview:large","max-video-preview":"max-video-preview:-1"},"canonical":"https:\/\/barneleker.no\/index.php\/product\/greta-gris-peppa-pig-family-motorhome\/","og_locale":"nb_NO","og_type":"article","og_title":"Greta Gris Peppa Pig, Family Motorhome - Barneleker.no","og_description":"Barn fra 3 \u00e5r og opp vil elske \u00e5 g\u00e5 p\u00e5 ferie med Greta Pig og hennes familie med sin campingvogn. Hvis du ruller bilen&hellip;","og_url":"https:\/\/barneleker.no\/index.php\/product\/greta-gris-peppa-pig-family-motorhome\/","og_site_name":"Barneleker.no","twitter_card":"summary_large_image","twitter_misc":{"Ansl. lesetid":"1 minutt"},"schema":{"@context":"https:\/\/schema.org","@graph":[{"@type":"WebPage","@id":"https:\/\/barneleker.no\/index.php\/product\/greta-gris-peppa-pig-family-motorhome\/","url":"https:\/\/barneleker.no\/index.php\/product\/greta-gris-peppa-pig-family-motorhome\/","name":"Greta Gris Peppa Pig, Family Motorhome - Barneleker.no","isPartOf":{"@id":"https:\/\/barneleker.no\/#website"},"primaryImageOfPage":{"@id":"https:\/\/barneleker.no\/index.php\/product\/greta-gris-peppa-pig-family-motorhome\/#primaryimage"},"image":{"@id":"https:\/\/barneleker.no\/index.php\/product\/greta-gris-peppa-pig-family-motorhome\/#primaryimage"},"thumbnailUrl":"https:\/\/barneleker.no\/wp-content\/uploads\/2022\/02\/peppa-pig-family-motorhome.jpg","datePublished":"2022-02-08T20:03:07+00:00","breadcrumb":{"@id":"https:\/\/barneleker.no\/index.php\/product\/greta-gris-peppa-pig-family-motorhome\/#breadcrumb"},"inLanguage":"nb-NO","potentialAction":[{"@type":"ReadAction","target":["https:\/\/barneleker.no\/index.php\/product\/greta-gris-peppa-pig-family-motorhome\/"]}]},{"@type":"ImageObject","inLanguage":"nb-NO","@id":"https:\/\/barneleker.no\/index.php\/product\/greta-gris-peppa-pig-family-motorhome\/#primaryimage","url":"https:\/\/barneleker.no\/wp-content\/uploads\/2022\/02\/peppa-pig-family-motorhome.jpg","contentUrl":"https:\/\/barneleker.no\/wp-content\/uploads\/2022\/02\/peppa-pig-family-motorhome.jpg","width":555,"height":555},{"@type":"BreadcrumbList","@id":"https:\/\/barneleker.no\/index.php\/product\/greta-gris-peppa-pig-family-motorhome\/#breadcrumb","itemListElement":[{"@type":"ListItem","position":1,"name":"Butikken","item":"https:\/\/barneleker.no\/"},{"@type":"ListItem","position":2,"name":"Greta Gris Peppa Pig, Family Motorhome"}]},{"@type":"WebSite","@id":"https:\/\/barneleker.no\/#website","url":"https:\/\/barneleker.no\/","name":"Barneleker.no","description":"Selvf\u00f8lgelig!","publisher":{"@id":"https:\/\/barneleker.no\/#organization"},"potentialAction":[{"@type":"SearchAction","target":{"@type":"EntryPoint","urlTemplate":"https:\/\/barneleker.no\/?s={search_term_string}"},"query-input":{"@type":"PropertyValueSpecification","valueRequired":true,"valueName":"search_term_string"}}],"inLanguage":"nb-NO"},{"@type":"Organization","@id":"https:\/\/barneleker.no\/#organization","name":"Barneleker.no","url":"https:\/\/barneleker.no\/","logo":{"@type":"ImageObject","inLanguage":"nb-NO","@id":"https:\/\/barneleker.no\/#\/schema\/logo\/image\/","url":"https:\/\/barneleker.no\/wp-content\/uploads\/2021\/11\/barneleker_logo-780x150-1.jpg","contentUrl":"https:\/\/barneleker.no\/wp-content\/uploads\/2021\/11\/barneleker_logo-780x150-1.jpg","width":780,"height":150,"caption":"Barneleker.no"},"image":{"@id":"https:\/\/barneleker.no\/#\/schema\/logo\/image\/"}}]}},"_links":{"self":[{"href":"https:\/\/barneleker.no\/index.php\/wp-json\/wp\/v2\/product\/14513","targetHints":{"allow":["GET"]}}],"collection":[{"href":"https:\/\/barneleker.no\/index.php\/wp-json\/wp\/v2\/product"}],"about":[{"href":"https:\/\/barneleker.no\/index.php\/wp-json\/wp\/v2\/types\/product"}],"replies":[{"embeddable":true,"href":"https:\/\/barneleker.no\/index.php\/wp-json\/wp\/v2\/comments?post=14513"}],"wp:featuredmedia":[{"embeddable":true,"href":"https:\/\/barneleker.no\/index.php\/wp-json\/wp\/v2\/media\/14512"}],"wp:attachment":[{"href":"https:\/\/barneleker.no\/index.php\/wp-json\/wp\/v2\/media?parent=14513"}],"wp:term":[{"taxonomy":"product_brand","embeddable":true,"href":"https:\/\/barneleker.no\/index.php\/wp-json\/wp\/v2\/product_brand?post=14513"},{"taxonomy":"product_cat","embeddable":true,"href":"https:\/\/barneleker.no\/index.php\/wp-json\/wp\/v2\/product_cat?post=14513"},{"taxonomy":"product_tag","embeddable":true,"href":"https:\/\/barneleker.no\/index.php\/wp-json\/wp\/v2\/product_tag?post=14513"}],"curies":[{"name":"wp","href":"https:\/\/api.w.org\/{rel}","templated":true}]}}