{"id":14517,"date":"2022-02-08T20:03:08","date_gmt":"2022-02-08T20:03:08","guid":{"rendered":"https:\/\/barneleker.no\/index.php\/product\/wizarding-world-friendship-pack-ron-ginny\/"},"modified":"2022-02-08T20:03:08","modified_gmt":"2022-02-08T20:03:08","slug":"wizarding-world-friendship-pack-ron-ginny","status":"publish","type":"product","link":"https:\/\/barneleker.no\/index.php\/product\/wizarding-world-friendship-pack-ron-ginny\/","title":{"rendered":"Wizarding World, Friendship Pack Ron &#038; Ginny"},"content":{"rendered":"<p>Team opp med Chase for fartsfylte redningsaksjoner med PAW Patrol: The Movie Chase Mini Kj\u00f8ret\u00f8ysett! Dette settet best\u00e5r av en Chase minifigur og hans 2-i-1 bil, perfekt for spennende oppdrag. Kledd i sin nye uniform fra PAW Patrol: Filmen, er Chase klar for \u00e5 rykke ut! Autentiske detaljer fra filmen og fungerende hjul p\u00e5 motorsykkelen levendegj\u00f8r actionscenene fra filmen. N\u00e5r Adventure City er i tr\u00f8bbel, bare sett Chase bak rattet i lekebilen hans s\u00e5 rykker han ut. Bruk fantasien til \u00e5 leke redningsaksjoner inspirert av kinolerretet! M\u00e5 du komme frem p\u00e5 trangere steder, bare l\u00f8ft av karosseriet p\u00e5 politibilen for \u00e5 avdekke motorsykkelen til Chase og rulle den ut p\u00e5 \u00e5stedet! Sett karosseriet tilbake for \u00e5 transformere tilbake til politibil igjen. Dette leket\u00f8yssettet med figurer og kj\u00f8ret\u00f8y for gutter og jenter er en perfekt gave til barn. For enda mer filmaction, se etter Adventure City T\u00e5rnsettet (selges separat). Redd dagen med PAW Patrol: The Movie Chase Mini Kj\u00f8ret\u00f8ysett!<\/p>\n","protected":false},"excerpt":{"rendered":"<p>Team opp med Chase for fartsfylte redningsaksjoner med PAW Patrol: The Movie Chase Mini Kj\u00f8ret\u00f8ysett! Dette settet best\u00e5r av en Chase minifigur og hans 2-i-1&hellip;<\/p>\n","protected":false},"featured_media":14516,"comment_status":"open","ping_status":"closed","template":"","meta":[],"product_brand":[],"product_cat":[443],"product_tag":[],"class_list":{"0":"post-14517","1":"product","2":"type-product","3":"status-publish","4":"has-post-thumbnail","6":"product_cat-filmkaraktarer-tv-figurer-robotar","8":"first","9":"instock","10":"shipping-taxable","11":"product-type-external","12":"customify-col"},"yoast_head":"<!-- This site is optimized with the Yoast SEO plugin v26.0 - https:\/\/yoast.com\/wordpress\/plugins\/seo\/ -->\n<title>Wizarding World, Friendship Pack Ron &amp; Ginny - Barneleker.no<\/title>\n<meta name=\"robots\" content=\"index, follow, max-snippet:-1, max-image-preview:large, max-video-preview:-1\" \/>\n<link rel=\"canonical\" href=\"https:\/\/barneleker.no\/index.php\/product\/wizarding-world-friendship-pack-ron-ginny\/\" \/>\n<meta property=\"og:locale\" content=\"nb_NO\" \/>\n<meta property=\"og:type\" content=\"article\" \/>\n<meta property=\"og:title\" content=\"Wizarding World, Friendship Pack Ron &amp; Ginny - Barneleker.no\" \/>\n<meta property=\"og:description\" content=\"Team opp med Chase for fartsfylte redningsaksjoner med PAW Patrol: The Movie Chase Mini Kj\u00f8ret\u00f8ysett! Dette settet best\u00e5r av en Chase minifigur og hans 2-i-1&hellip;\" \/>\n<meta property=\"og:url\" content=\"https:\/\/barneleker.no\/index.php\/product\/wizarding-world-friendship-pack-ron-ginny\/\" \/>\n<meta property=\"og:site_name\" content=\"Barneleker.no\" \/>\n<meta name=\"twitter:card\" content=\"summary_large_image\" \/>\n<meta name=\"twitter:label1\" content=\"Ansl. lesetid\" \/>\n\t<meta name=\"twitter:data1\" content=\"1 minutt\" \/>\n<script type=\"application\/ld+json\" class=\"yoast-schema-graph\">{\"@context\":\"https:\/\/schema.org\",\"@graph\":[{\"@type\":\"WebPage\",\"@id\":\"https:\/\/barneleker.no\/index.php\/product\/wizarding-world-friendship-pack-ron-ginny\/\",\"url\":\"https:\/\/barneleker.no\/index.php\/product\/wizarding-world-friendship-pack-ron-ginny\/\",\"name\":\"Wizarding World, Friendship Pack Ron & Ginny - Barneleker.no\",\"isPartOf\":{\"@id\":\"https:\/\/barneleker.no\/#website\"},\"primaryImageOfPage\":{\"@id\":\"https:\/\/barneleker.no\/index.php\/product\/wizarding-world-friendship-pack-ron-ginny\/#primaryimage\"},\"image\":{\"@id\":\"https:\/\/barneleker.no\/index.php\/product\/wizarding-world-friendship-pack-ron-ginny\/#primaryimage\"},\"thumbnailUrl\":\"https:\/\/barneleker.no\/wp-content\/uploads\/2022\/02\/wizarding-world-friendship-pack-ron-ginny.jpg\",\"datePublished\":\"2022-02-08T20:03:08+00:00\",\"breadcrumb\":{\"@id\":\"https:\/\/barneleker.no\/index.php\/product\/wizarding-world-friendship-pack-ron-ginny\/#breadcrumb\"},\"inLanguage\":\"nb-NO\",\"potentialAction\":[{\"@type\":\"ReadAction\",\"target\":[\"https:\/\/barneleker.no\/index.php\/product\/wizarding-world-friendship-pack-ron-ginny\/\"]}]},{\"@type\":\"ImageObject\",\"inLanguage\":\"nb-NO\",\"@id\":\"https:\/\/barneleker.no\/index.php\/product\/wizarding-world-friendship-pack-ron-ginny\/#primaryimage\",\"url\":\"https:\/\/barneleker.no\/wp-content\/uploads\/2022\/02\/wizarding-world-friendship-pack-ron-ginny.jpg\",\"contentUrl\":\"https:\/\/barneleker.no\/wp-content\/uploads\/2022\/02\/wizarding-world-friendship-pack-ron-ginny.jpg\",\"width\":555,\"height\":555},{\"@type\":\"BreadcrumbList\",\"@id\":\"https:\/\/barneleker.no\/index.php\/product\/wizarding-world-friendship-pack-ron-ginny\/#breadcrumb\",\"itemListElement\":[{\"@type\":\"ListItem\",\"position\":1,\"name\":\"Butikken\",\"item\":\"https:\/\/barneleker.no\/\"},{\"@type\":\"ListItem\",\"position\":2,\"name\":\"Wizarding World, Friendship Pack Ron &#038; Ginny\"}]},{\"@type\":\"WebSite\",\"@id\":\"https:\/\/barneleker.no\/#website\",\"url\":\"https:\/\/barneleker.no\/\",\"name\":\"Barneleker.no\",\"description\":\"Selvf\u00f8lgelig!\",\"publisher\":{\"@id\":\"https:\/\/barneleker.no\/#organization\"},\"potentialAction\":[{\"@type\":\"SearchAction\",\"target\":{\"@type\":\"EntryPoint\",\"urlTemplate\":\"https:\/\/barneleker.no\/?s={search_term_string}\"},\"query-input\":{\"@type\":\"PropertyValueSpecification\",\"valueRequired\":true,\"valueName\":\"search_term_string\"}}],\"inLanguage\":\"nb-NO\"},{\"@type\":\"Organization\",\"@id\":\"https:\/\/barneleker.no\/#organization\",\"name\":\"Barneleker.no\",\"url\":\"https:\/\/barneleker.no\/\",\"logo\":{\"@type\":\"ImageObject\",\"inLanguage\":\"nb-NO\",\"@id\":\"https:\/\/barneleker.no\/#\/schema\/logo\/image\/\",\"url\":\"https:\/\/barneleker.no\/wp-content\/uploads\/2021\/11\/barneleker_logo-780x150-1.jpg\",\"contentUrl\":\"https:\/\/barneleker.no\/wp-content\/uploads\/2021\/11\/barneleker_logo-780x150-1.jpg\",\"width\":780,\"height\":150,\"caption\":\"Barneleker.no\"},\"image\":{\"@id\":\"https:\/\/barneleker.no\/#\/schema\/logo\/image\/\"}}]}<\/script>\n<!-- \/ Yoast SEO plugin. -->","yoast_head_json":{"title":"Wizarding World, Friendship Pack Ron & Ginny - Barneleker.no","robots":{"index":"index","follow":"follow","max-snippet":"max-snippet:-1","max-image-preview":"max-image-preview:large","max-video-preview":"max-video-preview:-1"},"canonical":"https:\/\/barneleker.no\/index.php\/product\/wizarding-world-friendship-pack-ron-ginny\/","og_locale":"nb_NO","og_type":"article","og_title":"Wizarding World, Friendship Pack Ron & Ginny - Barneleker.no","og_description":"Team opp med Chase for fartsfylte redningsaksjoner med PAW Patrol: The Movie Chase Mini Kj\u00f8ret\u00f8ysett! Dette settet best\u00e5r av en Chase minifigur og hans 2-i-1&hellip;","og_url":"https:\/\/barneleker.no\/index.php\/product\/wizarding-world-friendship-pack-ron-ginny\/","og_site_name":"Barneleker.no","twitter_card":"summary_large_image","twitter_misc":{"Ansl. lesetid":"1 minutt"},"schema":{"@context":"https:\/\/schema.org","@graph":[{"@type":"WebPage","@id":"https:\/\/barneleker.no\/index.php\/product\/wizarding-world-friendship-pack-ron-ginny\/","url":"https:\/\/barneleker.no\/index.php\/product\/wizarding-world-friendship-pack-ron-ginny\/","name":"Wizarding World, Friendship Pack Ron & Ginny - Barneleker.no","isPartOf":{"@id":"https:\/\/barneleker.no\/#website"},"primaryImageOfPage":{"@id":"https:\/\/barneleker.no\/index.php\/product\/wizarding-world-friendship-pack-ron-ginny\/#primaryimage"},"image":{"@id":"https:\/\/barneleker.no\/index.php\/product\/wizarding-world-friendship-pack-ron-ginny\/#primaryimage"},"thumbnailUrl":"https:\/\/barneleker.no\/wp-content\/uploads\/2022\/02\/wizarding-world-friendship-pack-ron-ginny.jpg","datePublished":"2022-02-08T20:03:08+00:00","breadcrumb":{"@id":"https:\/\/barneleker.no\/index.php\/product\/wizarding-world-friendship-pack-ron-ginny\/#breadcrumb"},"inLanguage":"nb-NO","potentialAction":[{"@type":"ReadAction","target":["https:\/\/barneleker.no\/index.php\/product\/wizarding-world-friendship-pack-ron-ginny\/"]}]},{"@type":"ImageObject","inLanguage":"nb-NO","@id":"https:\/\/barneleker.no\/index.php\/product\/wizarding-world-friendship-pack-ron-ginny\/#primaryimage","url":"https:\/\/barneleker.no\/wp-content\/uploads\/2022\/02\/wizarding-world-friendship-pack-ron-ginny.jpg","contentUrl":"https:\/\/barneleker.no\/wp-content\/uploads\/2022\/02\/wizarding-world-friendship-pack-ron-ginny.jpg","width":555,"height":555},{"@type":"BreadcrumbList","@id":"https:\/\/barneleker.no\/index.php\/product\/wizarding-world-friendship-pack-ron-ginny\/#breadcrumb","itemListElement":[{"@type":"ListItem","position":1,"name":"Butikken","item":"https:\/\/barneleker.no\/"},{"@type":"ListItem","position":2,"name":"Wizarding World, Friendship Pack Ron &#038; Ginny"}]},{"@type":"WebSite","@id":"https:\/\/barneleker.no\/#website","url":"https:\/\/barneleker.no\/","name":"Barneleker.no","description":"Selvf\u00f8lgelig!","publisher":{"@id":"https:\/\/barneleker.no\/#organization"},"potentialAction":[{"@type":"SearchAction","target":{"@type":"EntryPoint","urlTemplate":"https:\/\/barneleker.no\/?s={search_term_string}"},"query-input":{"@type":"PropertyValueSpecification","valueRequired":true,"valueName":"search_term_string"}}],"inLanguage":"nb-NO"},{"@type":"Organization","@id":"https:\/\/barneleker.no\/#organization","name":"Barneleker.no","url":"https:\/\/barneleker.no\/","logo":{"@type":"ImageObject","inLanguage":"nb-NO","@id":"https:\/\/barneleker.no\/#\/schema\/logo\/image\/","url":"https:\/\/barneleker.no\/wp-content\/uploads\/2021\/11\/barneleker_logo-780x150-1.jpg","contentUrl":"https:\/\/barneleker.no\/wp-content\/uploads\/2021\/11\/barneleker_logo-780x150-1.jpg","width":780,"height":150,"caption":"Barneleker.no"},"image":{"@id":"https:\/\/barneleker.no\/#\/schema\/logo\/image\/"}}]}},"_links":{"self":[{"href":"https:\/\/barneleker.no\/index.php\/wp-json\/wp\/v2\/product\/14517","targetHints":{"allow":["GET"]}}],"collection":[{"href":"https:\/\/barneleker.no\/index.php\/wp-json\/wp\/v2\/product"}],"about":[{"href":"https:\/\/barneleker.no\/index.php\/wp-json\/wp\/v2\/types\/product"}],"replies":[{"embeddable":true,"href":"https:\/\/barneleker.no\/index.php\/wp-json\/wp\/v2\/comments?post=14517"}],"wp:featuredmedia":[{"embeddable":true,"href":"https:\/\/barneleker.no\/index.php\/wp-json\/wp\/v2\/media\/14516"}],"wp:attachment":[{"href":"https:\/\/barneleker.no\/index.php\/wp-json\/wp\/v2\/media?parent=14517"}],"wp:term":[{"taxonomy":"product_brand","embeddable":true,"href":"https:\/\/barneleker.no\/index.php\/wp-json\/wp\/v2\/product_brand?post=14517"},{"taxonomy":"product_cat","embeddable":true,"href":"https:\/\/barneleker.no\/index.php\/wp-json\/wp\/v2\/product_cat?post=14517"},{"taxonomy":"product_tag","embeddable":true,"href":"https:\/\/barneleker.no\/index.php\/wp-json\/wp\/v2\/product_tag?post=14517"}],"curies":[{"name":"wp","href":"https:\/\/api.w.org\/{rel}","templated":true}]}}