{"id":14521,"date":"2022-02-08T20:03:10","date_gmt":"2022-02-08T20:03:10","guid":{"rendered":"https:\/\/barneleker.no\/index.php\/product\/wizarding-world-fashion-dukke-20-cm-harry\/"},"modified":"2022-02-08T20:03:10","modified_gmt":"2022-02-08T20:03:10","slug":"wizarding-world-fashion-dukke-20-cm-harry","status":"publish","type":"product","link":"https:\/\/barneleker.no\/index.php\/product\/wizarding-world-fashion-dukke-20-cm-harry\/","title":{"rendered":"Wizarding World, Fashion dukke 20 cm &#8211; Harry"},"content":{"rendered":"<p>Pynt opp utseende ditt med Purse Pets! Disse fantastiske interaktive kosedyrene er stappfulle av purse-onality. De responderer p\u00e5 ber\u00f8ring, blinker p\u00e5 ordentlig og har 15 spennende lyder og reaksjoner som er unike for hvert Purse Pet-design! Leoluxe Purse Pet har leopardtrykket stoff, prikkete imitert skinn, pop art-inspirerte \u00f8yne, justerbar rem og detaljer i ekte metall. N\u00e5r du er ute og g\u00e5r, vil din Leoluxe Purse Pet blunke og lage smarte lyder mens hun f\u00f8lger med p\u00e5 hva du gj\u00f8r. Klapp henne p\u00e5 pannen for \u00e5 f\u00e5 henne til \u00e5 kurre og male! Ta en selfie, klapp henne og hold henne p\u00e5 pannen s\u00e5 lukker hun \u00f8ynene, \u00e5pner dem og sender deg et lekent smellkyss! Deretter kan du utforske det stilige metallemblemet foran p\u00e5 leopardvesken \u2013 det er en hemmelig knapp som \u00e5pner for flere m\u00e5ter \u00e5 leke sammen p\u00e5! Det er magimodus, du kan spille spill og musikk samtidig. Vil du vite om din Leoluxe Purse Pet liker antrekket ditt? Finn ut om du har lykkes i moteveien ved \u00e5 sp\u00f8rre din Purse Pet om hva hun syns. Ta henne p\u00e5 pannen, still et sp\u00f8rsm\u00e5l, s\u00e5 responderer hun med s\u00f8te lyder og ja- eller nei-svar. Still henne flere sp\u00f8rsm\u00e5l, og gj\u00f8r deg deretter klar for moteshow. Trykk og hold p\u00e5 Purse Pets panne for \u00e5 starte catwalk-modus. Din Leoluxe Purse Pet vil spille av kul moteshow-inspirert musikk \u2013 dunk henne i pannen for kameralydeffekter og hold for applaus. Det er s\u00e5 g\u00f8y! Purse Pets s\u00f8rger for at vennskap m\u00f8ter mote! Ta med deg din supers\u00f8te veske overalt. Veskene m\u00e5ler 10,80 cm (H) x 15,87 cm (B) x 6,35 cm (D), og har perfekt st\u00f8rrelse for dine n\u00f8dvendigheter. Purse Pets er flotte gaver for jenter og inkluderer 3 AAA Duracell-batterier. Skaff deg dem alle (selges separat) og gi uttrykk for stilen din med din Purse Pets mote-bestis. Ta med deg The Leoluxe Purse Pet hjem og vis hvor motebevisst du er med ditt trendy interaktive kosedyr!<\/p>\n","protected":false},"excerpt":{"rendered":"<p>Pynt opp utseende ditt med Purse Pets! Disse fantastiske interaktive kosedyrene er stappfulle av purse-onality. De responderer p\u00e5 ber\u00f8ring, blinker p\u00e5 ordentlig og har 15&hellip;<\/p>\n","protected":false},"featured_media":14520,"comment_status":"open","ping_status":"closed","template":"","meta":[],"product_brand":[],"product_cat":[443],"product_tag":[],"class_list":{"0":"post-14521","1":"product","2":"type-product","3":"status-publish","4":"has-post-thumbnail","6":"product_cat-filmkaraktarer-tv-figurer-robotar","8":"first","9":"instock","10":"shipping-taxable","11":"product-type-external","12":"customify-col"},"yoast_head":"<!-- This site is optimized with the Yoast SEO plugin v26.0 - https:\/\/yoast.com\/wordpress\/plugins\/seo\/ -->\n<title>Wizarding World, Fashion dukke 20 cm - Harry - Barneleker.no<\/title>\n<meta name=\"robots\" content=\"index, follow, max-snippet:-1, max-image-preview:large, max-video-preview:-1\" \/>\n<link rel=\"canonical\" href=\"https:\/\/barneleker.no\/index.php\/product\/wizarding-world-fashion-dukke-20-cm-harry\/\" \/>\n<meta property=\"og:locale\" content=\"nb_NO\" \/>\n<meta property=\"og:type\" content=\"article\" \/>\n<meta property=\"og:title\" content=\"Wizarding World, Fashion dukke 20 cm - Harry - Barneleker.no\" \/>\n<meta property=\"og:description\" content=\"Pynt opp utseende ditt med Purse Pets! Disse fantastiske interaktive kosedyrene er stappfulle av purse-onality. De responderer p\u00e5 ber\u00f8ring, blinker p\u00e5 ordentlig og har 15&hellip;\" \/>\n<meta property=\"og:url\" content=\"https:\/\/barneleker.no\/index.php\/product\/wizarding-world-fashion-dukke-20-cm-harry\/\" \/>\n<meta property=\"og:site_name\" content=\"Barneleker.no\" \/>\n<meta name=\"twitter:card\" content=\"summary_large_image\" \/>\n<meta name=\"twitter:label1\" content=\"Ansl. lesetid\" \/>\n\t<meta name=\"twitter:data1\" content=\"2 minutter\" \/>\n<script type=\"application\/ld+json\" class=\"yoast-schema-graph\">{\"@context\":\"https:\/\/schema.org\",\"@graph\":[{\"@type\":\"WebPage\",\"@id\":\"https:\/\/barneleker.no\/index.php\/product\/wizarding-world-fashion-dukke-20-cm-harry\/\",\"url\":\"https:\/\/barneleker.no\/index.php\/product\/wizarding-world-fashion-dukke-20-cm-harry\/\",\"name\":\"Wizarding World, Fashion dukke 20 cm - Harry - Barneleker.no\",\"isPartOf\":{\"@id\":\"https:\/\/barneleker.no\/#website\"},\"primaryImageOfPage\":{\"@id\":\"https:\/\/barneleker.no\/index.php\/product\/wizarding-world-fashion-dukke-20-cm-harry\/#primaryimage\"},\"image\":{\"@id\":\"https:\/\/barneleker.no\/index.php\/product\/wizarding-world-fashion-dukke-20-cm-harry\/#primaryimage\"},\"thumbnailUrl\":\"https:\/\/barneleker.no\/wp-content\/uploads\/2022\/02\/wizarding-world-fashion-dukke-20-cm-harry.jpg\",\"datePublished\":\"2022-02-08T20:03:10+00:00\",\"breadcrumb\":{\"@id\":\"https:\/\/barneleker.no\/index.php\/product\/wizarding-world-fashion-dukke-20-cm-harry\/#breadcrumb\"},\"inLanguage\":\"nb-NO\",\"potentialAction\":[{\"@type\":\"ReadAction\",\"target\":[\"https:\/\/barneleker.no\/index.php\/product\/wizarding-world-fashion-dukke-20-cm-harry\/\"]}]},{\"@type\":\"ImageObject\",\"inLanguage\":\"nb-NO\",\"@id\":\"https:\/\/barneleker.no\/index.php\/product\/wizarding-world-fashion-dukke-20-cm-harry\/#primaryimage\",\"url\":\"https:\/\/barneleker.no\/wp-content\/uploads\/2022\/02\/wizarding-world-fashion-dukke-20-cm-harry.jpg\",\"contentUrl\":\"https:\/\/barneleker.no\/wp-content\/uploads\/2022\/02\/wizarding-world-fashion-dukke-20-cm-harry.jpg\",\"width\":555,\"height\":555},{\"@type\":\"BreadcrumbList\",\"@id\":\"https:\/\/barneleker.no\/index.php\/product\/wizarding-world-fashion-dukke-20-cm-harry\/#breadcrumb\",\"itemListElement\":[{\"@type\":\"ListItem\",\"position\":1,\"name\":\"Butikken\",\"item\":\"https:\/\/barneleker.no\/\"},{\"@type\":\"ListItem\",\"position\":2,\"name\":\"Wizarding World, Fashion dukke 20 cm &#8211; Harry\"}]},{\"@type\":\"WebSite\",\"@id\":\"https:\/\/barneleker.no\/#website\",\"url\":\"https:\/\/barneleker.no\/\",\"name\":\"Barneleker.no\",\"description\":\"Selvf\u00f8lgelig!\",\"publisher\":{\"@id\":\"https:\/\/barneleker.no\/#organization\"},\"potentialAction\":[{\"@type\":\"SearchAction\",\"target\":{\"@type\":\"EntryPoint\",\"urlTemplate\":\"https:\/\/barneleker.no\/?s={search_term_string}\"},\"query-input\":{\"@type\":\"PropertyValueSpecification\",\"valueRequired\":true,\"valueName\":\"search_term_string\"}}],\"inLanguage\":\"nb-NO\"},{\"@type\":\"Organization\",\"@id\":\"https:\/\/barneleker.no\/#organization\",\"name\":\"Barneleker.no\",\"url\":\"https:\/\/barneleker.no\/\",\"logo\":{\"@type\":\"ImageObject\",\"inLanguage\":\"nb-NO\",\"@id\":\"https:\/\/barneleker.no\/#\/schema\/logo\/image\/\",\"url\":\"https:\/\/barneleker.no\/wp-content\/uploads\/2021\/11\/barneleker_logo-780x150-1.jpg\",\"contentUrl\":\"https:\/\/barneleker.no\/wp-content\/uploads\/2021\/11\/barneleker_logo-780x150-1.jpg\",\"width\":780,\"height\":150,\"caption\":\"Barneleker.no\"},\"image\":{\"@id\":\"https:\/\/barneleker.no\/#\/schema\/logo\/image\/\"}}]}<\/script>\n<!-- \/ Yoast SEO plugin. -->","yoast_head_json":{"title":"Wizarding World, Fashion dukke 20 cm - Harry - Barneleker.no","robots":{"index":"index","follow":"follow","max-snippet":"max-snippet:-1","max-image-preview":"max-image-preview:large","max-video-preview":"max-video-preview:-1"},"canonical":"https:\/\/barneleker.no\/index.php\/product\/wizarding-world-fashion-dukke-20-cm-harry\/","og_locale":"nb_NO","og_type":"article","og_title":"Wizarding World, Fashion dukke 20 cm - Harry - Barneleker.no","og_description":"Pynt opp utseende ditt med Purse Pets! Disse fantastiske interaktive kosedyrene er stappfulle av purse-onality. De responderer p\u00e5 ber\u00f8ring, blinker p\u00e5 ordentlig og har 15&hellip;","og_url":"https:\/\/barneleker.no\/index.php\/product\/wizarding-world-fashion-dukke-20-cm-harry\/","og_site_name":"Barneleker.no","twitter_card":"summary_large_image","twitter_misc":{"Ansl. lesetid":"2 minutter"},"schema":{"@context":"https:\/\/schema.org","@graph":[{"@type":"WebPage","@id":"https:\/\/barneleker.no\/index.php\/product\/wizarding-world-fashion-dukke-20-cm-harry\/","url":"https:\/\/barneleker.no\/index.php\/product\/wizarding-world-fashion-dukke-20-cm-harry\/","name":"Wizarding World, Fashion dukke 20 cm - Harry - Barneleker.no","isPartOf":{"@id":"https:\/\/barneleker.no\/#website"},"primaryImageOfPage":{"@id":"https:\/\/barneleker.no\/index.php\/product\/wizarding-world-fashion-dukke-20-cm-harry\/#primaryimage"},"image":{"@id":"https:\/\/barneleker.no\/index.php\/product\/wizarding-world-fashion-dukke-20-cm-harry\/#primaryimage"},"thumbnailUrl":"https:\/\/barneleker.no\/wp-content\/uploads\/2022\/02\/wizarding-world-fashion-dukke-20-cm-harry.jpg","datePublished":"2022-02-08T20:03:10+00:00","breadcrumb":{"@id":"https:\/\/barneleker.no\/index.php\/product\/wizarding-world-fashion-dukke-20-cm-harry\/#breadcrumb"},"inLanguage":"nb-NO","potentialAction":[{"@type":"ReadAction","target":["https:\/\/barneleker.no\/index.php\/product\/wizarding-world-fashion-dukke-20-cm-harry\/"]}]},{"@type":"ImageObject","inLanguage":"nb-NO","@id":"https:\/\/barneleker.no\/index.php\/product\/wizarding-world-fashion-dukke-20-cm-harry\/#primaryimage","url":"https:\/\/barneleker.no\/wp-content\/uploads\/2022\/02\/wizarding-world-fashion-dukke-20-cm-harry.jpg","contentUrl":"https:\/\/barneleker.no\/wp-content\/uploads\/2022\/02\/wizarding-world-fashion-dukke-20-cm-harry.jpg","width":555,"height":555},{"@type":"BreadcrumbList","@id":"https:\/\/barneleker.no\/index.php\/product\/wizarding-world-fashion-dukke-20-cm-harry\/#breadcrumb","itemListElement":[{"@type":"ListItem","position":1,"name":"Butikken","item":"https:\/\/barneleker.no\/"},{"@type":"ListItem","position":2,"name":"Wizarding World, Fashion dukke 20 cm &#8211; Harry"}]},{"@type":"WebSite","@id":"https:\/\/barneleker.no\/#website","url":"https:\/\/barneleker.no\/","name":"Barneleker.no","description":"Selvf\u00f8lgelig!","publisher":{"@id":"https:\/\/barneleker.no\/#organization"},"potentialAction":[{"@type":"SearchAction","target":{"@type":"EntryPoint","urlTemplate":"https:\/\/barneleker.no\/?s={search_term_string}"},"query-input":{"@type":"PropertyValueSpecification","valueRequired":true,"valueName":"search_term_string"}}],"inLanguage":"nb-NO"},{"@type":"Organization","@id":"https:\/\/barneleker.no\/#organization","name":"Barneleker.no","url":"https:\/\/barneleker.no\/","logo":{"@type":"ImageObject","inLanguage":"nb-NO","@id":"https:\/\/barneleker.no\/#\/schema\/logo\/image\/","url":"https:\/\/barneleker.no\/wp-content\/uploads\/2021\/11\/barneleker_logo-780x150-1.jpg","contentUrl":"https:\/\/barneleker.no\/wp-content\/uploads\/2021\/11\/barneleker_logo-780x150-1.jpg","width":780,"height":150,"caption":"Barneleker.no"},"image":{"@id":"https:\/\/barneleker.no\/#\/schema\/logo\/image\/"}}]}},"_links":{"self":[{"href":"https:\/\/barneleker.no\/index.php\/wp-json\/wp\/v2\/product\/14521","targetHints":{"allow":["GET"]}}],"collection":[{"href":"https:\/\/barneleker.no\/index.php\/wp-json\/wp\/v2\/product"}],"about":[{"href":"https:\/\/barneleker.no\/index.php\/wp-json\/wp\/v2\/types\/product"}],"replies":[{"embeddable":true,"href":"https:\/\/barneleker.no\/index.php\/wp-json\/wp\/v2\/comments?post=14521"}],"wp:featuredmedia":[{"embeddable":true,"href":"https:\/\/barneleker.no\/index.php\/wp-json\/wp\/v2\/media\/14520"}],"wp:attachment":[{"href":"https:\/\/barneleker.no\/index.php\/wp-json\/wp\/v2\/media?parent=14521"}],"wp:term":[{"taxonomy":"product_brand","embeddable":true,"href":"https:\/\/barneleker.no\/index.php\/wp-json\/wp\/v2\/product_brand?post=14521"},{"taxonomy":"product_cat","embeddable":true,"href":"https:\/\/barneleker.no\/index.php\/wp-json\/wp\/v2\/product_cat?post=14521"},{"taxonomy":"product_tag","embeddable":true,"href":"https:\/\/barneleker.no\/index.php\/wp-json\/wp\/v2\/product_tag?post=14521"}],"curies":[{"name":"wp","href":"https:\/\/api.w.org\/{rel}","templated":true}]}}