{"id":14523,"date":"2022-02-08T20:03:11","date_gmt":"2022-02-08T20:03:11","guid":{"rendered":"https:\/\/barneleker.no\/index.php\/product\/wizarding-world-friendship-pack-harry-cho\/"},"modified":"2022-02-08T20:03:11","modified_gmt":"2022-02-08T20:03:11","slug":"wizarding-world-friendship-pack-harry-cho","status":"publish","type":"product","link":"https:\/\/barneleker.no\/index.php\/product\/wizarding-world-friendship-pack-harry-cho\/","title":{"rendered":"Wizarding World, Friendship Pack Harry &#038; Cho"},"content":{"rendered":"<p>Tenk deg \u00e5 passe skapningene fra Wizarding World med Lulla Lunekj\u00e6r og Magical Minis H\u00e5ndtering av Magiske Vesener lekesett! Settet best\u00e5r av en eksklusiv 3-tommers Lulla Lunekj\u00e6r dukke og tre tematiske tilbeh\u00f8r inkludert en flyvende baby-dystral, unge hekser, magikere og gomper, og gj\u00f8r at du kan gjenskape dine favorittscener fra Harry Potter med dette morsomme lekesettet. Fest baby-dystralen til trestammen og la den fly hele veien rundt treet! Ta deretter den hengende b\u00f8tta fra kroken og gi dystralen eplene som f\u00f8lger med \u2013 Lulla kan ogs\u00e5 holde et eple i h\u00e5nden sin. Og s\u00e5, finn skapningene som henger i treet. Flytt Lulla over aktiveringspunktet s\u00e5 spretter tretytingen ute av tre p\u00e5 magisk vis! Magical Minis H\u00e5ndtering av Magiske Vesener lekesettet er perfekt for \u00e5 pirre fantasien gjennom morsom og spennende lek. Koble lekesettet til utsiden av Magical Minis Galtvort Slott (selges separat) med den medf\u00f8lgende veikoblingen og utvid de sm\u00e5 Magical Minis dukkenes verden med lekesettene med klasserom for trylledrikker og besvergelser (settene selges separat). Skaff deg og sett sammen alle Magical Minis dukkene, Vennskapssettene og lekesettene for \u00e5 bygge opp din egen Wizarding World (selges separat). Magical Minis Harry Potter leker er perfekte gaver for jenter og Harry Potter fans. Opplev magien fra Harry Potter med Magical Minis H\u00e5ndtering av Magiske Vesener lekesett!<\/p>\n","protected":false},"excerpt":{"rendered":"<p>Tenk deg \u00e5 passe skapningene fra Wizarding World med Lulla Lunekj\u00e6r og Magical Minis H\u00e5ndtering av Magiske Vesener lekesett! Settet best\u00e5r av en eksklusiv 3-tommers&hellip;<\/p>\n","protected":false},"featured_media":14522,"comment_status":"open","ping_status":"closed","template":"","meta":[],"product_brand":[],"product_cat":[443],"product_tag":[],"class_list":{"0":"post-14523","1":"product","2":"type-product","3":"status-publish","4":"has-post-thumbnail","6":"product_cat-filmkaraktarer-tv-figurer-robotar","8":"first","9":"instock","10":"shipping-taxable","11":"product-type-external","12":"customify-col"},"yoast_head":"<!-- This site is optimized with the Yoast SEO plugin v26.0 - https:\/\/yoast.com\/wordpress\/plugins\/seo\/ -->\n<title>Wizarding World, Friendship Pack Harry &amp; Cho - Barneleker.no<\/title>\n<meta name=\"robots\" content=\"index, follow, max-snippet:-1, max-image-preview:large, max-video-preview:-1\" \/>\n<link rel=\"canonical\" href=\"https:\/\/barneleker.no\/index.php\/product\/wizarding-world-friendship-pack-harry-cho\/\" \/>\n<meta property=\"og:locale\" content=\"nb_NO\" \/>\n<meta property=\"og:type\" content=\"article\" \/>\n<meta property=\"og:title\" content=\"Wizarding World, Friendship Pack Harry &amp; Cho - Barneleker.no\" \/>\n<meta property=\"og:description\" content=\"Tenk deg \u00e5 passe skapningene fra Wizarding World med Lulla Lunekj\u00e6r og Magical Minis H\u00e5ndtering av Magiske Vesener lekesett! Settet best\u00e5r av en eksklusiv 3-tommers&hellip;\" \/>\n<meta property=\"og:url\" content=\"https:\/\/barneleker.no\/index.php\/product\/wizarding-world-friendship-pack-harry-cho\/\" \/>\n<meta property=\"og:site_name\" content=\"Barneleker.no\" \/>\n<meta name=\"twitter:card\" content=\"summary_large_image\" \/>\n<meta name=\"twitter:label1\" content=\"Ansl. lesetid\" \/>\n\t<meta name=\"twitter:data1\" content=\"1 minutt\" \/>\n<script type=\"application\/ld+json\" class=\"yoast-schema-graph\">{\"@context\":\"https:\/\/schema.org\",\"@graph\":[{\"@type\":\"WebPage\",\"@id\":\"https:\/\/barneleker.no\/index.php\/product\/wizarding-world-friendship-pack-harry-cho\/\",\"url\":\"https:\/\/barneleker.no\/index.php\/product\/wizarding-world-friendship-pack-harry-cho\/\",\"name\":\"Wizarding World, Friendship Pack Harry & Cho - Barneleker.no\",\"isPartOf\":{\"@id\":\"https:\/\/barneleker.no\/#website\"},\"primaryImageOfPage\":{\"@id\":\"https:\/\/barneleker.no\/index.php\/product\/wizarding-world-friendship-pack-harry-cho\/#primaryimage\"},\"image\":{\"@id\":\"https:\/\/barneleker.no\/index.php\/product\/wizarding-world-friendship-pack-harry-cho\/#primaryimage\"},\"thumbnailUrl\":\"https:\/\/barneleker.no\/wp-content\/uploads\/2022\/02\/wizarding-world-friendship-pack-harry-cho.jpg\",\"datePublished\":\"2022-02-08T20:03:11+00:00\",\"breadcrumb\":{\"@id\":\"https:\/\/barneleker.no\/index.php\/product\/wizarding-world-friendship-pack-harry-cho\/#breadcrumb\"},\"inLanguage\":\"nb-NO\",\"potentialAction\":[{\"@type\":\"ReadAction\",\"target\":[\"https:\/\/barneleker.no\/index.php\/product\/wizarding-world-friendship-pack-harry-cho\/\"]}]},{\"@type\":\"ImageObject\",\"inLanguage\":\"nb-NO\",\"@id\":\"https:\/\/barneleker.no\/index.php\/product\/wizarding-world-friendship-pack-harry-cho\/#primaryimage\",\"url\":\"https:\/\/barneleker.no\/wp-content\/uploads\/2022\/02\/wizarding-world-friendship-pack-harry-cho.jpg\",\"contentUrl\":\"https:\/\/barneleker.no\/wp-content\/uploads\/2022\/02\/wizarding-world-friendship-pack-harry-cho.jpg\",\"width\":555,\"height\":555},{\"@type\":\"BreadcrumbList\",\"@id\":\"https:\/\/barneleker.no\/index.php\/product\/wizarding-world-friendship-pack-harry-cho\/#breadcrumb\",\"itemListElement\":[{\"@type\":\"ListItem\",\"position\":1,\"name\":\"Butikken\",\"item\":\"https:\/\/barneleker.no\/\"},{\"@type\":\"ListItem\",\"position\":2,\"name\":\"Wizarding World, Friendship Pack Harry &#038; Cho\"}]},{\"@type\":\"WebSite\",\"@id\":\"https:\/\/barneleker.no\/#website\",\"url\":\"https:\/\/barneleker.no\/\",\"name\":\"Barneleker.no\",\"description\":\"Selvf\u00f8lgelig!\",\"publisher\":{\"@id\":\"https:\/\/barneleker.no\/#organization\"},\"potentialAction\":[{\"@type\":\"SearchAction\",\"target\":{\"@type\":\"EntryPoint\",\"urlTemplate\":\"https:\/\/barneleker.no\/?s={search_term_string}\"},\"query-input\":{\"@type\":\"PropertyValueSpecification\",\"valueRequired\":true,\"valueName\":\"search_term_string\"}}],\"inLanguage\":\"nb-NO\"},{\"@type\":\"Organization\",\"@id\":\"https:\/\/barneleker.no\/#organization\",\"name\":\"Barneleker.no\",\"url\":\"https:\/\/barneleker.no\/\",\"logo\":{\"@type\":\"ImageObject\",\"inLanguage\":\"nb-NO\",\"@id\":\"https:\/\/barneleker.no\/#\/schema\/logo\/image\/\",\"url\":\"https:\/\/barneleker.no\/wp-content\/uploads\/2021\/11\/barneleker_logo-780x150-1.jpg\",\"contentUrl\":\"https:\/\/barneleker.no\/wp-content\/uploads\/2021\/11\/barneleker_logo-780x150-1.jpg\",\"width\":780,\"height\":150,\"caption\":\"Barneleker.no\"},\"image\":{\"@id\":\"https:\/\/barneleker.no\/#\/schema\/logo\/image\/\"}}]}<\/script>\n<!-- \/ Yoast SEO plugin. -->","yoast_head_json":{"title":"Wizarding World, Friendship Pack Harry & Cho - Barneleker.no","robots":{"index":"index","follow":"follow","max-snippet":"max-snippet:-1","max-image-preview":"max-image-preview:large","max-video-preview":"max-video-preview:-1"},"canonical":"https:\/\/barneleker.no\/index.php\/product\/wizarding-world-friendship-pack-harry-cho\/","og_locale":"nb_NO","og_type":"article","og_title":"Wizarding World, Friendship Pack Harry & Cho - Barneleker.no","og_description":"Tenk deg \u00e5 passe skapningene fra Wizarding World med Lulla Lunekj\u00e6r og Magical Minis H\u00e5ndtering av Magiske Vesener lekesett! Settet best\u00e5r av en eksklusiv 3-tommers&hellip;","og_url":"https:\/\/barneleker.no\/index.php\/product\/wizarding-world-friendship-pack-harry-cho\/","og_site_name":"Barneleker.no","twitter_card":"summary_large_image","twitter_misc":{"Ansl. lesetid":"1 minutt"},"schema":{"@context":"https:\/\/schema.org","@graph":[{"@type":"WebPage","@id":"https:\/\/barneleker.no\/index.php\/product\/wizarding-world-friendship-pack-harry-cho\/","url":"https:\/\/barneleker.no\/index.php\/product\/wizarding-world-friendship-pack-harry-cho\/","name":"Wizarding World, Friendship Pack Harry & Cho - Barneleker.no","isPartOf":{"@id":"https:\/\/barneleker.no\/#website"},"primaryImageOfPage":{"@id":"https:\/\/barneleker.no\/index.php\/product\/wizarding-world-friendship-pack-harry-cho\/#primaryimage"},"image":{"@id":"https:\/\/barneleker.no\/index.php\/product\/wizarding-world-friendship-pack-harry-cho\/#primaryimage"},"thumbnailUrl":"https:\/\/barneleker.no\/wp-content\/uploads\/2022\/02\/wizarding-world-friendship-pack-harry-cho.jpg","datePublished":"2022-02-08T20:03:11+00:00","breadcrumb":{"@id":"https:\/\/barneleker.no\/index.php\/product\/wizarding-world-friendship-pack-harry-cho\/#breadcrumb"},"inLanguage":"nb-NO","potentialAction":[{"@type":"ReadAction","target":["https:\/\/barneleker.no\/index.php\/product\/wizarding-world-friendship-pack-harry-cho\/"]}]},{"@type":"ImageObject","inLanguage":"nb-NO","@id":"https:\/\/barneleker.no\/index.php\/product\/wizarding-world-friendship-pack-harry-cho\/#primaryimage","url":"https:\/\/barneleker.no\/wp-content\/uploads\/2022\/02\/wizarding-world-friendship-pack-harry-cho.jpg","contentUrl":"https:\/\/barneleker.no\/wp-content\/uploads\/2022\/02\/wizarding-world-friendship-pack-harry-cho.jpg","width":555,"height":555},{"@type":"BreadcrumbList","@id":"https:\/\/barneleker.no\/index.php\/product\/wizarding-world-friendship-pack-harry-cho\/#breadcrumb","itemListElement":[{"@type":"ListItem","position":1,"name":"Butikken","item":"https:\/\/barneleker.no\/"},{"@type":"ListItem","position":2,"name":"Wizarding World, Friendship Pack Harry &#038; Cho"}]},{"@type":"WebSite","@id":"https:\/\/barneleker.no\/#website","url":"https:\/\/barneleker.no\/","name":"Barneleker.no","description":"Selvf\u00f8lgelig!","publisher":{"@id":"https:\/\/barneleker.no\/#organization"},"potentialAction":[{"@type":"SearchAction","target":{"@type":"EntryPoint","urlTemplate":"https:\/\/barneleker.no\/?s={search_term_string}"},"query-input":{"@type":"PropertyValueSpecification","valueRequired":true,"valueName":"search_term_string"}}],"inLanguage":"nb-NO"},{"@type":"Organization","@id":"https:\/\/barneleker.no\/#organization","name":"Barneleker.no","url":"https:\/\/barneleker.no\/","logo":{"@type":"ImageObject","inLanguage":"nb-NO","@id":"https:\/\/barneleker.no\/#\/schema\/logo\/image\/","url":"https:\/\/barneleker.no\/wp-content\/uploads\/2021\/11\/barneleker_logo-780x150-1.jpg","contentUrl":"https:\/\/barneleker.no\/wp-content\/uploads\/2021\/11\/barneleker_logo-780x150-1.jpg","width":780,"height":150,"caption":"Barneleker.no"},"image":{"@id":"https:\/\/barneleker.no\/#\/schema\/logo\/image\/"}}]}},"_links":{"self":[{"href":"https:\/\/barneleker.no\/index.php\/wp-json\/wp\/v2\/product\/14523","targetHints":{"allow":["GET"]}}],"collection":[{"href":"https:\/\/barneleker.no\/index.php\/wp-json\/wp\/v2\/product"}],"about":[{"href":"https:\/\/barneleker.no\/index.php\/wp-json\/wp\/v2\/types\/product"}],"replies":[{"embeddable":true,"href":"https:\/\/barneleker.no\/index.php\/wp-json\/wp\/v2\/comments?post=14523"}],"wp:featuredmedia":[{"embeddable":true,"href":"https:\/\/barneleker.no\/index.php\/wp-json\/wp\/v2\/media\/14522"}],"wp:attachment":[{"href":"https:\/\/barneleker.no\/index.php\/wp-json\/wp\/v2\/media?parent=14523"}],"wp:term":[{"taxonomy":"product_brand","embeddable":true,"href":"https:\/\/barneleker.no\/index.php\/wp-json\/wp\/v2\/product_brand?post=14523"},{"taxonomy":"product_cat","embeddable":true,"href":"https:\/\/barneleker.no\/index.php\/wp-json\/wp\/v2\/product_cat?post=14523"},{"taxonomy":"product_tag","embeddable":true,"href":"https:\/\/barneleker.no\/index.php\/wp-json\/wp\/v2\/product_tag?post=14523"}],"curies":[{"name":"wp","href":"https:\/\/api.w.org\/{rel}","templated":true}]}}