{"id":14533,"date":"2022-02-08T20:03:14","date_gmt":"2022-02-08T20:03:14","guid":{"rendered":"https:\/\/barneleker.no\/index.php\/product\/lego-ninjago-71737-x-1-ninjabil\/"},"modified":"2022-02-08T20:03:14","modified_gmt":"2022-02-08T20:03:14","slug":"lego-ninjago-71737-x-1-ninjabil","status":"publish","type":"product","link":"https:\/\/barneleker.no\/index.php\/product\/lego-ninjago-71737-x-1-ninjabil\/","title":{"rendered":"LEGO Ninjago 71737, X-1 ninjabil"},"content":{"rendered":"<p>Med denne oppdaterte versjonen av X-1 ninjabil (71737) kan barn iscenesette kamper mellom ninjaer og nindroidekrigeren fra sesong 3 av LEGO\u00ae NINJAGO\u00ae TV-serien. 2-i-1-kj\u00f8ret\u00f8yet er utstyrt med to fj\u00e6rbelastede skytere og rommer ogs\u00e5 en skjult lekemotorsykkel som kan skytes ut ved hjelp av en knapp og brukes i kampen mot nindroidene.  For barn som liker actionfylt fantasy Det unike Legacy-lekesettet inneholder fem minifigurer: ninjaheltene Kai, Jay og Cole Legacy samt en nindroidekriger og en mindroide, som barn kan bruke for \u00e5 lage spennende og fantasifylte fortellinger. Cole Legacy fra januar 2021 er en helt ny, gullfarget samlerminifigur med sokkel, som lanseres i forbindelse med ti\u00e5rsjubileet for NINJAGO byggesettene.  En perfekt LEGO gave for ninjafans Med LEGO NINJAGO lekesettene f\u00e5r barn tilgang til en hel verden full av spennende eventyr. NINJAGO fans kan sl\u00e5 seg sammen med heltene sine for \u00e5 kjempe mot fiender med et fantastisk utvalg av ninjaleker som inkluderer motorsykler, roboter og mye mer.<\/p>\n","protected":false},"excerpt":{"rendered":"<p>Med denne oppdaterte versjonen av X-1 ninjabil (71737) kan barn iscenesette kamper mellom ninjaer og nindroidekrigeren fra sesong 3 av LEGO\u00ae NINJAGO\u00ae TV-serien. 2-i-1-kj\u00f8ret\u00f8yet er&hellip;<\/p>\n","protected":false},"featured_media":14532,"comment_status":"open","ping_status":"closed","template":"","meta":[],"product_brand":[],"product_cat":[476],"product_tag":[],"class_list":{"0":"post-14533","1":"product","2":"type-product","3":"status-publish","4":"has-post-thumbnail","6":"product_cat-set-lego-fordon","8":"first","9":"instock","10":"shipping-taxable","11":"product-type-external","12":"customify-col"},"yoast_head":"<!-- This site is optimized with the Yoast SEO plugin v26.0 - https:\/\/yoast.com\/wordpress\/plugins\/seo\/ -->\n<title>LEGO Ninjago 71737, X-1 ninjabil - Barneleker.no<\/title>\n<meta name=\"robots\" content=\"index, follow, max-snippet:-1, max-image-preview:large, max-video-preview:-1\" \/>\n<link rel=\"canonical\" href=\"https:\/\/barneleker.no\/index.php\/product\/lego-ninjago-71737-x-1-ninjabil\/\" \/>\n<meta property=\"og:locale\" content=\"nb_NO\" \/>\n<meta property=\"og:type\" content=\"article\" \/>\n<meta property=\"og:title\" content=\"LEGO Ninjago 71737, X-1 ninjabil - Barneleker.no\" \/>\n<meta property=\"og:description\" content=\"Med denne oppdaterte versjonen av X-1 ninjabil (71737) kan barn iscenesette kamper mellom ninjaer og nindroidekrigeren fra sesong 3 av LEGO\u00ae NINJAGO\u00ae TV-serien. 2-i-1-kj\u00f8ret\u00f8yet er&hellip;\" \/>\n<meta property=\"og:url\" content=\"https:\/\/barneleker.no\/index.php\/product\/lego-ninjago-71737-x-1-ninjabil\/\" \/>\n<meta property=\"og:site_name\" content=\"Barneleker.no\" \/>\n<meta name=\"twitter:card\" content=\"summary_large_image\" \/>\n<meta name=\"twitter:label1\" content=\"Ansl. lesetid\" \/>\n\t<meta name=\"twitter:data1\" content=\"1 minutt\" \/>\n<script type=\"application\/ld+json\" class=\"yoast-schema-graph\">{\"@context\":\"https:\/\/schema.org\",\"@graph\":[{\"@type\":\"WebPage\",\"@id\":\"https:\/\/barneleker.no\/index.php\/product\/lego-ninjago-71737-x-1-ninjabil\/\",\"url\":\"https:\/\/barneleker.no\/index.php\/product\/lego-ninjago-71737-x-1-ninjabil\/\",\"name\":\"LEGO Ninjago 71737, X-1 ninjabil - Barneleker.no\",\"isPartOf\":{\"@id\":\"https:\/\/barneleker.no\/#website\"},\"primaryImageOfPage\":{\"@id\":\"https:\/\/barneleker.no\/index.php\/product\/lego-ninjago-71737-x-1-ninjabil\/#primaryimage\"},\"image\":{\"@id\":\"https:\/\/barneleker.no\/index.php\/product\/lego-ninjago-71737-x-1-ninjabil\/#primaryimage\"},\"thumbnailUrl\":\"https:\/\/barneleker.no\/wp-content\/uploads\/2022\/02\/lego-ninjago-71737-x-1-ninjabil.jpg\",\"datePublished\":\"2022-02-08T20:03:14+00:00\",\"breadcrumb\":{\"@id\":\"https:\/\/barneleker.no\/index.php\/product\/lego-ninjago-71737-x-1-ninjabil\/#breadcrumb\"},\"inLanguage\":\"nb-NO\",\"potentialAction\":[{\"@type\":\"ReadAction\",\"target\":[\"https:\/\/barneleker.no\/index.php\/product\/lego-ninjago-71737-x-1-ninjabil\/\"]}]},{\"@type\":\"ImageObject\",\"inLanguage\":\"nb-NO\",\"@id\":\"https:\/\/barneleker.no\/index.php\/product\/lego-ninjago-71737-x-1-ninjabil\/#primaryimage\",\"url\":\"https:\/\/barneleker.no\/wp-content\/uploads\/2022\/02\/lego-ninjago-71737-x-1-ninjabil.jpg\",\"contentUrl\":\"https:\/\/barneleker.no\/wp-content\/uploads\/2022\/02\/lego-ninjago-71737-x-1-ninjabil.jpg\",\"width\":555,\"height\":555},{\"@type\":\"BreadcrumbList\",\"@id\":\"https:\/\/barneleker.no\/index.php\/product\/lego-ninjago-71737-x-1-ninjabil\/#breadcrumb\",\"itemListElement\":[{\"@type\":\"ListItem\",\"position\":1,\"name\":\"Butikken\",\"item\":\"https:\/\/barneleker.no\/\"},{\"@type\":\"ListItem\",\"position\":2,\"name\":\"LEGO Ninjago 71737, X-1 ninjabil\"}]},{\"@type\":\"WebSite\",\"@id\":\"https:\/\/barneleker.no\/#website\",\"url\":\"https:\/\/barneleker.no\/\",\"name\":\"Barneleker.no\",\"description\":\"Selvf\u00f8lgelig!\",\"publisher\":{\"@id\":\"https:\/\/barneleker.no\/#organization\"},\"potentialAction\":[{\"@type\":\"SearchAction\",\"target\":{\"@type\":\"EntryPoint\",\"urlTemplate\":\"https:\/\/barneleker.no\/?s={search_term_string}\"},\"query-input\":{\"@type\":\"PropertyValueSpecification\",\"valueRequired\":true,\"valueName\":\"search_term_string\"}}],\"inLanguage\":\"nb-NO\"},{\"@type\":\"Organization\",\"@id\":\"https:\/\/barneleker.no\/#organization\",\"name\":\"Barneleker.no\",\"url\":\"https:\/\/barneleker.no\/\",\"logo\":{\"@type\":\"ImageObject\",\"inLanguage\":\"nb-NO\",\"@id\":\"https:\/\/barneleker.no\/#\/schema\/logo\/image\/\",\"url\":\"https:\/\/barneleker.no\/wp-content\/uploads\/2021\/11\/barneleker_logo-780x150-1.jpg\",\"contentUrl\":\"https:\/\/barneleker.no\/wp-content\/uploads\/2021\/11\/barneleker_logo-780x150-1.jpg\",\"width\":780,\"height\":150,\"caption\":\"Barneleker.no\"},\"image\":{\"@id\":\"https:\/\/barneleker.no\/#\/schema\/logo\/image\/\"}}]}<\/script>\n<!-- \/ Yoast SEO plugin. -->","yoast_head_json":{"title":"LEGO Ninjago 71737, X-1 ninjabil - Barneleker.no","robots":{"index":"index","follow":"follow","max-snippet":"max-snippet:-1","max-image-preview":"max-image-preview:large","max-video-preview":"max-video-preview:-1"},"canonical":"https:\/\/barneleker.no\/index.php\/product\/lego-ninjago-71737-x-1-ninjabil\/","og_locale":"nb_NO","og_type":"article","og_title":"LEGO Ninjago 71737, X-1 ninjabil - Barneleker.no","og_description":"Med denne oppdaterte versjonen av X-1 ninjabil (71737) kan barn iscenesette kamper mellom ninjaer og nindroidekrigeren fra sesong 3 av LEGO\u00ae NINJAGO\u00ae TV-serien. 2-i-1-kj\u00f8ret\u00f8yet er&hellip;","og_url":"https:\/\/barneleker.no\/index.php\/product\/lego-ninjago-71737-x-1-ninjabil\/","og_site_name":"Barneleker.no","twitter_card":"summary_large_image","twitter_misc":{"Ansl. lesetid":"1 minutt"},"schema":{"@context":"https:\/\/schema.org","@graph":[{"@type":"WebPage","@id":"https:\/\/barneleker.no\/index.php\/product\/lego-ninjago-71737-x-1-ninjabil\/","url":"https:\/\/barneleker.no\/index.php\/product\/lego-ninjago-71737-x-1-ninjabil\/","name":"LEGO Ninjago 71737, X-1 ninjabil - Barneleker.no","isPartOf":{"@id":"https:\/\/barneleker.no\/#website"},"primaryImageOfPage":{"@id":"https:\/\/barneleker.no\/index.php\/product\/lego-ninjago-71737-x-1-ninjabil\/#primaryimage"},"image":{"@id":"https:\/\/barneleker.no\/index.php\/product\/lego-ninjago-71737-x-1-ninjabil\/#primaryimage"},"thumbnailUrl":"https:\/\/barneleker.no\/wp-content\/uploads\/2022\/02\/lego-ninjago-71737-x-1-ninjabil.jpg","datePublished":"2022-02-08T20:03:14+00:00","breadcrumb":{"@id":"https:\/\/barneleker.no\/index.php\/product\/lego-ninjago-71737-x-1-ninjabil\/#breadcrumb"},"inLanguage":"nb-NO","potentialAction":[{"@type":"ReadAction","target":["https:\/\/barneleker.no\/index.php\/product\/lego-ninjago-71737-x-1-ninjabil\/"]}]},{"@type":"ImageObject","inLanguage":"nb-NO","@id":"https:\/\/barneleker.no\/index.php\/product\/lego-ninjago-71737-x-1-ninjabil\/#primaryimage","url":"https:\/\/barneleker.no\/wp-content\/uploads\/2022\/02\/lego-ninjago-71737-x-1-ninjabil.jpg","contentUrl":"https:\/\/barneleker.no\/wp-content\/uploads\/2022\/02\/lego-ninjago-71737-x-1-ninjabil.jpg","width":555,"height":555},{"@type":"BreadcrumbList","@id":"https:\/\/barneleker.no\/index.php\/product\/lego-ninjago-71737-x-1-ninjabil\/#breadcrumb","itemListElement":[{"@type":"ListItem","position":1,"name":"Butikken","item":"https:\/\/barneleker.no\/"},{"@type":"ListItem","position":2,"name":"LEGO Ninjago 71737, X-1 ninjabil"}]},{"@type":"WebSite","@id":"https:\/\/barneleker.no\/#website","url":"https:\/\/barneleker.no\/","name":"Barneleker.no","description":"Selvf\u00f8lgelig!","publisher":{"@id":"https:\/\/barneleker.no\/#organization"},"potentialAction":[{"@type":"SearchAction","target":{"@type":"EntryPoint","urlTemplate":"https:\/\/barneleker.no\/?s={search_term_string}"},"query-input":{"@type":"PropertyValueSpecification","valueRequired":true,"valueName":"search_term_string"}}],"inLanguage":"nb-NO"},{"@type":"Organization","@id":"https:\/\/barneleker.no\/#organization","name":"Barneleker.no","url":"https:\/\/barneleker.no\/","logo":{"@type":"ImageObject","inLanguage":"nb-NO","@id":"https:\/\/barneleker.no\/#\/schema\/logo\/image\/","url":"https:\/\/barneleker.no\/wp-content\/uploads\/2021\/11\/barneleker_logo-780x150-1.jpg","contentUrl":"https:\/\/barneleker.no\/wp-content\/uploads\/2021\/11\/barneleker_logo-780x150-1.jpg","width":780,"height":150,"caption":"Barneleker.no"},"image":{"@id":"https:\/\/barneleker.no\/#\/schema\/logo\/image\/"}}]}},"_links":{"self":[{"href":"https:\/\/barneleker.no\/index.php\/wp-json\/wp\/v2\/product\/14533","targetHints":{"allow":["GET"]}}],"collection":[{"href":"https:\/\/barneleker.no\/index.php\/wp-json\/wp\/v2\/product"}],"about":[{"href":"https:\/\/barneleker.no\/index.php\/wp-json\/wp\/v2\/types\/product"}],"replies":[{"embeddable":true,"href":"https:\/\/barneleker.no\/index.php\/wp-json\/wp\/v2\/comments?post=14533"}],"wp:featuredmedia":[{"embeddable":true,"href":"https:\/\/barneleker.no\/index.php\/wp-json\/wp\/v2\/media\/14532"}],"wp:attachment":[{"href":"https:\/\/barneleker.no\/index.php\/wp-json\/wp\/v2\/media?parent=14533"}],"wp:term":[{"taxonomy":"product_brand","embeddable":true,"href":"https:\/\/barneleker.no\/index.php\/wp-json\/wp\/v2\/product_brand?post=14533"},{"taxonomy":"product_cat","embeddable":true,"href":"https:\/\/barneleker.no\/index.php\/wp-json\/wp\/v2\/product_cat?post=14533"},{"taxonomy":"product_tag","embeddable":true,"href":"https:\/\/barneleker.no\/index.php\/wp-json\/wp\/v2\/product_tag?post=14533"}],"curies":[{"name":"wp","href":"https:\/\/api.w.org\/{rel}","templated":true}]}}