{"id":14543,"date":"2022-02-08T20:03:18","date_gmt":"2022-02-08T20:03:18","guid":{"rendered":"https:\/\/barneleker.no\/index.php\/product\/kid-nokler-pa-ringen-med-bilalarm\/"},"modified":"2022-02-08T20:03:18","modified_gmt":"2022-02-08T20:03:18","slug":"kid-nokler-pa-ringen-med-bilalarm","status":"publish","type":"product","link":"https:\/\/barneleker.no\/index.php\/product\/kid-nokler-pa-ringen-med-bilalarm\/","title":{"rendered":"KID, N\u00f8kler p\u00e5 ringen med bilalarm"},"content":{"rendered":"<p>En haug med n\u00f8kler til de minste barna. N\u00f8klene er myke og laget for \u00e5 bli bitt, noe et barn elsker n\u00e5r de f\u00f8rste tennene kommer. N\u00f8kkelringen har ogs\u00e5 en elektronisk n\u00f8kkel som lager morsomme billyder n\u00e5r du klikker p\u00e5 knappene.<\/p>\n","protected":false},"excerpt":{"rendered":"<p>En haug med n\u00f8kler til de minste barna. N\u00f8klene er myke og laget for \u00e5 bli bitt, noe et barn elsker n\u00e5r de f\u00f8rste tennene&hellip;<\/p>\n","protected":false},"featured_media":14542,"comment_status":"open","ping_status":"closed","template":"","meta":[],"product_brand":[],"product_cat":[402],"product_tag":[],"class_list":{"0":"post-14543","1":"product","2":"type-product","3":"status-publish","4":"has-post-thumbnail","6":"product_cat-aktivitetsleksaker","8":"first","9":"instock","10":"shipping-taxable","11":"product-type-external","12":"customify-col"},"yoast_head":"<!-- This site is optimized with the Yoast SEO plugin v26.0 - https:\/\/yoast.com\/wordpress\/plugins\/seo\/ -->\n<title>KID, N\u00f8kler p\u00e5 ringen med bilalarm - Barneleker.no<\/title>\n<meta name=\"robots\" content=\"index, follow, max-snippet:-1, max-image-preview:large, max-video-preview:-1\" \/>\n<link rel=\"canonical\" href=\"https:\/\/barneleker.no\/index.php\/product\/kid-nokler-pa-ringen-med-bilalarm\/\" \/>\n<meta property=\"og:locale\" content=\"nb_NO\" \/>\n<meta property=\"og:type\" content=\"article\" \/>\n<meta property=\"og:title\" content=\"KID, N\u00f8kler p\u00e5 ringen med bilalarm - Barneleker.no\" \/>\n<meta property=\"og:description\" content=\"En haug med n\u00f8kler til de minste barna. N\u00f8klene er myke og laget for \u00e5 bli bitt, noe et barn elsker n\u00e5r de f\u00f8rste tennene&hellip;\" \/>\n<meta property=\"og:url\" content=\"https:\/\/barneleker.no\/index.php\/product\/kid-nokler-pa-ringen-med-bilalarm\/\" \/>\n<meta property=\"og:site_name\" content=\"Barneleker.no\" \/>\n<meta name=\"twitter:card\" content=\"summary_large_image\" \/>\n<script type=\"application\/ld+json\" class=\"yoast-schema-graph\">{\"@context\":\"https:\/\/schema.org\",\"@graph\":[{\"@type\":\"WebPage\",\"@id\":\"https:\/\/barneleker.no\/index.php\/product\/kid-nokler-pa-ringen-med-bilalarm\/\",\"url\":\"https:\/\/barneleker.no\/index.php\/product\/kid-nokler-pa-ringen-med-bilalarm\/\",\"name\":\"KID, N\u00f8kler p\u00e5 ringen med bilalarm - Barneleker.no\",\"isPartOf\":{\"@id\":\"https:\/\/barneleker.no\/#website\"},\"primaryImageOfPage\":{\"@id\":\"https:\/\/barneleker.no\/index.php\/product\/kid-nokler-pa-ringen-med-bilalarm\/#primaryimage\"},\"image\":{\"@id\":\"https:\/\/barneleker.no\/index.php\/product\/kid-nokler-pa-ringen-med-bilalarm\/#primaryimage\"},\"thumbnailUrl\":\"https:\/\/barneleker.no\/wp-content\/uploads\/2022\/02\/kid-nokler-pa-ringen-med-bilalarm.jpg\",\"datePublished\":\"2022-02-08T20:03:18+00:00\",\"breadcrumb\":{\"@id\":\"https:\/\/barneleker.no\/index.php\/product\/kid-nokler-pa-ringen-med-bilalarm\/#breadcrumb\"},\"inLanguage\":\"nb-NO\",\"potentialAction\":[{\"@type\":\"ReadAction\",\"target\":[\"https:\/\/barneleker.no\/index.php\/product\/kid-nokler-pa-ringen-med-bilalarm\/\"]}]},{\"@type\":\"ImageObject\",\"inLanguage\":\"nb-NO\",\"@id\":\"https:\/\/barneleker.no\/index.php\/product\/kid-nokler-pa-ringen-med-bilalarm\/#primaryimage\",\"url\":\"https:\/\/barneleker.no\/wp-content\/uploads\/2022\/02\/kid-nokler-pa-ringen-med-bilalarm.jpg\",\"contentUrl\":\"https:\/\/barneleker.no\/wp-content\/uploads\/2022\/02\/kid-nokler-pa-ringen-med-bilalarm.jpg\",\"width\":555,\"height\":555},{\"@type\":\"BreadcrumbList\",\"@id\":\"https:\/\/barneleker.no\/index.php\/product\/kid-nokler-pa-ringen-med-bilalarm\/#breadcrumb\",\"itemListElement\":[{\"@type\":\"ListItem\",\"position\":1,\"name\":\"Butikken\",\"item\":\"https:\/\/barneleker.no\/\"},{\"@type\":\"ListItem\",\"position\":2,\"name\":\"KID, N\u00f8kler p\u00e5 ringen med bilalarm\"}]},{\"@type\":\"WebSite\",\"@id\":\"https:\/\/barneleker.no\/#website\",\"url\":\"https:\/\/barneleker.no\/\",\"name\":\"Barneleker.no\",\"description\":\"Selvf\u00f8lgelig!\",\"publisher\":{\"@id\":\"https:\/\/barneleker.no\/#organization\"},\"potentialAction\":[{\"@type\":\"SearchAction\",\"target\":{\"@type\":\"EntryPoint\",\"urlTemplate\":\"https:\/\/barneleker.no\/?s={search_term_string}\"},\"query-input\":{\"@type\":\"PropertyValueSpecification\",\"valueRequired\":true,\"valueName\":\"search_term_string\"}}],\"inLanguage\":\"nb-NO\"},{\"@type\":\"Organization\",\"@id\":\"https:\/\/barneleker.no\/#organization\",\"name\":\"Barneleker.no\",\"url\":\"https:\/\/barneleker.no\/\",\"logo\":{\"@type\":\"ImageObject\",\"inLanguage\":\"nb-NO\",\"@id\":\"https:\/\/barneleker.no\/#\/schema\/logo\/image\/\",\"url\":\"https:\/\/barneleker.no\/wp-content\/uploads\/2021\/11\/barneleker_logo-780x150-1.jpg\",\"contentUrl\":\"https:\/\/barneleker.no\/wp-content\/uploads\/2021\/11\/barneleker_logo-780x150-1.jpg\",\"width\":780,\"height\":150,\"caption\":\"Barneleker.no\"},\"image\":{\"@id\":\"https:\/\/barneleker.no\/#\/schema\/logo\/image\/\"}}]}<\/script>\n<!-- \/ Yoast SEO plugin. -->","yoast_head_json":{"title":"KID, N\u00f8kler p\u00e5 ringen med bilalarm - Barneleker.no","robots":{"index":"index","follow":"follow","max-snippet":"max-snippet:-1","max-image-preview":"max-image-preview:large","max-video-preview":"max-video-preview:-1"},"canonical":"https:\/\/barneleker.no\/index.php\/product\/kid-nokler-pa-ringen-med-bilalarm\/","og_locale":"nb_NO","og_type":"article","og_title":"KID, N\u00f8kler p\u00e5 ringen med bilalarm - Barneleker.no","og_description":"En haug med n\u00f8kler til de minste barna. N\u00f8klene er myke og laget for \u00e5 bli bitt, noe et barn elsker n\u00e5r de f\u00f8rste tennene&hellip;","og_url":"https:\/\/barneleker.no\/index.php\/product\/kid-nokler-pa-ringen-med-bilalarm\/","og_site_name":"Barneleker.no","twitter_card":"summary_large_image","schema":{"@context":"https:\/\/schema.org","@graph":[{"@type":"WebPage","@id":"https:\/\/barneleker.no\/index.php\/product\/kid-nokler-pa-ringen-med-bilalarm\/","url":"https:\/\/barneleker.no\/index.php\/product\/kid-nokler-pa-ringen-med-bilalarm\/","name":"KID, N\u00f8kler p\u00e5 ringen med bilalarm - Barneleker.no","isPartOf":{"@id":"https:\/\/barneleker.no\/#website"},"primaryImageOfPage":{"@id":"https:\/\/barneleker.no\/index.php\/product\/kid-nokler-pa-ringen-med-bilalarm\/#primaryimage"},"image":{"@id":"https:\/\/barneleker.no\/index.php\/product\/kid-nokler-pa-ringen-med-bilalarm\/#primaryimage"},"thumbnailUrl":"https:\/\/barneleker.no\/wp-content\/uploads\/2022\/02\/kid-nokler-pa-ringen-med-bilalarm.jpg","datePublished":"2022-02-08T20:03:18+00:00","breadcrumb":{"@id":"https:\/\/barneleker.no\/index.php\/product\/kid-nokler-pa-ringen-med-bilalarm\/#breadcrumb"},"inLanguage":"nb-NO","potentialAction":[{"@type":"ReadAction","target":["https:\/\/barneleker.no\/index.php\/product\/kid-nokler-pa-ringen-med-bilalarm\/"]}]},{"@type":"ImageObject","inLanguage":"nb-NO","@id":"https:\/\/barneleker.no\/index.php\/product\/kid-nokler-pa-ringen-med-bilalarm\/#primaryimage","url":"https:\/\/barneleker.no\/wp-content\/uploads\/2022\/02\/kid-nokler-pa-ringen-med-bilalarm.jpg","contentUrl":"https:\/\/barneleker.no\/wp-content\/uploads\/2022\/02\/kid-nokler-pa-ringen-med-bilalarm.jpg","width":555,"height":555},{"@type":"BreadcrumbList","@id":"https:\/\/barneleker.no\/index.php\/product\/kid-nokler-pa-ringen-med-bilalarm\/#breadcrumb","itemListElement":[{"@type":"ListItem","position":1,"name":"Butikken","item":"https:\/\/barneleker.no\/"},{"@type":"ListItem","position":2,"name":"KID, N\u00f8kler p\u00e5 ringen med bilalarm"}]},{"@type":"WebSite","@id":"https:\/\/barneleker.no\/#website","url":"https:\/\/barneleker.no\/","name":"Barneleker.no","description":"Selvf\u00f8lgelig!","publisher":{"@id":"https:\/\/barneleker.no\/#organization"},"potentialAction":[{"@type":"SearchAction","target":{"@type":"EntryPoint","urlTemplate":"https:\/\/barneleker.no\/?s={search_term_string}"},"query-input":{"@type":"PropertyValueSpecification","valueRequired":true,"valueName":"search_term_string"}}],"inLanguage":"nb-NO"},{"@type":"Organization","@id":"https:\/\/barneleker.no\/#organization","name":"Barneleker.no","url":"https:\/\/barneleker.no\/","logo":{"@type":"ImageObject","inLanguage":"nb-NO","@id":"https:\/\/barneleker.no\/#\/schema\/logo\/image\/","url":"https:\/\/barneleker.no\/wp-content\/uploads\/2021\/11\/barneleker_logo-780x150-1.jpg","contentUrl":"https:\/\/barneleker.no\/wp-content\/uploads\/2021\/11\/barneleker_logo-780x150-1.jpg","width":780,"height":150,"caption":"Barneleker.no"},"image":{"@id":"https:\/\/barneleker.no\/#\/schema\/logo\/image\/"}}]}},"_links":{"self":[{"href":"https:\/\/barneleker.no\/index.php\/wp-json\/wp\/v2\/product\/14543","targetHints":{"allow":["GET"]}}],"collection":[{"href":"https:\/\/barneleker.no\/index.php\/wp-json\/wp\/v2\/product"}],"about":[{"href":"https:\/\/barneleker.no\/index.php\/wp-json\/wp\/v2\/types\/product"}],"replies":[{"embeddable":true,"href":"https:\/\/barneleker.no\/index.php\/wp-json\/wp\/v2\/comments?post=14543"}],"wp:featuredmedia":[{"embeddable":true,"href":"https:\/\/barneleker.no\/index.php\/wp-json\/wp\/v2\/media\/14542"}],"wp:attachment":[{"href":"https:\/\/barneleker.no\/index.php\/wp-json\/wp\/v2\/media?parent=14543"}],"wp:term":[{"taxonomy":"product_brand","embeddable":true,"href":"https:\/\/barneleker.no\/index.php\/wp-json\/wp\/v2\/product_brand?post=14543"},{"taxonomy":"product_cat","embeddable":true,"href":"https:\/\/barneleker.no\/index.php\/wp-json\/wp\/v2\/product_cat?post=14543"},{"taxonomy":"product_tag","embeddable":true,"href":"https:\/\/barneleker.no\/index.php\/wp-json\/wp\/v2\/product_tag?post=14543"}],"curies":[{"name":"wp","href":"https:\/\/api.w.org\/{rel}","templated":true}]}}