{"id":14563,"date":"2022-02-08T20:03:25","date_gmt":"2022-02-08T20:03:25","guid":{"rendered":"https:\/\/barneleker.no\/index.php\/product\/paw-patrol-paw-patroller-v2-0\/"},"modified":"2022-02-08T20:03:25","modified_gmt":"2022-02-08T20:03:25","slug":"paw-patrol-paw-patroller-v2-0","status":"publish","type":"product","link":"https:\/\/barneleker.no\/index.php\/product\/paw-patrol-paw-patroller-v2-0\/","title":{"rendered":"Paw Patrol, Paw Patroller V2.0"},"content":{"rendered":"<p>Bli med Ryder og PAW Patrol p\u00e5 redningseventyr med PAW Patroller. Dette actionfylte teamredningsbilen kommer med Ryder og ATV-en hans og har transformerende d\u00f8rer, to kj\u00f8ret\u00f8y b\u00e6reraketter og realistiske lyder. N\u00e5r problemer oppst\u00e5r, gj\u00f8r deg klar til \u00e5 rulle til unnsetning. Det er plass inne i PAW Patroller for to biler (ikke inkludert) og plass p\u00e5 utsiden for ytterligere fire PAW Patrol-biler. Last Ryder og en annen valp opp rampen bak, og bruk fantasien til \u00e5 spille ut redningsoppdragene dine. Trykk p\u00e5 knappen p\u00e5 siden av PAW Patroller for en episk d\u00f8rtransformasjon. Kj\u00f8ret\u00f8yets sider vender opp og avsl\u00f8rer to b\u00e6reraketter. Trekk i spaken for \u00e5 plassere b\u00e6rerakettene, og trykk p\u00e5 startknappene for \u00e5 sende kj\u00f8ret\u00f8yene dine til redning. Trykk deretter p\u00e5 knappen p\u00e5 toppen av PAW Patroller for \u00e5 h\u00f8re lydeffekter rett fra showet. Dette PAW Patrol-leket\u00f8yet gir spenningen og eventyret til hitprogrammet liv. PAW Patroller med Ryder og ATV-leker for gutter og jenter p\u00e5 3 \u00e5r er den perfekte gaven til barn og PAW Patrol-fans. Sl\u00e5 deg sammen med resten av valpene og deres rednings leket\u00f8ybiler (hver selges separat) og hjelp til \u00e5 redde dagen. Start til unnsetning med PAW Patrol og PAW Patroller.<\/p>\n","protected":false},"excerpt":{"rendered":"<p>Bli med Ryder og PAW Patrol p\u00e5 redningseventyr med PAW Patroller. Dette actionfylte teamredningsbilen kommer med Ryder og ATV-en hans og har transformerende d\u00f8rer, to&hellip;<\/p>\n","protected":false},"featured_media":14562,"comment_status":"open","ping_status":"closed","template":"","meta":[],"product_brand":[],"product_cat":[395],"product_tag":[],"class_list":{"0":"post-14563","1":"product","2":"type-product","3":"status-publish","4":"has-post-thumbnail","6":"product_cat-fordon-figurer-robotar","8":"first","9":"instock","10":"shipping-taxable","11":"product-type-external","12":"customify-col"},"yoast_head":"<!-- This site is optimized with the Yoast SEO plugin v26.0 - https:\/\/yoast.com\/wordpress\/plugins\/seo\/ -->\n<title>Paw Patrol, Paw Patroller V2.0 - Barneleker.no<\/title>\n<meta name=\"robots\" content=\"index, follow, max-snippet:-1, max-image-preview:large, max-video-preview:-1\" \/>\n<link rel=\"canonical\" href=\"https:\/\/barneleker.no\/index.php\/product\/paw-patrol-paw-patroller-v2-0\/\" \/>\n<meta property=\"og:locale\" content=\"nb_NO\" \/>\n<meta property=\"og:type\" content=\"article\" \/>\n<meta property=\"og:title\" content=\"Paw Patrol, Paw Patroller V2.0 - Barneleker.no\" \/>\n<meta property=\"og:description\" content=\"Bli med Ryder og PAW Patrol p\u00e5 redningseventyr med PAW Patroller. Dette actionfylte teamredningsbilen kommer med Ryder og ATV-en hans og har transformerende d\u00f8rer, to&hellip;\" \/>\n<meta property=\"og:url\" content=\"https:\/\/barneleker.no\/index.php\/product\/paw-patrol-paw-patroller-v2-0\/\" \/>\n<meta property=\"og:site_name\" content=\"Barneleker.no\" \/>\n<meta name=\"twitter:card\" content=\"summary_large_image\" \/>\n<meta name=\"twitter:label1\" content=\"Ansl. lesetid\" \/>\n\t<meta name=\"twitter:data1\" content=\"1 minutt\" \/>\n<script type=\"application\/ld+json\" class=\"yoast-schema-graph\">{\"@context\":\"https:\/\/schema.org\",\"@graph\":[{\"@type\":\"WebPage\",\"@id\":\"https:\/\/barneleker.no\/index.php\/product\/paw-patrol-paw-patroller-v2-0\/\",\"url\":\"https:\/\/barneleker.no\/index.php\/product\/paw-patrol-paw-patroller-v2-0\/\",\"name\":\"Paw Patrol, Paw Patroller V2.0 - Barneleker.no\",\"isPartOf\":{\"@id\":\"https:\/\/barneleker.no\/#website\"},\"primaryImageOfPage\":{\"@id\":\"https:\/\/barneleker.no\/index.php\/product\/paw-patrol-paw-patroller-v2-0\/#primaryimage\"},\"image\":{\"@id\":\"https:\/\/barneleker.no\/index.php\/product\/paw-patrol-paw-patroller-v2-0\/#primaryimage\"},\"thumbnailUrl\":\"https:\/\/barneleker.no\/wp-content\/uploads\/2022\/02\/paw-patrol-paw-patroller-v2-0.jpg\",\"datePublished\":\"2022-02-08T20:03:25+00:00\",\"breadcrumb\":{\"@id\":\"https:\/\/barneleker.no\/index.php\/product\/paw-patrol-paw-patroller-v2-0\/#breadcrumb\"},\"inLanguage\":\"nb-NO\",\"potentialAction\":[{\"@type\":\"ReadAction\",\"target\":[\"https:\/\/barneleker.no\/index.php\/product\/paw-patrol-paw-patroller-v2-0\/\"]}]},{\"@type\":\"ImageObject\",\"inLanguage\":\"nb-NO\",\"@id\":\"https:\/\/barneleker.no\/index.php\/product\/paw-patrol-paw-patroller-v2-0\/#primaryimage\",\"url\":\"https:\/\/barneleker.no\/wp-content\/uploads\/2022\/02\/paw-patrol-paw-patroller-v2-0.jpg\",\"contentUrl\":\"https:\/\/barneleker.no\/wp-content\/uploads\/2022\/02\/paw-patrol-paw-patroller-v2-0.jpg\",\"width\":555,\"height\":555},{\"@type\":\"BreadcrumbList\",\"@id\":\"https:\/\/barneleker.no\/index.php\/product\/paw-patrol-paw-patroller-v2-0\/#breadcrumb\",\"itemListElement\":[{\"@type\":\"ListItem\",\"position\":1,\"name\":\"Butikken\",\"item\":\"https:\/\/barneleker.no\/\"},{\"@type\":\"ListItem\",\"position\":2,\"name\":\"Paw Patrol, Paw Patroller V2.0\"}]},{\"@type\":\"WebSite\",\"@id\":\"https:\/\/barneleker.no\/#website\",\"url\":\"https:\/\/barneleker.no\/\",\"name\":\"Barneleker.no\",\"description\":\"Selvf\u00f8lgelig!\",\"publisher\":{\"@id\":\"https:\/\/barneleker.no\/#organization\"},\"potentialAction\":[{\"@type\":\"SearchAction\",\"target\":{\"@type\":\"EntryPoint\",\"urlTemplate\":\"https:\/\/barneleker.no\/?s={search_term_string}\"},\"query-input\":{\"@type\":\"PropertyValueSpecification\",\"valueRequired\":true,\"valueName\":\"search_term_string\"}}],\"inLanguage\":\"nb-NO\"},{\"@type\":\"Organization\",\"@id\":\"https:\/\/barneleker.no\/#organization\",\"name\":\"Barneleker.no\",\"url\":\"https:\/\/barneleker.no\/\",\"logo\":{\"@type\":\"ImageObject\",\"inLanguage\":\"nb-NO\",\"@id\":\"https:\/\/barneleker.no\/#\/schema\/logo\/image\/\",\"url\":\"https:\/\/barneleker.no\/wp-content\/uploads\/2021\/11\/barneleker_logo-780x150-1.jpg\",\"contentUrl\":\"https:\/\/barneleker.no\/wp-content\/uploads\/2021\/11\/barneleker_logo-780x150-1.jpg\",\"width\":780,\"height\":150,\"caption\":\"Barneleker.no\"},\"image\":{\"@id\":\"https:\/\/barneleker.no\/#\/schema\/logo\/image\/\"}}]}<\/script>\n<!-- \/ Yoast SEO plugin. -->","yoast_head_json":{"title":"Paw Patrol, Paw Patroller V2.0 - Barneleker.no","robots":{"index":"index","follow":"follow","max-snippet":"max-snippet:-1","max-image-preview":"max-image-preview:large","max-video-preview":"max-video-preview:-1"},"canonical":"https:\/\/barneleker.no\/index.php\/product\/paw-patrol-paw-patroller-v2-0\/","og_locale":"nb_NO","og_type":"article","og_title":"Paw Patrol, Paw Patroller V2.0 - Barneleker.no","og_description":"Bli med Ryder og PAW Patrol p\u00e5 redningseventyr med PAW Patroller. Dette actionfylte teamredningsbilen kommer med Ryder og ATV-en hans og har transformerende d\u00f8rer, to&hellip;","og_url":"https:\/\/barneleker.no\/index.php\/product\/paw-patrol-paw-patroller-v2-0\/","og_site_name":"Barneleker.no","twitter_card":"summary_large_image","twitter_misc":{"Ansl. lesetid":"1 minutt"},"schema":{"@context":"https:\/\/schema.org","@graph":[{"@type":"WebPage","@id":"https:\/\/barneleker.no\/index.php\/product\/paw-patrol-paw-patroller-v2-0\/","url":"https:\/\/barneleker.no\/index.php\/product\/paw-patrol-paw-patroller-v2-0\/","name":"Paw Patrol, Paw Patroller V2.0 - Barneleker.no","isPartOf":{"@id":"https:\/\/barneleker.no\/#website"},"primaryImageOfPage":{"@id":"https:\/\/barneleker.no\/index.php\/product\/paw-patrol-paw-patroller-v2-0\/#primaryimage"},"image":{"@id":"https:\/\/barneleker.no\/index.php\/product\/paw-patrol-paw-patroller-v2-0\/#primaryimage"},"thumbnailUrl":"https:\/\/barneleker.no\/wp-content\/uploads\/2022\/02\/paw-patrol-paw-patroller-v2-0.jpg","datePublished":"2022-02-08T20:03:25+00:00","breadcrumb":{"@id":"https:\/\/barneleker.no\/index.php\/product\/paw-patrol-paw-patroller-v2-0\/#breadcrumb"},"inLanguage":"nb-NO","potentialAction":[{"@type":"ReadAction","target":["https:\/\/barneleker.no\/index.php\/product\/paw-patrol-paw-patroller-v2-0\/"]}]},{"@type":"ImageObject","inLanguage":"nb-NO","@id":"https:\/\/barneleker.no\/index.php\/product\/paw-patrol-paw-patroller-v2-0\/#primaryimage","url":"https:\/\/barneleker.no\/wp-content\/uploads\/2022\/02\/paw-patrol-paw-patroller-v2-0.jpg","contentUrl":"https:\/\/barneleker.no\/wp-content\/uploads\/2022\/02\/paw-patrol-paw-patroller-v2-0.jpg","width":555,"height":555},{"@type":"BreadcrumbList","@id":"https:\/\/barneleker.no\/index.php\/product\/paw-patrol-paw-patroller-v2-0\/#breadcrumb","itemListElement":[{"@type":"ListItem","position":1,"name":"Butikken","item":"https:\/\/barneleker.no\/"},{"@type":"ListItem","position":2,"name":"Paw Patrol, Paw Patroller V2.0"}]},{"@type":"WebSite","@id":"https:\/\/barneleker.no\/#website","url":"https:\/\/barneleker.no\/","name":"Barneleker.no","description":"Selvf\u00f8lgelig!","publisher":{"@id":"https:\/\/barneleker.no\/#organization"},"potentialAction":[{"@type":"SearchAction","target":{"@type":"EntryPoint","urlTemplate":"https:\/\/barneleker.no\/?s={search_term_string}"},"query-input":{"@type":"PropertyValueSpecification","valueRequired":true,"valueName":"search_term_string"}}],"inLanguage":"nb-NO"},{"@type":"Organization","@id":"https:\/\/barneleker.no\/#organization","name":"Barneleker.no","url":"https:\/\/barneleker.no\/","logo":{"@type":"ImageObject","inLanguage":"nb-NO","@id":"https:\/\/barneleker.no\/#\/schema\/logo\/image\/","url":"https:\/\/barneleker.no\/wp-content\/uploads\/2021\/11\/barneleker_logo-780x150-1.jpg","contentUrl":"https:\/\/barneleker.no\/wp-content\/uploads\/2021\/11\/barneleker_logo-780x150-1.jpg","width":780,"height":150,"caption":"Barneleker.no"},"image":{"@id":"https:\/\/barneleker.no\/#\/schema\/logo\/image\/"}}]}},"_links":{"self":[{"href":"https:\/\/barneleker.no\/index.php\/wp-json\/wp\/v2\/product\/14563","targetHints":{"allow":["GET"]}}],"collection":[{"href":"https:\/\/barneleker.no\/index.php\/wp-json\/wp\/v2\/product"}],"about":[{"href":"https:\/\/barneleker.no\/index.php\/wp-json\/wp\/v2\/types\/product"}],"replies":[{"embeddable":true,"href":"https:\/\/barneleker.no\/index.php\/wp-json\/wp\/v2\/comments?post=14563"}],"wp:featuredmedia":[{"embeddable":true,"href":"https:\/\/barneleker.no\/index.php\/wp-json\/wp\/v2\/media\/14562"}],"wp:attachment":[{"href":"https:\/\/barneleker.no\/index.php\/wp-json\/wp\/v2\/media?parent=14563"}],"wp:term":[{"taxonomy":"product_brand","embeddable":true,"href":"https:\/\/barneleker.no\/index.php\/wp-json\/wp\/v2\/product_brand?post=14563"},{"taxonomy":"product_cat","embeddable":true,"href":"https:\/\/barneleker.no\/index.php\/wp-json\/wp\/v2\/product_cat?post=14563"},{"taxonomy":"product_tag","embeddable":true,"href":"https:\/\/barneleker.no\/index.php\/wp-json\/wp\/v2\/product_tag?post=14563"}],"curies":[{"name":"wp","href":"https:\/\/api.w.org\/{rel}","templated":true}]}}