{"id":14573,"date":"2022-02-08T20:03:29","date_gmt":"2022-02-08T20:03:29","guid":{"rendered":"https:\/\/barneleker.no\/index.php\/product\/furreal-furreal-friends-dazzlin-dimples-my-playful-dolphin\/"},"modified":"2022-02-08T20:03:29","modified_gmt":"2022-02-08T20:03:29","slug":"furreal-furreal-friends-dazzlin-dimples-my-playful-dolphin","status":"publish","type":"product","link":"https:\/\/barneleker.no\/index.php\/product\/furreal-furreal-friends-dazzlin-dimples-my-playful-dolphin\/","title":{"rendered":"FurReal Furreal Friends, Dazzlin Dimples My Playful Dolphin"},"content":{"rendered":"<p>Den utrolig s\u00f8te og interaktive Dolphin, Dazzlin Dimples fra Furreal er en uimotst\u00e5elig ny kompis som elsker \u00e5 leke med deg. Du kan mate henne, kamme henne, og hun vil rive sin lille hale n\u00e5r du kutter med henne. I tillegg kan du kile henne p\u00e5 magen. Denne lille delfinen blir din nye beste venn!<\/p>\n","protected":false},"excerpt":{"rendered":"<p>Den utrolig s\u00f8te og interaktive Dolphin, Dazzlin Dimples fra Furreal er en uimotst\u00e5elig ny kompis som elsker \u00e5 leke med deg. Du kan mate henne,&hellip;<\/p>\n","protected":false},"featured_media":14572,"comment_status":"open","ping_status":"closed","template":"","meta":[],"product_brand":[],"product_cat":[382],"product_tag":[],"class_list":{"0":"post-14573","1":"product","2":"type-product","3":"status-publish","4":"has-post-thumbnail","6":"product_cat-spill","8":"first","9":"instock","10":"shipping-taxable","11":"product-type-external","12":"customify-col"},"yoast_head":"<!-- This site is optimized with the Yoast SEO plugin v26.0 - https:\/\/yoast.com\/wordpress\/plugins\/seo\/ -->\n<title>FurReal Furreal Friends, Dazzlin Dimples My Playful Dolphin - Barneleker.no<\/title>\n<meta name=\"robots\" content=\"index, follow, max-snippet:-1, max-image-preview:large, max-video-preview:-1\" \/>\n<link rel=\"canonical\" href=\"https:\/\/barneleker.no\/index.php\/product\/furreal-furreal-friends-dazzlin-dimples-my-playful-dolphin\/\" \/>\n<meta property=\"og:locale\" content=\"nb_NO\" \/>\n<meta property=\"og:type\" content=\"article\" \/>\n<meta property=\"og:title\" content=\"FurReal Furreal Friends, Dazzlin Dimples My Playful Dolphin - Barneleker.no\" \/>\n<meta property=\"og:description\" content=\"Den utrolig s\u00f8te og interaktive Dolphin, Dazzlin Dimples fra Furreal er en uimotst\u00e5elig ny kompis som elsker \u00e5 leke med deg. Du kan mate henne,&hellip;\" \/>\n<meta property=\"og:url\" content=\"https:\/\/barneleker.no\/index.php\/product\/furreal-furreal-friends-dazzlin-dimples-my-playful-dolphin\/\" \/>\n<meta property=\"og:site_name\" content=\"Barneleker.no\" \/>\n<meta name=\"twitter:card\" content=\"summary_large_image\" \/>\n<script type=\"application\/ld+json\" class=\"yoast-schema-graph\">{\"@context\":\"https:\/\/schema.org\",\"@graph\":[{\"@type\":\"WebPage\",\"@id\":\"https:\/\/barneleker.no\/index.php\/product\/furreal-furreal-friends-dazzlin-dimples-my-playful-dolphin\/\",\"url\":\"https:\/\/barneleker.no\/index.php\/product\/furreal-furreal-friends-dazzlin-dimples-my-playful-dolphin\/\",\"name\":\"FurReal Furreal Friends, Dazzlin Dimples My Playful Dolphin - Barneleker.no\",\"isPartOf\":{\"@id\":\"https:\/\/barneleker.no\/#website\"},\"primaryImageOfPage\":{\"@id\":\"https:\/\/barneleker.no\/index.php\/product\/furreal-furreal-friends-dazzlin-dimples-my-playful-dolphin\/#primaryimage\"},\"image\":{\"@id\":\"https:\/\/barneleker.no\/index.php\/product\/furreal-furreal-friends-dazzlin-dimples-my-playful-dolphin\/#primaryimage\"},\"thumbnailUrl\":\"https:\/\/barneleker.no\/wp-content\/uploads\/2022\/02\/furreal-friends-dazzlin-dimples-my-playful-dolphin.jpg\",\"datePublished\":\"2022-02-08T20:03:29+00:00\",\"breadcrumb\":{\"@id\":\"https:\/\/barneleker.no\/index.php\/product\/furreal-furreal-friends-dazzlin-dimples-my-playful-dolphin\/#breadcrumb\"},\"inLanguage\":\"nb-NO\",\"potentialAction\":[{\"@type\":\"ReadAction\",\"target\":[\"https:\/\/barneleker.no\/index.php\/product\/furreal-furreal-friends-dazzlin-dimples-my-playful-dolphin\/\"]}]},{\"@type\":\"ImageObject\",\"inLanguage\":\"nb-NO\",\"@id\":\"https:\/\/barneleker.no\/index.php\/product\/furreal-furreal-friends-dazzlin-dimples-my-playful-dolphin\/#primaryimage\",\"url\":\"https:\/\/barneleker.no\/wp-content\/uploads\/2022\/02\/furreal-friends-dazzlin-dimples-my-playful-dolphin.jpg\",\"contentUrl\":\"https:\/\/barneleker.no\/wp-content\/uploads\/2022\/02\/furreal-friends-dazzlin-dimples-my-playful-dolphin.jpg\",\"width\":555,\"height\":555},{\"@type\":\"BreadcrumbList\",\"@id\":\"https:\/\/barneleker.no\/index.php\/product\/furreal-furreal-friends-dazzlin-dimples-my-playful-dolphin\/#breadcrumb\",\"itemListElement\":[{\"@type\":\"ListItem\",\"position\":1,\"name\":\"Butikken\",\"item\":\"https:\/\/barneleker.no\/\"},{\"@type\":\"ListItem\",\"position\":2,\"name\":\"FurReal Furreal Friends, Dazzlin Dimples My Playful Dolphin\"}]},{\"@type\":\"WebSite\",\"@id\":\"https:\/\/barneleker.no\/#website\",\"url\":\"https:\/\/barneleker.no\/\",\"name\":\"Barneleker.no\",\"description\":\"Selvf\u00f8lgelig!\",\"publisher\":{\"@id\":\"https:\/\/barneleker.no\/#organization\"},\"potentialAction\":[{\"@type\":\"SearchAction\",\"target\":{\"@type\":\"EntryPoint\",\"urlTemplate\":\"https:\/\/barneleker.no\/?s={search_term_string}\"},\"query-input\":{\"@type\":\"PropertyValueSpecification\",\"valueRequired\":true,\"valueName\":\"search_term_string\"}}],\"inLanguage\":\"nb-NO\"},{\"@type\":\"Organization\",\"@id\":\"https:\/\/barneleker.no\/#organization\",\"name\":\"Barneleker.no\",\"url\":\"https:\/\/barneleker.no\/\",\"logo\":{\"@type\":\"ImageObject\",\"inLanguage\":\"nb-NO\",\"@id\":\"https:\/\/barneleker.no\/#\/schema\/logo\/image\/\",\"url\":\"https:\/\/barneleker.no\/wp-content\/uploads\/2021\/11\/barneleker_logo-780x150-1.jpg\",\"contentUrl\":\"https:\/\/barneleker.no\/wp-content\/uploads\/2021\/11\/barneleker_logo-780x150-1.jpg\",\"width\":780,\"height\":150,\"caption\":\"Barneleker.no\"},\"image\":{\"@id\":\"https:\/\/barneleker.no\/#\/schema\/logo\/image\/\"}}]}<\/script>\n<!-- \/ Yoast SEO plugin. -->","yoast_head_json":{"title":"FurReal Furreal Friends, Dazzlin Dimples My Playful Dolphin - Barneleker.no","robots":{"index":"index","follow":"follow","max-snippet":"max-snippet:-1","max-image-preview":"max-image-preview:large","max-video-preview":"max-video-preview:-1"},"canonical":"https:\/\/barneleker.no\/index.php\/product\/furreal-furreal-friends-dazzlin-dimples-my-playful-dolphin\/","og_locale":"nb_NO","og_type":"article","og_title":"FurReal Furreal Friends, Dazzlin Dimples My Playful Dolphin - Barneleker.no","og_description":"Den utrolig s\u00f8te og interaktive Dolphin, Dazzlin Dimples fra Furreal er en uimotst\u00e5elig ny kompis som elsker \u00e5 leke med deg. Du kan mate henne,&hellip;","og_url":"https:\/\/barneleker.no\/index.php\/product\/furreal-furreal-friends-dazzlin-dimples-my-playful-dolphin\/","og_site_name":"Barneleker.no","twitter_card":"summary_large_image","schema":{"@context":"https:\/\/schema.org","@graph":[{"@type":"WebPage","@id":"https:\/\/barneleker.no\/index.php\/product\/furreal-furreal-friends-dazzlin-dimples-my-playful-dolphin\/","url":"https:\/\/barneleker.no\/index.php\/product\/furreal-furreal-friends-dazzlin-dimples-my-playful-dolphin\/","name":"FurReal Furreal Friends, Dazzlin Dimples My Playful Dolphin - Barneleker.no","isPartOf":{"@id":"https:\/\/barneleker.no\/#website"},"primaryImageOfPage":{"@id":"https:\/\/barneleker.no\/index.php\/product\/furreal-furreal-friends-dazzlin-dimples-my-playful-dolphin\/#primaryimage"},"image":{"@id":"https:\/\/barneleker.no\/index.php\/product\/furreal-furreal-friends-dazzlin-dimples-my-playful-dolphin\/#primaryimage"},"thumbnailUrl":"https:\/\/barneleker.no\/wp-content\/uploads\/2022\/02\/furreal-friends-dazzlin-dimples-my-playful-dolphin.jpg","datePublished":"2022-02-08T20:03:29+00:00","breadcrumb":{"@id":"https:\/\/barneleker.no\/index.php\/product\/furreal-furreal-friends-dazzlin-dimples-my-playful-dolphin\/#breadcrumb"},"inLanguage":"nb-NO","potentialAction":[{"@type":"ReadAction","target":["https:\/\/barneleker.no\/index.php\/product\/furreal-furreal-friends-dazzlin-dimples-my-playful-dolphin\/"]}]},{"@type":"ImageObject","inLanguage":"nb-NO","@id":"https:\/\/barneleker.no\/index.php\/product\/furreal-furreal-friends-dazzlin-dimples-my-playful-dolphin\/#primaryimage","url":"https:\/\/barneleker.no\/wp-content\/uploads\/2022\/02\/furreal-friends-dazzlin-dimples-my-playful-dolphin.jpg","contentUrl":"https:\/\/barneleker.no\/wp-content\/uploads\/2022\/02\/furreal-friends-dazzlin-dimples-my-playful-dolphin.jpg","width":555,"height":555},{"@type":"BreadcrumbList","@id":"https:\/\/barneleker.no\/index.php\/product\/furreal-furreal-friends-dazzlin-dimples-my-playful-dolphin\/#breadcrumb","itemListElement":[{"@type":"ListItem","position":1,"name":"Butikken","item":"https:\/\/barneleker.no\/"},{"@type":"ListItem","position":2,"name":"FurReal Furreal Friends, Dazzlin Dimples My Playful Dolphin"}]},{"@type":"WebSite","@id":"https:\/\/barneleker.no\/#website","url":"https:\/\/barneleker.no\/","name":"Barneleker.no","description":"Selvf\u00f8lgelig!","publisher":{"@id":"https:\/\/barneleker.no\/#organization"},"potentialAction":[{"@type":"SearchAction","target":{"@type":"EntryPoint","urlTemplate":"https:\/\/barneleker.no\/?s={search_term_string}"},"query-input":{"@type":"PropertyValueSpecification","valueRequired":true,"valueName":"search_term_string"}}],"inLanguage":"nb-NO"},{"@type":"Organization","@id":"https:\/\/barneleker.no\/#organization","name":"Barneleker.no","url":"https:\/\/barneleker.no\/","logo":{"@type":"ImageObject","inLanguage":"nb-NO","@id":"https:\/\/barneleker.no\/#\/schema\/logo\/image\/","url":"https:\/\/barneleker.no\/wp-content\/uploads\/2021\/11\/barneleker_logo-780x150-1.jpg","contentUrl":"https:\/\/barneleker.no\/wp-content\/uploads\/2021\/11\/barneleker_logo-780x150-1.jpg","width":780,"height":150,"caption":"Barneleker.no"},"image":{"@id":"https:\/\/barneleker.no\/#\/schema\/logo\/image\/"}}]}},"_links":{"self":[{"href":"https:\/\/barneleker.no\/index.php\/wp-json\/wp\/v2\/product\/14573","targetHints":{"allow":["GET"]}}],"collection":[{"href":"https:\/\/barneleker.no\/index.php\/wp-json\/wp\/v2\/product"}],"about":[{"href":"https:\/\/barneleker.no\/index.php\/wp-json\/wp\/v2\/types\/product"}],"replies":[{"embeddable":true,"href":"https:\/\/barneleker.no\/index.php\/wp-json\/wp\/v2\/comments?post=14573"}],"wp:featuredmedia":[{"embeddable":true,"href":"https:\/\/barneleker.no\/index.php\/wp-json\/wp\/v2\/media\/14572"}],"wp:attachment":[{"href":"https:\/\/barneleker.no\/index.php\/wp-json\/wp\/v2\/media?parent=14573"}],"wp:term":[{"taxonomy":"product_brand","embeddable":true,"href":"https:\/\/barneleker.no\/index.php\/wp-json\/wp\/v2\/product_brand?post=14573"},{"taxonomy":"product_cat","embeddable":true,"href":"https:\/\/barneleker.no\/index.php\/wp-json\/wp\/v2\/product_cat?post=14573"},{"taxonomy":"product_tag","embeddable":true,"href":"https:\/\/barneleker.no\/index.php\/wp-json\/wp\/v2\/product_tag?post=14573"}],"curies":[{"name":"wp","href":"https:\/\/api.w.org\/{rel}","templated":true}]}}