{"id":14633,"date":"2022-02-08T20:03:51","date_gmt":"2022-02-08T20:03:51","guid":{"rendered":"https:\/\/barneleker.no\/index.php\/product\/peek-a-roo\/"},"modified":"2022-02-08T20:03:51","modified_gmt":"2022-02-08T20:03:51","slug":"peek-a-roo","status":"publish","type":"product","link":"https:\/\/barneleker.no\/index.php\/product\/peek-a-roo\/","title":{"rendered":"Peek-a-Roo"},"content":{"rendered":"<p>Introduserer det splitter nye PAW Patrol: Filmen Ultimate City T\u00e5rnet. Dette 91 cm h\u00f8ye lekesettet\u2014det h\u00f8yeste PAW Patrol t\u00e5rnet til n\u00e5\u2014levendegj\u00f8r valpenes hovedkvarter i Adventure City. Det er stappfullt av fantastiske funksjoner du kan oppdage, blant annet en transformerende opplyst redningsrampe, kommandosenter, heis for biler, heis for valper, lys og lyder og mye, mye mer. Chases politibil, ryggsekk med klips og alle seks PAW Patrol figurene inkludert, kan moroa starte med en gang, rett ut av esken. Sett Chase i bilen hans og f\u00e5 en rask fintrimming f\u00f8r oppdragene i garasjen i t\u00e5rnet, sett deretter Chase i valpeheisen og send ham opp til kommandosenteret. Trykk p\u00e5 knappen for \u00e5 h\u00f8re lydeffektene og aktivere lyset i t\u00e5rnet. Roter den holografiske bykartet for mer lys og bruk valpevelgeren til \u00e5 velge ut en valp til oppdraget. Chase tar saken. Send figuren din ned sklien for til utstyrsomr\u00e5det og klips p\u00e5 ryggsekken til Chase. Trekk opp bilheisen til toppen av t\u00e5rnet og gj\u00f8r klar for utrykning. Trekk h\u00e5ndtaket helt ned for \u00e5 transformere det Ultimate City T\u00e5rnet. Frontpanelet \u00e5pner seg og redningsrampen blir forlenget. Sett kj\u00f8ret\u00f8yet ditt p\u00e5 toppen og send det i vei\u2014stripsene p\u00e5 rampen vil lyse n\u00e5r bilen ruller over dem, akkurat som i filmen. Med det Ultimate City T\u00e5rnet blir redningsaksjonene mer spennende enn noen gang f\u00f8r. Trykk p\u00e5 knappen p\u00e5 ryggsekken for \u00e5 skyte ut prosjektiler (tre inkludert) og redd dagen. Mens du bruker fantasien for \u00e5 lage dine egne redningsaksjoner med dette leket\u00f8yet, er det rikelig med rom i t\u00e5rnet til \u00e5 leke med alle dine valpefigurer. For enda flere m\u00e5ter \u00e5 leke p\u00e5 fungerer dette Ultimate City T\u00e5rnet med Deluxe Kj\u00f8ret\u00f8yene fra filmen (alle selges separat). PAW Patrol: Leker fra filmen for gutter og jenter er de ultimate gavene for barn og PAW Patrol fans fra 3 \u00e5r og oppover. Krever hjelp av en voksen til \u00e5 sette inn 5 AAA-batterier (ikke inkludert). Opplev action og spenningen fra PAW Patrol: Filmen med det Ultimate City T\u00e5rnet.<\/p>\n","protected":false},"excerpt":{"rendered":"<p>Introduserer det splitter nye PAW Patrol: Filmen Ultimate City T\u00e5rnet. Dette 91 cm h\u00f8ye lekesettet\u2014det h\u00f8yeste PAW Patrol t\u00e5rnet til n\u00e5\u2014levendegj\u00f8r valpenes hovedkvarter i Adventure&hellip;<\/p>\n","protected":false},"featured_media":14632,"comment_status":"open","ping_status":"closed","template":"","meta":[],"product_brand":[],"product_cat":[581],"product_tag":[],"class_list":{"0":"post-14633","1":"product","2":"type-product","3":"status-publish","4":"has-post-thumbnail","6":"product_cat-interaktiva-djur-figurer-robotar","8":"first","9":"instock","10":"shipping-taxable","11":"product-type-external","12":"customify-col"},"yoast_head":"<!-- This site is optimized with the Yoast SEO plugin v26.0 - https:\/\/yoast.com\/wordpress\/plugins\/seo\/ -->\n<title>Peek-a-Roo - Barneleker.no<\/title>\n<meta name=\"robots\" content=\"index, follow, max-snippet:-1, max-image-preview:large, max-video-preview:-1\" \/>\n<link rel=\"canonical\" href=\"https:\/\/barneleker.no\/index.php\/product\/peek-a-roo\/\" \/>\n<meta property=\"og:locale\" content=\"nb_NO\" \/>\n<meta property=\"og:type\" content=\"article\" \/>\n<meta property=\"og:title\" content=\"Peek-a-Roo - Barneleker.no\" \/>\n<meta property=\"og:description\" content=\"Introduserer det splitter nye PAW Patrol: Filmen Ultimate City T\u00e5rnet. Dette 91 cm h\u00f8ye lekesettet\u2014det h\u00f8yeste PAW Patrol t\u00e5rnet til n\u00e5\u2014levendegj\u00f8r valpenes hovedkvarter i Adventure&hellip;\" \/>\n<meta property=\"og:url\" content=\"https:\/\/barneleker.no\/index.php\/product\/peek-a-roo\/\" \/>\n<meta property=\"og:site_name\" content=\"Barneleker.no\" \/>\n<meta name=\"twitter:card\" content=\"summary_large_image\" \/>\n<meta name=\"twitter:label1\" content=\"Ansl. lesetid\" \/>\n\t<meta name=\"twitter:data1\" content=\"2 minutter\" \/>\n<script type=\"application\/ld+json\" class=\"yoast-schema-graph\">{\"@context\":\"https:\/\/schema.org\",\"@graph\":[{\"@type\":\"WebPage\",\"@id\":\"https:\/\/barneleker.no\/index.php\/product\/peek-a-roo\/\",\"url\":\"https:\/\/barneleker.no\/index.php\/product\/peek-a-roo\/\",\"name\":\"Peek-a-Roo - Barneleker.no\",\"isPartOf\":{\"@id\":\"https:\/\/barneleker.no\/#website\"},\"primaryImageOfPage\":{\"@id\":\"https:\/\/barneleker.no\/index.php\/product\/peek-a-roo\/#primaryimage\"},\"image\":{\"@id\":\"https:\/\/barneleker.no\/index.php\/product\/peek-a-roo\/#primaryimage\"},\"thumbnailUrl\":\"https:\/\/barneleker.no\/wp-content\/uploads\/2022\/02\/peek-a-roo.jpg\",\"datePublished\":\"2022-02-08T20:03:51+00:00\",\"breadcrumb\":{\"@id\":\"https:\/\/barneleker.no\/index.php\/product\/peek-a-roo\/#breadcrumb\"},\"inLanguage\":\"nb-NO\",\"potentialAction\":[{\"@type\":\"ReadAction\",\"target\":[\"https:\/\/barneleker.no\/index.php\/product\/peek-a-roo\/\"]}]},{\"@type\":\"ImageObject\",\"inLanguage\":\"nb-NO\",\"@id\":\"https:\/\/barneleker.no\/index.php\/product\/peek-a-roo\/#primaryimage\",\"url\":\"https:\/\/barneleker.no\/wp-content\/uploads\/2022\/02\/peek-a-roo.jpg\",\"contentUrl\":\"https:\/\/barneleker.no\/wp-content\/uploads\/2022\/02\/peek-a-roo.jpg\",\"width\":555,\"height\":555},{\"@type\":\"BreadcrumbList\",\"@id\":\"https:\/\/barneleker.no\/index.php\/product\/peek-a-roo\/#breadcrumb\",\"itemListElement\":[{\"@type\":\"ListItem\",\"position\":1,\"name\":\"Butikken\",\"item\":\"https:\/\/barneleker.no\/\"},{\"@type\":\"ListItem\",\"position\":2,\"name\":\"Peek-a-Roo\"}]},{\"@type\":\"WebSite\",\"@id\":\"https:\/\/barneleker.no\/#website\",\"url\":\"https:\/\/barneleker.no\/\",\"name\":\"Barneleker.no\",\"description\":\"Selvf\u00f8lgelig!\",\"publisher\":{\"@id\":\"https:\/\/barneleker.no\/#organization\"},\"potentialAction\":[{\"@type\":\"SearchAction\",\"target\":{\"@type\":\"EntryPoint\",\"urlTemplate\":\"https:\/\/barneleker.no\/?s={search_term_string}\"},\"query-input\":{\"@type\":\"PropertyValueSpecification\",\"valueRequired\":true,\"valueName\":\"search_term_string\"}}],\"inLanguage\":\"nb-NO\"},{\"@type\":\"Organization\",\"@id\":\"https:\/\/barneleker.no\/#organization\",\"name\":\"Barneleker.no\",\"url\":\"https:\/\/barneleker.no\/\",\"logo\":{\"@type\":\"ImageObject\",\"inLanguage\":\"nb-NO\",\"@id\":\"https:\/\/barneleker.no\/#\/schema\/logo\/image\/\",\"url\":\"https:\/\/barneleker.no\/wp-content\/uploads\/2021\/11\/barneleker_logo-780x150-1.jpg\",\"contentUrl\":\"https:\/\/barneleker.no\/wp-content\/uploads\/2021\/11\/barneleker_logo-780x150-1.jpg\",\"width\":780,\"height\":150,\"caption\":\"Barneleker.no\"},\"image\":{\"@id\":\"https:\/\/barneleker.no\/#\/schema\/logo\/image\/\"}}]}<\/script>\n<!-- \/ Yoast SEO plugin. -->","yoast_head_json":{"title":"Peek-a-Roo - Barneleker.no","robots":{"index":"index","follow":"follow","max-snippet":"max-snippet:-1","max-image-preview":"max-image-preview:large","max-video-preview":"max-video-preview:-1"},"canonical":"https:\/\/barneleker.no\/index.php\/product\/peek-a-roo\/","og_locale":"nb_NO","og_type":"article","og_title":"Peek-a-Roo - Barneleker.no","og_description":"Introduserer det splitter nye PAW Patrol: Filmen Ultimate City T\u00e5rnet. Dette 91 cm h\u00f8ye lekesettet\u2014det h\u00f8yeste PAW Patrol t\u00e5rnet til n\u00e5\u2014levendegj\u00f8r valpenes hovedkvarter i Adventure&hellip;","og_url":"https:\/\/barneleker.no\/index.php\/product\/peek-a-roo\/","og_site_name":"Barneleker.no","twitter_card":"summary_large_image","twitter_misc":{"Ansl. lesetid":"2 minutter"},"schema":{"@context":"https:\/\/schema.org","@graph":[{"@type":"WebPage","@id":"https:\/\/barneleker.no\/index.php\/product\/peek-a-roo\/","url":"https:\/\/barneleker.no\/index.php\/product\/peek-a-roo\/","name":"Peek-a-Roo - Barneleker.no","isPartOf":{"@id":"https:\/\/barneleker.no\/#website"},"primaryImageOfPage":{"@id":"https:\/\/barneleker.no\/index.php\/product\/peek-a-roo\/#primaryimage"},"image":{"@id":"https:\/\/barneleker.no\/index.php\/product\/peek-a-roo\/#primaryimage"},"thumbnailUrl":"https:\/\/barneleker.no\/wp-content\/uploads\/2022\/02\/peek-a-roo.jpg","datePublished":"2022-02-08T20:03:51+00:00","breadcrumb":{"@id":"https:\/\/barneleker.no\/index.php\/product\/peek-a-roo\/#breadcrumb"},"inLanguage":"nb-NO","potentialAction":[{"@type":"ReadAction","target":["https:\/\/barneleker.no\/index.php\/product\/peek-a-roo\/"]}]},{"@type":"ImageObject","inLanguage":"nb-NO","@id":"https:\/\/barneleker.no\/index.php\/product\/peek-a-roo\/#primaryimage","url":"https:\/\/barneleker.no\/wp-content\/uploads\/2022\/02\/peek-a-roo.jpg","contentUrl":"https:\/\/barneleker.no\/wp-content\/uploads\/2022\/02\/peek-a-roo.jpg","width":555,"height":555},{"@type":"BreadcrumbList","@id":"https:\/\/barneleker.no\/index.php\/product\/peek-a-roo\/#breadcrumb","itemListElement":[{"@type":"ListItem","position":1,"name":"Butikken","item":"https:\/\/barneleker.no\/"},{"@type":"ListItem","position":2,"name":"Peek-a-Roo"}]},{"@type":"WebSite","@id":"https:\/\/barneleker.no\/#website","url":"https:\/\/barneleker.no\/","name":"Barneleker.no","description":"Selvf\u00f8lgelig!","publisher":{"@id":"https:\/\/barneleker.no\/#organization"},"potentialAction":[{"@type":"SearchAction","target":{"@type":"EntryPoint","urlTemplate":"https:\/\/barneleker.no\/?s={search_term_string}"},"query-input":{"@type":"PropertyValueSpecification","valueRequired":true,"valueName":"search_term_string"}}],"inLanguage":"nb-NO"},{"@type":"Organization","@id":"https:\/\/barneleker.no\/#organization","name":"Barneleker.no","url":"https:\/\/barneleker.no\/","logo":{"@type":"ImageObject","inLanguage":"nb-NO","@id":"https:\/\/barneleker.no\/#\/schema\/logo\/image\/","url":"https:\/\/barneleker.no\/wp-content\/uploads\/2021\/11\/barneleker_logo-780x150-1.jpg","contentUrl":"https:\/\/barneleker.no\/wp-content\/uploads\/2021\/11\/barneleker_logo-780x150-1.jpg","width":780,"height":150,"caption":"Barneleker.no"},"image":{"@id":"https:\/\/barneleker.no\/#\/schema\/logo\/image\/"}}]}},"_links":{"self":[{"href":"https:\/\/barneleker.no\/index.php\/wp-json\/wp\/v2\/product\/14633","targetHints":{"allow":["GET"]}}],"collection":[{"href":"https:\/\/barneleker.no\/index.php\/wp-json\/wp\/v2\/product"}],"about":[{"href":"https:\/\/barneleker.no\/index.php\/wp-json\/wp\/v2\/types\/product"}],"replies":[{"embeddable":true,"href":"https:\/\/barneleker.no\/index.php\/wp-json\/wp\/v2\/comments?post=14633"}],"wp:featuredmedia":[{"embeddable":true,"href":"https:\/\/barneleker.no\/index.php\/wp-json\/wp\/v2\/media\/14632"}],"wp:attachment":[{"href":"https:\/\/barneleker.no\/index.php\/wp-json\/wp\/v2\/media?parent=14633"}],"wp:term":[{"taxonomy":"product_brand","embeddable":true,"href":"https:\/\/barneleker.no\/index.php\/wp-json\/wp\/v2\/product_brand?post=14633"},{"taxonomy":"product_cat","embeddable":true,"href":"https:\/\/barneleker.no\/index.php\/wp-json\/wp\/v2\/product_cat?post=14633"},{"taxonomy":"product_tag","embeddable":true,"href":"https:\/\/barneleker.no\/index.php\/wp-json\/wp\/v2\/product_tag?post=14633"}],"curies":[{"name":"wp","href":"https:\/\/api.w.org\/{rel}","templated":true}]}}