{"id":14643,"date":"2022-02-08T20:03:54","date_gmt":"2022-02-08T20:03:54","guid":{"rendered":"https:\/\/barneleker.no\/index.php\/product\/lego-duplo-town-10882-toe-rail\/"},"modified":"2022-02-08T20:03:54","modified_gmt":"2022-02-08T20:03:54","slug":"lego-duplo-town-10882-toe-rail","status":"publish","type":"product","link":"https:\/\/barneleker.no\/index.php\/product\/lego-duplo-town-10882-toe-rail\/","title":{"rendered":"LEGO DUPLO Town 10882, Toe rail"},"content":{"rendered":"<p>Gi sm\u00e5rollingen din muligheten til \u00e5 bygge en flott togbane til nye eller eksisterende DUPLO tog med settet LEGO\u00ae DUPLO\u00ae 10882 Togskinner. Med planoverganger, stoppesteder, brytere og b\u00e5de buede og rette skinnedeler er alt klart for grensel\u00f8s lek! Barn i f\u00f8rskolealder vil ogs\u00e5 elske den r\u00f8de funksjonsklossen som de kan plassere p\u00e5 skinnegangen for \u00e5 f\u00e5 alle kompatible DUPLO tog (inkludert 10874 Damptog og 10875 Godstog) til \u00e5 stoppe.<\/p>\n","protected":false},"excerpt":{"rendered":"<p>Gi sm\u00e5rollingen din muligheten til \u00e5 bygge en flott togbane til nye eller eksisterende DUPLO tog med settet LEGO\u00ae DUPLO\u00ae 10882 Togskinner. Med planoverganger, stoppesteder,&hellip;<\/p>\n","protected":false},"featured_media":14642,"comment_status":"open","ping_status":"closed","template":"","meta":[],"product_brand":[],"product_cat":[423],"product_tag":[],"class_list":{"0":"post-14643","1":"product","2":"type-product","3":"status-publish","4":"has-post-thumbnail","6":"product_cat-set-duplo","8":"first","9":"instock","10":"shipping-taxable","11":"product-type-external","12":"customify-col"},"yoast_head":"<!-- This site is optimized with the Yoast SEO plugin v26.0 - https:\/\/yoast.com\/wordpress\/plugins\/seo\/ -->\n<title>LEGO DUPLO Town 10882, Toe rail - Barneleker.no<\/title>\n<meta name=\"robots\" content=\"index, follow, max-snippet:-1, max-image-preview:large, max-video-preview:-1\" \/>\n<link rel=\"canonical\" href=\"https:\/\/barneleker.no\/index.php\/product\/lego-duplo-town-10882-toe-rail\/\" \/>\n<meta property=\"og:locale\" content=\"nb_NO\" \/>\n<meta property=\"og:type\" content=\"article\" \/>\n<meta property=\"og:title\" content=\"LEGO DUPLO Town 10882, Toe rail - Barneleker.no\" \/>\n<meta property=\"og:description\" content=\"Gi sm\u00e5rollingen din muligheten til \u00e5 bygge en flott togbane til nye eller eksisterende DUPLO tog med settet LEGO\u00ae DUPLO\u00ae 10882 Togskinner. Med planoverganger, stoppesteder,&hellip;\" \/>\n<meta property=\"og:url\" content=\"https:\/\/barneleker.no\/index.php\/product\/lego-duplo-town-10882-toe-rail\/\" \/>\n<meta property=\"og:site_name\" content=\"Barneleker.no\" \/>\n<meta name=\"twitter:card\" content=\"summary_large_image\" \/>\n<script type=\"application\/ld+json\" class=\"yoast-schema-graph\">{\"@context\":\"https:\/\/schema.org\",\"@graph\":[{\"@type\":\"WebPage\",\"@id\":\"https:\/\/barneleker.no\/index.php\/product\/lego-duplo-town-10882-toe-rail\/\",\"url\":\"https:\/\/barneleker.no\/index.php\/product\/lego-duplo-town-10882-toe-rail\/\",\"name\":\"LEGO DUPLO Town 10882, Toe rail - Barneleker.no\",\"isPartOf\":{\"@id\":\"https:\/\/barneleker.no\/#website\"},\"primaryImageOfPage\":{\"@id\":\"https:\/\/barneleker.no\/index.php\/product\/lego-duplo-town-10882-toe-rail\/#primaryimage\"},\"image\":{\"@id\":\"https:\/\/barneleker.no\/index.php\/product\/lego-duplo-town-10882-toe-rail\/#primaryimage\"},\"thumbnailUrl\":\"https:\/\/barneleker.no\/wp-content\/uploads\/2022\/02\/lego-duplo-town-10882-toe-rail.jpg\",\"datePublished\":\"2022-02-08T20:03:54+00:00\",\"breadcrumb\":{\"@id\":\"https:\/\/barneleker.no\/index.php\/product\/lego-duplo-town-10882-toe-rail\/#breadcrumb\"},\"inLanguage\":\"nb-NO\",\"potentialAction\":[{\"@type\":\"ReadAction\",\"target\":[\"https:\/\/barneleker.no\/index.php\/product\/lego-duplo-town-10882-toe-rail\/\"]}]},{\"@type\":\"ImageObject\",\"inLanguage\":\"nb-NO\",\"@id\":\"https:\/\/barneleker.no\/index.php\/product\/lego-duplo-town-10882-toe-rail\/#primaryimage\",\"url\":\"https:\/\/barneleker.no\/wp-content\/uploads\/2022\/02\/lego-duplo-town-10882-toe-rail.jpg\",\"contentUrl\":\"https:\/\/barneleker.no\/wp-content\/uploads\/2022\/02\/lego-duplo-town-10882-toe-rail.jpg\",\"width\":555,\"height\":555},{\"@type\":\"BreadcrumbList\",\"@id\":\"https:\/\/barneleker.no\/index.php\/product\/lego-duplo-town-10882-toe-rail\/#breadcrumb\",\"itemListElement\":[{\"@type\":\"ListItem\",\"position\":1,\"name\":\"Butikken\",\"item\":\"https:\/\/barneleker.no\/\"},{\"@type\":\"ListItem\",\"position\":2,\"name\":\"LEGO DUPLO Town 10882, Toe rail\"}]},{\"@type\":\"WebSite\",\"@id\":\"https:\/\/barneleker.no\/#website\",\"url\":\"https:\/\/barneleker.no\/\",\"name\":\"Barneleker.no\",\"description\":\"Selvf\u00f8lgelig!\",\"publisher\":{\"@id\":\"https:\/\/barneleker.no\/#organization\"},\"potentialAction\":[{\"@type\":\"SearchAction\",\"target\":{\"@type\":\"EntryPoint\",\"urlTemplate\":\"https:\/\/barneleker.no\/?s={search_term_string}\"},\"query-input\":{\"@type\":\"PropertyValueSpecification\",\"valueRequired\":true,\"valueName\":\"search_term_string\"}}],\"inLanguage\":\"nb-NO\"},{\"@type\":\"Organization\",\"@id\":\"https:\/\/barneleker.no\/#organization\",\"name\":\"Barneleker.no\",\"url\":\"https:\/\/barneleker.no\/\",\"logo\":{\"@type\":\"ImageObject\",\"inLanguage\":\"nb-NO\",\"@id\":\"https:\/\/barneleker.no\/#\/schema\/logo\/image\/\",\"url\":\"https:\/\/barneleker.no\/wp-content\/uploads\/2021\/11\/barneleker_logo-780x150-1.jpg\",\"contentUrl\":\"https:\/\/barneleker.no\/wp-content\/uploads\/2021\/11\/barneleker_logo-780x150-1.jpg\",\"width\":780,\"height\":150,\"caption\":\"Barneleker.no\"},\"image\":{\"@id\":\"https:\/\/barneleker.no\/#\/schema\/logo\/image\/\"}}]}<\/script>\n<!-- \/ Yoast SEO plugin. -->","yoast_head_json":{"title":"LEGO DUPLO Town 10882, Toe rail - Barneleker.no","robots":{"index":"index","follow":"follow","max-snippet":"max-snippet:-1","max-image-preview":"max-image-preview:large","max-video-preview":"max-video-preview:-1"},"canonical":"https:\/\/barneleker.no\/index.php\/product\/lego-duplo-town-10882-toe-rail\/","og_locale":"nb_NO","og_type":"article","og_title":"LEGO DUPLO Town 10882, Toe rail - Barneleker.no","og_description":"Gi sm\u00e5rollingen din muligheten til \u00e5 bygge en flott togbane til nye eller eksisterende DUPLO tog med settet LEGO\u00ae DUPLO\u00ae 10882 Togskinner. Med planoverganger, stoppesteder,&hellip;","og_url":"https:\/\/barneleker.no\/index.php\/product\/lego-duplo-town-10882-toe-rail\/","og_site_name":"Barneleker.no","twitter_card":"summary_large_image","schema":{"@context":"https:\/\/schema.org","@graph":[{"@type":"WebPage","@id":"https:\/\/barneleker.no\/index.php\/product\/lego-duplo-town-10882-toe-rail\/","url":"https:\/\/barneleker.no\/index.php\/product\/lego-duplo-town-10882-toe-rail\/","name":"LEGO DUPLO Town 10882, Toe rail - Barneleker.no","isPartOf":{"@id":"https:\/\/barneleker.no\/#website"},"primaryImageOfPage":{"@id":"https:\/\/barneleker.no\/index.php\/product\/lego-duplo-town-10882-toe-rail\/#primaryimage"},"image":{"@id":"https:\/\/barneleker.no\/index.php\/product\/lego-duplo-town-10882-toe-rail\/#primaryimage"},"thumbnailUrl":"https:\/\/barneleker.no\/wp-content\/uploads\/2022\/02\/lego-duplo-town-10882-toe-rail.jpg","datePublished":"2022-02-08T20:03:54+00:00","breadcrumb":{"@id":"https:\/\/barneleker.no\/index.php\/product\/lego-duplo-town-10882-toe-rail\/#breadcrumb"},"inLanguage":"nb-NO","potentialAction":[{"@type":"ReadAction","target":["https:\/\/barneleker.no\/index.php\/product\/lego-duplo-town-10882-toe-rail\/"]}]},{"@type":"ImageObject","inLanguage":"nb-NO","@id":"https:\/\/barneleker.no\/index.php\/product\/lego-duplo-town-10882-toe-rail\/#primaryimage","url":"https:\/\/barneleker.no\/wp-content\/uploads\/2022\/02\/lego-duplo-town-10882-toe-rail.jpg","contentUrl":"https:\/\/barneleker.no\/wp-content\/uploads\/2022\/02\/lego-duplo-town-10882-toe-rail.jpg","width":555,"height":555},{"@type":"BreadcrumbList","@id":"https:\/\/barneleker.no\/index.php\/product\/lego-duplo-town-10882-toe-rail\/#breadcrumb","itemListElement":[{"@type":"ListItem","position":1,"name":"Butikken","item":"https:\/\/barneleker.no\/"},{"@type":"ListItem","position":2,"name":"LEGO DUPLO Town 10882, Toe rail"}]},{"@type":"WebSite","@id":"https:\/\/barneleker.no\/#website","url":"https:\/\/barneleker.no\/","name":"Barneleker.no","description":"Selvf\u00f8lgelig!","publisher":{"@id":"https:\/\/barneleker.no\/#organization"},"potentialAction":[{"@type":"SearchAction","target":{"@type":"EntryPoint","urlTemplate":"https:\/\/barneleker.no\/?s={search_term_string}"},"query-input":{"@type":"PropertyValueSpecification","valueRequired":true,"valueName":"search_term_string"}}],"inLanguage":"nb-NO"},{"@type":"Organization","@id":"https:\/\/barneleker.no\/#organization","name":"Barneleker.no","url":"https:\/\/barneleker.no\/","logo":{"@type":"ImageObject","inLanguage":"nb-NO","@id":"https:\/\/barneleker.no\/#\/schema\/logo\/image\/","url":"https:\/\/barneleker.no\/wp-content\/uploads\/2021\/11\/barneleker_logo-780x150-1.jpg","contentUrl":"https:\/\/barneleker.no\/wp-content\/uploads\/2021\/11\/barneleker_logo-780x150-1.jpg","width":780,"height":150,"caption":"Barneleker.no"},"image":{"@id":"https:\/\/barneleker.no\/#\/schema\/logo\/image\/"}}]}},"_links":{"self":[{"href":"https:\/\/barneleker.no\/index.php\/wp-json\/wp\/v2\/product\/14643","targetHints":{"allow":["GET"]}}],"collection":[{"href":"https:\/\/barneleker.no\/index.php\/wp-json\/wp\/v2\/product"}],"about":[{"href":"https:\/\/barneleker.no\/index.php\/wp-json\/wp\/v2\/types\/product"}],"replies":[{"embeddable":true,"href":"https:\/\/barneleker.no\/index.php\/wp-json\/wp\/v2\/comments?post=14643"}],"wp:featuredmedia":[{"embeddable":true,"href":"https:\/\/barneleker.no\/index.php\/wp-json\/wp\/v2\/media\/14642"}],"wp:attachment":[{"href":"https:\/\/barneleker.no\/index.php\/wp-json\/wp\/v2\/media?parent=14643"}],"wp:term":[{"taxonomy":"product_brand","embeddable":true,"href":"https:\/\/barneleker.no\/index.php\/wp-json\/wp\/v2\/product_brand?post=14643"},{"taxonomy":"product_cat","embeddable":true,"href":"https:\/\/barneleker.no\/index.php\/wp-json\/wp\/v2\/product_cat?post=14643"},{"taxonomy":"product_tag","embeddable":true,"href":"https:\/\/barneleker.no\/index.php\/wp-json\/wp\/v2\/product_tag?post=14643"}],"curies":[{"name":"wp","href":"https:\/\/api.w.org\/{rel}","templated":true}]}}