{"id":14675,"date":"2022-02-08T20:04:07","date_gmt":"2022-02-08T20:04:07","guid":{"rendered":"https:\/\/barneleker.no\/index.php\/product\/lego-creator-31118-surferens-strandhus\/"},"modified":"2022-02-08T20:04:07","modified_gmt":"2022-02-08T20:04:07","slug":"lego-creator-31118-surferens-strandhus","status":"publish","type":"product","link":"https:\/\/barneleker.no\/index.php\/product\/lego-creator-31118-surferens-strandhus\/","title":{"rendered":"LEGO Creator 31118, Surferens strandhus"},"content":{"rendered":"<p>Barn kan dra p\u00e5 strandtur for \u00e5 surfe og leke med sj\u00f8dyrene med settet LEGO\u00ae Creator 3-i-1 Surferens strandhus (31118). Med dette flotte settet f\u00e5r barn alt de trenger for \u00e5 lage spennende fortellinger: et toetasjes strandhus p\u00e5 hengsler som kan \u00e5pnes, to minifigurer og tre klossebygde sj\u00f8dyr \u2013 en delfin, en havskilpadde og en baby-havskilpadde.  3-i-1-barneleker inspirerer barn Barn kan bygge hele tre g\u00f8yale modeller med dette LEGO Creator 3-i-1-settet. De kan bygge et strandhus til surferen, bygge det om til et fyr, forvandle fyret til et hus med basseng eller rett og slett bruke klossene til \u00e5 bygge noe helt nytt.  Flotte gaver som stimulerer fantasien Med LEGO Creator 3-i-1-byggesettene f\u00e5r barn tre modeller i hvert sett! Barna kan ta fra hverandre modellene og bygge noe annet s\u00e5 ofte de vil, og dermed tar leken aldri slutt. Velg blant fantastiske sett i 3-i-1-serien, for eksempel dyr, biler og safaritrehytter.<\/p>\n","protected":false},"excerpt":{"rendered":"<p>Barn kan dra p\u00e5 strandtur for \u00e5 surfe og leke med sj\u00f8dyrene med settet LEGO\u00ae Creator 3-i-1 Surferens strandhus (31118). Med dette flotte settet f\u00e5r&hellip;<\/p>\n","protected":false},"featured_media":14674,"comment_status":"open","ping_status":"closed","template":"","meta":[],"product_brand":[],"product_cat":[340],"product_tag":[],"class_list":{"0":"post-14675","1":"product","2":"type-product","3":"status-publish","4":"has-post-thumbnail","6":"product_cat-set","8":"first","9":"instock","10":"shipping-taxable","11":"product-type-external","12":"customify-col"},"yoast_head":"<!-- This site is optimized with the Yoast SEO plugin v26.0 - https:\/\/yoast.com\/wordpress\/plugins\/seo\/ -->\n<title>LEGO Creator 31118, Surferens strandhus - Barneleker.no<\/title>\n<meta name=\"robots\" content=\"index, follow, max-snippet:-1, max-image-preview:large, max-video-preview:-1\" \/>\n<link rel=\"canonical\" href=\"https:\/\/barneleker.no\/index.php\/product\/lego-creator-31118-surferens-strandhus\/\" \/>\n<meta property=\"og:locale\" content=\"nb_NO\" \/>\n<meta property=\"og:type\" content=\"article\" \/>\n<meta property=\"og:title\" content=\"LEGO Creator 31118, Surferens strandhus - Barneleker.no\" \/>\n<meta property=\"og:description\" content=\"Barn kan dra p\u00e5 strandtur for \u00e5 surfe og leke med sj\u00f8dyrene med settet LEGO\u00ae Creator 3-i-1 Surferens strandhus (31118). Med dette flotte settet f\u00e5r&hellip;\" \/>\n<meta property=\"og:url\" content=\"https:\/\/barneleker.no\/index.php\/product\/lego-creator-31118-surferens-strandhus\/\" \/>\n<meta property=\"og:site_name\" content=\"Barneleker.no\" \/>\n<meta name=\"twitter:card\" content=\"summary_large_image\" \/>\n<meta name=\"twitter:label1\" content=\"Ansl. lesetid\" \/>\n\t<meta name=\"twitter:data1\" content=\"1 minutt\" \/>\n<script type=\"application\/ld+json\" class=\"yoast-schema-graph\">{\"@context\":\"https:\/\/schema.org\",\"@graph\":[{\"@type\":\"WebPage\",\"@id\":\"https:\/\/barneleker.no\/index.php\/product\/lego-creator-31118-surferens-strandhus\/\",\"url\":\"https:\/\/barneleker.no\/index.php\/product\/lego-creator-31118-surferens-strandhus\/\",\"name\":\"LEGO Creator 31118, Surferens strandhus - Barneleker.no\",\"isPartOf\":{\"@id\":\"https:\/\/barneleker.no\/#website\"},\"primaryImageOfPage\":{\"@id\":\"https:\/\/barneleker.no\/index.php\/product\/lego-creator-31118-surferens-strandhus\/#primaryimage\"},\"image\":{\"@id\":\"https:\/\/barneleker.no\/index.php\/product\/lego-creator-31118-surferens-strandhus\/#primaryimage\"},\"thumbnailUrl\":\"https:\/\/barneleker.no\/wp-content\/uploads\/2022\/02\/lego-creator-31118-surferens-strandhus.jpg\",\"datePublished\":\"2022-02-08T20:04:07+00:00\",\"breadcrumb\":{\"@id\":\"https:\/\/barneleker.no\/index.php\/product\/lego-creator-31118-surferens-strandhus\/#breadcrumb\"},\"inLanguage\":\"nb-NO\",\"potentialAction\":[{\"@type\":\"ReadAction\",\"target\":[\"https:\/\/barneleker.no\/index.php\/product\/lego-creator-31118-surferens-strandhus\/\"]}]},{\"@type\":\"ImageObject\",\"inLanguage\":\"nb-NO\",\"@id\":\"https:\/\/barneleker.no\/index.php\/product\/lego-creator-31118-surferens-strandhus\/#primaryimage\",\"url\":\"https:\/\/barneleker.no\/wp-content\/uploads\/2022\/02\/lego-creator-31118-surferens-strandhus.jpg\",\"contentUrl\":\"https:\/\/barneleker.no\/wp-content\/uploads\/2022\/02\/lego-creator-31118-surferens-strandhus.jpg\",\"width\":555,\"height\":555},{\"@type\":\"BreadcrumbList\",\"@id\":\"https:\/\/barneleker.no\/index.php\/product\/lego-creator-31118-surferens-strandhus\/#breadcrumb\",\"itemListElement\":[{\"@type\":\"ListItem\",\"position\":1,\"name\":\"Butikken\",\"item\":\"https:\/\/barneleker.no\/\"},{\"@type\":\"ListItem\",\"position\":2,\"name\":\"LEGO Creator 31118, Surferens strandhus\"}]},{\"@type\":\"WebSite\",\"@id\":\"https:\/\/barneleker.no\/#website\",\"url\":\"https:\/\/barneleker.no\/\",\"name\":\"Barneleker.no\",\"description\":\"Selvf\u00f8lgelig!\",\"publisher\":{\"@id\":\"https:\/\/barneleker.no\/#organization\"},\"potentialAction\":[{\"@type\":\"SearchAction\",\"target\":{\"@type\":\"EntryPoint\",\"urlTemplate\":\"https:\/\/barneleker.no\/?s={search_term_string}\"},\"query-input\":{\"@type\":\"PropertyValueSpecification\",\"valueRequired\":true,\"valueName\":\"search_term_string\"}}],\"inLanguage\":\"nb-NO\"},{\"@type\":\"Organization\",\"@id\":\"https:\/\/barneleker.no\/#organization\",\"name\":\"Barneleker.no\",\"url\":\"https:\/\/barneleker.no\/\",\"logo\":{\"@type\":\"ImageObject\",\"inLanguage\":\"nb-NO\",\"@id\":\"https:\/\/barneleker.no\/#\/schema\/logo\/image\/\",\"url\":\"https:\/\/barneleker.no\/wp-content\/uploads\/2021\/11\/barneleker_logo-780x150-1.jpg\",\"contentUrl\":\"https:\/\/barneleker.no\/wp-content\/uploads\/2021\/11\/barneleker_logo-780x150-1.jpg\",\"width\":780,\"height\":150,\"caption\":\"Barneleker.no\"},\"image\":{\"@id\":\"https:\/\/barneleker.no\/#\/schema\/logo\/image\/\"}}]}<\/script>\n<!-- \/ Yoast SEO plugin. -->","yoast_head_json":{"title":"LEGO Creator 31118, Surferens strandhus - Barneleker.no","robots":{"index":"index","follow":"follow","max-snippet":"max-snippet:-1","max-image-preview":"max-image-preview:large","max-video-preview":"max-video-preview:-1"},"canonical":"https:\/\/barneleker.no\/index.php\/product\/lego-creator-31118-surferens-strandhus\/","og_locale":"nb_NO","og_type":"article","og_title":"LEGO Creator 31118, Surferens strandhus - Barneleker.no","og_description":"Barn kan dra p\u00e5 strandtur for \u00e5 surfe og leke med sj\u00f8dyrene med settet LEGO\u00ae Creator 3-i-1 Surferens strandhus (31118). Med dette flotte settet f\u00e5r&hellip;","og_url":"https:\/\/barneleker.no\/index.php\/product\/lego-creator-31118-surferens-strandhus\/","og_site_name":"Barneleker.no","twitter_card":"summary_large_image","twitter_misc":{"Ansl. lesetid":"1 minutt"},"schema":{"@context":"https:\/\/schema.org","@graph":[{"@type":"WebPage","@id":"https:\/\/barneleker.no\/index.php\/product\/lego-creator-31118-surferens-strandhus\/","url":"https:\/\/barneleker.no\/index.php\/product\/lego-creator-31118-surferens-strandhus\/","name":"LEGO Creator 31118, Surferens strandhus - Barneleker.no","isPartOf":{"@id":"https:\/\/barneleker.no\/#website"},"primaryImageOfPage":{"@id":"https:\/\/barneleker.no\/index.php\/product\/lego-creator-31118-surferens-strandhus\/#primaryimage"},"image":{"@id":"https:\/\/barneleker.no\/index.php\/product\/lego-creator-31118-surferens-strandhus\/#primaryimage"},"thumbnailUrl":"https:\/\/barneleker.no\/wp-content\/uploads\/2022\/02\/lego-creator-31118-surferens-strandhus.jpg","datePublished":"2022-02-08T20:04:07+00:00","breadcrumb":{"@id":"https:\/\/barneleker.no\/index.php\/product\/lego-creator-31118-surferens-strandhus\/#breadcrumb"},"inLanguage":"nb-NO","potentialAction":[{"@type":"ReadAction","target":["https:\/\/barneleker.no\/index.php\/product\/lego-creator-31118-surferens-strandhus\/"]}]},{"@type":"ImageObject","inLanguage":"nb-NO","@id":"https:\/\/barneleker.no\/index.php\/product\/lego-creator-31118-surferens-strandhus\/#primaryimage","url":"https:\/\/barneleker.no\/wp-content\/uploads\/2022\/02\/lego-creator-31118-surferens-strandhus.jpg","contentUrl":"https:\/\/barneleker.no\/wp-content\/uploads\/2022\/02\/lego-creator-31118-surferens-strandhus.jpg","width":555,"height":555},{"@type":"BreadcrumbList","@id":"https:\/\/barneleker.no\/index.php\/product\/lego-creator-31118-surferens-strandhus\/#breadcrumb","itemListElement":[{"@type":"ListItem","position":1,"name":"Butikken","item":"https:\/\/barneleker.no\/"},{"@type":"ListItem","position":2,"name":"LEGO Creator 31118, Surferens strandhus"}]},{"@type":"WebSite","@id":"https:\/\/barneleker.no\/#website","url":"https:\/\/barneleker.no\/","name":"Barneleker.no","description":"Selvf\u00f8lgelig!","publisher":{"@id":"https:\/\/barneleker.no\/#organization"},"potentialAction":[{"@type":"SearchAction","target":{"@type":"EntryPoint","urlTemplate":"https:\/\/barneleker.no\/?s={search_term_string}"},"query-input":{"@type":"PropertyValueSpecification","valueRequired":true,"valueName":"search_term_string"}}],"inLanguage":"nb-NO"},{"@type":"Organization","@id":"https:\/\/barneleker.no\/#organization","name":"Barneleker.no","url":"https:\/\/barneleker.no\/","logo":{"@type":"ImageObject","inLanguage":"nb-NO","@id":"https:\/\/barneleker.no\/#\/schema\/logo\/image\/","url":"https:\/\/barneleker.no\/wp-content\/uploads\/2021\/11\/barneleker_logo-780x150-1.jpg","contentUrl":"https:\/\/barneleker.no\/wp-content\/uploads\/2021\/11\/barneleker_logo-780x150-1.jpg","width":780,"height":150,"caption":"Barneleker.no"},"image":{"@id":"https:\/\/barneleker.no\/#\/schema\/logo\/image\/"}}]}},"_links":{"self":[{"href":"https:\/\/barneleker.no\/index.php\/wp-json\/wp\/v2\/product\/14675","targetHints":{"allow":["GET"]}}],"collection":[{"href":"https:\/\/barneleker.no\/index.php\/wp-json\/wp\/v2\/product"}],"about":[{"href":"https:\/\/barneleker.no\/index.php\/wp-json\/wp\/v2\/types\/product"}],"replies":[{"embeddable":true,"href":"https:\/\/barneleker.no\/index.php\/wp-json\/wp\/v2\/comments?post=14675"}],"wp:featuredmedia":[{"embeddable":true,"href":"https:\/\/barneleker.no\/index.php\/wp-json\/wp\/v2\/media\/14674"}],"wp:attachment":[{"href":"https:\/\/barneleker.no\/index.php\/wp-json\/wp\/v2\/media?parent=14675"}],"wp:term":[{"taxonomy":"product_brand","embeddable":true,"href":"https:\/\/barneleker.no\/index.php\/wp-json\/wp\/v2\/product_brand?post=14675"},{"taxonomy":"product_cat","embeddable":true,"href":"https:\/\/barneleker.no\/index.php\/wp-json\/wp\/v2\/product_cat?post=14675"},{"taxonomy":"product_tag","embeddable":true,"href":"https:\/\/barneleker.no\/index.php\/wp-json\/wp\/v2\/product_tag?post=14675"}],"curies":[{"name":"wp","href":"https:\/\/api.w.org\/{rel}","templated":true}]}}