{"id":14709,"date":"2022-02-08T20:04:19","date_gmt":"2022-02-08T20:04:19","guid":{"rendered":"https:\/\/barneleker.no\/index.php\/product\/lego-technic-42107-ducati-panigale-v4-r\/"},"modified":"2022-02-08T20:04:19","modified_gmt":"2022-02-08T20:04:19","slug":"lego-technic-42107-ducati-panigale-v4-r","status":"publish","type":"product","link":"https:\/\/barneleker.no\/index.php\/product\/lego-technic-42107-ducati-panigale-v4-r\/","title":{"rendered":"LEGO Technic 42107, Ducati Panigale V4 R"},"content":{"rendered":"<p>Stil, raffinement, ytelse. LEGO\u00ae Technic 42107 Ducati Panigale v4 har et fantastisk utseende som fanger \u00e5nden og designen til originalen. Det er den f\u00f8rste modellmotorsykkelen i LEGO Technic historien som inkluderer en girkasse for \u00e5 utforske ulike hastigheter og teknikker. Andre fantastiske funksjoner inkluderer styring, st\u00f8tdemping foran og bak for realistisk bevegelse, pluss skivebremser foran og bak.  Fantastiske detaljer fanger Ducati-\u00e5nden Ducati-fans vil sette pris p\u00e5 detaljene i denne fantastiske motorsykkelreplikaen. En st\u00f8tte, eksosr\u00f8r, frontrute og dashbord utgj\u00f8r de sm\u00e5 detaljene som gj\u00f8r denne modelleken s\u00e5 tro til originalen. Og den klassiske, r\u00f8de fargen \u00f8ker pulsen til enhver Ducati-fan.  Bygg og l\u00e6r med LEGO Technic modelleker Som en del av LEGO Technic universet, gir dette motorsykkelmodellsettet en engasjerende og givende byggeopplevelse. Med realistiske funksjoner introduserer det byggerne til en verden av mekanikk, mens de oppdager hvordan girmekanismer fungerer.<\/p>\n","protected":false},"excerpt":{"rendered":"<p>Stil, raffinement, ytelse. LEGO\u00ae Technic 42107 Ducati Panigale v4 har et fantastisk utseende som fanger \u00e5nden og designen til originalen. Det er den f\u00f8rste modellmotorsykkelen&hellip;<\/p>\n","protected":false},"featured_media":14708,"comment_status":"open","ping_status":"closed","template":"","meta":[],"product_brand":[],"product_cat":[476],"product_tag":[],"class_list":{"0":"post-14709","1":"product","2":"type-product","3":"status-publish","4":"has-post-thumbnail","6":"product_cat-set-lego-fordon","8":"first","9":"instock","10":"shipping-taxable","11":"product-type-external","12":"customify-col"},"yoast_head":"<!-- This site is optimized with the Yoast SEO plugin v26.0 - https:\/\/yoast.com\/wordpress\/plugins\/seo\/ -->\n<title>LEGO Technic 42107, Ducati Panigale V4 R - Barneleker.no<\/title>\n<meta name=\"robots\" content=\"index, follow, max-snippet:-1, max-image-preview:large, max-video-preview:-1\" \/>\n<link rel=\"canonical\" href=\"https:\/\/barneleker.no\/index.php\/product\/lego-technic-42107-ducati-panigale-v4-r\/\" \/>\n<meta property=\"og:locale\" content=\"nb_NO\" \/>\n<meta property=\"og:type\" content=\"article\" \/>\n<meta property=\"og:title\" content=\"LEGO Technic 42107, Ducati Panigale V4 R - Barneleker.no\" \/>\n<meta property=\"og:description\" content=\"Stil, raffinement, ytelse. LEGO\u00ae Technic 42107 Ducati Panigale v4 har et fantastisk utseende som fanger \u00e5nden og designen til originalen. Det er den f\u00f8rste modellmotorsykkelen&hellip;\" \/>\n<meta property=\"og:url\" content=\"https:\/\/barneleker.no\/index.php\/product\/lego-technic-42107-ducati-panigale-v4-r\/\" \/>\n<meta property=\"og:site_name\" content=\"Barneleker.no\" \/>\n<meta name=\"twitter:card\" content=\"summary_large_image\" \/>\n<meta name=\"twitter:label1\" content=\"Ansl. lesetid\" \/>\n\t<meta name=\"twitter:data1\" content=\"1 minutt\" \/>\n<script type=\"application\/ld+json\" class=\"yoast-schema-graph\">{\"@context\":\"https:\/\/schema.org\",\"@graph\":[{\"@type\":\"WebPage\",\"@id\":\"https:\/\/barneleker.no\/index.php\/product\/lego-technic-42107-ducati-panigale-v4-r\/\",\"url\":\"https:\/\/barneleker.no\/index.php\/product\/lego-technic-42107-ducati-panigale-v4-r\/\",\"name\":\"LEGO Technic 42107, Ducati Panigale V4 R - Barneleker.no\",\"isPartOf\":{\"@id\":\"https:\/\/barneleker.no\/#website\"},\"primaryImageOfPage\":{\"@id\":\"https:\/\/barneleker.no\/index.php\/product\/lego-technic-42107-ducati-panigale-v4-r\/#primaryimage\"},\"image\":{\"@id\":\"https:\/\/barneleker.no\/index.php\/product\/lego-technic-42107-ducati-panigale-v4-r\/#primaryimage\"},\"thumbnailUrl\":\"https:\/\/barneleker.no\/wp-content\/uploads\/2022\/02\/lego-technic-42107-ducati-panigale-v4-r.jpg\",\"datePublished\":\"2022-02-08T20:04:19+00:00\",\"breadcrumb\":{\"@id\":\"https:\/\/barneleker.no\/index.php\/product\/lego-technic-42107-ducati-panigale-v4-r\/#breadcrumb\"},\"inLanguage\":\"nb-NO\",\"potentialAction\":[{\"@type\":\"ReadAction\",\"target\":[\"https:\/\/barneleker.no\/index.php\/product\/lego-technic-42107-ducati-panigale-v4-r\/\"]}]},{\"@type\":\"ImageObject\",\"inLanguage\":\"nb-NO\",\"@id\":\"https:\/\/barneleker.no\/index.php\/product\/lego-technic-42107-ducati-panigale-v4-r\/#primaryimage\",\"url\":\"https:\/\/barneleker.no\/wp-content\/uploads\/2022\/02\/lego-technic-42107-ducati-panigale-v4-r.jpg\",\"contentUrl\":\"https:\/\/barneleker.no\/wp-content\/uploads\/2022\/02\/lego-technic-42107-ducati-panigale-v4-r.jpg\",\"width\":555,\"height\":555},{\"@type\":\"BreadcrumbList\",\"@id\":\"https:\/\/barneleker.no\/index.php\/product\/lego-technic-42107-ducati-panigale-v4-r\/#breadcrumb\",\"itemListElement\":[{\"@type\":\"ListItem\",\"position\":1,\"name\":\"Butikken\",\"item\":\"https:\/\/barneleker.no\/\"},{\"@type\":\"ListItem\",\"position\":2,\"name\":\"LEGO Technic 42107, Ducati Panigale V4 R\"}]},{\"@type\":\"WebSite\",\"@id\":\"https:\/\/barneleker.no\/#website\",\"url\":\"https:\/\/barneleker.no\/\",\"name\":\"Barneleker.no\",\"description\":\"Selvf\u00f8lgelig!\",\"publisher\":{\"@id\":\"https:\/\/barneleker.no\/#organization\"},\"potentialAction\":[{\"@type\":\"SearchAction\",\"target\":{\"@type\":\"EntryPoint\",\"urlTemplate\":\"https:\/\/barneleker.no\/?s={search_term_string}\"},\"query-input\":{\"@type\":\"PropertyValueSpecification\",\"valueRequired\":true,\"valueName\":\"search_term_string\"}}],\"inLanguage\":\"nb-NO\"},{\"@type\":\"Organization\",\"@id\":\"https:\/\/barneleker.no\/#organization\",\"name\":\"Barneleker.no\",\"url\":\"https:\/\/barneleker.no\/\",\"logo\":{\"@type\":\"ImageObject\",\"inLanguage\":\"nb-NO\",\"@id\":\"https:\/\/barneleker.no\/#\/schema\/logo\/image\/\",\"url\":\"https:\/\/barneleker.no\/wp-content\/uploads\/2021\/11\/barneleker_logo-780x150-1.jpg\",\"contentUrl\":\"https:\/\/barneleker.no\/wp-content\/uploads\/2021\/11\/barneleker_logo-780x150-1.jpg\",\"width\":780,\"height\":150,\"caption\":\"Barneleker.no\"},\"image\":{\"@id\":\"https:\/\/barneleker.no\/#\/schema\/logo\/image\/\"}}]}<\/script>\n<!-- \/ Yoast SEO plugin. -->","yoast_head_json":{"title":"LEGO Technic 42107, Ducati Panigale V4 R - Barneleker.no","robots":{"index":"index","follow":"follow","max-snippet":"max-snippet:-1","max-image-preview":"max-image-preview:large","max-video-preview":"max-video-preview:-1"},"canonical":"https:\/\/barneleker.no\/index.php\/product\/lego-technic-42107-ducati-panigale-v4-r\/","og_locale":"nb_NO","og_type":"article","og_title":"LEGO Technic 42107, Ducati Panigale V4 R - Barneleker.no","og_description":"Stil, raffinement, ytelse. LEGO\u00ae Technic 42107 Ducati Panigale v4 har et fantastisk utseende som fanger \u00e5nden og designen til originalen. Det er den f\u00f8rste modellmotorsykkelen&hellip;","og_url":"https:\/\/barneleker.no\/index.php\/product\/lego-technic-42107-ducati-panigale-v4-r\/","og_site_name":"Barneleker.no","twitter_card":"summary_large_image","twitter_misc":{"Ansl. lesetid":"1 minutt"},"schema":{"@context":"https:\/\/schema.org","@graph":[{"@type":"WebPage","@id":"https:\/\/barneleker.no\/index.php\/product\/lego-technic-42107-ducati-panigale-v4-r\/","url":"https:\/\/barneleker.no\/index.php\/product\/lego-technic-42107-ducati-panigale-v4-r\/","name":"LEGO Technic 42107, Ducati Panigale V4 R - Barneleker.no","isPartOf":{"@id":"https:\/\/barneleker.no\/#website"},"primaryImageOfPage":{"@id":"https:\/\/barneleker.no\/index.php\/product\/lego-technic-42107-ducati-panigale-v4-r\/#primaryimage"},"image":{"@id":"https:\/\/barneleker.no\/index.php\/product\/lego-technic-42107-ducati-panigale-v4-r\/#primaryimage"},"thumbnailUrl":"https:\/\/barneleker.no\/wp-content\/uploads\/2022\/02\/lego-technic-42107-ducati-panigale-v4-r.jpg","datePublished":"2022-02-08T20:04:19+00:00","breadcrumb":{"@id":"https:\/\/barneleker.no\/index.php\/product\/lego-technic-42107-ducati-panigale-v4-r\/#breadcrumb"},"inLanguage":"nb-NO","potentialAction":[{"@type":"ReadAction","target":["https:\/\/barneleker.no\/index.php\/product\/lego-technic-42107-ducati-panigale-v4-r\/"]}]},{"@type":"ImageObject","inLanguage":"nb-NO","@id":"https:\/\/barneleker.no\/index.php\/product\/lego-technic-42107-ducati-panigale-v4-r\/#primaryimage","url":"https:\/\/barneleker.no\/wp-content\/uploads\/2022\/02\/lego-technic-42107-ducati-panigale-v4-r.jpg","contentUrl":"https:\/\/barneleker.no\/wp-content\/uploads\/2022\/02\/lego-technic-42107-ducati-panigale-v4-r.jpg","width":555,"height":555},{"@type":"BreadcrumbList","@id":"https:\/\/barneleker.no\/index.php\/product\/lego-technic-42107-ducati-panigale-v4-r\/#breadcrumb","itemListElement":[{"@type":"ListItem","position":1,"name":"Butikken","item":"https:\/\/barneleker.no\/"},{"@type":"ListItem","position":2,"name":"LEGO Technic 42107, Ducati Panigale V4 R"}]},{"@type":"WebSite","@id":"https:\/\/barneleker.no\/#website","url":"https:\/\/barneleker.no\/","name":"Barneleker.no","description":"Selvf\u00f8lgelig!","publisher":{"@id":"https:\/\/barneleker.no\/#organization"},"potentialAction":[{"@type":"SearchAction","target":{"@type":"EntryPoint","urlTemplate":"https:\/\/barneleker.no\/?s={search_term_string}"},"query-input":{"@type":"PropertyValueSpecification","valueRequired":true,"valueName":"search_term_string"}}],"inLanguage":"nb-NO"},{"@type":"Organization","@id":"https:\/\/barneleker.no\/#organization","name":"Barneleker.no","url":"https:\/\/barneleker.no\/","logo":{"@type":"ImageObject","inLanguage":"nb-NO","@id":"https:\/\/barneleker.no\/#\/schema\/logo\/image\/","url":"https:\/\/barneleker.no\/wp-content\/uploads\/2021\/11\/barneleker_logo-780x150-1.jpg","contentUrl":"https:\/\/barneleker.no\/wp-content\/uploads\/2021\/11\/barneleker_logo-780x150-1.jpg","width":780,"height":150,"caption":"Barneleker.no"},"image":{"@id":"https:\/\/barneleker.no\/#\/schema\/logo\/image\/"}}]}},"_links":{"self":[{"href":"https:\/\/barneleker.no\/index.php\/wp-json\/wp\/v2\/product\/14709","targetHints":{"allow":["GET"]}}],"collection":[{"href":"https:\/\/barneleker.no\/index.php\/wp-json\/wp\/v2\/product"}],"about":[{"href":"https:\/\/barneleker.no\/index.php\/wp-json\/wp\/v2\/types\/product"}],"replies":[{"embeddable":true,"href":"https:\/\/barneleker.no\/index.php\/wp-json\/wp\/v2\/comments?post=14709"}],"wp:featuredmedia":[{"embeddable":true,"href":"https:\/\/barneleker.no\/index.php\/wp-json\/wp\/v2\/media\/14708"}],"wp:attachment":[{"href":"https:\/\/barneleker.no\/index.php\/wp-json\/wp\/v2\/media?parent=14709"}],"wp:term":[{"taxonomy":"product_brand","embeddable":true,"href":"https:\/\/barneleker.no\/index.php\/wp-json\/wp\/v2\/product_brand?post=14709"},{"taxonomy":"product_cat","embeddable":true,"href":"https:\/\/barneleker.no\/index.php\/wp-json\/wp\/v2\/product_cat?post=14709"},{"taxonomy":"product_tag","embeddable":true,"href":"https:\/\/barneleker.no\/index.php\/wp-json\/wp\/v2\/product_tag?post=14709"}],"curies":[{"name":"wp","href":"https:\/\/api.w.org\/{rel}","templated":true}]}}