{"id":14713,"date":"2022-02-08T20:04:20","date_gmt":"2022-02-08T20:04:20","guid":{"rendered":"https:\/\/barneleker.no\/index.php\/product\/lego-super-mario-71393-power-up-pakken-bie-mario\/"},"modified":"2022-02-08T20:04:20","modified_gmt":"2022-02-08T20:04:20","slug":"lego-super-mario-71393-power-up-pakken-bie-mario","status":"publish","type":"product","link":"https:\/\/barneleker.no\/index.php\/product\/lego-super-mario-71393-power-up-pakken-bie-mario\/","title":{"rendered":"LEGO Super Mario 71393, Power-Up-pakken Bie-Mario"},"content":{"rendered":"<p>Med Power-Up-pakken Bie-Mario (71393) kan fans f\u00e5 en ekstra morsom og summende LEGO\u00ae Super Mario\u2122 lekeopplevelse. Settet inkluderer en interaktiv biedrakt til LEGO\u00ae Mario\u2122 (figuren f\u00f8lger ikke med), som gir spilleren muligheten til \u00e5 samle ekstra digitale mynter ved \u00e5 f\u00e5 Mario til \u00e5 \u00abfly\u00bb summende omkring. Settet er perfekt som gave til trendinteresserte barn som allerede har LEGO Super Mario startbanesettet 71360 med LEGO Mario eller startbanesettet 71387 med LEGO\u00ae Luigi\u2122.<\/p>\n","protected":false},"excerpt":{"rendered":"<p>Med Power-Up-pakken Bie-Mario (71393) kan fans f\u00e5 en ekstra morsom og summende LEGO\u00ae Super Mario\u2122 lekeopplevelse. Settet inkluderer en interaktiv biedrakt til LEGO\u00ae Mario\u2122 (figuren&hellip;<\/p>\n","protected":false},"featured_media":14712,"comment_status":"open","ping_status":"closed","template":"","meta":[],"product_brand":[],"product_cat":[340],"product_tag":[],"class_list":{"0":"post-14713","1":"product","2":"type-product","3":"status-publish","4":"has-post-thumbnail","6":"product_cat-set","8":"first","9":"instock","10":"shipping-taxable","11":"product-type-external","12":"customify-col"},"yoast_head":"<!-- This site is optimized with the Yoast SEO plugin v26.0 - https:\/\/yoast.com\/wordpress\/plugins\/seo\/ -->\n<title>LEGO Super Mario 71393, Power-Up-pakken Bie-Mario - Barneleker.no<\/title>\n<meta name=\"robots\" content=\"index, follow, max-snippet:-1, max-image-preview:large, max-video-preview:-1\" \/>\n<link rel=\"canonical\" href=\"https:\/\/barneleker.no\/index.php\/product\/lego-super-mario-71393-power-up-pakken-bie-mario\/\" \/>\n<meta property=\"og:locale\" content=\"nb_NO\" \/>\n<meta property=\"og:type\" content=\"article\" \/>\n<meta property=\"og:title\" content=\"LEGO Super Mario 71393, Power-Up-pakken Bie-Mario - Barneleker.no\" \/>\n<meta property=\"og:description\" content=\"Med Power-Up-pakken Bie-Mario (71393) kan fans f\u00e5 en ekstra morsom og summende LEGO\u00ae Super Mario\u2122 lekeopplevelse. Settet inkluderer en interaktiv biedrakt til LEGO\u00ae Mario\u2122 (figuren&hellip;\" \/>\n<meta property=\"og:url\" content=\"https:\/\/barneleker.no\/index.php\/product\/lego-super-mario-71393-power-up-pakken-bie-mario\/\" \/>\n<meta property=\"og:site_name\" content=\"Barneleker.no\" \/>\n<meta name=\"twitter:card\" content=\"summary_large_image\" \/>\n<script type=\"application\/ld+json\" class=\"yoast-schema-graph\">{\"@context\":\"https:\/\/schema.org\",\"@graph\":[{\"@type\":\"WebPage\",\"@id\":\"https:\/\/barneleker.no\/index.php\/product\/lego-super-mario-71393-power-up-pakken-bie-mario\/\",\"url\":\"https:\/\/barneleker.no\/index.php\/product\/lego-super-mario-71393-power-up-pakken-bie-mario\/\",\"name\":\"LEGO Super Mario 71393, Power-Up-pakken Bie-Mario - Barneleker.no\",\"isPartOf\":{\"@id\":\"https:\/\/barneleker.no\/#website\"},\"primaryImageOfPage\":{\"@id\":\"https:\/\/barneleker.no\/index.php\/product\/lego-super-mario-71393-power-up-pakken-bie-mario\/#primaryimage\"},\"image\":{\"@id\":\"https:\/\/barneleker.no\/index.php\/product\/lego-super-mario-71393-power-up-pakken-bie-mario\/#primaryimage\"},\"thumbnailUrl\":\"https:\/\/barneleker.no\/wp-content\/uploads\/2022\/02\/lego-super-mario-71393-power-up-pakken-bie-mario.jpg\",\"datePublished\":\"2022-02-08T20:04:20+00:00\",\"breadcrumb\":{\"@id\":\"https:\/\/barneleker.no\/index.php\/product\/lego-super-mario-71393-power-up-pakken-bie-mario\/#breadcrumb\"},\"inLanguage\":\"nb-NO\",\"potentialAction\":[{\"@type\":\"ReadAction\",\"target\":[\"https:\/\/barneleker.no\/index.php\/product\/lego-super-mario-71393-power-up-pakken-bie-mario\/\"]}]},{\"@type\":\"ImageObject\",\"inLanguage\":\"nb-NO\",\"@id\":\"https:\/\/barneleker.no\/index.php\/product\/lego-super-mario-71393-power-up-pakken-bie-mario\/#primaryimage\",\"url\":\"https:\/\/barneleker.no\/wp-content\/uploads\/2022\/02\/lego-super-mario-71393-power-up-pakken-bie-mario.jpg\",\"contentUrl\":\"https:\/\/barneleker.no\/wp-content\/uploads\/2022\/02\/lego-super-mario-71393-power-up-pakken-bie-mario.jpg\",\"width\":555,\"height\":555},{\"@type\":\"BreadcrumbList\",\"@id\":\"https:\/\/barneleker.no\/index.php\/product\/lego-super-mario-71393-power-up-pakken-bie-mario\/#breadcrumb\",\"itemListElement\":[{\"@type\":\"ListItem\",\"position\":1,\"name\":\"Butikken\",\"item\":\"https:\/\/barneleker.no\/\"},{\"@type\":\"ListItem\",\"position\":2,\"name\":\"LEGO Super Mario 71393, Power-Up-pakken Bie-Mario\"}]},{\"@type\":\"WebSite\",\"@id\":\"https:\/\/barneleker.no\/#website\",\"url\":\"https:\/\/barneleker.no\/\",\"name\":\"Barneleker.no\",\"description\":\"Selvf\u00f8lgelig!\",\"publisher\":{\"@id\":\"https:\/\/barneleker.no\/#organization\"},\"potentialAction\":[{\"@type\":\"SearchAction\",\"target\":{\"@type\":\"EntryPoint\",\"urlTemplate\":\"https:\/\/barneleker.no\/?s={search_term_string}\"},\"query-input\":{\"@type\":\"PropertyValueSpecification\",\"valueRequired\":true,\"valueName\":\"search_term_string\"}}],\"inLanguage\":\"nb-NO\"},{\"@type\":\"Organization\",\"@id\":\"https:\/\/barneleker.no\/#organization\",\"name\":\"Barneleker.no\",\"url\":\"https:\/\/barneleker.no\/\",\"logo\":{\"@type\":\"ImageObject\",\"inLanguage\":\"nb-NO\",\"@id\":\"https:\/\/barneleker.no\/#\/schema\/logo\/image\/\",\"url\":\"https:\/\/barneleker.no\/wp-content\/uploads\/2021\/11\/barneleker_logo-780x150-1.jpg\",\"contentUrl\":\"https:\/\/barneleker.no\/wp-content\/uploads\/2021\/11\/barneleker_logo-780x150-1.jpg\",\"width\":780,\"height\":150,\"caption\":\"Barneleker.no\"},\"image\":{\"@id\":\"https:\/\/barneleker.no\/#\/schema\/logo\/image\/\"}}]}<\/script>\n<!-- \/ Yoast SEO plugin. -->","yoast_head_json":{"title":"LEGO Super Mario 71393, Power-Up-pakken Bie-Mario - Barneleker.no","robots":{"index":"index","follow":"follow","max-snippet":"max-snippet:-1","max-image-preview":"max-image-preview:large","max-video-preview":"max-video-preview:-1"},"canonical":"https:\/\/barneleker.no\/index.php\/product\/lego-super-mario-71393-power-up-pakken-bie-mario\/","og_locale":"nb_NO","og_type":"article","og_title":"LEGO Super Mario 71393, Power-Up-pakken Bie-Mario - Barneleker.no","og_description":"Med Power-Up-pakken Bie-Mario (71393) kan fans f\u00e5 en ekstra morsom og summende LEGO\u00ae Super Mario\u2122 lekeopplevelse. Settet inkluderer en interaktiv biedrakt til LEGO\u00ae Mario\u2122 (figuren&hellip;","og_url":"https:\/\/barneleker.no\/index.php\/product\/lego-super-mario-71393-power-up-pakken-bie-mario\/","og_site_name":"Barneleker.no","twitter_card":"summary_large_image","schema":{"@context":"https:\/\/schema.org","@graph":[{"@type":"WebPage","@id":"https:\/\/barneleker.no\/index.php\/product\/lego-super-mario-71393-power-up-pakken-bie-mario\/","url":"https:\/\/barneleker.no\/index.php\/product\/lego-super-mario-71393-power-up-pakken-bie-mario\/","name":"LEGO Super Mario 71393, Power-Up-pakken Bie-Mario - Barneleker.no","isPartOf":{"@id":"https:\/\/barneleker.no\/#website"},"primaryImageOfPage":{"@id":"https:\/\/barneleker.no\/index.php\/product\/lego-super-mario-71393-power-up-pakken-bie-mario\/#primaryimage"},"image":{"@id":"https:\/\/barneleker.no\/index.php\/product\/lego-super-mario-71393-power-up-pakken-bie-mario\/#primaryimage"},"thumbnailUrl":"https:\/\/barneleker.no\/wp-content\/uploads\/2022\/02\/lego-super-mario-71393-power-up-pakken-bie-mario.jpg","datePublished":"2022-02-08T20:04:20+00:00","breadcrumb":{"@id":"https:\/\/barneleker.no\/index.php\/product\/lego-super-mario-71393-power-up-pakken-bie-mario\/#breadcrumb"},"inLanguage":"nb-NO","potentialAction":[{"@type":"ReadAction","target":["https:\/\/barneleker.no\/index.php\/product\/lego-super-mario-71393-power-up-pakken-bie-mario\/"]}]},{"@type":"ImageObject","inLanguage":"nb-NO","@id":"https:\/\/barneleker.no\/index.php\/product\/lego-super-mario-71393-power-up-pakken-bie-mario\/#primaryimage","url":"https:\/\/barneleker.no\/wp-content\/uploads\/2022\/02\/lego-super-mario-71393-power-up-pakken-bie-mario.jpg","contentUrl":"https:\/\/barneleker.no\/wp-content\/uploads\/2022\/02\/lego-super-mario-71393-power-up-pakken-bie-mario.jpg","width":555,"height":555},{"@type":"BreadcrumbList","@id":"https:\/\/barneleker.no\/index.php\/product\/lego-super-mario-71393-power-up-pakken-bie-mario\/#breadcrumb","itemListElement":[{"@type":"ListItem","position":1,"name":"Butikken","item":"https:\/\/barneleker.no\/"},{"@type":"ListItem","position":2,"name":"LEGO Super Mario 71393, Power-Up-pakken Bie-Mario"}]},{"@type":"WebSite","@id":"https:\/\/barneleker.no\/#website","url":"https:\/\/barneleker.no\/","name":"Barneleker.no","description":"Selvf\u00f8lgelig!","publisher":{"@id":"https:\/\/barneleker.no\/#organization"},"potentialAction":[{"@type":"SearchAction","target":{"@type":"EntryPoint","urlTemplate":"https:\/\/barneleker.no\/?s={search_term_string}"},"query-input":{"@type":"PropertyValueSpecification","valueRequired":true,"valueName":"search_term_string"}}],"inLanguage":"nb-NO"},{"@type":"Organization","@id":"https:\/\/barneleker.no\/#organization","name":"Barneleker.no","url":"https:\/\/barneleker.no\/","logo":{"@type":"ImageObject","inLanguage":"nb-NO","@id":"https:\/\/barneleker.no\/#\/schema\/logo\/image\/","url":"https:\/\/barneleker.no\/wp-content\/uploads\/2021\/11\/barneleker_logo-780x150-1.jpg","contentUrl":"https:\/\/barneleker.no\/wp-content\/uploads\/2021\/11\/barneleker_logo-780x150-1.jpg","width":780,"height":150,"caption":"Barneleker.no"},"image":{"@id":"https:\/\/barneleker.no\/#\/schema\/logo\/image\/"}}]}},"_links":{"self":[{"href":"https:\/\/barneleker.no\/index.php\/wp-json\/wp\/v2\/product\/14713","targetHints":{"allow":["GET"]}}],"collection":[{"href":"https:\/\/barneleker.no\/index.php\/wp-json\/wp\/v2\/product"}],"about":[{"href":"https:\/\/barneleker.no\/index.php\/wp-json\/wp\/v2\/types\/product"}],"replies":[{"embeddable":true,"href":"https:\/\/barneleker.no\/index.php\/wp-json\/wp\/v2\/comments?post=14713"}],"wp:featuredmedia":[{"embeddable":true,"href":"https:\/\/barneleker.no\/index.php\/wp-json\/wp\/v2\/media\/14712"}],"wp:attachment":[{"href":"https:\/\/barneleker.no\/index.php\/wp-json\/wp\/v2\/media?parent=14713"}],"wp:term":[{"taxonomy":"product_brand","embeddable":true,"href":"https:\/\/barneleker.no\/index.php\/wp-json\/wp\/v2\/product_brand?post=14713"},{"taxonomy":"product_cat","embeddable":true,"href":"https:\/\/barneleker.no\/index.php\/wp-json\/wp\/v2\/product_cat?post=14713"},{"taxonomy":"product_tag","embeddable":true,"href":"https:\/\/barneleker.no\/index.php\/wp-json\/wp\/v2\/product_tag?post=14713"}],"curies":[{"name":"wp","href":"https:\/\/api.w.org\/{rel}","templated":true}]}}