{"id":14729,"date":"2022-02-08T20:04:26","date_gmt":"2022-02-08T20:04:26","guid":{"rendered":"https:\/\/barneleker.no\/index.php\/product\/skrallan-sykkelsete\/"},"modified":"2023-05-23T11:10:57","modified_gmt":"2023-05-23T11:10:57","slug":"skrallan-sykkelsete","status":"publish","type":"product","link":"https:\/\/barneleker.no\/index.php\/product\/skrallan-sykkelsete\/","title":{"rendered":"Skr\u00e5llan, Sykkelsete"},"content":{"rendered":"<p>Selvf\u00f8lgelig vil Skr\u00e5llan f\u00f8lge med p\u00e5 sykkelturen, og med dette hyggelige sykkel setet kan hun gj\u00f8re det! Setet kan monteres b\u00e5de foran og bak p\u00e5 barnas sykler med justerbare spenner i form av gullkranser. For \u00e5 sikre at Skr\u00e5llan er beskyttet, kan du matche Skr\u00e5llans sykkelhjelm (ikke inkludert). Passer til dukker i st\u00f8rrelser 35-45 cm. M\u00e5l: 24 x 24 x 31 cm fra 3 \u00e5r<\/p>\n","protected":false},"excerpt":{"rendered":"<p>Selvf\u00f8lgelig vil Skr\u00e5llan f\u00f8lge med p\u00e5 sykkelturen, og med dette hyggelige sykkel setet kan hun gj\u00f8re det! Setet kan monteres b\u00e5de foran og bak p\u00e5&hellip;<\/p>\n","protected":false},"featured_media":14728,"comment_status":"open","ping_status":"closed","template":"","meta":[],"product_brand":[],"product_cat":[403],"product_tag":[],"class_list":{"0":"post-14729","1":"product","2":"type-product","3":"status-publish","4":"has-post-thumbnail","6":"product_cat-docktillbehor","8":"first","9":"instock","10":"shipping-taxable","11":"product-type-external","12":"customify-col"},"yoast_head":"<!-- This site is optimized with the Yoast SEO plugin v26.0 - https:\/\/yoast.com\/wordpress\/plugins\/seo\/ -->\n<title>Skr\u00e5llan, Sykkelsete - Barneleker.no<\/title>\n<meta name=\"robots\" content=\"index, follow, max-snippet:-1, max-image-preview:large, max-video-preview:-1\" \/>\n<link rel=\"canonical\" href=\"https:\/\/barneleker.no\/index.php\/product\/skrallan-sykkelsete\/\" \/>\n<meta property=\"og:locale\" content=\"nb_NO\" \/>\n<meta property=\"og:type\" content=\"article\" \/>\n<meta property=\"og:title\" content=\"Skr\u00e5llan, Sykkelsete - Barneleker.no\" \/>\n<meta property=\"og:description\" content=\"Selvf\u00f8lgelig vil Skr\u00e5llan f\u00f8lge med p\u00e5 sykkelturen, og med dette hyggelige sykkel setet kan hun gj\u00f8re det! Setet kan monteres b\u00e5de foran og bak p\u00e5&hellip;\" \/>\n<meta property=\"og:url\" content=\"https:\/\/barneleker.no\/index.php\/product\/skrallan-sykkelsete\/\" \/>\n<meta property=\"og:site_name\" content=\"Barneleker.no\" \/>\n<meta property=\"article:modified_time\" content=\"2023-05-23T11:10:57+00:00\" \/>\n<meta name=\"twitter:card\" content=\"summary_large_image\" \/>\n<script type=\"application\/ld+json\" class=\"yoast-schema-graph\">{\"@context\":\"https:\/\/schema.org\",\"@graph\":[{\"@type\":\"WebPage\",\"@id\":\"https:\/\/barneleker.no\/index.php\/product\/skrallan-sykkelsete\/\",\"url\":\"https:\/\/barneleker.no\/index.php\/product\/skrallan-sykkelsete\/\",\"name\":\"Skr\u00e5llan, Sykkelsete - Barneleker.no\",\"isPartOf\":{\"@id\":\"https:\/\/barneleker.no\/#website\"},\"primaryImageOfPage\":{\"@id\":\"https:\/\/barneleker.no\/index.php\/product\/skrallan-sykkelsete\/#primaryimage\"},\"image\":{\"@id\":\"https:\/\/barneleker.no\/index.php\/product\/skrallan-sykkelsete\/#primaryimage\"},\"thumbnailUrl\":\"https:\/\/barneleker.no\/wp-content\/uploads\/2022\/02\/skrallan-sykkelsete.jpg\",\"datePublished\":\"2022-02-08T20:04:26+00:00\",\"dateModified\":\"2023-05-23T11:10:57+00:00\",\"breadcrumb\":{\"@id\":\"https:\/\/barneleker.no\/index.php\/product\/skrallan-sykkelsete\/#breadcrumb\"},\"inLanguage\":\"nb-NO\",\"potentialAction\":[{\"@type\":\"ReadAction\",\"target\":[\"https:\/\/barneleker.no\/index.php\/product\/skrallan-sykkelsete\/\"]}]},{\"@type\":\"ImageObject\",\"inLanguage\":\"nb-NO\",\"@id\":\"https:\/\/barneleker.no\/index.php\/product\/skrallan-sykkelsete\/#primaryimage\",\"url\":\"https:\/\/barneleker.no\/wp-content\/uploads\/2022\/02\/skrallan-sykkelsete.jpg\",\"contentUrl\":\"https:\/\/barneleker.no\/wp-content\/uploads\/2022\/02\/skrallan-sykkelsete.jpg\",\"width\":555,\"height\":555},{\"@type\":\"BreadcrumbList\",\"@id\":\"https:\/\/barneleker.no\/index.php\/product\/skrallan-sykkelsete\/#breadcrumb\",\"itemListElement\":[{\"@type\":\"ListItem\",\"position\":1,\"name\":\"Butikken\",\"item\":\"https:\/\/barneleker.no\/\"},{\"@type\":\"ListItem\",\"position\":2,\"name\":\"Skr\u00e5llan, Sykkelsete\"}]},{\"@type\":\"WebSite\",\"@id\":\"https:\/\/barneleker.no\/#website\",\"url\":\"https:\/\/barneleker.no\/\",\"name\":\"Barneleker.no\",\"description\":\"Selvf\u00f8lgelig!\",\"publisher\":{\"@id\":\"https:\/\/barneleker.no\/#organization\"},\"potentialAction\":[{\"@type\":\"SearchAction\",\"target\":{\"@type\":\"EntryPoint\",\"urlTemplate\":\"https:\/\/barneleker.no\/?s={search_term_string}\"},\"query-input\":{\"@type\":\"PropertyValueSpecification\",\"valueRequired\":true,\"valueName\":\"search_term_string\"}}],\"inLanguage\":\"nb-NO\"},{\"@type\":\"Organization\",\"@id\":\"https:\/\/barneleker.no\/#organization\",\"name\":\"Barneleker.no\",\"url\":\"https:\/\/barneleker.no\/\",\"logo\":{\"@type\":\"ImageObject\",\"inLanguage\":\"nb-NO\",\"@id\":\"https:\/\/barneleker.no\/#\/schema\/logo\/image\/\",\"url\":\"https:\/\/barneleker.no\/wp-content\/uploads\/2021\/11\/barneleker_logo-780x150-1.jpg\",\"contentUrl\":\"https:\/\/barneleker.no\/wp-content\/uploads\/2021\/11\/barneleker_logo-780x150-1.jpg\",\"width\":780,\"height\":150,\"caption\":\"Barneleker.no\"},\"image\":{\"@id\":\"https:\/\/barneleker.no\/#\/schema\/logo\/image\/\"}}]}<\/script>\n<!-- \/ Yoast SEO plugin. -->","yoast_head_json":{"title":"Skr\u00e5llan, Sykkelsete - Barneleker.no","robots":{"index":"index","follow":"follow","max-snippet":"max-snippet:-1","max-image-preview":"max-image-preview:large","max-video-preview":"max-video-preview:-1"},"canonical":"https:\/\/barneleker.no\/index.php\/product\/skrallan-sykkelsete\/","og_locale":"nb_NO","og_type":"article","og_title":"Skr\u00e5llan, Sykkelsete - Barneleker.no","og_description":"Selvf\u00f8lgelig vil Skr\u00e5llan f\u00f8lge med p\u00e5 sykkelturen, og med dette hyggelige sykkel setet kan hun gj\u00f8re det! Setet kan monteres b\u00e5de foran og bak p\u00e5&hellip;","og_url":"https:\/\/barneleker.no\/index.php\/product\/skrallan-sykkelsete\/","og_site_name":"Barneleker.no","article_modified_time":"2023-05-23T11:10:57+00:00","twitter_card":"summary_large_image","schema":{"@context":"https:\/\/schema.org","@graph":[{"@type":"WebPage","@id":"https:\/\/barneleker.no\/index.php\/product\/skrallan-sykkelsete\/","url":"https:\/\/barneleker.no\/index.php\/product\/skrallan-sykkelsete\/","name":"Skr\u00e5llan, Sykkelsete - Barneleker.no","isPartOf":{"@id":"https:\/\/barneleker.no\/#website"},"primaryImageOfPage":{"@id":"https:\/\/barneleker.no\/index.php\/product\/skrallan-sykkelsete\/#primaryimage"},"image":{"@id":"https:\/\/barneleker.no\/index.php\/product\/skrallan-sykkelsete\/#primaryimage"},"thumbnailUrl":"https:\/\/barneleker.no\/wp-content\/uploads\/2022\/02\/skrallan-sykkelsete.jpg","datePublished":"2022-02-08T20:04:26+00:00","dateModified":"2023-05-23T11:10:57+00:00","breadcrumb":{"@id":"https:\/\/barneleker.no\/index.php\/product\/skrallan-sykkelsete\/#breadcrumb"},"inLanguage":"nb-NO","potentialAction":[{"@type":"ReadAction","target":["https:\/\/barneleker.no\/index.php\/product\/skrallan-sykkelsete\/"]}]},{"@type":"ImageObject","inLanguage":"nb-NO","@id":"https:\/\/barneleker.no\/index.php\/product\/skrallan-sykkelsete\/#primaryimage","url":"https:\/\/barneleker.no\/wp-content\/uploads\/2022\/02\/skrallan-sykkelsete.jpg","contentUrl":"https:\/\/barneleker.no\/wp-content\/uploads\/2022\/02\/skrallan-sykkelsete.jpg","width":555,"height":555},{"@type":"BreadcrumbList","@id":"https:\/\/barneleker.no\/index.php\/product\/skrallan-sykkelsete\/#breadcrumb","itemListElement":[{"@type":"ListItem","position":1,"name":"Butikken","item":"https:\/\/barneleker.no\/"},{"@type":"ListItem","position":2,"name":"Skr\u00e5llan, Sykkelsete"}]},{"@type":"WebSite","@id":"https:\/\/barneleker.no\/#website","url":"https:\/\/barneleker.no\/","name":"Barneleker.no","description":"Selvf\u00f8lgelig!","publisher":{"@id":"https:\/\/barneleker.no\/#organization"},"potentialAction":[{"@type":"SearchAction","target":{"@type":"EntryPoint","urlTemplate":"https:\/\/barneleker.no\/?s={search_term_string}"},"query-input":{"@type":"PropertyValueSpecification","valueRequired":true,"valueName":"search_term_string"}}],"inLanguage":"nb-NO"},{"@type":"Organization","@id":"https:\/\/barneleker.no\/#organization","name":"Barneleker.no","url":"https:\/\/barneleker.no\/","logo":{"@type":"ImageObject","inLanguage":"nb-NO","@id":"https:\/\/barneleker.no\/#\/schema\/logo\/image\/","url":"https:\/\/barneleker.no\/wp-content\/uploads\/2021\/11\/barneleker_logo-780x150-1.jpg","contentUrl":"https:\/\/barneleker.no\/wp-content\/uploads\/2021\/11\/barneleker_logo-780x150-1.jpg","width":780,"height":150,"caption":"Barneleker.no"},"image":{"@id":"https:\/\/barneleker.no\/#\/schema\/logo\/image\/"}}]}},"_links":{"self":[{"href":"https:\/\/barneleker.no\/index.php\/wp-json\/wp\/v2\/product\/14729","targetHints":{"allow":["GET"]}}],"collection":[{"href":"https:\/\/barneleker.no\/index.php\/wp-json\/wp\/v2\/product"}],"about":[{"href":"https:\/\/barneleker.no\/index.php\/wp-json\/wp\/v2\/types\/product"}],"replies":[{"embeddable":true,"href":"https:\/\/barneleker.no\/index.php\/wp-json\/wp\/v2\/comments?post=14729"}],"wp:featuredmedia":[{"embeddable":true,"href":"https:\/\/barneleker.no\/index.php\/wp-json\/wp\/v2\/media\/14728"}],"wp:attachment":[{"href":"https:\/\/barneleker.no\/index.php\/wp-json\/wp\/v2\/media?parent=14729"}],"wp:term":[{"taxonomy":"product_brand","embeddable":true,"href":"https:\/\/barneleker.no\/index.php\/wp-json\/wp\/v2\/product_brand?post=14729"},{"taxonomy":"product_cat","embeddable":true,"href":"https:\/\/barneleker.no\/index.php\/wp-json\/wp\/v2\/product_cat?post=14729"},{"taxonomy":"product_tag","embeddable":true,"href":"https:\/\/barneleker.no\/index.php\/wp-json\/wp\/v2\/product_tag?post=14729"}],"curies":[{"name":"wp","href":"https:\/\/api.w.org\/{rel}","templated":true}]}}