{"id":14739,"date":"2022-02-08T20:04:29","date_gmt":"2022-02-08T20:04:29","guid":{"rendered":"https:\/\/barneleker.no\/index.php\/product\/fantasy-angels-fantasy-angel-fashionista-light-box-tegne-klaer\/"},"modified":"2022-02-08T20:04:29","modified_gmt":"2022-02-08T20:04:29","slug":"fantasy-angels-fantasy-angel-fashionista-light-box-tegne-klaer","status":"publish","type":"product","link":"https:\/\/barneleker.no\/index.php\/product\/fantasy-angels-fantasy-angel-fashionista-light-box-tegne-klaer\/","title":{"rendered":"Fantasy Angels Fantasy Angel, Fashionista Light Box tegne kl\u00e6r"},"content":{"rendered":"<p>Bland og match din egen motekolleksjon p\u00e5 tavlen med de forskjellige malene. Legg et ark over designet, tegne linjer og farger p\u00e5 kl\u00e6rne med de medf\u00f8lgende blyantene. Settet inneholder en LED -lysboks med forskjellige maler, 10 ark og 5 fargestifter.<\/p>\n","protected":false},"excerpt":{"rendered":"<p>Bland og match din egen motekolleksjon p\u00e5 tavlen med de forskjellige malene. Legg et ark over designet, tegne linjer og farger p\u00e5 kl\u00e6rne med de&hellip;<\/p>\n","protected":false},"featured_media":14738,"comment_status":"open","ping_status":"closed","template":"","meta":[],"product_brand":[],"product_cat":[350],"product_tag":[],"class_list":{"0":"post-14739","1":"product","2":"type-product","3":"status-publish","4":"has-post-thumbnail","6":"product_cat-karnevalstilbehor","8":"first","9":"instock","10":"shipping-taxable","11":"product-type-external","12":"customify-col"},"yoast_head":"<!-- This site is optimized with the Yoast SEO plugin v26.0 - https:\/\/yoast.com\/wordpress\/plugins\/seo\/ -->\n<title>Fantasy Angels Fantasy Angel, Fashionista Light Box tegne kl\u00e6r - Barneleker.no<\/title>\n<meta name=\"robots\" content=\"index, follow, max-snippet:-1, max-image-preview:large, max-video-preview:-1\" \/>\n<link rel=\"canonical\" href=\"https:\/\/barneleker.no\/index.php\/product\/fantasy-angels-fantasy-angel-fashionista-light-box-tegne-klaer\/\" \/>\n<meta property=\"og:locale\" content=\"nb_NO\" \/>\n<meta property=\"og:type\" content=\"article\" \/>\n<meta property=\"og:title\" content=\"Fantasy Angels Fantasy Angel, Fashionista Light Box tegne kl\u00e6r - Barneleker.no\" \/>\n<meta property=\"og:description\" content=\"Bland og match din egen motekolleksjon p\u00e5 tavlen med de forskjellige malene. Legg et ark over designet, tegne linjer og farger p\u00e5 kl\u00e6rne med de&hellip;\" \/>\n<meta property=\"og:url\" content=\"https:\/\/barneleker.no\/index.php\/product\/fantasy-angels-fantasy-angel-fashionista-light-box-tegne-klaer\/\" \/>\n<meta property=\"og:site_name\" content=\"Barneleker.no\" \/>\n<meta name=\"twitter:card\" content=\"summary_large_image\" \/>\n<script type=\"application\/ld+json\" class=\"yoast-schema-graph\">{\"@context\":\"https:\/\/schema.org\",\"@graph\":[{\"@type\":\"WebPage\",\"@id\":\"https:\/\/barneleker.no\/index.php\/product\/fantasy-angels-fantasy-angel-fashionista-light-box-tegne-klaer\/\",\"url\":\"https:\/\/barneleker.no\/index.php\/product\/fantasy-angels-fantasy-angel-fashionista-light-box-tegne-klaer\/\",\"name\":\"Fantasy Angels Fantasy Angel, Fashionista Light Box tegne kl\u00e6r - Barneleker.no\",\"isPartOf\":{\"@id\":\"https:\/\/barneleker.no\/#website\"},\"primaryImageOfPage\":{\"@id\":\"https:\/\/barneleker.no\/index.php\/product\/fantasy-angels-fantasy-angel-fashionista-light-box-tegne-klaer\/#primaryimage\"},\"image\":{\"@id\":\"https:\/\/barneleker.no\/index.php\/product\/fantasy-angels-fantasy-angel-fashionista-light-box-tegne-klaer\/#primaryimage\"},\"thumbnailUrl\":\"https:\/\/barneleker.no\/wp-content\/uploads\/2022\/02\/fantasy-angel-fashionista-light-box-tegne-klaer.jpg\",\"datePublished\":\"2022-02-08T20:04:29+00:00\",\"breadcrumb\":{\"@id\":\"https:\/\/barneleker.no\/index.php\/product\/fantasy-angels-fantasy-angel-fashionista-light-box-tegne-klaer\/#breadcrumb\"},\"inLanguage\":\"nb-NO\",\"potentialAction\":[{\"@type\":\"ReadAction\",\"target\":[\"https:\/\/barneleker.no\/index.php\/product\/fantasy-angels-fantasy-angel-fashionista-light-box-tegne-klaer\/\"]}]},{\"@type\":\"ImageObject\",\"inLanguage\":\"nb-NO\",\"@id\":\"https:\/\/barneleker.no\/index.php\/product\/fantasy-angels-fantasy-angel-fashionista-light-box-tegne-klaer\/#primaryimage\",\"url\":\"https:\/\/barneleker.no\/wp-content\/uploads\/2022\/02\/fantasy-angel-fashionista-light-box-tegne-klaer.jpg\",\"contentUrl\":\"https:\/\/barneleker.no\/wp-content\/uploads\/2022\/02\/fantasy-angel-fashionista-light-box-tegne-klaer.jpg\",\"width\":555,\"height\":555},{\"@type\":\"BreadcrumbList\",\"@id\":\"https:\/\/barneleker.no\/index.php\/product\/fantasy-angels-fantasy-angel-fashionista-light-box-tegne-klaer\/#breadcrumb\",\"itemListElement\":[{\"@type\":\"ListItem\",\"position\":1,\"name\":\"Butikken\",\"item\":\"https:\/\/barneleker.no\/\"},{\"@type\":\"ListItem\",\"position\":2,\"name\":\"Fantasy Angels Fantasy Angel, Fashionista Light Box tegne kl\u00e6r\"}]},{\"@type\":\"WebSite\",\"@id\":\"https:\/\/barneleker.no\/#website\",\"url\":\"https:\/\/barneleker.no\/\",\"name\":\"Barneleker.no\",\"description\":\"Selvf\u00f8lgelig!\",\"publisher\":{\"@id\":\"https:\/\/barneleker.no\/#organization\"},\"potentialAction\":[{\"@type\":\"SearchAction\",\"target\":{\"@type\":\"EntryPoint\",\"urlTemplate\":\"https:\/\/barneleker.no\/?s={search_term_string}\"},\"query-input\":{\"@type\":\"PropertyValueSpecification\",\"valueRequired\":true,\"valueName\":\"search_term_string\"}}],\"inLanguage\":\"nb-NO\"},{\"@type\":\"Organization\",\"@id\":\"https:\/\/barneleker.no\/#organization\",\"name\":\"Barneleker.no\",\"url\":\"https:\/\/barneleker.no\/\",\"logo\":{\"@type\":\"ImageObject\",\"inLanguage\":\"nb-NO\",\"@id\":\"https:\/\/barneleker.no\/#\/schema\/logo\/image\/\",\"url\":\"https:\/\/barneleker.no\/wp-content\/uploads\/2021\/11\/barneleker_logo-780x150-1.jpg\",\"contentUrl\":\"https:\/\/barneleker.no\/wp-content\/uploads\/2021\/11\/barneleker_logo-780x150-1.jpg\",\"width\":780,\"height\":150,\"caption\":\"Barneleker.no\"},\"image\":{\"@id\":\"https:\/\/barneleker.no\/#\/schema\/logo\/image\/\"}}]}<\/script>\n<!-- \/ Yoast SEO plugin. -->","yoast_head_json":{"title":"Fantasy Angels Fantasy Angel, Fashionista Light Box tegne kl\u00e6r - Barneleker.no","robots":{"index":"index","follow":"follow","max-snippet":"max-snippet:-1","max-image-preview":"max-image-preview:large","max-video-preview":"max-video-preview:-1"},"canonical":"https:\/\/barneleker.no\/index.php\/product\/fantasy-angels-fantasy-angel-fashionista-light-box-tegne-klaer\/","og_locale":"nb_NO","og_type":"article","og_title":"Fantasy Angels Fantasy Angel, Fashionista Light Box tegne kl\u00e6r - Barneleker.no","og_description":"Bland og match din egen motekolleksjon p\u00e5 tavlen med de forskjellige malene. Legg et ark over designet, tegne linjer og farger p\u00e5 kl\u00e6rne med de&hellip;","og_url":"https:\/\/barneleker.no\/index.php\/product\/fantasy-angels-fantasy-angel-fashionista-light-box-tegne-klaer\/","og_site_name":"Barneleker.no","twitter_card":"summary_large_image","schema":{"@context":"https:\/\/schema.org","@graph":[{"@type":"WebPage","@id":"https:\/\/barneleker.no\/index.php\/product\/fantasy-angels-fantasy-angel-fashionista-light-box-tegne-klaer\/","url":"https:\/\/barneleker.no\/index.php\/product\/fantasy-angels-fantasy-angel-fashionista-light-box-tegne-klaer\/","name":"Fantasy Angels Fantasy Angel, Fashionista Light Box tegne kl\u00e6r - Barneleker.no","isPartOf":{"@id":"https:\/\/barneleker.no\/#website"},"primaryImageOfPage":{"@id":"https:\/\/barneleker.no\/index.php\/product\/fantasy-angels-fantasy-angel-fashionista-light-box-tegne-klaer\/#primaryimage"},"image":{"@id":"https:\/\/barneleker.no\/index.php\/product\/fantasy-angels-fantasy-angel-fashionista-light-box-tegne-klaer\/#primaryimage"},"thumbnailUrl":"https:\/\/barneleker.no\/wp-content\/uploads\/2022\/02\/fantasy-angel-fashionista-light-box-tegne-klaer.jpg","datePublished":"2022-02-08T20:04:29+00:00","breadcrumb":{"@id":"https:\/\/barneleker.no\/index.php\/product\/fantasy-angels-fantasy-angel-fashionista-light-box-tegne-klaer\/#breadcrumb"},"inLanguage":"nb-NO","potentialAction":[{"@type":"ReadAction","target":["https:\/\/barneleker.no\/index.php\/product\/fantasy-angels-fantasy-angel-fashionista-light-box-tegne-klaer\/"]}]},{"@type":"ImageObject","inLanguage":"nb-NO","@id":"https:\/\/barneleker.no\/index.php\/product\/fantasy-angels-fantasy-angel-fashionista-light-box-tegne-klaer\/#primaryimage","url":"https:\/\/barneleker.no\/wp-content\/uploads\/2022\/02\/fantasy-angel-fashionista-light-box-tegne-klaer.jpg","contentUrl":"https:\/\/barneleker.no\/wp-content\/uploads\/2022\/02\/fantasy-angel-fashionista-light-box-tegne-klaer.jpg","width":555,"height":555},{"@type":"BreadcrumbList","@id":"https:\/\/barneleker.no\/index.php\/product\/fantasy-angels-fantasy-angel-fashionista-light-box-tegne-klaer\/#breadcrumb","itemListElement":[{"@type":"ListItem","position":1,"name":"Butikken","item":"https:\/\/barneleker.no\/"},{"@type":"ListItem","position":2,"name":"Fantasy Angels Fantasy Angel, Fashionista Light Box tegne kl\u00e6r"}]},{"@type":"WebSite","@id":"https:\/\/barneleker.no\/#website","url":"https:\/\/barneleker.no\/","name":"Barneleker.no","description":"Selvf\u00f8lgelig!","publisher":{"@id":"https:\/\/barneleker.no\/#organization"},"potentialAction":[{"@type":"SearchAction","target":{"@type":"EntryPoint","urlTemplate":"https:\/\/barneleker.no\/?s={search_term_string}"},"query-input":{"@type":"PropertyValueSpecification","valueRequired":true,"valueName":"search_term_string"}}],"inLanguage":"nb-NO"},{"@type":"Organization","@id":"https:\/\/barneleker.no\/#organization","name":"Barneleker.no","url":"https:\/\/barneleker.no\/","logo":{"@type":"ImageObject","inLanguage":"nb-NO","@id":"https:\/\/barneleker.no\/#\/schema\/logo\/image\/","url":"https:\/\/barneleker.no\/wp-content\/uploads\/2021\/11\/barneleker_logo-780x150-1.jpg","contentUrl":"https:\/\/barneleker.no\/wp-content\/uploads\/2021\/11\/barneleker_logo-780x150-1.jpg","width":780,"height":150,"caption":"Barneleker.no"},"image":{"@id":"https:\/\/barneleker.no\/#\/schema\/logo\/image\/"}}]}},"_links":{"self":[{"href":"https:\/\/barneleker.no\/index.php\/wp-json\/wp\/v2\/product\/14739","targetHints":{"allow":["GET"]}}],"collection":[{"href":"https:\/\/barneleker.no\/index.php\/wp-json\/wp\/v2\/product"}],"about":[{"href":"https:\/\/barneleker.no\/index.php\/wp-json\/wp\/v2\/types\/product"}],"replies":[{"embeddable":true,"href":"https:\/\/barneleker.no\/index.php\/wp-json\/wp\/v2\/comments?post=14739"}],"wp:featuredmedia":[{"embeddable":true,"href":"https:\/\/barneleker.no\/index.php\/wp-json\/wp\/v2\/media\/14738"}],"wp:attachment":[{"href":"https:\/\/barneleker.no\/index.php\/wp-json\/wp\/v2\/media?parent=14739"}],"wp:term":[{"taxonomy":"product_brand","embeddable":true,"href":"https:\/\/barneleker.no\/index.php\/wp-json\/wp\/v2\/product_brand?post=14739"},{"taxonomy":"product_cat","embeddable":true,"href":"https:\/\/barneleker.no\/index.php\/wp-json\/wp\/v2\/product_cat?post=14739"},{"taxonomy":"product_tag","embeddable":true,"href":"https:\/\/barneleker.no\/index.php\/wp-json\/wp\/v2\/product_tag?post=14739"}],"curies":[{"name":"wp","href":"https:\/\/api.w.org\/{rel}","templated":true}]}}