{"id":14741,"date":"2022-02-08T20:04:30","date_gmt":"2022-02-08T20:04:30","guid":{"rendered":"https:\/\/barneleker.no\/index.php\/product\/micki-leksaker-micki-vevstol-pastell\/"},"modified":"2022-02-08T20:04:30","modified_gmt":"2022-02-08T20:04:30","slug":"micki-leksaker-micki-vevstol-pastell","status":"publish","type":"product","link":"https:\/\/barneleker.no\/index.php\/product\/micki-leksaker-micki-vevstol-pastell\/","title":{"rendered":"Micki Leksaker Micki, Vevstol Pastell"},"content":{"rendered":"<p>Liker du \u00e5 pusle og lage dine egne sm\u00e5 saker? Vevstolen er en klassisk og popul\u00e6r tre-leke fra Micki som passer til sm\u00e5 hender. Med vevstolen kan du lage fine tepper til dukkene, sm\u00e5 duker for mamma og pappa eller hvorfor ikke et lite bilde? To garn i forskjellige farger er inkludert. Hver garnn\u00f8ste er 5 meter langt.<\/p>\n","protected":false},"excerpt":{"rendered":"<p>Liker du \u00e5 pusle og lage dine egne sm\u00e5 saker? Vevstolen er en klassisk og popul\u00e6r tre-leke fra Micki som passer til sm\u00e5 hender. Med&hellip;<\/p>\n","protected":false},"featured_media":14740,"comment_status":"open","ping_status":"closed","template":"","meta":[],"product_brand":[],"product_cat":[586],"product_tag":[],"class_list":{"0":"post-14741","1":"product","2":"type-product","3":"status-publish","4":"has-post-thumbnail","6":"product_cat-pyssel-pyssla-skapa","8":"first","9":"instock","10":"shipping-taxable","11":"product-type-external","12":"customify-col"},"yoast_head":"<!-- This site is optimized with the Yoast SEO plugin v26.0 - https:\/\/yoast.com\/wordpress\/plugins\/seo\/ -->\n<title>Micki Leksaker Micki, Vevstol Pastell - Barneleker.no<\/title>\n<meta name=\"robots\" content=\"index, follow, max-snippet:-1, max-image-preview:large, max-video-preview:-1\" \/>\n<link rel=\"canonical\" href=\"https:\/\/barneleker.no\/index.php\/product\/micki-leksaker-micki-vevstol-pastell\/\" \/>\n<meta property=\"og:locale\" content=\"nb_NO\" \/>\n<meta property=\"og:type\" content=\"article\" \/>\n<meta property=\"og:title\" content=\"Micki Leksaker Micki, Vevstol Pastell - Barneleker.no\" \/>\n<meta property=\"og:description\" content=\"Liker du \u00e5 pusle og lage dine egne sm\u00e5 saker? Vevstolen er en klassisk og popul\u00e6r tre-leke fra Micki som passer til sm\u00e5 hender. Med&hellip;\" \/>\n<meta property=\"og:url\" content=\"https:\/\/barneleker.no\/index.php\/product\/micki-leksaker-micki-vevstol-pastell\/\" \/>\n<meta property=\"og:site_name\" content=\"Barneleker.no\" \/>\n<meta name=\"twitter:card\" content=\"summary_large_image\" \/>\n<script type=\"application\/ld+json\" class=\"yoast-schema-graph\">{\"@context\":\"https:\/\/schema.org\",\"@graph\":[{\"@type\":\"WebPage\",\"@id\":\"https:\/\/barneleker.no\/index.php\/product\/micki-leksaker-micki-vevstol-pastell\/\",\"url\":\"https:\/\/barneleker.no\/index.php\/product\/micki-leksaker-micki-vevstol-pastell\/\",\"name\":\"Micki Leksaker Micki, Vevstol Pastell - Barneleker.no\",\"isPartOf\":{\"@id\":\"https:\/\/barneleker.no\/#website\"},\"primaryImageOfPage\":{\"@id\":\"https:\/\/barneleker.no\/index.php\/product\/micki-leksaker-micki-vevstol-pastell\/#primaryimage\"},\"image\":{\"@id\":\"https:\/\/barneleker.no\/index.php\/product\/micki-leksaker-micki-vevstol-pastell\/#primaryimage\"},\"thumbnailUrl\":\"https:\/\/barneleker.no\/wp-content\/uploads\/2022\/02\/micki-vevstol-pastell.jpg\",\"datePublished\":\"2022-02-08T20:04:30+00:00\",\"breadcrumb\":{\"@id\":\"https:\/\/barneleker.no\/index.php\/product\/micki-leksaker-micki-vevstol-pastell\/#breadcrumb\"},\"inLanguage\":\"nb-NO\",\"potentialAction\":[{\"@type\":\"ReadAction\",\"target\":[\"https:\/\/barneleker.no\/index.php\/product\/micki-leksaker-micki-vevstol-pastell\/\"]}]},{\"@type\":\"ImageObject\",\"inLanguage\":\"nb-NO\",\"@id\":\"https:\/\/barneleker.no\/index.php\/product\/micki-leksaker-micki-vevstol-pastell\/#primaryimage\",\"url\":\"https:\/\/barneleker.no\/wp-content\/uploads\/2022\/02\/micki-vevstol-pastell.jpg\",\"contentUrl\":\"https:\/\/barneleker.no\/wp-content\/uploads\/2022\/02\/micki-vevstol-pastell.jpg\",\"width\":555,\"height\":555},{\"@type\":\"BreadcrumbList\",\"@id\":\"https:\/\/barneleker.no\/index.php\/product\/micki-leksaker-micki-vevstol-pastell\/#breadcrumb\",\"itemListElement\":[{\"@type\":\"ListItem\",\"position\":1,\"name\":\"Butikken\",\"item\":\"https:\/\/barneleker.no\/\"},{\"@type\":\"ListItem\",\"position\":2,\"name\":\"Micki Leksaker Micki, Vevstol Pastell\"}]},{\"@type\":\"WebSite\",\"@id\":\"https:\/\/barneleker.no\/#website\",\"url\":\"https:\/\/barneleker.no\/\",\"name\":\"Barneleker.no\",\"description\":\"Selvf\u00f8lgelig!\",\"publisher\":{\"@id\":\"https:\/\/barneleker.no\/#organization\"},\"potentialAction\":[{\"@type\":\"SearchAction\",\"target\":{\"@type\":\"EntryPoint\",\"urlTemplate\":\"https:\/\/barneleker.no\/?s={search_term_string}\"},\"query-input\":{\"@type\":\"PropertyValueSpecification\",\"valueRequired\":true,\"valueName\":\"search_term_string\"}}],\"inLanguage\":\"nb-NO\"},{\"@type\":\"Organization\",\"@id\":\"https:\/\/barneleker.no\/#organization\",\"name\":\"Barneleker.no\",\"url\":\"https:\/\/barneleker.no\/\",\"logo\":{\"@type\":\"ImageObject\",\"inLanguage\":\"nb-NO\",\"@id\":\"https:\/\/barneleker.no\/#\/schema\/logo\/image\/\",\"url\":\"https:\/\/barneleker.no\/wp-content\/uploads\/2021\/11\/barneleker_logo-780x150-1.jpg\",\"contentUrl\":\"https:\/\/barneleker.no\/wp-content\/uploads\/2021\/11\/barneleker_logo-780x150-1.jpg\",\"width\":780,\"height\":150,\"caption\":\"Barneleker.no\"},\"image\":{\"@id\":\"https:\/\/barneleker.no\/#\/schema\/logo\/image\/\"}}]}<\/script>\n<!-- \/ Yoast SEO plugin. -->","yoast_head_json":{"title":"Micki Leksaker Micki, Vevstol Pastell - Barneleker.no","robots":{"index":"index","follow":"follow","max-snippet":"max-snippet:-1","max-image-preview":"max-image-preview:large","max-video-preview":"max-video-preview:-1"},"canonical":"https:\/\/barneleker.no\/index.php\/product\/micki-leksaker-micki-vevstol-pastell\/","og_locale":"nb_NO","og_type":"article","og_title":"Micki Leksaker Micki, Vevstol Pastell - Barneleker.no","og_description":"Liker du \u00e5 pusle og lage dine egne sm\u00e5 saker? Vevstolen er en klassisk og popul\u00e6r tre-leke fra Micki som passer til sm\u00e5 hender. Med&hellip;","og_url":"https:\/\/barneleker.no\/index.php\/product\/micki-leksaker-micki-vevstol-pastell\/","og_site_name":"Barneleker.no","twitter_card":"summary_large_image","schema":{"@context":"https:\/\/schema.org","@graph":[{"@type":"WebPage","@id":"https:\/\/barneleker.no\/index.php\/product\/micki-leksaker-micki-vevstol-pastell\/","url":"https:\/\/barneleker.no\/index.php\/product\/micki-leksaker-micki-vevstol-pastell\/","name":"Micki Leksaker Micki, Vevstol Pastell - Barneleker.no","isPartOf":{"@id":"https:\/\/barneleker.no\/#website"},"primaryImageOfPage":{"@id":"https:\/\/barneleker.no\/index.php\/product\/micki-leksaker-micki-vevstol-pastell\/#primaryimage"},"image":{"@id":"https:\/\/barneleker.no\/index.php\/product\/micki-leksaker-micki-vevstol-pastell\/#primaryimage"},"thumbnailUrl":"https:\/\/barneleker.no\/wp-content\/uploads\/2022\/02\/micki-vevstol-pastell.jpg","datePublished":"2022-02-08T20:04:30+00:00","breadcrumb":{"@id":"https:\/\/barneleker.no\/index.php\/product\/micki-leksaker-micki-vevstol-pastell\/#breadcrumb"},"inLanguage":"nb-NO","potentialAction":[{"@type":"ReadAction","target":["https:\/\/barneleker.no\/index.php\/product\/micki-leksaker-micki-vevstol-pastell\/"]}]},{"@type":"ImageObject","inLanguage":"nb-NO","@id":"https:\/\/barneleker.no\/index.php\/product\/micki-leksaker-micki-vevstol-pastell\/#primaryimage","url":"https:\/\/barneleker.no\/wp-content\/uploads\/2022\/02\/micki-vevstol-pastell.jpg","contentUrl":"https:\/\/barneleker.no\/wp-content\/uploads\/2022\/02\/micki-vevstol-pastell.jpg","width":555,"height":555},{"@type":"BreadcrumbList","@id":"https:\/\/barneleker.no\/index.php\/product\/micki-leksaker-micki-vevstol-pastell\/#breadcrumb","itemListElement":[{"@type":"ListItem","position":1,"name":"Butikken","item":"https:\/\/barneleker.no\/"},{"@type":"ListItem","position":2,"name":"Micki Leksaker Micki, Vevstol Pastell"}]},{"@type":"WebSite","@id":"https:\/\/barneleker.no\/#website","url":"https:\/\/barneleker.no\/","name":"Barneleker.no","description":"Selvf\u00f8lgelig!","publisher":{"@id":"https:\/\/barneleker.no\/#organization"},"potentialAction":[{"@type":"SearchAction","target":{"@type":"EntryPoint","urlTemplate":"https:\/\/barneleker.no\/?s={search_term_string}"},"query-input":{"@type":"PropertyValueSpecification","valueRequired":true,"valueName":"search_term_string"}}],"inLanguage":"nb-NO"},{"@type":"Organization","@id":"https:\/\/barneleker.no\/#organization","name":"Barneleker.no","url":"https:\/\/barneleker.no\/","logo":{"@type":"ImageObject","inLanguage":"nb-NO","@id":"https:\/\/barneleker.no\/#\/schema\/logo\/image\/","url":"https:\/\/barneleker.no\/wp-content\/uploads\/2021\/11\/barneleker_logo-780x150-1.jpg","contentUrl":"https:\/\/barneleker.no\/wp-content\/uploads\/2021\/11\/barneleker_logo-780x150-1.jpg","width":780,"height":150,"caption":"Barneleker.no"},"image":{"@id":"https:\/\/barneleker.no\/#\/schema\/logo\/image\/"}}]}},"_links":{"self":[{"href":"https:\/\/barneleker.no\/index.php\/wp-json\/wp\/v2\/product\/14741","targetHints":{"allow":["GET"]}}],"collection":[{"href":"https:\/\/barneleker.no\/index.php\/wp-json\/wp\/v2\/product"}],"about":[{"href":"https:\/\/barneleker.no\/index.php\/wp-json\/wp\/v2\/types\/product"}],"replies":[{"embeddable":true,"href":"https:\/\/barneleker.no\/index.php\/wp-json\/wp\/v2\/comments?post=14741"}],"wp:featuredmedia":[{"embeddable":true,"href":"https:\/\/barneleker.no\/index.php\/wp-json\/wp\/v2\/media\/14740"}],"wp:attachment":[{"href":"https:\/\/barneleker.no\/index.php\/wp-json\/wp\/v2\/media?parent=14741"}],"wp:term":[{"taxonomy":"product_brand","embeddable":true,"href":"https:\/\/barneleker.no\/index.php\/wp-json\/wp\/v2\/product_brand?post=14741"},{"taxonomy":"product_cat","embeddable":true,"href":"https:\/\/barneleker.no\/index.php\/wp-json\/wp\/v2\/product_cat?post=14741"},{"taxonomy":"product_tag","embeddable":true,"href":"https:\/\/barneleker.no\/index.php\/wp-json\/wp\/v2\/product_tag?post=14741"}],"curies":[{"name":"wp","href":"https:\/\/api.w.org\/{rel}","templated":true}]}}