{"id":14757,"date":"2022-02-08T20:04:36","date_gmt":"2022-02-08T20:04:36","guid":{"rendered":"https:\/\/barneleker.no\/index.php\/product\/lego-classic-11006-bla-kreativitetsklosser\/"},"modified":"2022-02-08T20:04:36","modified_gmt":"2022-02-08T20:04:36","slug":"lego-classic-11006-bla-kreativitetsklosser","status":"publish","type":"product","link":"https:\/\/barneleker.no\/index.php\/product\/lego-classic-11006-bla-kreativitetsklosser\/","title":{"rendered":"LEGO Classic 11006, Bl\u00e5 kreativitetsklosser"},"content":{"rendered":"<p>Inspirer barna til \u00e5 bygge, skape og fantasere med denne spennende blandingen av bl\u00e5 LEGO\u00ae klosser! Bygg! Barna kan bygge tre g\u00f8yale leker med klossene: en vannsprutende hval, et tog med fire hjul og en robot med bevegelige armer. Skap! Barna kan sette sammen klossene slik de vil, og forvandle lekene til personlige kreasjoner. Fantaser! Alt er mulig n\u00e5r ideer, spennende eventyr og fantasiverdener iscenesettes med dette allsidige LEGO startsettet.<\/p>\n","protected":false},"excerpt":{"rendered":"<p>Inspirer barna til \u00e5 bygge, skape og fantasere med denne spennende blandingen av bl\u00e5 LEGO\u00ae klosser! Bygg! Barna kan bygge tre g\u00f8yale leker med klossene:&hellip;<\/p>\n","protected":false},"featured_media":14756,"comment_status":"open","ping_status":"closed","template":"","meta":[],"product_brand":[],"product_cat":[512],"product_tag":[],"class_list":{"0":"post-14757","1":"product","2":"type-product","3":"status-publish","4":"has-post-thumbnail","6":"product_cat-sett","8":"first","9":"instock","10":"shipping-taxable","11":"product-type-external","12":"customify-col"},"yoast_head":"<!-- This site is optimized with the Yoast SEO plugin v26.0 - https:\/\/yoast.com\/wordpress\/plugins\/seo\/ -->\n<title>LEGO Classic 11006, Bl\u00e5 kreativitetsklosser - Barneleker.no<\/title>\n<meta name=\"robots\" content=\"index, follow, max-snippet:-1, max-image-preview:large, max-video-preview:-1\" \/>\n<link rel=\"canonical\" href=\"https:\/\/barneleker.no\/index.php\/product\/lego-classic-11006-bla-kreativitetsklosser\/\" \/>\n<meta property=\"og:locale\" content=\"nb_NO\" \/>\n<meta property=\"og:type\" content=\"article\" \/>\n<meta property=\"og:title\" content=\"LEGO Classic 11006, Bl\u00e5 kreativitetsklosser - Barneleker.no\" \/>\n<meta property=\"og:description\" content=\"Inspirer barna til \u00e5 bygge, skape og fantasere med denne spennende blandingen av bl\u00e5 LEGO\u00ae klosser! Bygg! Barna kan bygge tre g\u00f8yale leker med klossene:&hellip;\" \/>\n<meta property=\"og:url\" content=\"https:\/\/barneleker.no\/index.php\/product\/lego-classic-11006-bla-kreativitetsklosser\/\" \/>\n<meta property=\"og:site_name\" content=\"Barneleker.no\" \/>\n<meta name=\"twitter:card\" content=\"summary_large_image\" \/>\n<script type=\"application\/ld+json\" class=\"yoast-schema-graph\">{\"@context\":\"https:\/\/schema.org\",\"@graph\":[{\"@type\":\"WebPage\",\"@id\":\"https:\/\/barneleker.no\/index.php\/product\/lego-classic-11006-bla-kreativitetsklosser\/\",\"url\":\"https:\/\/barneleker.no\/index.php\/product\/lego-classic-11006-bla-kreativitetsklosser\/\",\"name\":\"LEGO Classic 11006, Bl\u00e5 kreativitetsklosser - Barneleker.no\",\"isPartOf\":{\"@id\":\"https:\/\/barneleker.no\/#website\"},\"primaryImageOfPage\":{\"@id\":\"https:\/\/barneleker.no\/index.php\/product\/lego-classic-11006-bla-kreativitetsklosser\/#primaryimage\"},\"image\":{\"@id\":\"https:\/\/barneleker.no\/index.php\/product\/lego-classic-11006-bla-kreativitetsklosser\/#primaryimage\"},\"thumbnailUrl\":\"https:\/\/barneleker.no\/wp-content\/uploads\/2022\/02\/lego-classic-11006-bla-kreativitetsklosser.jpg\",\"datePublished\":\"2022-02-08T20:04:36+00:00\",\"breadcrumb\":{\"@id\":\"https:\/\/barneleker.no\/index.php\/product\/lego-classic-11006-bla-kreativitetsklosser\/#breadcrumb\"},\"inLanguage\":\"nb-NO\",\"potentialAction\":[{\"@type\":\"ReadAction\",\"target\":[\"https:\/\/barneleker.no\/index.php\/product\/lego-classic-11006-bla-kreativitetsklosser\/\"]}]},{\"@type\":\"ImageObject\",\"inLanguage\":\"nb-NO\",\"@id\":\"https:\/\/barneleker.no\/index.php\/product\/lego-classic-11006-bla-kreativitetsklosser\/#primaryimage\",\"url\":\"https:\/\/barneleker.no\/wp-content\/uploads\/2022\/02\/lego-classic-11006-bla-kreativitetsklosser.jpg\",\"contentUrl\":\"https:\/\/barneleker.no\/wp-content\/uploads\/2022\/02\/lego-classic-11006-bla-kreativitetsklosser.jpg\",\"width\":555,\"height\":555},{\"@type\":\"BreadcrumbList\",\"@id\":\"https:\/\/barneleker.no\/index.php\/product\/lego-classic-11006-bla-kreativitetsklosser\/#breadcrumb\",\"itemListElement\":[{\"@type\":\"ListItem\",\"position\":1,\"name\":\"Butikken\",\"item\":\"https:\/\/barneleker.no\/\"},{\"@type\":\"ListItem\",\"position\":2,\"name\":\"LEGO Classic 11006, Bl\u00e5 kreativitetsklosser\"}]},{\"@type\":\"WebSite\",\"@id\":\"https:\/\/barneleker.no\/#website\",\"url\":\"https:\/\/barneleker.no\/\",\"name\":\"Barneleker.no\",\"description\":\"Selvf\u00f8lgelig!\",\"publisher\":{\"@id\":\"https:\/\/barneleker.no\/#organization\"},\"potentialAction\":[{\"@type\":\"SearchAction\",\"target\":{\"@type\":\"EntryPoint\",\"urlTemplate\":\"https:\/\/barneleker.no\/?s={search_term_string}\"},\"query-input\":{\"@type\":\"PropertyValueSpecification\",\"valueRequired\":true,\"valueName\":\"search_term_string\"}}],\"inLanguage\":\"nb-NO\"},{\"@type\":\"Organization\",\"@id\":\"https:\/\/barneleker.no\/#organization\",\"name\":\"Barneleker.no\",\"url\":\"https:\/\/barneleker.no\/\",\"logo\":{\"@type\":\"ImageObject\",\"inLanguage\":\"nb-NO\",\"@id\":\"https:\/\/barneleker.no\/#\/schema\/logo\/image\/\",\"url\":\"https:\/\/barneleker.no\/wp-content\/uploads\/2021\/11\/barneleker_logo-780x150-1.jpg\",\"contentUrl\":\"https:\/\/barneleker.no\/wp-content\/uploads\/2021\/11\/barneleker_logo-780x150-1.jpg\",\"width\":780,\"height\":150,\"caption\":\"Barneleker.no\"},\"image\":{\"@id\":\"https:\/\/barneleker.no\/#\/schema\/logo\/image\/\"}}]}<\/script>\n<!-- \/ Yoast SEO plugin. -->","yoast_head_json":{"title":"LEGO Classic 11006, Bl\u00e5 kreativitetsklosser - Barneleker.no","robots":{"index":"index","follow":"follow","max-snippet":"max-snippet:-1","max-image-preview":"max-image-preview:large","max-video-preview":"max-video-preview:-1"},"canonical":"https:\/\/barneleker.no\/index.php\/product\/lego-classic-11006-bla-kreativitetsklosser\/","og_locale":"nb_NO","og_type":"article","og_title":"LEGO Classic 11006, Bl\u00e5 kreativitetsklosser - Barneleker.no","og_description":"Inspirer barna til \u00e5 bygge, skape og fantasere med denne spennende blandingen av bl\u00e5 LEGO\u00ae klosser! Bygg! Barna kan bygge tre g\u00f8yale leker med klossene:&hellip;","og_url":"https:\/\/barneleker.no\/index.php\/product\/lego-classic-11006-bla-kreativitetsklosser\/","og_site_name":"Barneleker.no","twitter_card":"summary_large_image","schema":{"@context":"https:\/\/schema.org","@graph":[{"@type":"WebPage","@id":"https:\/\/barneleker.no\/index.php\/product\/lego-classic-11006-bla-kreativitetsklosser\/","url":"https:\/\/barneleker.no\/index.php\/product\/lego-classic-11006-bla-kreativitetsklosser\/","name":"LEGO Classic 11006, Bl\u00e5 kreativitetsklosser - Barneleker.no","isPartOf":{"@id":"https:\/\/barneleker.no\/#website"},"primaryImageOfPage":{"@id":"https:\/\/barneleker.no\/index.php\/product\/lego-classic-11006-bla-kreativitetsklosser\/#primaryimage"},"image":{"@id":"https:\/\/barneleker.no\/index.php\/product\/lego-classic-11006-bla-kreativitetsklosser\/#primaryimage"},"thumbnailUrl":"https:\/\/barneleker.no\/wp-content\/uploads\/2022\/02\/lego-classic-11006-bla-kreativitetsklosser.jpg","datePublished":"2022-02-08T20:04:36+00:00","breadcrumb":{"@id":"https:\/\/barneleker.no\/index.php\/product\/lego-classic-11006-bla-kreativitetsklosser\/#breadcrumb"},"inLanguage":"nb-NO","potentialAction":[{"@type":"ReadAction","target":["https:\/\/barneleker.no\/index.php\/product\/lego-classic-11006-bla-kreativitetsklosser\/"]}]},{"@type":"ImageObject","inLanguage":"nb-NO","@id":"https:\/\/barneleker.no\/index.php\/product\/lego-classic-11006-bla-kreativitetsklosser\/#primaryimage","url":"https:\/\/barneleker.no\/wp-content\/uploads\/2022\/02\/lego-classic-11006-bla-kreativitetsklosser.jpg","contentUrl":"https:\/\/barneleker.no\/wp-content\/uploads\/2022\/02\/lego-classic-11006-bla-kreativitetsklosser.jpg","width":555,"height":555},{"@type":"BreadcrumbList","@id":"https:\/\/barneleker.no\/index.php\/product\/lego-classic-11006-bla-kreativitetsklosser\/#breadcrumb","itemListElement":[{"@type":"ListItem","position":1,"name":"Butikken","item":"https:\/\/barneleker.no\/"},{"@type":"ListItem","position":2,"name":"LEGO Classic 11006, Bl\u00e5 kreativitetsklosser"}]},{"@type":"WebSite","@id":"https:\/\/barneleker.no\/#website","url":"https:\/\/barneleker.no\/","name":"Barneleker.no","description":"Selvf\u00f8lgelig!","publisher":{"@id":"https:\/\/barneleker.no\/#organization"},"potentialAction":[{"@type":"SearchAction","target":{"@type":"EntryPoint","urlTemplate":"https:\/\/barneleker.no\/?s={search_term_string}"},"query-input":{"@type":"PropertyValueSpecification","valueRequired":true,"valueName":"search_term_string"}}],"inLanguage":"nb-NO"},{"@type":"Organization","@id":"https:\/\/barneleker.no\/#organization","name":"Barneleker.no","url":"https:\/\/barneleker.no\/","logo":{"@type":"ImageObject","inLanguage":"nb-NO","@id":"https:\/\/barneleker.no\/#\/schema\/logo\/image\/","url":"https:\/\/barneleker.no\/wp-content\/uploads\/2021\/11\/barneleker_logo-780x150-1.jpg","contentUrl":"https:\/\/barneleker.no\/wp-content\/uploads\/2021\/11\/barneleker_logo-780x150-1.jpg","width":780,"height":150,"caption":"Barneleker.no"},"image":{"@id":"https:\/\/barneleker.no\/#\/schema\/logo\/image\/"}}]}},"_links":{"self":[{"href":"https:\/\/barneleker.no\/index.php\/wp-json\/wp\/v2\/product\/14757","targetHints":{"allow":["GET"]}}],"collection":[{"href":"https:\/\/barneleker.no\/index.php\/wp-json\/wp\/v2\/product"}],"about":[{"href":"https:\/\/barneleker.no\/index.php\/wp-json\/wp\/v2\/types\/product"}],"replies":[{"embeddable":true,"href":"https:\/\/barneleker.no\/index.php\/wp-json\/wp\/v2\/comments?post=14757"}],"wp:featuredmedia":[{"embeddable":true,"href":"https:\/\/barneleker.no\/index.php\/wp-json\/wp\/v2\/media\/14756"}],"wp:attachment":[{"href":"https:\/\/barneleker.no\/index.php\/wp-json\/wp\/v2\/media?parent=14757"}],"wp:term":[{"taxonomy":"product_brand","embeddable":true,"href":"https:\/\/barneleker.no\/index.php\/wp-json\/wp\/v2\/product_brand?post=14757"},{"taxonomy":"product_cat","embeddable":true,"href":"https:\/\/barneleker.no\/index.php\/wp-json\/wp\/v2\/product_cat?post=14757"},{"taxonomy":"product_tag","embeddable":true,"href":"https:\/\/barneleker.no\/index.php\/wp-json\/wp\/v2\/product_tag?post=14757"}],"curies":[{"name":"wp","href":"https:\/\/api.w.org\/{rel}","templated":true}]}}