{"id":14769,"date":"2022-02-08T20:04:40","date_gmt":"2022-02-08T20:04:40","guid":{"rendered":"https:\/\/barneleker.no\/index.php\/product\/lego-duplo-classic-10958-kreativ-bursdagsfest\/"},"modified":"2022-02-08T20:04:40","modified_gmt":"2022-02-08T20:04:40","slug":"lego-duplo-classic-10958-kreativ-bursdagsfest","status":"publish","type":"product","link":"https:\/\/barneleker.no\/index.php\/product\/lego-duplo-classic-10958-kreativ-bursdagsfest\/","title":{"rendered":"LEGO DUPLO Classic 10958, Kreativ bursdagsfest"},"content":{"rendered":"<p>Det er tid for feiring med settet LEGO\u00ae DUPLO\u00ae Classic Kreativ bursdagsfest (10958)! Dette utrolig anvendelige lekesettet er fullt av fargerike klosser og deler og byr p\u00e5 topp lekeverdi.  Uendelige lekemuligheter Med LEGO DUPLO Classic Kreativ bursdagsfest kan du stimulere sm\u00e5barns fantasi og hjelpe dem \u00e5 utvikle viktige ferdigheter. Den fargerike klossemiksen byr p\u00e5 uendelig mange underholdende l\u00e6ringsmuligheter. Foreldre og barn kan bygge inspirerende modeller sammen og bruke dem i g\u00f8yal tallek \u2013 som bursdagskake, festmat, gaver og figurer \u2013 og ogs\u00e5 finne p\u00e5 nye modeller selv.  Pedagogiske byggeleker for sm\u00e5 barn LEGO DUPLO lekesett er flotte gaver for sm\u00e5barn. De fargerike delene er lette \u00e5 gripe og stimulerer til fantasifull frilek \u2013 de gir f\u00f8rskolebarn full kreativ kontroll over leken.<\/p>\n","protected":false},"excerpt":{"rendered":"<p>Det er tid for feiring med settet LEGO\u00ae DUPLO\u00ae Classic Kreativ bursdagsfest (10958)! Dette utrolig anvendelige lekesettet er fullt av fargerike klosser og deler og&hellip;<\/p>\n","protected":false},"featured_media":14768,"comment_status":"open","ping_status":"closed","template":"","meta":[],"product_brand":[],"product_cat":[340],"product_tag":[],"class_list":{"0":"post-14769","1":"product","2":"type-product","3":"status-publish","4":"has-post-thumbnail","6":"product_cat-set","8":"first","9":"instock","10":"shipping-taxable","11":"product-type-external","12":"customify-col"},"yoast_head":"<!-- This site is optimized with the Yoast SEO plugin v26.0 - https:\/\/yoast.com\/wordpress\/plugins\/seo\/ -->\n<title>LEGO DUPLO Classic 10958, Kreativ bursdagsfest - Barneleker.no<\/title>\n<meta name=\"robots\" content=\"index, follow, max-snippet:-1, max-image-preview:large, max-video-preview:-1\" \/>\n<link rel=\"canonical\" href=\"https:\/\/barneleker.no\/index.php\/product\/lego-duplo-classic-10958-kreativ-bursdagsfest\/\" \/>\n<meta property=\"og:locale\" content=\"nb_NO\" \/>\n<meta property=\"og:type\" content=\"article\" \/>\n<meta property=\"og:title\" content=\"LEGO DUPLO Classic 10958, Kreativ bursdagsfest - Barneleker.no\" \/>\n<meta property=\"og:description\" content=\"Det er tid for feiring med settet LEGO\u00ae DUPLO\u00ae Classic Kreativ bursdagsfest (10958)! Dette utrolig anvendelige lekesettet er fullt av fargerike klosser og deler og&hellip;\" \/>\n<meta property=\"og:url\" content=\"https:\/\/barneleker.no\/index.php\/product\/lego-duplo-classic-10958-kreativ-bursdagsfest\/\" \/>\n<meta property=\"og:site_name\" content=\"Barneleker.no\" \/>\n<meta name=\"twitter:card\" content=\"summary_large_image\" \/>\n<meta name=\"twitter:label1\" content=\"Ansl. lesetid\" \/>\n\t<meta name=\"twitter:data1\" content=\"1 minutt\" \/>\n<script type=\"application\/ld+json\" class=\"yoast-schema-graph\">{\"@context\":\"https:\/\/schema.org\",\"@graph\":[{\"@type\":\"WebPage\",\"@id\":\"https:\/\/barneleker.no\/index.php\/product\/lego-duplo-classic-10958-kreativ-bursdagsfest\/\",\"url\":\"https:\/\/barneleker.no\/index.php\/product\/lego-duplo-classic-10958-kreativ-bursdagsfest\/\",\"name\":\"LEGO DUPLO Classic 10958, Kreativ bursdagsfest - Barneleker.no\",\"isPartOf\":{\"@id\":\"https:\/\/barneleker.no\/#website\"},\"primaryImageOfPage\":{\"@id\":\"https:\/\/barneleker.no\/index.php\/product\/lego-duplo-classic-10958-kreativ-bursdagsfest\/#primaryimage\"},\"image\":{\"@id\":\"https:\/\/barneleker.no\/index.php\/product\/lego-duplo-classic-10958-kreativ-bursdagsfest\/#primaryimage\"},\"thumbnailUrl\":\"https:\/\/barneleker.no\/wp-content\/uploads\/2022\/02\/lego-duplo-classic-10958-kreativ-bursdagsfest.jpg\",\"datePublished\":\"2022-02-08T20:04:40+00:00\",\"breadcrumb\":{\"@id\":\"https:\/\/barneleker.no\/index.php\/product\/lego-duplo-classic-10958-kreativ-bursdagsfest\/#breadcrumb\"},\"inLanguage\":\"nb-NO\",\"potentialAction\":[{\"@type\":\"ReadAction\",\"target\":[\"https:\/\/barneleker.no\/index.php\/product\/lego-duplo-classic-10958-kreativ-bursdagsfest\/\"]}]},{\"@type\":\"ImageObject\",\"inLanguage\":\"nb-NO\",\"@id\":\"https:\/\/barneleker.no\/index.php\/product\/lego-duplo-classic-10958-kreativ-bursdagsfest\/#primaryimage\",\"url\":\"https:\/\/barneleker.no\/wp-content\/uploads\/2022\/02\/lego-duplo-classic-10958-kreativ-bursdagsfest.jpg\",\"contentUrl\":\"https:\/\/barneleker.no\/wp-content\/uploads\/2022\/02\/lego-duplo-classic-10958-kreativ-bursdagsfest.jpg\",\"width\":555,\"height\":555},{\"@type\":\"BreadcrumbList\",\"@id\":\"https:\/\/barneleker.no\/index.php\/product\/lego-duplo-classic-10958-kreativ-bursdagsfest\/#breadcrumb\",\"itemListElement\":[{\"@type\":\"ListItem\",\"position\":1,\"name\":\"Butikken\",\"item\":\"https:\/\/barneleker.no\/\"},{\"@type\":\"ListItem\",\"position\":2,\"name\":\"LEGO DUPLO Classic 10958, Kreativ bursdagsfest\"}]},{\"@type\":\"WebSite\",\"@id\":\"https:\/\/barneleker.no\/#website\",\"url\":\"https:\/\/barneleker.no\/\",\"name\":\"Barneleker.no\",\"description\":\"Selvf\u00f8lgelig!\",\"publisher\":{\"@id\":\"https:\/\/barneleker.no\/#organization\"},\"potentialAction\":[{\"@type\":\"SearchAction\",\"target\":{\"@type\":\"EntryPoint\",\"urlTemplate\":\"https:\/\/barneleker.no\/?s={search_term_string}\"},\"query-input\":{\"@type\":\"PropertyValueSpecification\",\"valueRequired\":true,\"valueName\":\"search_term_string\"}}],\"inLanguage\":\"nb-NO\"},{\"@type\":\"Organization\",\"@id\":\"https:\/\/barneleker.no\/#organization\",\"name\":\"Barneleker.no\",\"url\":\"https:\/\/barneleker.no\/\",\"logo\":{\"@type\":\"ImageObject\",\"inLanguage\":\"nb-NO\",\"@id\":\"https:\/\/barneleker.no\/#\/schema\/logo\/image\/\",\"url\":\"https:\/\/barneleker.no\/wp-content\/uploads\/2021\/11\/barneleker_logo-780x150-1.jpg\",\"contentUrl\":\"https:\/\/barneleker.no\/wp-content\/uploads\/2021\/11\/barneleker_logo-780x150-1.jpg\",\"width\":780,\"height\":150,\"caption\":\"Barneleker.no\"},\"image\":{\"@id\":\"https:\/\/barneleker.no\/#\/schema\/logo\/image\/\"}}]}<\/script>\n<!-- \/ Yoast SEO plugin. -->","yoast_head_json":{"title":"LEGO DUPLO Classic 10958, Kreativ bursdagsfest - Barneleker.no","robots":{"index":"index","follow":"follow","max-snippet":"max-snippet:-1","max-image-preview":"max-image-preview:large","max-video-preview":"max-video-preview:-1"},"canonical":"https:\/\/barneleker.no\/index.php\/product\/lego-duplo-classic-10958-kreativ-bursdagsfest\/","og_locale":"nb_NO","og_type":"article","og_title":"LEGO DUPLO Classic 10958, Kreativ bursdagsfest - Barneleker.no","og_description":"Det er tid for feiring med settet LEGO\u00ae DUPLO\u00ae Classic Kreativ bursdagsfest (10958)! Dette utrolig anvendelige lekesettet er fullt av fargerike klosser og deler og&hellip;","og_url":"https:\/\/barneleker.no\/index.php\/product\/lego-duplo-classic-10958-kreativ-bursdagsfest\/","og_site_name":"Barneleker.no","twitter_card":"summary_large_image","twitter_misc":{"Ansl. lesetid":"1 minutt"},"schema":{"@context":"https:\/\/schema.org","@graph":[{"@type":"WebPage","@id":"https:\/\/barneleker.no\/index.php\/product\/lego-duplo-classic-10958-kreativ-bursdagsfest\/","url":"https:\/\/barneleker.no\/index.php\/product\/lego-duplo-classic-10958-kreativ-bursdagsfest\/","name":"LEGO DUPLO Classic 10958, Kreativ bursdagsfest - Barneleker.no","isPartOf":{"@id":"https:\/\/barneleker.no\/#website"},"primaryImageOfPage":{"@id":"https:\/\/barneleker.no\/index.php\/product\/lego-duplo-classic-10958-kreativ-bursdagsfest\/#primaryimage"},"image":{"@id":"https:\/\/barneleker.no\/index.php\/product\/lego-duplo-classic-10958-kreativ-bursdagsfest\/#primaryimage"},"thumbnailUrl":"https:\/\/barneleker.no\/wp-content\/uploads\/2022\/02\/lego-duplo-classic-10958-kreativ-bursdagsfest.jpg","datePublished":"2022-02-08T20:04:40+00:00","breadcrumb":{"@id":"https:\/\/barneleker.no\/index.php\/product\/lego-duplo-classic-10958-kreativ-bursdagsfest\/#breadcrumb"},"inLanguage":"nb-NO","potentialAction":[{"@type":"ReadAction","target":["https:\/\/barneleker.no\/index.php\/product\/lego-duplo-classic-10958-kreativ-bursdagsfest\/"]}]},{"@type":"ImageObject","inLanguage":"nb-NO","@id":"https:\/\/barneleker.no\/index.php\/product\/lego-duplo-classic-10958-kreativ-bursdagsfest\/#primaryimage","url":"https:\/\/barneleker.no\/wp-content\/uploads\/2022\/02\/lego-duplo-classic-10958-kreativ-bursdagsfest.jpg","contentUrl":"https:\/\/barneleker.no\/wp-content\/uploads\/2022\/02\/lego-duplo-classic-10958-kreativ-bursdagsfest.jpg","width":555,"height":555},{"@type":"BreadcrumbList","@id":"https:\/\/barneleker.no\/index.php\/product\/lego-duplo-classic-10958-kreativ-bursdagsfest\/#breadcrumb","itemListElement":[{"@type":"ListItem","position":1,"name":"Butikken","item":"https:\/\/barneleker.no\/"},{"@type":"ListItem","position":2,"name":"LEGO DUPLO Classic 10958, Kreativ bursdagsfest"}]},{"@type":"WebSite","@id":"https:\/\/barneleker.no\/#website","url":"https:\/\/barneleker.no\/","name":"Barneleker.no","description":"Selvf\u00f8lgelig!","publisher":{"@id":"https:\/\/barneleker.no\/#organization"},"potentialAction":[{"@type":"SearchAction","target":{"@type":"EntryPoint","urlTemplate":"https:\/\/barneleker.no\/?s={search_term_string}"},"query-input":{"@type":"PropertyValueSpecification","valueRequired":true,"valueName":"search_term_string"}}],"inLanguage":"nb-NO"},{"@type":"Organization","@id":"https:\/\/barneleker.no\/#organization","name":"Barneleker.no","url":"https:\/\/barneleker.no\/","logo":{"@type":"ImageObject","inLanguage":"nb-NO","@id":"https:\/\/barneleker.no\/#\/schema\/logo\/image\/","url":"https:\/\/barneleker.no\/wp-content\/uploads\/2021\/11\/barneleker_logo-780x150-1.jpg","contentUrl":"https:\/\/barneleker.no\/wp-content\/uploads\/2021\/11\/barneleker_logo-780x150-1.jpg","width":780,"height":150,"caption":"Barneleker.no"},"image":{"@id":"https:\/\/barneleker.no\/#\/schema\/logo\/image\/"}}]}},"_links":{"self":[{"href":"https:\/\/barneleker.no\/index.php\/wp-json\/wp\/v2\/product\/14769","targetHints":{"allow":["GET"]}}],"collection":[{"href":"https:\/\/barneleker.no\/index.php\/wp-json\/wp\/v2\/product"}],"about":[{"href":"https:\/\/barneleker.no\/index.php\/wp-json\/wp\/v2\/types\/product"}],"replies":[{"embeddable":true,"href":"https:\/\/barneleker.no\/index.php\/wp-json\/wp\/v2\/comments?post=14769"}],"wp:featuredmedia":[{"embeddable":true,"href":"https:\/\/barneleker.no\/index.php\/wp-json\/wp\/v2\/media\/14768"}],"wp:attachment":[{"href":"https:\/\/barneleker.no\/index.php\/wp-json\/wp\/v2\/media?parent=14769"}],"wp:term":[{"taxonomy":"product_brand","embeddable":true,"href":"https:\/\/barneleker.no\/index.php\/wp-json\/wp\/v2\/product_brand?post=14769"},{"taxonomy":"product_cat","embeddable":true,"href":"https:\/\/barneleker.no\/index.php\/wp-json\/wp\/v2\/product_cat?post=14769"},{"taxonomy":"product_tag","embeddable":true,"href":"https:\/\/barneleker.no\/index.php\/wp-json\/wp\/v2\/product_tag?post=14769"}],"curies":[{"name":"wp","href":"https:\/\/api.w.org\/{rel}","templated":true}]}}