{"id":14773,"date":"2022-02-08T20:04:42","date_gmt":"2022-02-08T20:04:42","guid":{"rendered":"https:\/\/barneleker.no\/index.php\/product\/lego-friends-41443-olivias-elbil\/"},"modified":"2022-02-08T20:04:42","modified_gmt":"2022-02-08T20:04:42","slug":"lego-friends-41443-olivias-elbil","status":"publish","type":"product","link":"https:\/\/barneleker.no\/index.php\/product\/lego-friends-41443-olivias-elbil\/","title":{"rendered":"LEGO Friends 41443, Olivias elbil"},"content":{"rendered":"<p>Milj\u00f8bevisste barn vil elske settet LEGO\u00ae Friends Olivias elbil (41443), hvor de rollespille g\u00f8yale bilturer p\u00e5 landet. Med dette settet kan barn som liker kj\u00f8ret\u00f8y, men samtidig er opptatt av \u00e5 ta vare p\u00e5 jordkloden, legge ut p\u00e5 g\u00f8yale bilturer. Tidsriktig lek Den fargerike lekeelbilen har plass til to minidukker \u2013 Mia og Olivia \u2013 og i baksetet f\u00e5r valpen Elliot plass. Settet inkluderer en ladestasjon med vindturbin og solcellepanel, noe som understreker det milj\u00f8vennlige aspektet enda mer. Barn kan lade opp bilen fullstendig CO2-fritt! Leker med hjerte Introduser sm\u00e5 byggmestere for LEGO Friends, et univers hvor de kan l\u00e6re \u00e5 v\u00e6re milj\u00f8vennlige og skape en mer omsorgsfull verden sammen med figurer de kan identifisere seg med. Barn kan bruke settet sammen med LEGO klosser de allerede har, og det gir fantasien luft under vingene.<\/p>\n","protected":false},"excerpt":{"rendered":"<p>Milj\u00f8bevisste barn vil elske settet LEGO\u00ae Friends Olivias elbil (41443), hvor de rollespille g\u00f8yale bilturer p\u00e5 landet. Med dette settet kan barn som liker kj\u00f8ret\u00f8y,&hellip;<\/p>\n","protected":false},"featured_media":14772,"comment_status":"open","ping_status":"closed","template":"","meta":[],"product_brand":[],"product_cat":[476],"product_tag":[],"class_list":{"0":"post-14773","1":"product","2":"type-product","3":"status-publish","4":"has-post-thumbnail","6":"product_cat-set-lego-fordon","8":"first","9":"instock","10":"shipping-taxable","11":"product-type-external","12":"customify-col"},"yoast_head":"<!-- This site is optimized with the Yoast SEO plugin v26.0 - https:\/\/yoast.com\/wordpress\/plugins\/seo\/ -->\n<title>LEGO Friends 41443, Olivias elbil - Barneleker.no<\/title>\n<meta name=\"robots\" content=\"index, follow, max-snippet:-1, max-image-preview:large, max-video-preview:-1\" \/>\n<link rel=\"canonical\" href=\"https:\/\/barneleker.no\/index.php\/product\/lego-friends-41443-olivias-elbil\/\" \/>\n<meta property=\"og:locale\" content=\"nb_NO\" \/>\n<meta property=\"og:type\" content=\"article\" \/>\n<meta property=\"og:title\" content=\"LEGO Friends 41443, Olivias elbil - Barneleker.no\" \/>\n<meta property=\"og:description\" content=\"Milj\u00f8bevisste barn vil elske settet LEGO\u00ae Friends Olivias elbil (41443), hvor de rollespille g\u00f8yale bilturer p\u00e5 landet. Med dette settet kan barn som liker kj\u00f8ret\u00f8y,&hellip;\" \/>\n<meta property=\"og:url\" content=\"https:\/\/barneleker.no\/index.php\/product\/lego-friends-41443-olivias-elbil\/\" \/>\n<meta property=\"og:site_name\" content=\"Barneleker.no\" \/>\n<meta name=\"twitter:card\" content=\"summary_large_image\" \/>\n<meta name=\"twitter:label1\" content=\"Ansl. lesetid\" \/>\n\t<meta name=\"twitter:data1\" content=\"1 minutt\" \/>\n<script type=\"application\/ld+json\" class=\"yoast-schema-graph\">{\"@context\":\"https:\/\/schema.org\",\"@graph\":[{\"@type\":\"WebPage\",\"@id\":\"https:\/\/barneleker.no\/index.php\/product\/lego-friends-41443-olivias-elbil\/\",\"url\":\"https:\/\/barneleker.no\/index.php\/product\/lego-friends-41443-olivias-elbil\/\",\"name\":\"LEGO Friends 41443, Olivias elbil - Barneleker.no\",\"isPartOf\":{\"@id\":\"https:\/\/barneleker.no\/#website\"},\"primaryImageOfPage\":{\"@id\":\"https:\/\/barneleker.no\/index.php\/product\/lego-friends-41443-olivias-elbil\/#primaryimage\"},\"image\":{\"@id\":\"https:\/\/barneleker.no\/index.php\/product\/lego-friends-41443-olivias-elbil\/#primaryimage\"},\"thumbnailUrl\":\"https:\/\/barneleker.no\/wp-content\/uploads\/2022\/02\/lego-friends-41443-olivias-elbil.jpg\",\"datePublished\":\"2022-02-08T20:04:42+00:00\",\"breadcrumb\":{\"@id\":\"https:\/\/barneleker.no\/index.php\/product\/lego-friends-41443-olivias-elbil\/#breadcrumb\"},\"inLanguage\":\"nb-NO\",\"potentialAction\":[{\"@type\":\"ReadAction\",\"target\":[\"https:\/\/barneleker.no\/index.php\/product\/lego-friends-41443-olivias-elbil\/\"]}]},{\"@type\":\"ImageObject\",\"inLanguage\":\"nb-NO\",\"@id\":\"https:\/\/barneleker.no\/index.php\/product\/lego-friends-41443-olivias-elbil\/#primaryimage\",\"url\":\"https:\/\/barneleker.no\/wp-content\/uploads\/2022\/02\/lego-friends-41443-olivias-elbil.jpg\",\"contentUrl\":\"https:\/\/barneleker.no\/wp-content\/uploads\/2022\/02\/lego-friends-41443-olivias-elbil.jpg\",\"width\":555,\"height\":555},{\"@type\":\"BreadcrumbList\",\"@id\":\"https:\/\/barneleker.no\/index.php\/product\/lego-friends-41443-olivias-elbil\/#breadcrumb\",\"itemListElement\":[{\"@type\":\"ListItem\",\"position\":1,\"name\":\"Butikken\",\"item\":\"https:\/\/barneleker.no\/\"},{\"@type\":\"ListItem\",\"position\":2,\"name\":\"LEGO Friends 41443, Olivias elbil\"}]},{\"@type\":\"WebSite\",\"@id\":\"https:\/\/barneleker.no\/#website\",\"url\":\"https:\/\/barneleker.no\/\",\"name\":\"Barneleker.no\",\"description\":\"Selvf\u00f8lgelig!\",\"publisher\":{\"@id\":\"https:\/\/barneleker.no\/#organization\"},\"potentialAction\":[{\"@type\":\"SearchAction\",\"target\":{\"@type\":\"EntryPoint\",\"urlTemplate\":\"https:\/\/barneleker.no\/?s={search_term_string}\"},\"query-input\":{\"@type\":\"PropertyValueSpecification\",\"valueRequired\":true,\"valueName\":\"search_term_string\"}}],\"inLanguage\":\"nb-NO\"},{\"@type\":\"Organization\",\"@id\":\"https:\/\/barneleker.no\/#organization\",\"name\":\"Barneleker.no\",\"url\":\"https:\/\/barneleker.no\/\",\"logo\":{\"@type\":\"ImageObject\",\"inLanguage\":\"nb-NO\",\"@id\":\"https:\/\/barneleker.no\/#\/schema\/logo\/image\/\",\"url\":\"https:\/\/barneleker.no\/wp-content\/uploads\/2021\/11\/barneleker_logo-780x150-1.jpg\",\"contentUrl\":\"https:\/\/barneleker.no\/wp-content\/uploads\/2021\/11\/barneleker_logo-780x150-1.jpg\",\"width\":780,\"height\":150,\"caption\":\"Barneleker.no\"},\"image\":{\"@id\":\"https:\/\/barneleker.no\/#\/schema\/logo\/image\/\"}}]}<\/script>\n<!-- \/ Yoast SEO plugin. -->","yoast_head_json":{"title":"LEGO Friends 41443, Olivias elbil - Barneleker.no","robots":{"index":"index","follow":"follow","max-snippet":"max-snippet:-1","max-image-preview":"max-image-preview:large","max-video-preview":"max-video-preview:-1"},"canonical":"https:\/\/barneleker.no\/index.php\/product\/lego-friends-41443-olivias-elbil\/","og_locale":"nb_NO","og_type":"article","og_title":"LEGO Friends 41443, Olivias elbil - Barneleker.no","og_description":"Milj\u00f8bevisste barn vil elske settet LEGO\u00ae Friends Olivias elbil (41443), hvor de rollespille g\u00f8yale bilturer p\u00e5 landet. Med dette settet kan barn som liker kj\u00f8ret\u00f8y,&hellip;","og_url":"https:\/\/barneleker.no\/index.php\/product\/lego-friends-41443-olivias-elbil\/","og_site_name":"Barneleker.no","twitter_card":"summary_large_image","twitter_misc":{"Ansl. lesetid":"1 minutt"},"schema":{"@context":"https:\/\/schema.org","@graph":[{"@type":"WebPage","@id":"https:\/\/barneleker.no\/index.php\/product\/lego-friends-41443-olivias-elbil\/","url":"https:\/\/barneleker.no\/index.php\/product\/lego-friends-41443-olivias-elbil\/","name":"LEGO Friends 41443, Olivias elbil - Barneleker.no","isPartOf":{"@id":"https:\/\/barneleker.no\/#website"},"primaryImageOfPage":{"@id":"https:\/\/barneleker.no\/index.php\/product\/lego-friends-41443-olivias-elbil\/#primaryimage"},"image":{"@id":"https:\/\/barneleker.no\/index.php\/product\/lego-friends-41443-olivias-elbil\/#primaryimage"},"thumbnailUrl":"https:\/\/barneleker.no\/wp-content\/uploads\/2022\/02\/lego-friends-41443-olivias-elbil.jpg","datePublished":"2022-02-08T20:04:42+00:00","breadcrumb":{"@id":"https:\/\/barneleker.no\/index.php\/product\/lego-friends-41443-olivias-elbil\/#breadcrumb"},"inLanguage":"nb-NO","potentialAction":[{"@type":"ReadAction","target":["https:\/\/barneleker.no\/index.php\/product\/lego-friends-41443-olivias-elbil\/"]}]},{"@type":"ImageObject","inLanguage":"nb-NO","@id":"https:\/\/barneleker.no\/index.php\/product\/lego-friends-41443-olivias-elbil\/#primaryimage","url":"https:\/\/barneleker.no\/wp-content\/uploads\/2022\/02\/lego-friends-41443-olivias-elbil.jpg","contentUrl":"https:\/\/barneleker.no\/wp-content\/uploads\/2022\/02\/lego-friends-41443-olivias-elbil.jpg","width":555,"height":555},{"@type":"BreadcrumbList","@id":"https:\/\/barneleker.no\/index.php\/product\/lego-friends-41443-olivias-elbil\/#breadcrumb","itemListElement":[{"@type":"ListItem","position":1,"name":"Butikken","item":"https:\/\/barneleker.no\/"},{"@type":"ListItem","position":2,"name":"LEGO Friends 41443, Olivias elbil"}]},{"@type":"WebSite","@id":"https:\/\/barneleker.no\/#website","url":"https:\/\/barneleker.no\/","name":"Barneleker.no","description":"Selvf\u00f8lgelig!","publisher":{"@id":"https:\/\/barneleker.no\/#organization"},"potentialAction":[{"@type":"SearchAction","target":{"@type":"EntryPoint","urlTemplate":"https:\/\/barneleker.no\/?s={search_term_string}"},"query-input":{"@type":"PropertyValueSpecification","valueRequired":true,"valueName":"search_term_string"}}],"inLanguage":"nb-NO"},{"@type":"Organization","@id":"https:\/\/barneleker.no\/#organization","name":"Barneleker.no","url":"https:\/\/barneleker.no\/","logo":{"@type":"ImageObject","inLanguage":"nb-NO","@id":"https:\/\/barneleker.no\/#\/schema\/logo\/image\/","url":"https:\/\/barneleker.no\/wp-content\/uploads\/2021\/11\/barneleker_logo-780x150-1.jpg","contentUrl":"https:\/\/barneleker.no\/wp-content\/uploads\/2021\/11\/barneleker_logo-780x150-1.jpg","width":780,"height":150,"caption":"Barneleker.no"},"image":{"@id":"https:\/\/barneleker.no\/#\/schema\/logo\/image\/"}}]}},"_links":{"self":[{"href":"https:\/\/barneleker.no\/index.php\/wp-json\/wp\/v2\/product\/14773","targetHints":{"allow":["GET"]}}],"collection":[{"href":"https:\/\/barneleker.no\/index.php\/wp-json\/wp\/v2\/product"}],"about":[{"href":"https:\/\/barneleker.no\/index.php\/wp-json\/wp\/v2\/types\/product"}],"replies":[{"embeddable":true,"href":"https:\/\/barneleker.no\/index.php\/wp-json\/wp\/v2\/comments?post=14773"}],"wp:featuredmedia":[{"embeddable":true,"href":"https:\/\/barneleker.no\/index.php\/wp-json\/wp\/v2\/media\/14772"}],"wp:attachment":[{"href":"https:\/\/barneleker.no\/index.php\/wp-json\/wp\/v2\/media?parent=14773"}],"wp:term":[{"taxonomy":"product_brand","embeddable":true,"href":"https:\/\/barneleker.no\/index.php\/wp-json\/wp\/v2\/product_brand?post=14773"},{"taxonomy":"product_cat","embeddable":true,"href":"https:\/\/barneleker.no\/index.php\/wp-json\/wp\/v2\/product_cat?post=14773"},{"taxonomy":"product_tag","embeddable":true,"href":"https:\/\/barneleker.no\/index.php\/wp-json\/wp\/v2\/product_tag?post=14773"}],"curies":[{"name":"wp","href":"https:\/\/api.w.org\/{rel}","templated":true}]}}