{"id":14783,"date":"2022-02-08T20:04:47","date_gmt":"2022-02-08T20:04:47","guid":{"rendered":"https:\/\/barneleker.no\/index.php\/product\/greta-gris-peppa-gris-sapeboble-maskin-gressklipper\/"},"modified":"2024-04-07T19:21:09","modified_gmt":"2024-04-07T19:21:09","slug":"greta-gris-peppa-gris-sapeboble-maskin-gressklipper","status":"publish","type":"product","link":"https:\/\/barneleker.no\/index.php\/product\/greta-gris-peppa-gris-sapeboble-maskin-gressklipper\/","title":{"rendered":"Greta Gris Peppa Gris, S\u00e5peboble maskin gressklipper"},"content":{"rendered":"<p>Ta en tur med Peppa Gris Gressklipper og se hvordan s\u00e5peboblene flyr ut. Dette er det ultimate leket\u00f8yet for de minste hageentusiastene, da de vil bli betatt av s\u00e5peboblene. N\u00e5r barnet kj\u00f8rer rundt med maskinen vil det bl\u00e5se mange bobler ut &#8211; til alles store begeistring. Gressklipperen passer best for de mindre barna. Den oppfordrer barnet til \u00e5 g\u00e5, skyve gressklipperen og barnet utvikler forst\u00e5elsen av \u00e5rsak-virkning. S\u00e5pebobelmaskinen er batteridrevet og enkel for barnet \u00e5 betjene. Barnet m\u00e5 bare trykke p\u00e5 en knapp og avg\u00e5re g\u00e5r det. S\u00e5peboblene flyr rundt i vinden og dette gir timevis med lek! Inkl. Mva 118 ml s\u00e5peboblevann.<\/p>\n","protected":false},"excerpt":{"rendered":"<p>Ta en tur med Peppa Gris Gressklipper og se hvordan s\u00e5peboblene flyr ut. Dette er det ultimate leket\u00f8yet for de minste hageentusiastene, da de vil&hellip;<\/p>\n","protected":false},"featured_media":14782,"comment_status":"open","ping_status":"closed","template":"","meta":[],"product_brand":[],"product_cat":[404],"product_tag":[],"class_list":{"0":"post-14783","1":"product","2":"type-product","3":"status-publish","4":"has-post-thumbnail","6":"product_cat-sapbubblor","8":"first","9":"instock","10":"shipping-taxable","11":"product-type-external","12":"customify-col"},"yoast_head":"<!-- This site is optimized with the Yoast SEO plugin v26.0 - https:\/\/yoast.com\/wordpress\/plugins\/seo\/ -->\n<title>Greta Gris Peppa Gris, S\u00e5peboble maskin gressklipper - Barneleker.no<\/title>\n<meta name=\"robots\" content=\"index, follow, max-snippet:-1, max-image-preview:large, max-video-preview:-1\" \/>\n<link rel=\"canonical\" href=\"https:\/\/barneleker.no\/index.php\/product\/greta-gris-peppa-gris-sapeboble-maskin-gressklipper\/\" \/>\n<meta property=\"og:locale\" content=\"nb_NO\" \/>\n<meta property=\"og:type\" content=\"article\" \/>\n<meta property=\"og:title\" content=\"Greta Gris Peppa Gris, S\u00e5peboble maskin gressklipper - Barneleker.no\" \/>\n<meta property=\"og:description\" content=\"Ta en tur med Peppa Gris Gressklipper og se hvordan s\u00e5peboblene flyr ut. Dette er det ultimate leket\u00f8yet for de minste hageentusiastene, da de vil&hellip;\" \/>\n<meta property=\"og:url\" content=\"https:\/\/barneleker.no\/index.php\/product\/greta-gris-peppa-gris-sapeboble-maskin-gressklipper\/\" \/>\n<meta property=\"og:site_name\" content=\"Barneleker.no\" \/>\n<meta property=\"article:modified_time\" content=\"2024-04-07T19:21:09+00:00\" \/>\n<meta name=\"twitter:card\" content=\"summary_large_image\" \/>\n<meta name=\"twitter:label1\" content=\"Ansl. lesetid\" \/>\n\t<meta name=\"twitter:data1\" content=\"1 minutt\" \/>\n<script type=\"application\/ld+json\" class=\"yoast-schema-graph\">{\"@context\":\"https:\/\/schema.org\",\"@graph\":[{\"@type\":\"WebPage\",\"@id\":\"https:\/\/barneleker.no\/index.php\/product\/greta-gris-peppa-gris-sapeboble-maskin-gressklipper\/\",\"url\":\"https:\/\/barneleker.no\/index.php\/product\/greta-gris-peppa-gris-sapeboble-maskin-gressklipper\/\",\"name\":\"Greta Gris Peppa Gris, S\u00e5peboble maskin gressklipper - Barneleker.no\",\"isPartOf\":{\"@id\":\"https:\/\/barneleker.no\/#website\"},\"primaryImageOfPage\":{\"@id\":\"https:\/\/barneleker.no\/index.php\/product\/greta-gris-peppa-gris-sapeboble-maskin-gressklipper\/#primaryimage\"},\"image\":{\"@id\":\"https:\/\/barneleker.no\/index.php\/product\/greta-gris-peppa-gris-sapeboble-maskin-gressklipper\/#primaryimage\"},\"thumbnailUrl\":\"https:\/\/barneleker.no\/wp-content\/uploads\/2022\/02\/peppa-gris-sapeboble-maskin-gressklipper.jpg\",\"datePublished\":\"2022-02-08T20:04:47+00:00\",\"dateModified\":\"2024-04-07T19:21:09+00:00\",\"breadcrumb\":{\"@id\":\"https:\/\/barneleker.no\/index.php\/product\/greta-gris-peppa-gris-sapeboble-maskin-gressklipper\/#breadcrumb\"},\"inLanguage\":\"nb-NO\",\"potentialAction\":[{\"@type\":\"ReadAction\",\"target\":[\"https:\/\/barneleker.no\/index.php\/product\/greta-gris-peppa-gris-sapeboble-maskin-gressklipper\/\"]}]},{\"@type\":\"ImageObject\",\"inLanguage\":\"nb-NO\",\"@id\":\"https:\/\/barneleker.no\/index.php\/product\/greta-gris-peppa-gris-sapeboble-maskin-gressklipper\/#primaryimage\",\"url\":\"https:\/\/barneleker.no\/wp-content\/uploads\/2022\/02\/peppa-gris-sapeboble-maskin-gressklipper.jpg\",\"contentUrl\":\"https:\/\/barneleker.no\/wp-content\/uploads\/2022\/02\/peppa-gris-sapeboble-maskin-gressklipper.jpg\",\"width\":555,\"height\":555},{\"@type\":\"BreadcrumbList\",\"@id\":\"https:\/\/barneleker.no\/index.php\/product\/greta-gris-peppa-gris-sapeboble-maskin-gressklipper\/#breadcrumb\",\"itemListElement\":[{\"@type\":\"ListItem\",\"position\":1,\"name\":\"Butikken\",\"item\":\"https:\/\/barneleker.no\/\"},{\"@type\":\"ListItem\",\"position\":2,\"name\":\"Greta Gris Peppa Gris, S\u00e5peboble maskin gressklipper\"}]},{\"@type\":\"WebSite\",\"@id\":\"https:\/\/barneleker.no\/#website\",\"url\":\"https:\/\/barneleker.no\/\",\"name\":\"Barneleker.no\",\"description\":\"Selvf\u00f8lgelig!\",\"publisher\":{\"@id\":\"https:\/\/barneleker.no\/#organization\"},\"potentialAction\":[{\"@type\":\"SearchAction\",\"target\":{\"@type\":\"EntryPoint\",\"urlTemplate\":\"https:\/\/barneleker.no\/?s={search_term_string}\"},\"query-input\":{\"@type\":\"PropertyValueSpecification\",\"valueRequired\":true,\"valueName\":\"search_term_string\"}}],\"inLanguage\":\"nb-NO\"},{\"@type\":\"Organization\",\"@id\":\"https:\/\/barneleker.no\/#organization\",\"name\":\"Barneleker.no\",\"url\":\"https:\/\/barneleker.no\/\",\"logo\":{\"@type\":\"ImageObject\",\"inLanguage\":\"nb-NO\",\"@id\":\"https:\/\/barneleker.no\/#\/schema\/logo\/image\/\",\"url\":\"https:\/\/barneleker.no\/wp-content\/uploads\/2021\/11\/barneleker_logo-780x150-1.jpg\",\"contentUrl\":\"https:\/\/barneleker.no\/wp-content\/uploads\/2021\/11\/barneleker_logo-780x150-1.jpg\",\"width\":780,\"height\":150,\"caption\":\"Barneleker.no\"},\"image\":{\"@id\":\"https:\/\/barneleker.no\/#\/schema\/logo\/image\/\"}}]}<\/script>\n<!-- \/ Yoast SEO plugin. -->","yoast_head_json":{"title":"Greta Gris Peppa Gris, S\u00e5peboble maskin gressklipper - Barneleker.no","robots":{"index":"index","follow":"follow","max-snippet":"max-snippet:-1","max-image-preview":"max-image-preview:large","max-video-preview":"max-video-preview:-1"},"canonical":"https:\/\/barneleker.no\/index.php\/product\/greta-gris-peppa-gris-sapeboble-maskin-gressklipper\/","og_locale":"nb_NO","og_type":"article","og_title":"Greta Gris Peppa Gris, S\u00e5peboble maskin gressklipper - Barneleker.no","og_description":"Ta en tur med Peppa Gris Gressklipper og se hvordan s\u00e5peboblene flyr ut. Dette er det ultimate leket\u00f8yet for de minste hageentusiastene, da de vil&hellip;","og_url":"https:\/\/barneleker.no\/index.php\/product\/greta-gris-peppa-gris-sapeboble-maskin-gressklipper\/","og_site_name":"Barneleker.no","article_modified_time":"2024-04-07T19:21:09+00:00","twitter_card":"summary_large_image","twitter_misc":{"Ansl. lesetid":"1 minutt"},"schema":{"@context":"https:\/\/schema.org","@graph":[{"@type":"WebPage","@id":"https:\/\/barneleker.no\/index.php\/product\/greta-gris-peppa-gris-sapeboble-maskin-gressklipper\/","url":"https:\/\/barneleker.no\/index.php\/product\/greta-gris-peppa-gris-sapeboble-maskin-gressklipper\/","name":"Greta Gris Peppa Gris, S\u00e5peboble maskin gressklipper - Barneleker.no","isPartOf":{"@id":"https:\/\/barneleker.no\/#website"},"primaryImageOfPage":{"@id":"https:\/\/barneleker.no\/index.php\/product\/greta-gris-peppa-gris-sapeboble-maskin-gressklipper\/#primaryimage"},"image":{"@id":"https:\/\/barneleker.no\/index.php\/product\/greta-gris-peppa-gris-sapeboble-maskin-gressklipper\/#primaryimage"},"thumbnailUrl":"https:\/\/barneleker.no\/wp-content\/uploads\/2022\/02\/peppa-gris-sapeboble-maskin-gressklipper.jpg","datePublished":"2022-02-08T20:04:47+00:00","dateModified":"2024-04-07T19:21:09+00:00","breadcrumb":{"@id":"https:\/\/barneleker.no\/index.php\/product\/greta-gris-peppa-gris-sapeboble-maskin-gressklipper\/#breadcrumb"},"inLanguage":"nb-NO","potentialAction":[{"@type":"ReadAction","target":["https:\/\/barneleker.no\/index.php\/product\/greta-gris-peppa-gris-sapeboble-maskin-gressklipper\/"]}]},{"@type":"ImageObject","inLanguage":"nb-NO","@id":"https:\/\/barneleker.no\/index.php\/product\/greta-gris-peppa-gris-sapeboble-maskin-gressklipper\/#primaryimage","url":"https:\/\/barneleker.no\/wp-content\/uploads\/2022\/02\/peppa-gris-sapeboble-maskin-gressklipper.jpg","contentUrl":"https:\/\/barneleker.no\/wp-content\/uploads\/2022\/02\/peppa-gris-sapeboble-maskin-gressklipper.jpg","width":555,"height":555},{"@type":"BreadcrumbList","@id":"https:\/\/barneleker.no\/index.php\/product\/greta-gris-peppa-gris-sapeboble-maskin-gressklipper\/#breadcrumb","itemListElement":[{"@type":"ListItem","position":1,"name":"Butikken","item":"https:\/\/barneleker.no\/"},{"@type":"ListItem","position":2,"name":"Greta Gris Peppa Gris, S\u00e5peboble maskin gressklipper"}]},{"@type":"WebSite","@id":"https:\/\/barneleker.no\/#website","url":"https:\/\/barneleker.no\/","name":"Barneleker.no","description":"Selvf\u00f8lgelig!","publisher":{"@id":"https:\/\/barneleker.no\/#organization"},"potentialAction":[{"@type":"SearchAction","target":{"@type":"EntryPoint","urlTemplate":"https:\/\/barneleker.no\/?s={search_term_string}"},"query-input":{"@type":"PropertyValueSpecification","valueRequired":true,"valueName":"search_term_string"}}],"inLanguage":"nb-NO"},{"@type":"Organization","@id":"https:\/\/barneleker.no\/#organization","name":"Barneleker.no","url":"https:\/\/barneleker.no\/","logo":{"@type":"ImageObject","inLanguage":"nb-NO","@id":"https:\/\/barneleker.no\/#\/schema\/logo\/image\/","url":"https:\/\/barneleker.no\/wp-content\/uploads\/2021\/11\/barneleker_logo-780x150-1.jpg","contentUrl":"https:\/\/barneleker.no\/wp-content\/uploads\/2021\/11\/barneleker_logo-780x150-1.jpg","width":780,"height":150,"caption":"Barneleker.no"},"image":{"@id":"https:\/\/barneleker.no\/#\/schema\/logo\/image\/"}}]}},"_links":{"self":[{"href":"https:\/\/barneleker.no\/index.php\/wp-json\/wp\/v2\/product\/14783","targetHints":{"allow":["GET"]}}],"collection":[{"href":"https:\/\/barneleker.no\/index.php\/wp-json\/wp\/v2\/product"}],"about":[{"href":"https:\/\/barneleker.no\/index.php\/wp-json\/wp\/v2\/types\/product"}],"replies":[{"embeddable":true,"href":"https:\/\/barneleker.no\/index.php\/wp-json\/wp\/v2\/comments?post=14783"}],"wp:featuredmedia":[{"embeddable":true,"href":"https:\/\/barneleker.no\/index.php\/wp-json\/wp\/v2\/media\/14782"}],"wp:attachment":[{"href":"https:\/\/barneleker.no\/index.php\/wp-json\/wp\/v2\/media?parent=14783"}],"wp:term":[{"taxonomy":"product_brand","embeddable":true,"href":"https:\/\/barneleker.no\/index.php\/wp-json\/wp\/v2\/product_brand?post=14783"},{"taxonomy":"product_cat","embeddable":true,"href":"https:\/\/barneleker.no\/index.php\/wp-json\/wp\/v2\/product_cat?post=14783"},{"taxonomy":"product_tag","embeddable":true,"href":"https:\/\/barneleker.no\/index.php\/wp-json\/wp\/v2\/product_tag?post=14783"}],"curies":[{"name":"wp","href":"https:\/\/api.w.org\/{rel}","templated":true}]}}