{"id":14803,"date":"2022-02-08T20:04:54","date_gmt":"2022-02-08T20:04:54","guid":{"rendered":"https:\/\/barneleker.no\/index.php\/product\/fisher-price-rock-a-stack\/"},"modified":"2022-02-08T20:04:54","modified_gmt":"2022-02-08T20:04:54","slug":"fisher-price-rock-a-stack","status":"publish","type":"product","link":"https:\/\/barneleker.no\/index.php\/product\/fisher-price-rock-a-stack\/","title":{"rendered":"Fisher Price, Rock-a-Stack"},"content":{"rendered":"<p>Endelig &#8230; ringen over alle. Dette Fisher-Price\u00ae Rock-a-Stack\u00ae-leket\u00f8yet er laget av plantebaserte materialer * og tilbyr klassisk stablemoro for babyer. Den best\u00e5r av en gyngefot og 5 fargerike ringer som de sm\u00e5 hendene kan gripe og stable. N\u00e5r barnet stabler ringene, hjelper det \u00e5 utvikle h\u00e5nd-\u00f8ye-koordinering, og forst\u00e5elsen av relative st\u00f8rrelser \u00f8ker ettersom barnet l\u00e6rer \u00e5 sortere og stable ringene etter st\u00f8rrelse. (* Laget av minimum 90% etanol fra sukkerr\u00f8r). Leveres i FSC-sertifisert emballasje.<\/p>\n","protected":false},"excerpt":{"rendered":"<p>Endelig &#8230; ringen over alle. Dette Fisher-Price\u00ae Rock-a-Stack\u00ae-leket\u00f8yet er laget av plantebaserte materialer * og tilbyr klassisk stablemoro for babyer. Den best\u00e5r av en gyngefot&hellip;<\/p>\n","protected":false},"featured_media":14802,"comment_status":"open","ping_status":"closed","template":"","meta":[],"product_brand":[],"product_cat":[497],"product_tag":[],"class_list":{"0":"post-14803","1":"product","2":"type-product","3":"status-publish","4":"has-post-thumbnail","6":"product_cat-stapeltorn","8":"first","9":"instock","10":"shipping-taxable","11":"product-type-external","12":"customify-col"},"yoast_head":"<!-- This site is optimized with the Yoast SEO plugin v26.0 - https:\/\/yoast.com\/wordpress\/plugins\/seo\/ -->\n<title>Fisher Price, Rock-a-Stack - Barneleker.no<\/title>\n<meta name=\"robots\" content=\"index, follow, max-snippet:-1, max-image-preview:large, max-video-preview:-1\" \/>\n<link rel=\"canonical\" href=\"https:\/\/barneleker.no\/index.php\/product\/fisher-price-rock-a-stack\/\" \/>\n<meta property=\"og:locale\" content=\"nb_NO\" \/>\n<meta property=\"og:type\" content=\"article\" \/>\n<meta property=\"og:title\" content=\"Fisher Price, Rock-a-Stack - Barneleker.no\" \/>\n<meta property=\"og:description\" content=\"Endelig &#8230; ringen over alle. Dette Fisher-Price\u00ae Rock-a-Stack\u00ae-leket\u00f8yet er laget av plantebaserte materialer * og tilbyr klassisk stablemoro for babyer. Den best\u00e5r av en gyngefot&hellip;\" \/>\n<meta property=\"og:url\" content=\"https:\/\/barneleker.no\/index.php\/product\/fisher-price-rock-a-stack\/\" \/>\n<meta property=\"og:site_name\" content=\"Barneleker.no\" \/>\n<meta name=\"twitter:card\" content=\"summary_large_image\" \/>\n<script type=\"application\/ld+json\" class=\"yoast-schema-graph\">{\"@context\":\"https:\/\/schema.org\",\"@graph\":[{\"@type\":\"WebPage\",\"@id\":\"https:\/\/barneleker.no\/index.php\/product\/fisher-price-rock-a-stack\/\",\"url\":\"https:\/\/barneleker.no\/index.php\/product\/fisher-price-rock-a-stack\/\",\"name\":\"Fisher Price, Rock-a-Stack - Barneleker.no\",\"isPartOf\":{\"@id\":\"https:\/\/barneleker.no\/#website\"},\"primaryImageOfPage\":{\"@id\":\"https:\/\/barneleker.no\/index.php\/product\/fisher-price-rock-a-stack\/#primaryimage\"},\"image\":{\"@id\":\"https:\/\/barneleker.no\/index.php\/product\/fisher-price-rock-a-stack\/#primaryimage\"},\"thumbnailUrl\":\"https:\/\/barneleker.no\/wp-content\/uploads\/2022\/02\/fisher-price-rock-a-stack.jpg\",\"datePublished\":\"2022-02-08T20:04:54+00:00\",\"breadcrumb\":{\"@id\":\"https:\/\/barneleker.no\/index.php\/product\/fisher-price-rock-a-stack\/#breadcrumb\"},\"inLanguage\":\"nb-NO\",\"potentialAction\":[{\"@type\":\"ReadAction\",\"target\":[\"https:\/\/barneleker.no\/index.php\/product\/fisher-price-rock-a-stack\/\"]}]},{\"@type\":\"ImageObject\",\"inLanguage\":\"nb-NO\",\"@id\":\"https:\/\/barneleker.no\/index.php\/product\/fisher-price-rock-a-stack\/#primaryimage\",\"url\":\"https:\/\/barneleker.no\/wp-content\/uploads\/2022\/02\/fisher-price-rock-a-stack.jpg\",\"contentUrl\":\"https:\/\/barneleker.no\/wp-content\/uploads\/2022\/02\/fisher-price-rock-a-stack.jpg\",\"width\":555,\"height\":555},{\"@type\":\"BreadcrumbList\",\"@id\":\"https:\/\/barneleker.no\/index.php\/product\/fisher-price-rock-a-stack\/#breadcrumb\",\"itemListElement\":[{\"@type\":\"ListItem\",\"position\":1,\"name\":\"Butikken\",\"item\":\"https:\/\/barneleker.no\/\"},{\"@type\":\"ListItem\",\"position\":2,\"name\":\"Fisher Price, Rock-a-Stack\"}]},{\"@type\":\"WebSite\",\"@id\":\"https:\/\/barneleker.no\/#website\",\"url\":\"https:\/\/barneleker.no\/\",\"name\":\"Barneleker.no\",\"description\":\"Selvf\u00f8lgelig!\",\"publisher\":{\"@id\":\"https:\/\/barneleker.no\/#organization\"},\"potentialAction\":[{\"@type\":\"SearchAction\",\"target\":{\"@type\":\"EntryPoint\",\"urlTemplate\":\"https:\/\/barneleker.no\/?s={search_term_string}\"},\"query-input\":{\"@type\":\"PropertyValueSpecification\",\"valueRequired\":true,\"valueName\":\"search_term_string\"}}],\"inLanguage\":\"nb-NO\"},{\"@type\":\"Organization\",\"@id\":\"https:\/\/barneleker.no\/#organization\",\"name\":\"Barneleker.no\",\"url\":\"https:\/\/barneleker.no\/\",\"logo\":{\"@type\":\"ImageObject\",\"inLanguage\":\"nb-NO\",\"@id\":\"https:\/\/barneleker.no\/#\/schema\/logo\/image\/\",\"url\":\"https:\/\/barneleker.no\/wp-content\/uploads\/2021\/11\/barneleker_logo-780x150-1.jpg\",\"contentUrl\":\"https:\/\/barneleker.no\/wp-content\/uploads\/2021\/11\/barneleker_logo-780x150-1.jpg\",\"width\":780,\"height\":150,\"caption\":\"Barneleker.no\"},\"image\":{\"@id\":\"https:\/\/barneleker.no\/#\/schema\/logo\/image\/\"}}]}<\/script>\n<!-- \/ Yoast SEO plugin. -->","yoast_head_json":{"title":"Fisher Price, Rock-a-Stack - Barneleker.no","robots":{"index":"index","follow":"follow","max-snippet":"max-snippet:-1","max-image-preview":"max-image-preview:large","max-video-preview":"max-video-preview:-1"},"canonical":"https:\/\/barneleker.no\/index.php\/product\/fisher-price-rock-a-stack\/","og_locale":"nb_NO","og_type":"article","og_title":"Fisher Price, Rock-a-Stack - Barneleker.no","og_description":"Endelig &#8230; ringen over alle. Dette Fisher-Price\u00ae Rock-a-Stack\u00ae-leket\u00f8yet er laget av plantebaserte materialer * og tilbyr klassisk stablemoro for babyer. Den best\u00e5r av en gyngefot&hellip;","og_url":"https:\/\/barneleker.no\/index.php\/product\/fisher-price-rock-a-stack\/","og_site_name":"Barneleker.no","twitter_card":"summary_large_image","schema":{"@context":"https:\/\/schema.org","@graph":[{"@type":"WebPage","@id":"https:\/\/barneleker.no\/index.php\/product\/fisher-price-rock-a-stack\/","url":"https:\/\/barneleker.no\/index.php\/product\/fisher-price-rock-a-stack\/","name":"Fisher Price, Rock-a-Stack - Barneleker.no","isPartOf":{"@id":"https:\/\/barneleker.no\/#website"},"primaryImageOfPage":{"@id":"https:\/\/barneleker.no\/index.php\/product\/fisher-price-rock-a-stack\/#primaryimage"},"image":{"@id":"https:\/\/barneleker.no\/index.php\/product\/fisher-price-rock-a-stack\/#primaryimage"},"thumbnailUrl":"https:\/\/barneleker.no\/wp-content\/uploads\/2022\/02\/fisher-price-rock-a-stack.jpg","datePublished":"2022-02-08T20:04:54+00:00","breadcrumb":{"@id":"https:\/\/barneleker.no\/index.php\/product\/fisher-price-rock-a-stack\/#breadcrumb"},"inLanguage":"nb-NO","potentialAction":[{"@type":"ReadAction","target":["https:\/\/barneleker.no\/index.php\/product\/fisher-price-rock-a-stack\/"]}]},{"@type":"ImageObject","inLanguage":"nb-NO","@id":"https:\/\/barneleker.no\/index.php\/product\/fisher-price-rock-a-stack\/#primaryimage","url":"https:\/\/barneleker.no\/wp-content\/uploads\/2022\/02\/fisher-price-rock-a-stack.jpg","contentUrl":"https:\/\/barneleker.no\/wp-content\/uploads\/2022\/02\/fisher-price-rock-a-stack.jpg","width":555,"height":555},{"@type":"BreadcrumbList","@id":"https:\/\/barneleker.no\/index.php\/product\/fisher-price-rock-a-stack\/#breadcrumb","itemListElement":[{"@type":"ListItem","position":1,"name":"Butikken","item":"https:\/\/barneleker.no\/"},{"@type":"ListItem","position":2,"name":"Fisher Price, Rock-a-Stack"}]},{"@type":"WebSite","@id":"https:\/\/barneleker.no\/#website","url":"https:\/\/barneleker.no\/","name":"Barneleker.no","description":"Selvf\u00f8lgelig!","publisher":{"@id":"https:\/\/barneleker.no\/#organization"},"potentialAction":[{"@type":"SearchAction","target":{"@type":"EntryPoint","urlTemplate":"https:\/\/barneleker.no\/?s={search_term_string}"},"query-input":{"@type":"PropertyValueSpecification","valueRequired":true,"valueName":"search_term_string"}}],"inLanguage":"nb-NO"},{"@type":"Organization","@id":"https:\/\/barneleker.no\/#organization","name":"Barneleker.no","url":"https:\/\/barneleker.no\/","logo":{"@type":"ImageObject","inLanguage":"nb-NO","@id":"https:\/\/barneleker.no\/#\/schema\/logo\/image\/","url":"https:\/\/barneleker.no\/wp-content\/uploads\/2021\/11\/barneleker_logo-780x150-1.jpg","contentUrl":"https:\/\/barneleker.no\/wp-content\/uploads\/2021\/11\/barneleker_logo-780x150-1.jpg","width":780,"height":150,"caption":"Barneleker.no"},"image":{"@id":"https:\/\/barneleker.no\/#\/schema\/logo\/image\/"}}]}},"_links":{"self":[{"href":"https:\/\/barneleker.no\/index.php\/wp-json\/wp\/v2\/product\/14803","targetHints":{"allow":["GET"]}}],"collection":[{"href":"https:\/\/barneleker.no\/index.php\/wp-json\/wp\/v2\/product"}],"about":[{"href":"https:\/\/barneleker.no\/index.php\/wp-json\/wp\/v2\/types\/product"}],"replies":[{"embeddable":true,"href":"https:\/\/barneleker.no\/index.php\/wp-json\/wp\/v2\/comments?post=14803"}],"wp:featuredmedia":[{"embeddable":true,"href":"https:\/\/barneleker.no\/index.php\/wp-json\/wp\/v2\/media\/14802"}],"wp:attachment":[{"href":"https:\/\/barneleker.no\/index.php\/wp-json\/wp\/v2\/media?parent=14803"}],"wp:term":[{"taxonomy":"product_brand","embeddable":true,"href":"https:\/\/barneleker.no\/index.php\/wp-json\/wp\/v2\/product_brand?post=14803"},{"taxonomy":"product_cat","embeddable":true,"href":"https:\/\/barneleker.no\/index.php\/wp-json\/wp\/v2\/product_cat?post=14803"},{"taxonomy":"product_tag","embeddable":true,"href":"https:\/\/barneleker.no\/index.php\/wp-json\/wp\/v2\/product_tag?post=14803"}],"curies":[{"name":"wp","href":"https:\/\/api.w.org\/{rel}","templated":true}]}}