{"id":14827,"date":"2022-02-08T20:05:02","date_gmt":"2022-02-08T20:05:02","guid":{"rendered":"https:\/\/barneleker.no\/index.php\/product\/barbie-rainbow-potty-unicorn-playset\/"},"modified":"2022-02-08T20:05:02","modified_gmt":"2022-02-08T20:05:02","slug":"barbie-rainbow-potty-unicorn-playset","status":"publish","type":"product","link":"https:\/\/barneleker.no\/index.php\/product\/barbie-rainbow-potty-unicorn-playset\/","title":{"rendered":"Barbie, Rainbow Potty Unicorn Playset"},"content":{"rendered":"<p>Dette Barbie\u2122 Dreamtopia-lekesettet inspirerer til omsorg og eventyr med Barbie\u00ae-prinsessedukken, enhj\u00f8rningen hennes og en magisk fargeendringsfunksjon. Den fantastiske stallen er inspirert av skyer og regnbuer, og er det perfekte stedet n\u00e5r Barbie\u00ae-dukken skal ta seg av enhj\u00f8rningen sin. Fyll flasken med vann, sett babyenhj\u00f8rningen p\u00e5 tissematten, og hjelp Barbie\u00ae-dukken med \u00e5 mate kj\u00e6ledyret sitt. N\u00e5r enhj\u00f8rningen tisser, endres fargen p\u00e5 tissematten fra hvit til regnbuefarget. La den t\u00f8rke, og gjenta deretter prosessen om og om igjen. Andre deler inkluderer et trau og godtbiter, en h\u00e5rb\u00f8rste til Barbie\u00ae-dukken, en strigle til enhj\u00f8rningen og ti tilbeh\u00f8rsdeler for h\u00e5rstyling og historiefortelling. Den magiske fargeendringsfunksjonen og alt tilbeh\u00f8ret gj\u00f8r dette lekesettet med Barbie\u00ae-prinsessedukke og enhj\u00f8rning til en perfekt gave for barn fra 3 til 7 \u00e5r. Dukken kan ikke st\u00e5 uten st\u00f8tte. Farger og dekor kan variere.<\/p>\n","protected":false},"excerpt":{"rendered":"<p>Dette Barbie\u2122 Dreamtopia-lekesettet inspirerer til omsorg og eventyr med Barbie\u00ae-prinsessedukken, enhj\u00f8rningen hennes og en magisk fargeendringsfunksjon. Den fantastiske stallen er inspirert av skyer og regnbuer,&hellip;<\/p>\n","protected":false},"featured_media":14826,"comment_status":"open","ping_status":"closed","template":"","meta":[],"product_brand":[],"product_cat":[346],"product_tag":[],"class_list":{"0":"post-14827","1":"product","2":"type-product","3":"status-publish","4":"has-post-thumbnail","6":"product_cat-dockset","8":"first","9":"instock","10":"shipping-taxable","11":"product-type-external","12":"customify-col"},"yoast_head":"<!-- This site is optimized with the Yoast SEO plugin v26.0 - https:\/\/yoast.com\/wordpress\/plugins\/seo\/ -->\n<title>Barbie, Rainbow Potty Unicorn Playset - Barneleker.no<\/title>\n<meta name=\"robots\" content=\"index, follow, max-snippet:-1, max-image-preview:large, max-video-preview:-1\" \/>\n<link rel=\"canonical\" href=\"https:\/\/barneleker.no\/index.php\/product\/barbie-rainbow-potty-unicorn-playset\/\" \/>\n<meta property=\"og:locale\" content=\"nb_NO\" \/>\n<meta property=\"og:type\" content=\"article\" \/>\n<meta property=\"og:title\" content=\"Barbie, Rainbow Potty Unicorn Playset - Barneleker.no\" \/>\n<meta property=\"og:description\" content=\"Dette Barbie\u2122 Dreamtopia-lekesettet inspirerer til omsorg og eventyr med Barbie\u00ae-prinsessedukken, enhj\u00f8rningen hennes og en magisk fargeendringsfunksjon. Den fantastiske stallen er inspirert av skyer og regnbuer,&hellip;\" \/>\n<meta property=\"og:url\" content=\"https:\/\/barneleker.no\/index.php\/product\/barbie-rainbow-potty-unicorn-playset\/\" \/>\n<meta property=\"og:site_name\" content=\"Barneleker.no\" \/>\n<meta name=\"twitter:card\" content=\"summary_large_image\" \/>\n<meta name=\"twitter:label1\" content=\"Ansl. lesetid\" \/>\n\t<meta name=\"twitter:data1\" content=\"1 minutt\" \/>\n<script type=\"application\/ld+json\" class=\"yoast-schema-graph\">{\"@context\":\"https:\/\/schema.org\",\"@graph\":[{\"@type\":\"WebPage\",\"@id\":\"https:\/\/barneleker.no\/index.php\/product\/barbie-rainbow-potty-unicorn-playset\/\",\"url\":\"https:\/\/barneleker.no\/index.php\/product\/barbie-rainbow-potty-unicorn-playset\/\",\"name\":\"Barbie, Rainbow Potty Unicorn Playset - Barneleker.no\",\"isPartOf\":{\"@id\":\"https:\/\/barneleker.no\/#website\"},\"primaryImageOfPage\":{\"@id\":\"https:\/\/barneleker.no\/index.php\/product\/barbie-rainbow-potty-unicorn-playset\/#primaryimage\"},\"image\":{\"@id\":\"https:\/\/barneleker.no\/index.php\/product\/barbie-rainbow-potty-unicorn-playset\/#primaryimage\"},\"thumbnailUrl\":\"https:\/\/barneleker.no\/wp-content\/uploads\/2022\/02\/barbie-rainbow-potty-unicorn-playset.jpg\",\"datePublished\":\"2022-02-08T20:05:02+00:00\",\"breadcrumb\":{\"@id\":\"https:\/\/barneleker.no\/index.php\/product\/barbie-rainbow-potty-unicorn-playset\/#breadcrumb\"},\"inLanguage\":\"nb-NO\",\"potentialAction\":[{\"@type\":\"ReadAction\",\"target\":[\"https:\/\/barneleker.no\/index.php\/product\/barbie-rainbow-potty-unicorn-playset\/\"]}]},{\"@type\":\"ImageObject\",\"inLanguage\":\"nb-NO\",\"@id\":\"https:\/\/barneleker.no\/index.php\/product\/barbie-rainbow-potty-unicorn-playset\/#primaryimage\",\"url\":\"https:\/\/barneleker.no\/wp-content\/uploads\/2022\/02\/barbie-rainbow-potty-unicorn-playset.jpg\",\"contentUrl\":\"https:\/\/barneleker.no\/wp-content\/uploads\/2022\/02\/barbie-rainbow-potty-unicorn-playset.jpg\",\"width\":555,\"height\":555},{\"@type\":\"BreadcrumbList\",\"@id\":\"https:\/\/barneleker.no\/index.php\/product\/barbie-rainbow-potty-unicorn-playset\/#breadcrumb\",\"itemListElement\":[{\"@type\":\"ListItem\",\"position\":1,\"name\":\"Butikken\",\"item\":\"https:\/\/barneleker.no\/\"},{\"@type\":\"ListItem\",\"position\":2,\"name\":\"Barbie, Rainbow Potty Unicorn Playset\"}]},{\"@type\":\"WebSite\",\"@id\":\"https:\/\/barneleker.no\/#website\",\"url\":\"https:\/\/barneleker.no\/\",\"name\":\"Barneleker.no\",\"description\":\"Selvf\u00f8lgelig!\",\"publisher\":{\"@id\":\"https:\/\/barneleker.no\/#organization\"},\"potentialAction\":[{\"@type\":\"SearchAction\",\"target\":{\"@type\":\"EntryPoint\",\"urlTemplate\":\"https:\/\/barneleker.no\/?s={search_term_string}\"},\"query-input\":{\"@type\":\"PropertyValueSpecification\",\"valueRequired\":true,\"valueName\":\"search_term_string\"}}],\"inLanguage\":\"nb-NO\"},{\"@type\":\"Organization\",\"@id\":\"https:\/\/barneleker.no\/#organization\",\"name\":\"Barneleker.no\",\"url\":\"https:\/\/barneleker.no\/\",\"logo\":{\"@type\":\"ImageObject\",\"inLanguage\":\"nb-NO\",\"@id\":\"https:\/\/barneleker.no\/#\/schema\/logo\/image\/\",\"url\":\"https:\/\/barneleker.no\/wp-content\/uploads\/2021\/11\/barneleker_logo-780x150-1.jpg\",\"contentUrl\":\"https:\/\/barneleker.no\/wp-content\/uploads\/2021\/11\/barneleker_logo-780x150-1.jpg\",\"width\":780,\"height\":150,\"caption\":\"Barneleker.no\"},\"image\":{\"@id\":\"https:\/\/barneleker.no\/#\/schema\/logo\/image\/\"}}]}<\/script>\n<!-- \/ Yoast SEO plugin. -->","yoast_head_json":{"title":"Barbie, Rainbow Potty Unicorn Playset - Barneleker.no","robots":{"index":"index","follow":"follow","max-snippet":"max-snippet:-1","max-image-preview":"max-image-preview:large","max-video-preview":"max-video-preview:-1"},"canonical":"https:\/\/barneleker.no\/index.php\/product\/barbie-rainbow-potty-unicorn-playset\/","og_locale":"nb_NO","og_type":"article","og_title":"Barbie, Rainbow Potty Unicorn Playset - Barneleker.no","og_description":"Dette Barbie\u2122 Dreamtopia-lekesettet inspirerer til omsorg og eventyr med Barbie\u00ae-prinsessedukken, enhj\u00f8rningen hennes og en magisk fargeendringsfunksjon. Den fantastiske stallen er inspirert av skyer og regnbuer,&hellip;","og_url":"https:\/\/barneleker.no\/index.php\/product\/barbie-rainbow-potty-unicorn-playset\/","og_site_name":"Barneleker.no","twitter_card":"summary_large_image","twitter_misc":{"Ansl. lesetid":"1 minutt"},"schema":{"@context":"https:\/\/schema.org","@graph":[{"@type":"WebPage","@id":"https:\/\/barneleker.no\/index.php\/product\/barbie-rainbow-potty-unicorn-playset\/","url":"https:\/\/barneleker.no\/index.php\/product\/barbie-rainbow-potty-unicorn-playset\/","name":"Barbie, Rainbow Potty Unicorn Playset - Barneleker.no","isPartOf":{"@id":"https:\/\/barneleker.no\/#website"},"primaryImageOfPage":{"@id":"https:\/\/barneleker.no\/index.php\/product\/barbie-rainbow-potty-unicorn-playset\/#primaryimage"},"image":{"@id":"https:\/\/barneleker.no\/index.php\/product\/barbie-rainbow-potty-unicorn-playset\/#primaryimage"},"thumbnailUrl":"https:\/\/barneleker.no\/wp-content\/uploads\/2022\/02\/barbie-rainbow-potty-unicorn-playset.jpg","datePublished":"2022-02-08T20:05:02+00:00","breadcrumb":{"@id":"https:\/\/barneleker.no\/index.php\/product\/barbie-rainbow-potty-unicorn-playset\/#breadcrumb"},"inLanguage":"nb-NO","potentialAction":[{"@type":"ReadAction","target":["https:\/\/barneleker.no\/index.php\/product\/barbie-rainbow-potty-unicorn-playset\/"]}]},{"@type":"ImageObject","inLanguage":"nb-NO","@id":"https:\/\/barneleker.no\/index.php\/product\/barbie-rainbow-potty-unicorn-playset\/#primaryimage","url":"https:\/\/barneleker.no\/wp-content\/uploads\/2022\/02\/barbie-rainbow-potty-unicorn-playset.jpg","contentUrl":"https:\/\/barneleker.no\/wp-content\/uploads\/2022\/02\/barbie-rainbow-potty-unicorn-playset.jpg","width":555,"height":555},{"@type":"BreadcrumbList","@id":"https:\/\/barneleker.no\/index.php\/product\/barbie-rainbow-potty-unicorn-playset\/#breadcrumb","itemListElement":[{"@type":"ListItem","position":1,"name":"Butikken","item":"https:\/\/barneleker.no\/"},{"@type":"ListItem","position":2,"name":"Barbie, Rainbow Potty Unicorn Playset"}]},{"@type":"WebSite","@id":"https:\/\/barneleker.no\/#website","url":"https:\/\/barneleker.no\/","name":"Barneleker.no","description":"Selvf\u00f8lgelig!","publisher":{"@id":"https:\/\/barneleker.no\/#organization"},"potentialAction":[{"@type":"SearchAction","target":{"@type":"EntryPoint","urlTemplate":"https:\/\/barneleker.no\/?s={search_term_string}"},"query-input":{"@type":"PropertyValueSpecification","valueRequired":true,"valueName":"search_term_string"}}],"inLanguage":"nb-NO"},{"@type":"Organization","@id":"https:\/\/barneleker.no\/#organization","name":"Barneleker.no","url":"https:\/\/barneleker.no\/","logo":{"@type":"ImageObject","inLanguage":"nb-NO","@id":"https:\/\/barneleker.no\/#\/schema\/logo\/image\/","url":"https:\/\/barneleker.no\/wp-content\/uploads\/2021\/11\/barneleker_logo-780x150-1.jpg","contentUrl":"https:\/\/barneleker.no\/wp-content\/uploads\/2021\/11\/barneleker_logo-780x150-1.jpg","width":780,"height":150,"caption":"Barneleker.no"},"image":{"@id":"https:\/\/barneleker.no\/#\/schema\/logo\/image\/"}}]}},"_links":{"self":[{"href":"https:\/\/barneleker.no\/index.php\/wp-json\/wp\/v2\/product\/14827","targetHints":{"allow":["GET"]}}],"collection":[{"href":"https:\/\/barneleker.no\/index.php\/wp-json\/wp\/v2\/product"}],"about":[{"href":"https:\/\/barneleker.no\/index.php\/wp-json\/wp\/v2\/types\/product"}],"replies":[{"embeddable":true,"href":"https:\/\/barneleker.no\/index.php\/wp-json\/wp\/v2\/comments?post=14827"}],"wp:featuredmedia":[{"embeddable":true,"href":"https:\/\/barneleker.no\/index.php\/wp-json\/wp\/v2\/media\/14826"}],"wp:attachment":[{"href":"https:\/\/barneleker.no\/index.php\/wp-json\/wp\/v2\/media?parent=14827"}],"wp:term":[{"taxonomy":"product_brand","embeddable":true,"href":"https:\/\/barneleker.no\/index.php\/wp-json\/wp\/v2\/product_brand?post=14827"},{"taxonomy":"product_cat","embeddable":true,"href":"https:\/\/barneleker.no\/index.php\/wp-json\/wp\/v2\/product_cat?post=14827"},{"taxonomy":"product_tag","embeddable":true,"href":"https:\/\/barneleker.no\/index.php\/wp-json\/wp\/v2\/product_tag?post=14827"}],"curies":[{"name":"wp","href":"https:\/\/api.w.org\/{rel}","templated":true}]}}