{"id":14841,"date":"2022-02-08T20:05:08","date_gmt":"2022-02-08T20:05:08","guid":{"rendered":"https:\/\/barneleker.no\/index.php\/product\/lego-creator-expert-10273-spokhus\/"},"modified":"2026-04-14T02:21:44","modified_gmt":"2026-04-14T02:21:44","slug":"lego-creator-expert-10273-spokhus","status":"publish","type":"product","link":"https:\/\/barneleker.no\/index.php\/product\/lego-creator-expert-10273-spokhus\/","title":{"rendered":"LEGO Creator Expert 10273, Sp\u00f6khus"},"content":{"rendered":"<p>Har du sans for sp\u00f8kelser, skr\u00f8mt og skumle lyder i nattem\u00f8rket, har vi et helt spesielt sett til deg: LEGO\u00ae Sp\u00f8kelseshus (10273). La hverdag v\u00e6re hverdag, og legg i stedet ut p\u00e5 en ekstraordin\u00e6r oppdagelsesferd, hvor overraskelsene og funksjonene st\u00e5r i k\u00f8 i et spennende byggeprosjekt. Skummelt realistiske detaljer Ta deg god tid n\u00e5r du bygger denne imponerende modellen av et sp\u00f8kelseshus. Etterp\u00e5 kan du utforske de intrikate detaljene innvendig. Huset kan \u00e5pnes opp s\u00e5 det blir lett \u00e5 utforske innvendig. Her finner du alt fra en fungerende fritt fall-bane til automatiske d\u00f8rer \u00f8verst i t\u00e5rnet. Hjems\u00f8kte inngangsd\u00f8rer for skummel effekt Med LEGO Powered Up komponenter (selges separat) kan du kontrollere heisen via Powered Up appen. Et vilt spennende byggeprosjekt Sp\u00f8kelseshus settet er en del av en serie med LEGO byggesett for voksne med sans for smart design. Denne modellen er ogs\u00e5 perfekt som gave til bursdag, jul eller andre anledninger.<\/p>\n","protected":false},"excerpt":{"rendered":"<p>Har du sans for sp\u00f8kelser, skr\u00f8mt og skumle lyder i nattem\u00f8rket, har vi et helt spesielt sett til deg: LEGO\u00ae Sp\u00f8kelseshus (10273). La hverdag v\u00e6re&hellip;<\/p>\n","protected":false},"featured_media":14840,"comment_status":"open","ping_status":"closed","template":"","meta":[],"product_brand":[],"product_cat":[340],"product_tag":[],"class_list":{"0":"post-14841","1":"product","2":"type-product","3":"status-publish","4":"has-post-thumbnail","6":"product_cat-set","8":"first","9":"instock","10":"shipping-taxable","11":"product-type-external","12":"customify-col"},"yoast_head":"<!-- This site is optimized with the Yoast SEO plugin v26.0 - https:\/\/yoast.com\/wordpress\/plugins\/seo\/ -->\n<title>LEGO Creator Expert 10273, Sp\u00f6khus - Barneleker.no<\/title>\n<meta name=\"robots\" content=\"index, follow, max-snippet:-1, max-image-preview:large, max-video-preview:-1\" \/>\n<link rel=\"canonical\" href=\"https:\/\/barneleker.no\/index.php\/product\/lego-creator-expert-10273-spokhus\/\" \/>\n<meta property=\"og:locale\" content=\"nb_NO\" \/>\n<meta property=\"og:type\" content=\"article\" \/>\n<meta property=\"og:title\" content=\"LEGO Creator Expert 10273, Sp\u00f6khus - Barneleker.no\" \/>\n<meta property=\"og:description\" content=\"Har du sans for sp\u00f8kelser, skr\u00f8mt og skumle lyder i nattem\u00f8rket, har vi et helt spesielt sett til deg: LEGO\u00ae Sp\u00f8kelseshus (10273). La hverdag v\u00e6re&hellip;\" \/>\n<meta property=\"og:url\" content=\"https:\/\/barneleker.no\/index.php\/product\/lego-creator-expert-10273-spokhus\/\" \/>\n<meta property=\"og:site_name\" content=\"Barneleker.no\" \/>\n<meta property=\"article:modified_time\" content=\"2026-04-14T02:21:44+00:00\" \/>\n<meta name=\"twitter:card\" content=\"summary_large_image\" \/>\n<meta name=\"twitter:label1\" content=\"Ansl. lesetid\" \/>\n\t<meta name=\"twitter:data1\" content=\"1 minutt\" \/>\n<script type=\"application\/ld+json\" class=\"yoast-schema-graph\">{\"@context\":\"https:\/\/schema.org\",\"@graph\":[{\"@type\":\"WebPage\",\"@id\":\"https:\/\/barneleker.no\/index.php\/product\/lego-creator-expert-10273-spokhus\/\",\"url\":\"https:\/\/barneleker.no\/index.php\/product\/lego-creator-expert-10273-spokhus\/\",\"name\":\"LEGO Creator Expert 10273, Sp\u00f6khus - Barneleker.no\",\"isPartOf\":{\"@id\":\"https:\/\/barneleker.no\/#website\"},\"primaryImageOfPage\":{\"@id\":\"https:\/\/barneleker.no\/index.php\/product\/lego-creator-expert-10273-spokhus\/#primaryimage\"},\"image\":{\"@id\":\"https:\/\/barneleker.no\/index.php\/product\/lego-creator-expert-10273-spokhus\/#primaryimage\"},\"thumbnailUrl\":\"https:\/\/barneleker.no\/wp-content\/uploads\/2022\/02\/lego-creator-expert-10273-spokelseshus.jpg\",\"datePublished\":\"2022-02-08T20:05:08+00:00\",\"dateModified\":\"2026-04-14T02:21:44+00:00\",\"breadcrumb\":{\"@id\":\"https:\/\/barneleker.no\/index.php\/product\/lego-creator-expert-10273-spokhus\/#breadcrumb\"},\"inLanguage\":\"nb-NO\",\"potentialAction\":[{\"@type\":\"ReadAction\",\"target\":[\"https:\/\/barneleker.no\/index.php\/product\/lego-creator-expert-10273-spokhus\/\"]}]},{\"@type\":\"ImageObject\",\"inLanguage\":\"nb-NO\",\"@id\":\"https:\/\/barneleker.no\/index.php\/product\/lego-creator-expert-10273-spokhus\/#primaryimage\",\"url\":\"https:\/\/barneleker.no\/wp-content\/uploads\/2022\/02\/lego-creator-expert-10273-spokelseshus.jpg\",\"contentUrl\":\"https:\/\/barneleker.no\/wp-content\/uploads\/2022\/02\/lego-creator-expert-10273-spokelseshus.jpg\",\"width\":555,\"height\":555},{\"@type\":\"BreadcrumbList\",\"@id\":\"https:\/\/barneleker.no\/index.php\/product\/lego-creator-expert-10273-spokhus\/#breadcrumb\",\"itemListElement\":[{\"@type\":\"ListItem\",\"position\":1,\"name\":\"Butikken\",\"item\":\"https:\/\/barneleker.no\/\"},{\"@type\":\"ListItem\",\"position\":2,\"name\":\"LEGO Creator Expert 10273, Sp\u00f6khus\"}]},{\"@type\":\"WebSite\",\"@id\":\"https:\/\/barneleker.no\/#website\",\"url\":\"https:\/\/barneleker.no\/\",\"name\":\"Barneleker.no\",\"description\":\"Selvf\u00f8lgelig!\",\"publisher\":{\"@id\":\"https:\/\/barneleker.no\/#organization\"},\"potentialAction\":[{\"@type\":\"SearchAction\",\"target\":{\"@type\":\"EntryPoint\",\"urlTemplate\":\"https:\/\/barneleker.no\/?s={search_term_string}\"},\"query-input\":{\"@type\":\"PropertyValueSpecification\",\"valueRequired\":true,\"valueName\":\"search_term_string\"}}],\"inLanguage\":\"nb-NO\"},{\"@type\":\"Organization\",\"@id\":\"https:\/\/barneleker.no\/#organization\",\"name\":\"Barneleker.no\",\"url\":\"https:\/\/barneleker.no\/\",\"logo\":{\"@type\":\"ImageObject\",\"inLanguage\":\"nb-NO\",\"@id\":\"https:\/\/barneleker.no\/#\/schema\/logo\/image\/\",\"url\":\"https:\/\/barneleker.no\/wp-content\/uploads\/2021\/11\/barneleker_logo-780x150-1.jpg\",\"contentUrl\":\"https:\/\/barneleker.no\/wp-content\/uploads\/2021\/11\/barneleker_logo-780x150-1.jpg\",\"width\":780,\"height\":150,\"caption\":\"Barneleker.no\"},\"image\":{\"@id\":\"https:\/\/barneleker.no\/#\/schema\/logo\/image\/\"}}]}<\/script>\n<!-- \/ Yoast SEO plugin. -->","yoast_head_json":{"title":"LEGO Creator Expert 10273, Sp\u00f6khus - Barneleker.no","robots":{"index":"index","follow":"follow","max-snippet":"max-snippet:-1","max-image-preview":"max-image-preview:large","max-video-preview":"max-video-preview:-1"},"canonical":"https:\/\/barneleker.no\/index.php\/product\/lego-creator-expert-10273-spokhus\/","og_locale":"nb_NO","og_type":"article","og_title":"LEGO Creator Expert 10273, Sp\u00f6khus - Barneleker.no","og_description":"Har du sans for sp\u00f8kelser, skr\u00f8mt og skumle lyder i nattem\u00f8rket, har vi et helt spesielt sett til deg: LEGO\u00ae Sp\u00f8kelseshus (10273). La hverdag v\u00e6re&hellip;","og_url":"https:\/\/barneleker.no\/index.php\/product\/lego-creator-expert-10273-spokhus\/","og_site_name":"Barneleker.no","article_modified_time":"2026-04-14T02:21:44+00:00","twitter_card":"summary_large_image","twitter_misc":{"Ansl. lesetid":"1 minutt"},"schema":{"@context":"https:\/\/schema.org","@graph":[{"@type":"WebPage","@id":"https:\/\/barneleker.no\/index.php\/product\/lego-creator-expert-10273-spokhus\/","url":"https:\/\/barneleker.no\/index.php\/product\/lego-creator-expert-10273-spokhus\/","name":"LEGO Creator Expert 10273, Sp\u00f6khus - Barneleker.no","isPartOf":{"@id":"https:\/\/barneleker.no\/#website"},"primaryImageOfPage":{"@id":"https:\/\/barneleker.no\/index.php\/product\/lego-creator-expert-10273-spokhus\/#primaryimage"},"image":{"@id":"https:\/\/barneleker.no\/index.php\/product\/lego-creator-expert-10273-spokhus\/#primaryimage"},"thumbnailUrl":"https:\/\/barneleker.no\/wp-content\/uploads\/2022\/02\/lego-creator-expert-10273-spokelseshus.jpg","datePublished":"2022-02-08T20:05:08+00:00","dateModified":"2026-04-14T02:21:44+00:00","breadcrumb":{"@id":"https:\/\/barneleker.no\/index.php\/product\/lego-creator-expert-10273-spokhus\/#breadcrumb"},"inLanguage":"nb-NO","potentialAction":[{"@type":"ReadAction","target":["https:\/\/barneleker.no\/index.php\/product\/lego-creator-expert-10273-spokhus\/"]}]},{"@type":"ImageObject","inLanguage":"nb-NO","@id":"https:\/\/barneleker.no\/index.php\/product\/lego-creator-expert-10273-spokhus\/#primaryimage","url":"https:\/\/barneleker.no\/wp-content\/uploads\/2022\/02\/lego-creator-expert-10273-spokelseshus.jpg","contentUrl":"https:\/\/barneleker.no\/wp-content\/uploads\/2022\/02\/lego-creator-expert-10273-spokelseshus.jpg","width":555,"height":555},{"@type":"BreadcrumbList","@id":"https:\/\/barneleker.no\/index.php\/product\/lego-creator-expert-10273-spokhus\/#breadcrumb","itemListElement":[{"@type":"ListItem","position":1,"name":"Butikken","item":"https:\/\/barneleker.no\/"},{"@type":"ListItem","position":2,"name":"LEGO Creator Expert 10273, Sp\u00f6khus"}]},{"@type":"WebSite","@id":"https:\/\/barneleker.no\/#website","url":"https:\/\/barneleker.no\/","name":"Barneleker.no","description":"Selvf\u00f8lgelig!","publisher":{"@id":"https:\/\/barneleker.no\/#organization"},"potentialAction":[{"@type":"SearchAction","target":{"@type":"EntryPoint","urlTemplate":"https:\/\/barneleker.no\/?s={search_term_string}"},"query-input":{"@type":"PropertyValueSpecification","valueRequired":true,"valueName":"search_term_string"}}],"inLanguage":"nb-NO"},{"@type":"Organization","@id":"https:\/\/barneleker.no\/#organization","name":"Barneleker.no","url":"https:\/\/barneleker.no\/","logo":{"@type":"ImageObject","inLanguage":"nb-NO","@id":"https:\/\/barneleker.no\/#\/schema\/logo\/image\/","url":"https:\/\/barneleker.no\/wp-content\/uploads\/2021\/11\/barneleker_logo-780x150-1.jpg","contentUrl":"https:\/\/barneleker.no\/wp-content\/uploads\/2021\/11\/barneleker_logo-780x150-1.jpg","width":780,"height":150,"caption":"Barneleker.no"},"image":{"@id":"https:\/\/barneleker.no\/#\/schema\/logo\/image\/"}}]}},"_links":{"self":[{"href":"https:\/\/barneleker.no\/index.php\/wp-json\/wp\/v2\/product\/14841","targetHints":{"allow":["GET"]}}],"collection":[{"href":"https:\/\/barneleker.no\/index.php\/wp-json\/wp\/v2\/product"}],"about":[{"href":"https:\/\/barneleker.no\/index.php\/wp-json\/wp\/v2\/types\/product"}],"replies":[{"embeddable":true,"href":"https:\/\/barneleker.no\/index.php\/wp-json\/wp\/v2\/comments?post=14841"}],"wp:featuredmedia":[{"embeddable":true,"href":"https:\/\/barneleker.no\/index.php\/wp-json\/wp\/v2\/media\/14840"}],"wp:attachment":[{"href":"https:\/\/barneleker.no\/index.php\/wp-json\/wp\/v2\/media?parent=14841"}],"wp:term":[{"taxonomy":"product_brand","embeddable":true,"href":"https:\/\/barneleker.no\/index.php\/wp-json\/wp\/v2\/product_brand?post=14841"},{"taxonomy":"product_cat","embeddable":true,"href":"https:\/\/barneleker.no\/index.php\/wp-json\/wp\/v2\/product_cat?post=14841"},{"taxonomy":"product_tag","embeddable":true,"href":"https:\/\/barneleker.no\/index.php\/wp-json\/wp\/v2\/product_tag?post=14841"}],"curies":[{"name":"wp","href":"https:\/\/api.w.org\/{rel}","templated":true}]}}