{"id":14855,"date":"2022-02-08T20:05:13","date_gmt":"2022-02-08T20:05:13","guid":{"rendered":"https:\/\/barneleker.no\/index.php\/product\/build-a-bot-sound-paw-patrol-marshall\/"},"modified":"2026-04-05T06:21:47","modified_gmt":"2026-04-05T06:21:47","slug":"build-a-bot-sound-paw-patrol-marshall","status":"publish","type":"product","link":"https:\/\/barneleker.no\/index.php\/product\/build-a-bot-sound-paw-patrol-marshall\/","title":{"rendered":"Build a Bot, Sound Paw Patrol, Marshall"},"content":{"rendered":"<p>Alle poter p\u00e5 dekk! Bygg en bot tar robotteknikk og moro s.t.a.m-l\u00e6ring til neste niv\u00e5 ved \u00e5 bygge og tilpasse din egen pote patrulje valp. Bygg en bot er enkel \u00e5 bruke. F\u00f8lg instruksjonene for \u00e5 montere tegnet, tilpasse med klistremerker, og deretter klappe hendene og valpen din vil flytte og lage lyder.<\/p>\n","protected":false},"excerpt":{"rendered":"<p>Alle poter p\u00e5 dekk! Bygg en bot tar robotteknikk og moro s.t.a.m-l\u00e6ring til neste niv\u00e5 ved \u00e5 bygge og tilpasse din egen pote patrulje valp.&hellip;<\/p>\n","protected":false},"featured_media":14854,"comment_status":"open","ping_status":"closed","template":"","meta":[],"product_brand":[],"product_cat":[352],"product_tag":[],"class_list":{"0":"post-14855","1":"product","2":"type-product","3":"status-publish","4":"has-post-thumbnail","6":"product_cat-figurer-roboter","8":"first","9":"instock","10":"shipping-taxable","11":"product-type-external","12":"customify-col"},"yoast_head":"<!-- This site is optimized with the Yoast SEO plugin v26.0 - https:\/\/yoast.com\/wordpress\/plugins\/seo\/ -->\n<title>Build a Bot, Sound Paw Patrol, Marshall - Barneleker.no<\/title>\n<meta name=\"robots\" content=\"index, follow, max-snippet:-1, max-image-preview:large, max-video-preview:-1\" \/>\n<link rel=\"canonical\" href=\"https:\/\/barneleker.no\/index.php\/product\/build-a-bot-sound-paw-patrol-marshall\/\" \/>\n<meta property=\"og:locale\" content=\"nb_NO\" \/>\n<meta property=\"og:type\" content=\"article\" \/>\n<meta property=\"og:title\" content=\"Build a Bot, Sound Paw Patrol, Marshall - Barneleker.no\" \/>\n<meta property=\"og:description\" content=\"Alle poter p\u00e5 dekk! Bygg en bot tar robotteknikk og moro s.t.a.m-l\u00e6ring til neste niv\u00e5 ved \u00e5 bygge og tilpasse din egen pote patrulje valp.&hellip;\" \/>\n<meta property=\"og:url\" content=\"https:\/\/barneleker.no\/index.php\/product\/build-a-bot-sound-paw-patrol-marshall\/\" \/>\n<meta property=\"og:site_name\" content=\"Barneleker.no\" \/>\n<meta property=\"article:modified_time\" content=\"2026-04-05T06:21:47+00:00\" \/>\n<meta name=\"twitter:card\" content=\"summary_large_image\" \/>\n<script type=\"application\/ld+json\" class=\"yoast-schema-graph\">{\"@context\":\"https:\/\/schema.org\",\"@graph\":[{\"@type\":\"WebPage\",\"@id\":\"https:\/\/barneleker.no\/index.php\/product\/build-a-bot-sound-paw-patrol-marshall\/\",\"url\":\"https:\/\/barneleker.no\/index.php\/product\/build-a-bot-sound-paw-patrol-marshall\/\",\"name\":\"Build a Bot, Sound Paw Patrol, Marshall - Barneleker.no\",\"isPartOf\":{\"@id\":\"https:\/\/barneleker.no\/#website\"},\"primaryImageOfPage\":{\"@id\":\"https:\/\/barneleker.no\/index.php\/product\/build-a-bot-sound-paw-patrol-marshall\/#primaryimage\"},\"image\":{\"@id\":\"https:\/\/barneleker.no\/index.php\/product\/build-a-bot-sound-paw-patrol-marshall\/#primaryimage\"},\"thumbnailUrl\":\"https:\/\/barneleker.no\/wp-content\/uploads\/2022\/02\/build-a-bot-sound-paw-patrol-marshall.jpg\",\"datePublished\":\"2022-02-08T20:05:13+00:00\",\"dateModified\":\"2026-04-05T06:21:47+00:00\",\"breadcrumb\":{\"@id\":\"https:\/\/barneleker.no\/index.php\/product\/build-a-bot-sound-paw-patrol-marshall\/#breadcrumb\"},\"inLanguage\":\"nb-NO\",\"potentialAction\":[{\"@type\":\"ReadAction\",\"target\":[\"https:\/\/barneleker.no\/index.php\/product\/build-a-bot-sound-paw-patrol-marshall\/\"]}]},{\"@type\":\"ImageObject\",\"inLanguage\":\"nb-NO\",\"@id\":\"https:\/\/barneleker.no\/index.php\/product\/build-a-bot-sound-paw-patrol-marshall\/#primaryimage\",\"url\":\"https:\/\/barneleker.no\/wp-content\/uploads\/2022\/02\/build-a-bot-sound-paw-patrol-marshall.jpg\",\"contentUrl\":\"https:\/\/barneleker.no\/wp-content\/uploads\/2022\/02\/build-a-bot-sound-paw-patrol-marshall.jpg\",\"width\":555,\"height\":555},{\"@type\":\"BreadcrumbList\",\"@id\":\"https:\/\/barneleker.no\/index.php\/product\/build-a-bot-sound-paw-patrol-marshall\/#breadcrumb\",\"itemListElement\":[{\"@type\":\"ListItem\",\"position\":1,\"name\":\"Butikken\",\"item\":\"https:\/\/barneleker.no\/\"},{\"@type\":\"ListItem\",\"position\":2,\"name\":\"Build a Bot, Sound Paw Patrol, Marshall\"}]},{\"@type\":\"WebSite\",\"@id\":\"https:\/\/barneleker.no\/#website\",\"url\":\"https:\/\/barneleker.no\/\",\"name\":\"Barneleker.no\",\"description\":\"Selvf\u00f8lgelig!\",\"publisher\":{\"@id\":\"https:\/\/barneleker.no\/#organization\"},\"potentialAction\":[{\"@type\":\"SearchAction\",\"target\":{\"@type\":\"EntryPoint\",\"urlTemplate\":\"https:\/\/barneleker.no\/?s={search_term_string}\"},\"query-input\":{\"@type\":\"PropertyValueSpecification\",\"valueRequired\":true,\"valueName\":\"search_term_string\"}}],\"inLanguage\":\"nb-NO\"},{\"@type\":\"Organization\",\"@id\":\"https:\/\/barneleker.no\/#organization\",\"name\":\"Barneleker.no\",\"url\":\"https:\/\/barneleker.no\/\",\"logo\":{\"@type\":\"ImageObject\",\"inLanguage\":\"nb-NO\",\"@id\":\"https:\/\/barneleker.no\/#\/schema\/logo\/image\/\",\"url\":\"https:\/\/barneleker.no\/wp-content\/uploads\/2021\/11\/barneleker_logo-780x150-1.jpg\",\"contentUrl\":\"https:\/\/barneleker.no\/wp-content\/uploads\/2021\/11\/barneleker_logo-780x150-1.jpg\",\"width\":780,\"height\":150,\"caption\":\"Barneleker.no\"},\"image\":{\"@id\":\"https:\/\/barneleker.no\/#\/schema\/logo\/image\/\"}}]}<\/script>\n<!-- \/ Yoast SEO plugin. -->","yoast_head_json":{"title":"Build a Bot, Sound Paw Patrol, Marshall - Barneleker.no","robots":{"index":"index","follow":"follow","max-snippet":"max-snippet:-1","max-image-preview":"max-image-preview:large","max-video-preview":"max-video-preview:-1"},"canonical":"https:\/\/barneleker.no\/index.php\/product\/build-a-bot-sound-paw-patrol-marshall\/","og_locale":"nb_NO","og_type":"article","og_title":"Build a Bot, Sound Paw Patrol, Marshall - Barneleker.no","og_description":"Alle poter p\u00e5 dekk! Bygg en bot tar robotteknikk og moro s.t.a.m-l\u00e6ring til neste niv\u00e5 ved \u00e5 bygge og tilpasse din egen pote patrulje valp.&hellip;","og_url":"https:\/\/barneleker.no\/index.php\/product\/build-a-bot-sound-paw-patrol-marshall\/","og_site_name":"Barneleker.no","article_modified_time":"2026-04-05T06:21:47+00:00","twitter_card":"summary_large_image","schema":{"@context":"https:\/\/schema.org","@graph":[{"@type":"WebPage","@id":"https:\/\/barneleker.no\/index.php\/product\/build-a-bot-sound-paw-patrol-marshall\/","url":"https:\/\/barneleker.no\/index.php\/product\/build-a-bot-sound-paw-patrol-marshall\/","name":"Build a Bot, Sound Paw Patrol, Marshall - Barneleker.no","isPartOf":{"@id":"https:\/\/barneleker.no\/#website"},"primaryImageOfPage":{"@id":"https:\/\/barneleker.no\/index.php\/product\/build-a-bot-sound-paw-patrol-marshall\/#primaryimage"},"image":{"@id":"https:\/\/barneleker.no\/index.php\/product\/build-a-bot-sound-paw-patrol-marshall\/#primaryimage"},"thumbnailUrl":"https:\/\/barneleker.no\/wp-content\/uploads\/2022\/02\/build-a-bot-sound-paw-patrol-marshall.jpg","datePublished":"2022-02-08T20:05:13+00:00","dateModified":"2026-04-05T06:21:47+00:00","breadcrumb":{"@id":"https:\/\/barneleker.no\/index.php\/product\/build-a-bot-sound-paw-patrol-marshall\/#breadcrumb"},"inLanguage":"nb-NO","potentialAction":[{"@type":"ReadAction","target":["https:\/\/barneleker.no\/index.php\/product\/build-a-bot-sound-paw-patrol-marshall\/"]}]},{"@type":"ImageObject","inLanguage":"nb-NO","@id":"https:\/\/barneleker.no\/index.php\/product\/build-a-bot-sound-paw-patrol-marshall\/#primaryimage","url":"https:\/\/barneleker.no\/wp-content\/uploads\/2022\/02\/build-a-bot-sound-paw-patrol-marshall.jpg","contentUrl":"https:\/\/barneleker.no\/wp-content\/uploads\/2022\/02\/build-a-bot-sound-paw-patrol-marshall.jpg","width":555,"height":555},{"@type":"BreadcrumbList","@id":"https:\/\/barneleker.no\/index.php\/product\/build-a-bot-sound-paw-patrol-marshall\/#breadcrumb","itemListElement":[{"@type":"ListItem","position":1,"name":"Butikken","item":"https:\/\/barneleker.no\/"},{"@type":"ListItem","position":2,"name":"Build a Bot, Sound Paw Patrol, Marshall"}]},{"@type":"WebSite","@id":"https:\/\/barneleker.no\/#website","url":"https:\/\/barneleker.no\/","name":"Barneleker.no","description":"Selvf\u00f8lgelig!","publisher":{"@id":"https:\/\/barneleker.no\/#organization"},"potentialAction":[{"@type":"SearchAction","target":{"@type":"EntryPoint","urlTemplate":"https:\/\/barneleker.no\/?s={search_term_string}"},"query-input":{"@type":"PropertyValueSpecification","valueRequired":true,"valueName":"search_term_string"}}],"inLanguage":"nb-NO"},{"@type":"Organization","@id":"https:\/\/barneleker.no\/#organization","name":"Barneleker.no","url":"https:\/\/barneleker.no\/","logo":{"@type":"ImageObject","inLanguage":"nb-NO","@id":"https:\/\/barneleker.no\/#\/schema\/logo\/image\/","url":"https:\/\/barneleker.no\/wp-content\/uploads\/2021\/11\/barneleker_logo-780x150-1.jpg","contentUrl":"https:\/\/barneleker.no\/wp-content\/uploads\/2021\/11\/barneleker_logo-780x150-1.jpg","width":780,"height":150,"caption":"Barneleker.no"},"image":{"@id":"https:\/\/barneleker.no\/#\/schema\/logo\/image\/"}}]}},"_links":{"self":[{"href":"https:\/\/barneleker.no\/index.php\/wp-json\/wp\/v2\/product\/14855","targetHints":{"allow":["GET"]}}],"collection":[{"href":"https:\/\/barneleker.no\/index.php\/wp-json\/wp\/v2\/product"}],"about":[{"href":"https:\/\/barneleker.no\/index.php\/wp-json\/wp\/v2\/types\/product"}],"replies":[{"embeddable":true,"href":"https:\/\/barneleker.no\/index.php\/wp-json\/wp\/v2\/comments?post=14855"}],"wp:featuredmedia":[{"embeddable":true,"href":"https:\/\/barneleker.no\/index.php\/wp-json\/wp\/v2\/media\/14854"}],"wp:attachment":[{"href":"https:\/\/barneleker.no\/index.php\/wp-json\/wp\/v2\/media?parent=14855"}],"wp:term":[{"taxonomy":"product_brand","embeddable":true,"href":"https:\/\/barneleker.no\/index.php\/wp-json\/wp\/v2\/product_brand?post=14855"},{"taxonomy":"product_cat","embeddable":true,"href":"https:\/\/barneleker.no\/index.php\/wp-json\/wp\/v2\/product_cat?post=14855"},{"taxonomy":"product_tag","embeddable":true,"href":"https:\/\/barneleker.no\/index.php\/wp-json\/wp\/v2\/product_tag?post=14855"}],"curies":[{"name":"wp","href":"https:\/\/api.w.org\/{rel}","templated":true}]}}