{"id":14865,"date":"2022-02-08T20:05:16","date_gmt":"2022-02-08T20:05:16","guid":{"rendered":"https:\/\/barneleker.no\/index.php\/product\/animagic-mimi-the-cat\/"},"modified":"2026-05-08T21:24:03","modified_gmt":"2026-05-08T21:24:03","slug":"animagic-mimi-the-cat","status":"publish","type":"product","link":"https:\/\/barneleker.no\/index.php\/product\/animagic-mimi-the-cat\/","title":{"rendered":"Animagic, Mimi the cat"},"content":{"rendered":"<p>AniMagic Katten Mimi er din egen glade, elskelige og sjarmerende katt med interaktive funksjoner. Ca. 23 cm h\u00f8y og imponerer med den myke og luftige pelsen. Den gr\u00e5 fargen p\u00e5 \u00f8rene og halen f\u00e5r den til \u00e5 se enda s\u00f8tere ut. Mimi elsker \u00e5 g\u00e5 sammen med sin nye eier og mjaue lykkelig. Hun g\u00e5r med en kjempe-vrikkete rumpe, logrende hale og har super s\u00f8t gange.<\/p>\n","protected":false},"excerpt":{"rendered":"<p>AniMagic Katten Mimi er din egen glade, elskelige og sjarmerende katt med interaktive funksjoner. Ca. 23 cm h\u00f8y og imponerer med den myke og luftige&hellip;<\/p>\n","protected":false},"featured_media":14864,"comment_status":"open","ping_status":"closed","template":"","meta":[],"product_brand":[],"product_cat":[413],"product_tag":[],"class_list":{"0":"post-14865","1":"product","2":"type-product","3":"status-publish","4":"has-post-thumbnail","6":"product_cat-interaktiva-djur","8":"first","9":"instock","10":"shipping-taxable","11":"product-type-external","12":"customify-col"},"yoast_head":"<!-- This site is optimized with the Yoast SEO plugin v26.0 - https:\/\/yoast.com\/wordpress\/plugins\/seo\/ -->\n<title>Animagic, Mimi the cat - Barneleker.no<\/title>\n<meta name=\"robots\" content=\"index, follow, max-snippet:-1, max-image-preview:large, max-video-preview:-1\" \/>\n<link rel=\"canonical\" href=\"https:\/\/barneleker.no\/index.php\/product\/animagic-mimi-the-cat\/\" \/>\n<meta property=\"og:locale\" content=\"nb_NO\" \/>\n<meta property=\"og:type\" content=\"article\" \/>\n<meta property=\"og:title\" content=\"Animagic, Mimi the cat - Barneleker.no\" \/>\n<meta property=\"og:description\" content=\"AniMagic Katten Mimi er din egen glade, elskelige og sjarmerende katt med interaktive funksjoner. Ca. 23 cm h\u00f8y og imponerer med den myke og luftige&hellip;\" \/>\n<meta property=\"og:url\" content=\"https:\/\/barneleker.no\/index.php\/product\/animagic-mimi-the-cat\/\" \/>\n<meta property=\"og:site_name\" content=\"Barneleker.no\" \/>\n<meta property=\"article:modified_time\" content=\"2026-05-08T21:24:03+00:00\" \/>\n<meta name=\"twitter:card\" content=\"summary_large_image\" \/>\n<script type=\"application\/ld+json\" class=\"yoast-schema-graph\">{\"@context\":\"https:\/\/schema.org\",\"@graph\":[{\"@type\":\"WebPage\",\"@id\":\"https:\/\/barneleker.no\/index.php\/product\/animagic-mimi-the-cat\/\",\"url\":\"https:\/\/barneleker.no\/index.php\/product\/animagic-mimi-the-cat\/\",\"name\":\"Animagic, Mimi the cat - Barneleker.no\",\"isPartOf\":{\"@id\":\"https:\/\/barneleker.no\/#website\"},\"primaryImageOfPage\":{\"@id\":\"https:\/\/barneleker.no\/index.php\/product\/animagic-mimi-the-cat\/#primaryimage\"},\"image\":{\"@id\":\"https:\/\/barneleker.no\/index.php\/product\/animagic-mimi-the-cat\/#primaryimage\"},\"thumbnailUrl\":\"https:\/\/barneleker.no\/wp-content\/uploads\/2022\/02\/animagic-mimi-the-cat.jpg\",\"datePublished\":\"2022-02-08T20:05:16+00:00\",\"dateModified\":\"2026-05-08T21:24:03+00:00\",\"breadcrumb\":{\"@id\":\"https:\/\/barneleker.no\/index.php\/product\/animagic-mimi-the-cat\/#breadcrumb\"},\"inLanguage\":\"nb-NO\",\"potentialAction\":[{\"@type\":\"ReadAction\",\"target\":[\"https:\/\/barneleker.no\/index.php\/product\/animagic-mimi-the-cat\/\"]}]},{\"@type\":\"ImageObject\",\"inLanguage\":\"nb-NO\",\"@id\":\"https:\/\/barneleker.no\/index.php\/product\/animagic-mimi-the-cat\/#primaryimage\",\"url\":\"https:\/\/barneleker.no\/wp-content\/uploads\/2022\/02\/animagic-mimi-the-cat.jpg\",\"contentUrl\":\"https:\/\/barneleker.no\/wp-content\/uploads\/2022\/02\/animagic-mimi-the-cat.jpg\",\"width\":555,\"height\":555},{\"@type\":\"BreadcrumbList\",\"@id\":\"https:\/\/barneleker.no\/index.php\/product\/animagic-mimi-the-cat\/#breadcrumb\",\"itemListElement\":[{\"@type\":\"ListItem\",\"position\":1,\"name\":\"Butikken\",\"item\":\"https:\/\/barneleker.no\/\"},{\"@type\":\"ListItem\",\"position\":2,\"name\":\"Animagic, Mimi the cat\"}]},{\"@type\":\"WebSite\",\"@id\":\"https:\/\/barneleker.no\/#website\",\"url\":\"https:\/\/barneleker.no\/\",\"name\":\"Barneleker.no\",\"description\":\"Selvf\u00f8lgelig!\",\"publisher\":{\"@id\":\"https:\/\/barneleker.no\/#organization\"},\"potentialAction\":[{\"@type\":\"SearchAction\",\"target\":{\"@type\":\"EntryPoint\",\"urlTemplate\":\"https:\/\/barneleker.no\/?s={search_term_string}\"},\"query-input\":{\"@type\":\"PropertyValueSpecification\",\"valueRequired\":true,\"valueName\":\"search_term_string\"}}],\"inLanguage\":\"nb-NO\"},{\"@type\":\"Organization\",\"@id\":\"https:\/\/barneleker.no\/#organization\",\"name\":\"Barneleker.no\",\"url\":\"https:\/\/barneleker.no\/\",\"logo\":{\"@type\":\"ImageObject\",\"inLanguage\":\"nb-NO\",\"@id\":\"https:\/\/barneleker.no\/#\/schema\/logo\/image\/\",\"url\":\"https:\/\/barneleker.no\/wp-content\/uploads\/2021\/11\/barneleker_logo-780x150-1.jpg\",\"contentUrl\":\"https:\/\/barneleker.no\/wp-content\/uploads\/2021\/11\/barneleker_logo-780x150-1.jpg\",\"width\":780,\"height\":150,\"caption\":\"Barneleker.no\"},\"image\":{\"@id\":\"https:\/\/barneleker.no\/#\/schema\/logo\/image\/\"}}]}<\/script>\n<!-- \/ Yoast SEO plugin. -->","yoast_head_json":{"title":"Animagic, Mimi the cat - Barneleker.no","robots":{"index":"index","follow":"follow","max-snippet":"max-snippet:-1","max-image-preview":"max-image-preview:large","max-video-preview":"max-video-preview:-1"},"canonical":"https:\/\/barneleker.no\/index.php\/product\/animagic-mimi-the-cat\/","og_locale":"nb_NO","og_type":"article","og_title":"Animagic, Mimi the cat - Barneleker.no","og_description":"AniMagic Katten Mimi er din egen glade, elskelige og sjarmerende katt med interaktive funksjoner. Ca. 23 cm h\u00f8y og imponerer med den myke og luftige&hellip;","og_url":"https:\/\/barneleker.no\/index.php\/product\/animagic-mimi-the-cat\/","og_site_name":"Barneleker.no","article_modified_time":"2026-05-08T21:24:03+00:00","twitter_card":"summary_large_image","schema":{"@context":"https:\/\/schema.org","@graph":[{"@type":"WebPage","@id":"https:\/\/barneleker.no\/index.php\/product\/animagic-mimi-the-cat\/","url":"https:\/\/barneleker.no\/index.php\/product\/animagic-mimi-the-cat\/","name":"Animagic, Mimi the cat - Barneleker.no","isPartOf":{"@id":"https:\/\/barneleker.no\/#website"},"primaryImageOfPage":{"@id":"https:\/\/barneleker.no\/index.php\/product\/animagic-mimi-the-cat\/#primaryimage"},"image":{"@id":"https:\/\/barneleker.no\/index.php\/product\/animagic-mimi-the-cat\/#primaryimage"},"thumbnailUrl":"https:\/\/barneleker.no\/wp-content\/uploads\/2022\/02\/animagic-mimi-the-cat.jpg","datePublished":"2022-02-08T20:05:16+00:00","dateModified":"2026-05-08T21:24:03+00:00","breadcrumb":{"@id":"https:\/\/barneleker.no\/index.php\/product\/animagic-mimi-the-cat\/#breadcrumb"},"inLanguage":"nb-NO","potentialAction":[{"@type":"ReadAction","target":["https:\/\/barneleker.no\/index.php\/product\/animagic-mimi-the-cat\/"]}]},{"@type":"ImageObject","inLanguage":"nb-NO","@id":"https:\/\/barneleker.no\/index.php\/product\/animagic-mimi-the-cat\/#primaryimage","url":"https:\/\/barneleker.no\/wp-content\/uploads\/2022\/02\/animagic-mimi-the-cat.jpg","contentUrl":"https:\/\/barneleker.no\/wp-content\/uploads\/2022\/02\/animagic-mimi-the-cat.jpg","width":555,"height":555},{"@type":"BreadcrumbList","@id":"https:\/\/barneleker.no\/index.php\/product\/animagic-mimi-the-cat\/#breadcrumb","itemListElement":[{"@type":"ListItem","position":1,"name":"Butikken","item":"https:\/\/barneleker.no\/"},{"@type":"ListItem","position":2,"name":"Animagic, Mimi the cat"}]},{"@type":"WebSite","@id":"https:\/\/barneleker.no\/#website","url":"https:\/\/barneleker.no\/","name":"Barneleker.no","description":"Selvf\u00f8lgelig!","publisher":{"@id":"https:\/\/barneleker.no\/#organization"},"potentialAction":[{"@type":"SearchAction","target":{"@type":"EntryPoint","urlTemplate":"https:\/\/barneleker.no\/?s={search_term_string}"},"query-input":{"@type":"PropertyValueSpecification","valueRequired":true,"valueName":"search_term_string"}}],"inLanguage":"nb-NO"},{"@type":"Organization","@id":"https:\/\/barneleker.no\/#organization","name":"Barneleker.no","url":"https:\/\/barneleker.no\/","logo":{"@type":"ImageObject","inLanguage":"nb-NO","@id":"https:\/\/barneleker.no\/#\/schema\/logo\/image\/","url":"https:\/\/barneleker.no\/wp-content\/uploads\/2021\/11\/barneleker_logo-780x150-1.jpg","contentUrl":"https:\/\/barneleker.no\/wp-content\/uploads\/2021\/11\/barneleker_logo-780x150-1.jpg","width":780,"height":150,"caption":"Barneleker.no"},"image":{"@id":"https:\/\/barneleker.no\/#\/schema\/logo\/image\/"}}]}},"_links":{"self":[{"href":"https:\/\/barneleker.no\/index.php\/wp-json\/wp\/v2\/product\/14865","targetHints":{"allow":["GET"]}}],"collection":[{"href":"https:\/\/barneleker.no\/index.php\/wp-json\/wp\/v2\/product"}],"about":[{"href":"https:\/\/barneleker.no\/index.php\/wp-json\/wp\/v2\/types\/product"}],"replies":[{"embeddable":true,"href":"https:\/\/barneleker.no\/index.php\/wp-json\/wp\/v2\/comments?post=14865"}],"wp:featuredmedia":[{"embeddable":true,"href":"https:\/\/barneleker.no\/index.php\/wp-json\/wp\/v2\/media\/14864"}],"wp:attachment":[{"href":"https:\/\/barneleker.no\/index.php\/wp-json\/wp\/v2\/media?parent=14865"}],"wp:term":[{"taxonomy":"product_brand","embeddable":true,"href":"https:\/\/barneleker.no\/index.php\/wp-json\/wp\/v2\/product_brand?post=14865"},{"taxonomy":"product_cat","embeddable":true,"href":"https:\/\/barneleker.no\/index.php\/wp-json\/wp\/v2\/product_cat?post=14865"},{"taxonomy":"product_tag","embeddable":true,"href":"https:\/\/barneleker.no\/index.php\/wp-json\/wp\/v2\/product_tag?post=14865"}],"curies":[{"name":"wp","href":"https:\/\/api.w.org\/{rel}","templated":true}]}}